{"id":940,"date":"2025-08-26T15:00:09","date_gmt":"2025-08-26T15:00:09","guid":{"rendered":"http:\/\/localhost\/o\/?product=mau-hoa-van-sat-my-thuat"},"modified":"2025-08-26T15:00:09","modified_gmt":"2025-08-26T15:00:09","slug":"mau-hoa-van-sat-my-thuat","status":"publish","type":"product","link":"https:\/\/satmythuatgiare.com\/?product=mau-hoa-van-sat-my-thuat","title":{"rendered":"M\u1eaaU HOA V\u0102N S\u1eaeT M\u1ef8 THU\u1eacT"},"content":{"rendered":"<\/p>\n<div class=\"content-tabs-pro-detail info-pro-detail active text\">\n<p style=\"text-align:justify;line-height:normal;\"><em><span style=\"font-size:14px;\"><span style=\"font-family:Arial,Helvetica,sans-serif;\">B\u1ea1n \u0111ang t\u00ecm ki\u1ebfm c\u00e1c<strong> <a href=\"https:\/\/satmythuatthanhan.com\/mau-hoa-van-sat-my-thuat\">M\u1eabu Hoa V\u0103n S\u1eaft M\u1ef9 Thu\u1eadt<\/a> \u0111<\/strong>\u1eb9p \u0111\u1ec3 trang tr\u00ed cho c\u00f4ng tr\u00ecnh cho gia \u0111\u00ecnh t\u1ed5 \u1ea5m c\u1ee7a m\u00ecnh nh\u01b0 <strong>C\u1eeda c\u1ed5ng , Lan can C\u1ea7u Thang, C\u1eeda s\u1ed5, H\u00e0ng r\u00e0o <\/strong>hay c\u00e1c c\u00f4ng tr\u00ecnh d\u00e2n d\u1ee5ng h\u00e3y li\u00ean h\u1ec7 ngay Th\u00e0nh An \u0111\u1ec3 \u0111\u01b0\u1ee3c cung c\u1ea5p v\u00e0 t\u01b0 v\u1ea5n nh\u00e9 qua hotline <strong>0984606488 \u2013 Ms H\u00e0<\/strong><\/span><\/span><\/em><\/p>\n<h2 style=\"text-align: justify; line-height: normal;\"><span style=\"font-size:16px;\"><span style=\"font-family:Arial,Helvetica,sans-serif;\"><strong>Hoa v\u0103n s\u1eaft m\u1ef9 thu\u1eadt l\u00e0 g\u00ec?: <\/strong><\/span><\/span><\/h2>\n<p style=\"text-align:justify;line-height:normal;\">\n<span style=\"font-size:14px;\"><span style=\"font-family:Arial,Helvetica,sans-serif;\"><a href=\"https:\/\/satmythuatthanhan.com\/\"><strong>Hoa v\u0103n s\u1eaft m\u1ef9 thu\u1eadt<\/strong><\/a> l\u00e0 nh\u1eefng chi ti\u1ebft trang tr\u00ed \u0111\u01b0\u1ee3c ch\u1ebf t\u00e1c t\u1eeb s\u1eaft h\u1ed9p ho\u1eb7c s\u1eaft \u0111\u1eb7c, th\u00f4ng qua qu\u00e1 tr\u00ecnh gia c\u00f4ng tinh x\u1ea3o b\u1eb1ng m\u00e1y m\u00f3c hi\u1ec7n \u0111\u1ea1i k\u1ebft h\u1ee3p v\u1edbi b\u00e0n tay kh\u00e9o l\u00e9o c\u1ee7a nh\u1eefng ng\u01b0\u1eddi th\u1ee3 th\u1ee7 c\u00f4ng. \u0110\u00e2y kh\u00f4ng ch\u1ec9 l\u00e0 v\u1eadt li\u1ec7u x\u00e2y d\u1ef1ng th\u00f4ng th\u01b0\u1eddng, m\u00e0 c\u00f2n l\u00e0 nh\u1eefng t\u00e1c ph\u1ea9m ngh\u1ec7 thu\u1eadt mang \u0111\u1eadm t\u00ednh th\u1ea9m m\u1ef9 v\u00e0 phong c\u00e1ch ri\u00eang bi\u1ec7t.<\/span><\/span><\/p>\n<p style=\"line-height: normal; text-align: center;\"><span style=\"font-size:14px;\"><span style=\"font-family:Arial,Helvetica,sans-serif;\"><img decoding=\"async\" alt=\"M\u1eabu hoa v\u0103n s\u1eaft m\u1ef9 thu\u1eadt 1\" src=\"http:\/\/localhost\/o\/wp-content\/uploads\/2025\/08\/mau-hoa-van-sat-my-thuat-1.jpg\" style=\"width: 950px; height: 534px;\" title=\"mau-hoa-van-sat-my-thuat-1\"><\/span><\/span><\/p>\n<h3 style=\"line-height: normal; text-align: center;\"><strong><span style=\"font-size:14px;\"><span style=\"font-family:Arial,Helvetica,sans-serif;\">M\u1eabu Hoa V\u0103n S\u1eaft M\u1ef9 Thu\u1eadt \u0111\u1eb9p &#8211; Lan can c\u1ea7u thang s\u1eaft m\u1ef9 thu\u1eadt\u00a0<\/span><\/span><\/strong><\/h3>\n<h3 style=\"text-align: justify; line-height: normal;\"><span style=\"font-size:14px;\"><span style=\"font-family:Arial,Helvetica,sans-serif;\"><strong>\u1ee8ng d\u1ee5ng c\u1ee7a hoa v\u0103n s\u1eaft m\u1ef9 thu\u1eadt: <\/strong><\/span><\/span><\/h3>\n<p style=\"text-align:justify;line-height:normal;\">\n<span style=\"font-size:14px;\"><span style=\"font-family:Arial,Helvetica,sans-serif;\">Hoa v\u0103n s\u1eaft m\u1ef9 thu\u1eadt th\u01b0\u1eddng \u0111\u01b0\u1ee3c \u1ee9ng d\u1ee5ng \u0111\u1ec3 trang tr\u00ed cho nhi\u1ec1u h\u1ea1ng m\u1ee5c trong x\u00e2y d\u1ef1ng v\u00e0 n\u1ed9i \u2013 ngo\u1ea1i th\u1ea5t nh\u01b0:<\/span><\/span><\/p>\n<ul>\n<li style=\"text-align:justify;line-height:normal;\"><span style=\"font-size:14px;\"><span style=\"font-family:Arial,Helvetica,sans-serif;\">C\u1eeda c\u1ed5ng s\u1eaft m\u1ef9 thu\u1eadt<\/span><\/span><\/li>\n<li style=\"text-align:justify;line-height:normal;\"><span style=\"font-size:14px;\"><span style=\"font-family:Arial,Helvetica,sans-serif;\">Lan can c\u1ea7u thang, lan can ban c\u00f4ng<\/span><\/span><\/li>\n<li style=\"text-align:justify;line-height:normal;\"><span style=\"font-size:14px;\"><span style=\"font-family:Arial,Helvetica,sans-serif;\">Khung b\u1ea3o v\u1ec7 c\u1eeda s\u1ed5<\/span><\/span><\/li>\n<li style=\"text-align:justify;line-height:normal;\"><span style=\"font-size:14px;\"><span style=\"font-family:Arial,Helvetica,sans-serif;\">H\u00e0ng r\u00e0o s\u1eaft m\u1ef9 thu\u1eadt<\/span><\/span><\/li>\n<li style=\"text-align:justify;line-height:normal;\"><span style=\"font-size:14px;\"><span style=\"font-family:Arial,Helvetica,sans-serif;\">C\u00e1c c\u00f4ng tr\u00ecnh ki\u1ebfn tr\u00fac mang phong c\u00e1ch c\u1ed5 \u0111i\u1ec3n ho\u1eb7c hi\u1ec7n \u0111\u1ea1i<\/span><\/span><\/li>\n<\/ul>\n<p style=\"line-height: normal; text-align: center;\"><span style=\"font-size:14px;\"><span style=\"font-family:Arial,Helvetica,sans-serif;\"><img decoding=\"async\" alt=\"M\u1eabu hoa v\u0103n s\u1eaft m\u1ef9 thu\u1eadt 2\" src=\"http:\/\/localhost\/o\/wp-content\/uploads\/2025\/08\/mau-hoa-van-sat-my-thuat-2.jpg\" style=\"width: 950px; height: 534px;\" title=\"mau-hoa-van-sat-my-thuat-2\"><\/span><\/span><\/p>\n<p style=\"line-height: normal; text-align: center;\"><strong><span style=\"font-size:14px;\"><span style=\"font-family:Arial,Helvetica,sans-serif;\">M\u1eabu Hoa v\u0103n s\u1eaft m\u1ef9 thu\u1eadt \u0111\u1eb9p\u00a0<\/span><\/span><\/strong><\/p>\n<p style=\"text-align:justify;line-height:normal;\"><span style=\"font-size:14px;\"><span style=\"font-family:Arial,Helvetica,sans-serif;\">Nh\u1eefng chi ti\u1ebft hoa v\u0103n n\u00e0y kh\u00f4ng ch\u1ec9 gi\u00fap t\u0103ng t\u00ednh th\u1ea9m m\u1ef9 cho c\u00f4ng tr\u00ecnh m\u00e0 c\u00f2n th\u1ec3 hi\u1ec7n \u0111\u01b0\u1ee3c gu th\u1ea9m m\u1ef9, \u0111\u1eb3ng c\u1ea5p v\u00e0 phong c\u00e1ch ri\u00eang c\u1ee7a gia ch\u1ee7. T\u00f9y v\u00e0o s\u1edf th\u00edch v\u00e0 phong c\u00e1ch thi\u1ebft k\u1ebf, hoa v\u0103n c\u00f3 th\u1ec3 mang d\u00e1ng d\u1ea5p m\u1ec1m m\u1ea1i c\u1ed5 \u0111i\u1ec3n, u\u1ed1n l\u01b0\u1ee3n tinh t\u1ebf ho\u1eb7c m\u1ea1nh m\u1ebd, g\u00f3c c\u1ea1nh theo xu h\u01b0\u1edbng hi\u1ec7n \u0111\u1ea1i.<\/span><\/span><\/p>\n<h3 style=\"text-align: justify; line-height: normal;\"><span style=\"font-size:14px;\"><span style=\"font-family:Arial,Helvetica,sans-serif;\"><strong>Quy tr\u00ecnh ch\u1ebf t\u00e1c hoa v\u0103n s\u1eaft m\u1ef9 thu\u1eadt: <\/strong><\/span><\/span><\/h3>\n<p style=\"line-height: normal; text-align: center;\"><img decoding=\"async\" alt=\"M\u1eabu hoa v\u0103n s\u1eaft m\u1ef9 thu\u1eadt 3\" src=\"http:\/\/localhost\/o\/wp-content\/uploads\/2025\/08\/mau-hoa-van-sat-my-thuat-3.jpg\" style=\"width: 950px; height: 534px;\" title=\"mau-hoa-van-sat-my-thuat-3\"><\/p>\n<p style=\"line-height: normal; text-align: center;\">\u00a0<\/p>\n<h3 style=\"line-height: normal; text-align: center;\"><strong>M\u1eabu Hoa V\u0103n S\u1eaft M\u1ef9 THu\u1eadt \u0111\u1eb9p &#8211; Lan can c\u1ea7u Thang s\u1eaft M\u1ef9 THu\u1eadt\u00a0<\/strong><\/h3>\n<p style=\"line-height: normal; text-align: justify;\">\n<span style=\"font-size:14px;\"><span style=\"font-family:Arial,Helvetica,sans-serif;\">C\u00e1c m\u1eabu hoa v\u0103n s\u1eaft m\u1ef9 thu\u1eadt \u0111\u01b0\u1ee3c s\u1ea3n xu\u1ea5t t\u1eeb nh\u1eefng thanh s\u1eaft \u0111\u1eb7c ho\u1eb7c s\u1eaft h\u1ed9p. Qua qu\u00e1 tr\u00ecnh c\u1eaft, u\u1ed1n, h\u00e0n n\u1ed1i v\u00e0 x\u1eed l\u00fd b\u1ec1 m\u1eb7t b\u1eb1ng m\u00e1y m\u00f3c chuy\u00ean d\u1ee5ng k\u1ebft h\u1ee3p v\u1edbi k\u1ef9 thu\u1eadt th\u1ee7 c\u00f4ng tinh t\u1ebf, s\u1ea3n ph\u1ea9m cu\u1ed1i c\u00f9ng l\u00e0 m\u1ed9t chi ti\u1ebft hoa v\u0103n \u0111\u1eb9p m\u1eaft, ch\u1eafc ch\u1eafn, c\u00f3 \u0111\u1ed9 b\u1ec1n cao v\u00e0 ch\u1ed1ng ch\u1ecbu t\u1ed1t v\u1edbi th\u1eddi ti\u1ebft kh\u1eafc nghi\u1ec7t.<\/span><\/span><\/p>\n<h2 style=\"text-align: justify; line-height: normal;\"><span style=\"font-size:14px;\"><span style=\"font-family:Arial,Helvetica,sans-serif;\"><strong>C\u00c1C M\u1eaaU HOA V\u0102N S\u1eaeT M\u1ef8 THU\u1eacT\u00a0<\/strong><\/span><\/span><\/h2>\n<p style=\"text-align:justify;line-height:normal;\"><span style=\"font-size:14px;\"><span style=\"font-family:Arial,Helvetica,sans-serif;\">Hoa v\u0103n s\u1eaft m\u1ef9 thu\u1eadt kh\u00f4ng ch\u1ec9 l\u00e0 chi ti\u1ebft trang tr\u00ed \u0111\u01a1n thu\u1ea7n, m\u00e0 c\u00f2n l\u00e0 linh h\u1ed3n c\u1ee7a nh\u1eefng c\u00f4ng tr\u00ecnh mang \u0111\u1eadm d\u1ea5u \u1ea5n ngh\u1ec7 thu\u1eadt. T\u1eeb c\u1ed5 \u0111i\u1ec3n \u0111\u1ebfn hi\u1ec7n \u0111\u1ea1i, c\u00e1c m\u1eabu hoa v\u0103n \u0111\u01b0\u1ee3c t\u1ea1o h\u00ecnh t\u1ec9 m\u1ec9, tinh x\u1ea3o, g\u00f3p ph\u1ea7n n\u00e2ng t\u1ea7m kh\u00f4ng gian s\u1ed1ng v\u00e0 ki\u1ebfn tr\u00fac.<\/span><\/span><\/p>\n<p style=\"margin-bottom: 0.0001pt; line-height: normal; text-align: center;\"><img decoding=\"async\" alt=\"Hoa v\u0103n s\u1eaft th\u00e0nh an\" src=\"http:\/\/localhost\/o\/wp-content\/uploads\/2025\/08\/phu-kien-hoa-van-sat-47.jpg\" style=\"width: 950px; height: 534px;\" title=\"phu-kien-hoa-van-sat-47\"><\/p>\n<p style=\"margin-bottom: 0.0001pt; line-height: normal; text-align: center;\"><strong>M\u1eabu Hoa v\u0103n s\u1eaft u\u1ed1n Lan can B\u1ee5ng B\u1ea7u \u0111\u1eb9p<\/strong><\/p>\n<h3 style=\"text-align: justify; line-height: normal;\"><span style=\"font-size:14px;\"><span style=\"font-family:Arial,Helvetica,sans-serif;\"><strong>Ph\u1ee5 ki\u1ec7n hoa v\u0103n s\u1eaft \u2013 T\u0103ng th\u00eam ph\u1ea7n sinh \u0111\u1ed9ng v\u00e0 tinh t\u1ebf<\/strong><\/span><\/span><\/h3>\n<p style=\"text-align:justify;line-height:normal;\"><span style=\"font-size:14px;\"><span style=\"font-family:Arial,Helvetica,sans-serif;\">Ph\u1ee5 ki\u1ec7n hoa v\u0103n s\u1eaft l\u00e0 nh\u1eefng chi ti\u1ebft \u0111\u00fac ho\u1eb7c d\u1eadp s\u1eb5n v\u1edbi h\u00ecnh d\u1ea1ng phong ph\u00fa nh\u01b0 b\u00f4ng hoa, chi\u1ebfc l\u00e1, con chim, con h\u1ed5, c\u00e1 ch\u00e9p, r\u1ed3ng, ph\u01b0\u1ee3ng,\u2026 th\u01b0\u1eddng \u0111\u01b0\u1ee3c d\u00f9ng \u0111\u1ec3 \u0111i\u1ec3m xuy\u1ebft th\u00eam cho c\u1eeda c\u1ed5ng, lan can, h\u00e0ng r\u00e0o, ban c\u00f4ng,&#8230; Nh\u1edd k\u1ebft h\u1ee3p v\u1edbi c\u00e1c m\u00e0u s\u01a1n nh\u0169 \u0111\u1ed3ng, v\u00e0ng, \u00e1nh kim ho\u1eb7c s\u01a1n gi\u1ea3 c\u1ed5, nh\u1eefng chi ti\u1ebft n\u00e0y kh\u00f4ng ch\u1ec9 t\u1ea1o \u0111i\u1ec3m nh\u1ea5n b\u1eaft m\u1eaft m\u00e0 c\u00f2n mang l\u1ea1i s\u1ef1 kh\u00e1c bi\u1ec7t \u0111\u1eadm ch\u1ea5t ngh\u1ec7 thu\u1eadt cho c\u00f4ng tr\u00ecnh.<\/span><\/span><\/p>\n<p style=\"margin-bottom:0in;margin-bottom:.0001pt;text-align:justify;line-height:normal;\"><font face=\"Arial, Helvetica, sans-serif\"><span style=\"font-size: 14px;\">XEM TH\u00caM : * <a href=\"https:\/\/satmythuatthanhan.com\/phu-kien-hoa-van-sat-tai-thanh-pho-ho-chi-minh\"><strong>Ph\u1ee5 Ki\u1ec7n Hoa V\u0103n S\u1eaft T\u1ea1i TPHCM\u00a0<\/strong><\/a><\/span><\/font><\/p>\n<h3 style=\"text-align: justify; line-height: normal;\"><span style=\"font-size:14px;\"><span style=\"font-family:Arial,Helvetica,sans-serif;\"><strong>M\u1eabu hoa v\u0103n u\u1ed1n t\u1eeb s\u1eaft h\u1ed9p \u2013 Gi\u00e1 r\u1ebb, b\u1ec1n \u0111\u1eb9p<\/strong><\/span><\/span><\/h3>\n<p style=\"text-align:justify;line-height:normal;\"><span style=\"font-size:14px;\"><span style=\"font-family:Arial,Helvetica,sans-serif;\">M\u1ed9t trong nh\u1eefng d\u00f2ng s\u1ea3n ph\u1ea9m ph\u1ed5 bi\u1ebfn l\u00e0 m\u1eabu hoa v\u0103n \u0111\u01b0\u1ee3c u\u1ed1n th\u1ee7 c\u00f4ng t\u1eeb s\u1eaft h\u1ed9p \u2013 v\u00ed d\u1ee5 nh\u01b0 s\u1eaft h\u1ed9p vu\u00f4ng 14x14x1.4mm, 16x16x1.4mm, 20x20x1.4mm. S\u1eed d\u1ee5ng nguy\u00ean li\u1ec7u t\u1eeb c\u00e1c th\u01b0\u01a1ng hi\u1ec7u uy t\u00edn nh\u01b0 H\u00f2a Ph\u00e1t, VinaOne, s\u1ea3n ph\u1ea9m v\u1eeba \u0111\u1ea3m b\u1ea3o \u0111\u1ed9 b\u1ec1n, v\u1eeba gi\u1eef \u0111\u01b0\u1ee3c t\u00ednh th\u1ea9m m\u1ef9 cao. V\u1edbi gi\u00e1 th\u00e0nh h\u1ee3p l\u00fd, \u0111\u00e2y l\u00e0 l\u1ef1a ch\u1ecdn l\u00fd t\u01b0\u1edfng cho c\u00e1c c\u00f4ng tr\u00ecnh y\u00eau c\u1ea7u s\u1ef1 ti\u1ebft ki\u1ec7m nh\u01b0ng v\u1eabn \u0111\u00f2i h\u1ecfi \u0111\u1ed9 ch\u1eafc ch\u1eafn v\u00e0 sang tr\u1ecdng.<\/span><\/span><\/p>\n<p style=\"line-height: normal; text-align: center;\"><span style=\"font-size:14px;\"><span style=\"font-family:Arial,Helvetica,sans-serif;\"><img decoding=\"async\" alt=\"m\u1eabu hoa v\u0103n s\u1eaft m\u1ef9 thu\u1eadt 4\" src=\"http:\/\/localhost\/o\/wp-content\/uploads\/2025\/08\/mau-hoa-van-sat-my-thuat-4.jpg\" style=\"width: 950px; height: 534px;\" title=\"mau-hoa-van-sat-my-thuat-4\"><\/span><\/span><\/p>\n<h3 style=\"line-height: normal; text-align: center;\"><strong>M\u1eabu Hoa v\u0103n S\u1eaft M\u1ef9 Thu\u1eadt &#8211; Lan can c\u1ea7u Thang S\u1eaft \u0110\u1eb7c\u00a0<\/strong><\/h3>\n<p style=\"text-align:justify;line-height:normal;\"><strong><span style=\"font-size:14px;\"><span style=\"font-family:Arial,Helvetica,sans-serif;\">XEM B\u00c0I : * <a href=\"https:\/\/satmythuatthanhan.com\/gia-cong-uon-sat-hop-mau-bao-gia\">Gia C\u00f4ng U\u1ed1n S\u1eaft H\u1ed9p\u00a0<\/a><\/span><\/span><\/strong><\/p>\n<h3 style=\"text-align: justify; line-height: normal;\"><span style=\"font-size:14px;\"><span style=\"font-family:Arial,Helvetica,sans-serif;\"><strong>M\u1eabu hoa v\u0103n u\u1ed1n t\u1eeb s\u1eaft \u0111\u1eb7c \u2013 Tinh x\u1ea3o v\u00e0 \u0111\u1eb3ng c\u1ea5p<\/strong><\/span><\/span><\/h3>\n<p style=\"text-align:justify;line-height:normal;\"><span style=\"font-size:14px;\"><span style=\"font-family:Arial,Helvetica,sans-serif;\">Ngo\u00e0i s\u1eaft h\u1ed9p, c\u00e1c m\u1eabu hoa v\u0103n c\u00f2n \u0111\u01b0\u1ee3c ch\u1ebf t\u00e1c t\u1eeb s\u1eaft \u0111\u1eb7c nh\u01b0 s\u1eaft tr\u00f2n phi 12, phi 14, phi 16 ho\u1eb7c s\u1eaft \u0111\u1eb7c vu\u00f4ng 12x12mm, 14x14mm, 16x16mm, 20x20mm. Ngo\u00e0i ra c\u00f2n c\u00f3 c\u00e1c lo\u1ea1i s\u1eaft b\u1ea3n (thanh la) v\u1edbi k\u00edch th\u01b0\u1edbc ph\u1ed5 bi\u1ebfn nh\u01b0 20mm, 30mm, 40mm, 50mm, 60mm\u2026 Nh\u1eefng v\u1eadt li\u1ec7u n\u00e0y gi\u00fap t\u1ea1o ra c\u00e1c hoa v\u0103n u\u1ed1n l\u01b0\u1ee3n tinh t\u1ebf, ph\u00f9 h\u1ee3p v\u1edbi c\u00e1c c\u00f4ng tr\u00ecnh mang phong c\u00e1ch c\u1ed5 \u0111i\u1ec3n ho\u1eb7c bi\u1ec7t th\u1ef1 cao c\u1ea5p.<\/span><\/span><\/p>\n<p style=\"line-height: normal; text-align: center;\"><span style=\"font-size:14px;\"><span style=\"font-family:Arial,Helvetica,sans-serif;\"><img decoding=\"async\" alt=\"Hoa v\u0103n s\u1eaft m\u1ef9 thu\u1eadt\" src=\"http:\/\/localhost\/o\/wp-content\/uploads\/2025\/08\/mau-hoa-van-sat-my-thuat-5.jpg\" style=\"width: 950px; height: 534px;\" title=\"mau-hoa-van-sat-my-thuat-5\"><\/span><\/span><\/p>\n<p style=\"line-height: normal; text-align: center;\"><strong><span style=\"font-size:14px;\"><span style=\"font-family:Arial,Helvetica,sans-serif;\">M\u1eabu Hoa v\u0103n s\u1eaft m\u1ef9 thu\u1eadt \u0111\u1eb9p T\u1ea1i Th\u00e0nh An<\/span><\/span><\/strong><\/p>\n<h2 style=\"text-align: justify; line-height: normal;\"><span style=\"font-size:14px;\"><span style=\"font-family:Arial,Helvetica,sans-serif;\"><strong>\u0110\u01a1n gi\u00e1 m\u1eabu hoa v\u0103n s\u1eaft m\u1ef9 thu\u1eadt\u00a0<\/strong><\/span><\/span><\/h2>\n<p style=\"text-align:justify;line-height:normal;\"><span style=\"font-size:14px;\"><span style=\"font-family:Arial,Helvetica,sans-serif;\">Gi\u00e1 th\u00e0nh c\u1ee7a <a href=\"https:\/\/satmythuatthanhan.com\/mau-hoa-van-sat-my-thuat\"><strong>hoa v\u0103n s\u1eaft m\u1ef9 thu\u1eadt<\/strong><\/a> ph\u1ee5 thu\u1ed9c v\u00e0o lo\u1ea1i s\u1ea3n ph\u1ea9m v\u00e0 ph\u01b0\u01a1ng ph\u00e1p ch\u1ebf t\u00e1c:<\/span><\/span><\/p>\n<ul>\n<li style=\"text-align:justify;line-height:normal;\"><span style=\"font-size:14px;\"><span style=\"font-family:Arial,Helvetica,sans-serif;\"><strong>Ph\u1ee5 ki\u1ec7n hoa v\u0103n d\u1eadp\/\u0111\u00fac s\u1eb5n<\/strong>: C\u00f3 th\u1ec3 t\u00ednh gi\u00e1 theo <strong>c\u00e1i<\/strong> ho\u1eb7c <strong>kg<\/strong>, ph\u00f9 h\u1ee3p v\u1edbi nh\u1eefng ai c\u1ea7n th\u00eam chi ti\u1ebft nh\u1ecf \u0111\u1ec3 b\u1ed5 sung cho c\u00f4ng tr\u00ecnh.<\/span><\/span><\/li>\n<li style=\"text-align:justify;line-height:normal;\"><span style=\"font-size:14px;\"><span style=\"font-family:Arial,Helvetica,sans-serif;\"><strong>Hoa v\u0103n u\u1ed1n theo y\u00eau c\u1ea7u<\/strong>: T\u00f9y thu\u1ed9c v\u00e0o lo\u1ea1i s\u1eaft (s\u1eaft \u0111\u1eb7c ho\u1eb7c s\u1eaft h\u1ed9p), \u0111\u1ed9 ph\u1ee9c t\u1ea1p v\u00e0 k\u00edch th\u01b0\u1edbc, gi\u00e1 c\u00f3 th\u1ec3 t\u00ednh theo <strong>m\u00e9t d\u00e0i<\/strong>, <strong>m\u00e9t vu\u00f4ng<\/strong> ho\u1eb7c <strong>kg<\/strong>. M\u1ee9c gi\u00e1 tham kh\u1ea3o dao \u0111\u1ed9ng t\u1eeb <strong>400.000\u0111 \u2013 1.500.000\u0111\/m<\/strong>, ph\u00f9 h\u1ee3p v\u1edbi nhi\u1ec1u ph\u00e2n kh\u00fac c\u00f4ng tr\u00ecnh t\u1eeb trung \u0111\u1ebfn cao c\u1ea5p.<\/span><\/span><\/li>\n<\/ul>\n<h2 style=\"margin-left: 0.5in; text-align: justify; line-height: normal;\"><span style=\"font-size:14px;\"><span style=\"font-family:Arial,Helvetica,sans-serif;\"><strong>Th\u00e0nh An \u2013 \u0110\u01a1n v\u1ecb chuy\u00ean cung c\u1ea5p m\u1eabu hoa v\u0103n s\u1eaft m\u1ef9 thu\u1eadt uy t\u00edn<\/strong><\/span><\/span><\/h2>\n<p style=\"text-align:justify;line-height:normal;\"><span style=\"font-size:14px;\"><span style=\"font-family:Arial,Helvetica,sans-serif;\">V\u1edbi nhi\u1ec1u n\u0103m kinh nghi\u1ec7m trong l\u0129nh v\u1ef1c gia c\u00f4ng v\u00e0 cung c\u1ea5p ph\u1ee5 ki\u1ec7n s\u1eaft m\u1ef9 thu\u1eadt, <strong>Th\u00e0nh An<\/strong> cam k\u1ebft mang \u0111\u1ebfn cho kh\u00e1ch h\u00e0ng nh\u1eefng m\u1eabu hoa v\u0103n \u0111a d\u1ea1ng, s\u1eafc n\u00e9t, gi\u00e1 c\u1ea3 c\u1ea1nh tranh v\u00e0 d\u1ecbch v\u1ee5 nhanh ch\u00f3ng. Ch\u00fang t\u00f4i lu\u00f4n s\u1eb5n s\u00e0ng t\u01b0 v\u1ea5n v\u00e0 thi\u1ebft k\u1ebf theo y\u00eau c\u1ea7u \u0111\u1ec3 t\u1ea1o n\u00ean nh\u1eefng s\u1ea3n ph\u1ea9m ph\u00f9 h\u1ee3p nh\u1ea5t v\u1edbi c\u00f4ng tr\u00ecnh c\u1ee7a b\u1ea1n. Th\u00e0nh An cung c\u1ea5p <a href=\"https:\/\/satmythuatthanhan.com\/mau-hoa-van-sat-my-thuat\"><strong>Hoa V\u0103n S\u1eaft M\u1ef9 Thu\u1eadt<\/strong><\/a>\u00a0t\u1ea5t c\u1ea3 c\u00e1c t\u1ec9nh th\u00e0nh nh\u01b0 <a href=\"https:\/\/satmythuatthanhan.com\/phu-kien-hoa-van-sat-tai-thanh-pho-ho-chi-minh\">TpHCM<\/a>, \u0110\u1ed3ng Nai, B\u00e0 R\u1ecba V\u0169ng T\u00e0u, B\u00ecnh D\u01b0\u01a1ng, C\u1ea7n Th\u01a1 Ki\u00eang Giang, Ph\u00fa Qu\u1ed1c&#8230;<\/span><\/span><\/p>\n<p style=\"text-align:justify;line-height:normal;\"><span style=\"font-size:14px;\"><span style=\"font-family:Arial,Helvetica,sans-serif;\"><strong>Li\u00ean h\u1ec7 ngay hotline: 0984 606 488 (Ms. H\u00e0)<\/strong> \u0111\u1ec3 \u0111\u01b0\u1ee3c b\u00e1o gi\u00e1 chi ti\u1ebft v\u00e0 t\u01b0 v\u1ea5n mi\u1ec5n ph\u00ed!<\/span><\/span><\/p>\n<p style=\"text-align:justify;line-height:normal;\"><span style=\"font-size:14px;\"><span style=\"font-family:Arial,Helvetica,sans-serif;\">S\u1eaft kh\u00f4ng c\u00f2n \u0111\u01a1n thu\u1ea7n l\u00e0 v\u1eadt li\u1ec7u x\u00e2y d\u1ef1ng th\u00f4 c\u1ee9ng m\u00e0 \u0111\u00e3 \u0111\u01b0\u1ee3c \u201cth\u1ed5i h\u1ed3n\u201d tr\u1edf th\u00e0nh nh\u1eefng chi ti\u1ebft hoa v\u0103n tinh x\u1ea3o \u2013 mang t\u00ednh ngh\u1ec7 thu\u1eadt v\u00e0 gi\u00e1 tr\u1ecb th\u1ea9m m\u1ef9 cao. N\u1ebfu b\u1ea1n \u0111ang mu\u1ed1n t\u00ecm ki\u1ebfm \u0111i\u1ec3m nh\u1ea5n \u1ea5n t\u01b0\u1ee3ng cho kh\u00f4ng gian s\u1ed1ng hay c\u00f4ng tr\u00ecnh c\u1ee7a m\u00ecnh, th\u00ec c\u00e1c m\u1eabu hoa v\u0103n s\u1eaft m\u1ef9 thu\u1eadt ch\u1eafc ch\u1eafn l\u00e0 l\u1ef1a ch\u1ecdn ho\u00e0n h\u1ea3o kh\u00f4ng th\u1ec3 b\u1ecf qua.<\/span><\/span><\/p>\n<\/div>\n","protected":false},"excerpt":{"rendered":"<p>Hoa v\u0103n s\u1eaft m\u1ef9 thu\u1eadt l\u00e0 nh\u1eefng chi ti\u1ebft trang tr\u00ed \u0111\u01b0\u1ee3c ch\u1ebf t\u00e1c t\u1eeb s\u1eaft h\u1ed9p ho\u1eb7c s\u1eaft \u0111\u1eb7c, th\u00f4ng qua qu\u00e1 tr\u00ecnh gia c\u00f4ng tinh x\u1ea3o b\u1eb1ng m\u00e1y m\u00f3c hi\u1ec7n \u0111\u1ea1i k\u1ebft h\u1ee3p v\u1edbi b\u00e0n tay kh\u00e9o l\u00e9o c\u1ee7a nh\u1eefng ng\u01b0\u1eddi th\u1ee3 th\u1ee7 c\u00f4ng. \u0110\u00e2y kh\u00f4ng ch\u1ec9 l\u00e0 v\u1eadt li\u1ec7u x\u00e2y d\u1ef1ng th\u00f4ng th\u01b0\u1eddng, m\u00e0 c\u00f2n l\u00e0 nh\u1eefng t\u00e1c ph\u1ea9m ngh\u1ec7 thu\u1eadt mang \u0111\u1eadm t\u00ednh th\u1ea9m m\u1ef9 v\u00e0 phong c\u00e1ch ri\u00eang bi\u1ec7t.<\/p>\n","protected":false},"featured_media":941,"comment_status":"open","ping_status":"closed","template":"","meta":[],"product_cat":[17],"product_tag":[],"_links":{"self":[{"href":"https:\/\/satmythuatgiare.com\/index.php?rest_route=\/wp\/v2\/product\/940"}],"collection":[{"href":"https:\/\/satmythuatgiare.com\/index.php?rest_route=\/wp\/v2\/product"}],"about":[{"href":"https:\/\/satmythuatgiare.com\/index.php?rest_route=\/wp\/v2\/types\/product"}],"replies":[{"embeddable":true,"href":"https:\/\/satmythuatgiare.com\/index.php?rest_route=%2Fwp%2Fv2%2Fcomments&post=940"}],"wp:featuredmedia":[{"embeddable":true,"href":"https:\/\/satmythuatgiare.com\/index.php?rest_route=\/wp\/v2\/media\/941"}],"wp:attachment":[{"href":"https:\/\/satmythuatgiare.com\/index.php?rest_route=%2Fwp%2Fv2%2Fmedia&parent=940"}],"wp:term":[{"taxonomy":"product_cat","embeddable":true,"href":"https:\/\/satmythuatgiare.com\/index.php?rest_route=%2Fwp%2Fv2%2Fproduct_cat&post=940"},{"taxonomy":"product_tag","embeddable":true,"href":"https:\/\/satmythuatgiare.com\/index.php?rest_route=%2Fwp%2Fv2%2Fproduct_tag&post=940"}],"curies":[{"name":"wp","href":"https:\/\/api.w.org\/{rel}","templated":true}]}}