{"id":873,"date":"2025-08-26T14:55:07","date_gmt":"2025-08-26T14:55:07","guid":{"rendered":"http:\/\/localhost\/o\/?product=mai-che-trang-tri-sat-my-thuat-quan-9-tphcm"},"modified":"2025-08-26T14:55:21","modified_gmt":"2025-08-26T14:55:21","slug":"mai-che-trang-tri-sat-my-thuat-quan-9-tphcm","status":"publish","type":"product","link":"https:\/\/satmythuatgiare.com\/?product=mai-che-trang-tri-sat-my-thuat-quan-9-tphcm","title":{"rendered":"M\u00c1I CHE TRANG TR\u00cd S\u1eaeT M\u1ef8 THU\u1eacT QU\u1eacN 9 TPHCM"},"content":{"rendered":"<\/p>\n<div class=\"content-tabs-pro-detail info-pro-detail active text\">\n<h2><strong><u>S\u1eaft M\u1ef9 Thu\u1eadt Th\u00e0nh An<\/u> chuy\u00ean cung c\u1ea5p m\u00e1i k\u00ednh s\u1eaft m\u1ef9 thu\u1eadt<\/strong><\/h2>\n<p style=\"text-align: justify;\">Hi\u1ec7n nay s\u1ebd kh\u00f4ng kh\u00f3 \u0111\u1ec3 b\u1eaft g\u1eb7p c\u00e1c ki\u1ebfn tr\u00fac x\u00e2y d\u1ef1ng s\u1eed d\u1ee5ng m\u00e1i hi\u00ean b\u1eb1ng k\u00ednh\u00a0khung s\u1eaft ngh\u1ec7 thu\u1eadt. B\u1ea1n c\u00f3 th\u1ec3 d\u1ec5 d\u00e0ng nh\u00ecn th\u1ea5y ch\u00fang \u1edf nh\u1eefng c\u0103n bi\u1ec7t th\u1ef1, kh\u00e1ch s\u1ea1n, nh\u00e0 h\u00e0ng ho\u1eb7c th\u1eadm ch\u00ed ngay \u1edf m\u1ed9t c\u0103n nh\u00e0 n\u00e0o \u0111\u00f3. V\u1edbi nh\u1eefng thi\u1ebft k\u1ebf nh\u00e0 hi\u1ec7n \u0111\u1ea1i, ngo\u00e0i kh\u00f4ng gian n\u1ed9i th\u1ea5t b\u00ean trong th\u00ec nh\u1eefng chi ti\u1ebft ngo\u1ea1i th\u1ea5t c\u0169ng \u0111\u01b0\u1ee3c ch\u00fa tr\u1ecdng r\u1ea5t nhi\u1ec1u. Trong \u0111\u00f3 n\u1ed5i b\u1eadt nh\u1ea5t l\u00e0 xu h\u01b0\u1edbng l\u00e0m m\u00e1i k\u00ednh khung s\u1eaft ngh\u1ec7 thu\u1eadt ch\u00ednh\u00a0l\u00e0 m\u1ed9t \u0111i\u1ec3m nh\u1ea5n kh\u00e1c bi\u1ec7t v\u00e0 \u0111\u1ed9c \u0111\u00e1o<\/p>\n<p style=\"text-align: center;\"><img decoding=\"async\" src=\"http:\/\/localhost\/o\/wp-content\/uploads\/2025\/08\/mai20hien20my20thuat.jpg\" style=\"width: 600px; height: 674px;\" title=\"mai20hien20my20thuat\"><\/p>\n<p style=\"text-align: center;\"><strong>M\u00e1i trang tr\u00ed s\u1eaft m\u1ef9 thu\u1eadt t\u1ea1i c\u00f4ng tr\u00ecnh Khang An Qu\u1eadn 9<\/strong><\/p>\n<p style=\"text-align: justify;\"><a href=\"https:\/\/satmythuatthanhan.com\/mai-che-sat-my-thuat-mc04\"><strong>M\u00e1i che\u00a0s\u1eaft ngh\u1ec7 thu\u1eadt<\/strong><\/a>\u00a0v\u00e0 ph\u00f9 h\u1ee3p v\u1edbi ng\u00f4i nh\u00e0 bi\u1ec7t th\u01b0 c\u1ee7a m\u00ecnh.\u00a0Ch\u00fang t\u00f4i <strong><u>S\u1eaft M\u1ef9 Thu\u1eadt Th\u00e0nh An Qu\u1eadn 9<\/u><\/strong>\u00a0\u00a0 v\u1edbi h\u01a1n 10 n\u0103m trong ngh\u1ec1 v\u00e0 b\u1eb1ng kinh nghi\u1ec7m l\u00e2u n\u0103m\u00a0s\u1ebd t\u01b0 v\u1ea5n kh\u00e1ch h\u00e0ng \u0111\u1ec3 ch\u1ecdn l\u1ef1a ch\u1ecdn ra\u00a0<a href=\"https:\/\/satmythuatthanhan.com\/mai-trang-tri-khang-dien\"><strong>m\u00e1i che\u00a0s\u1eaft m\u1ef9 thu\u1eadt<\/strong><\/a>\u00a0cho nh\u00e0 m\u00ecnh.<\/p>\n<p style=\"text-align: center;\">\u00a0<\/p>\n<p style=\"text-align: center;\"><img decoding=\"async\" src=\"http:\/\/localhost\/o\/wp-content\/uploads\/2025\/08\/cong20ty20thanh20an-1.jpg\" style=\"width: 800px; height: 360px;\" title=\"cong20ty20thanh20an-1\"><\/p>\n<p style=\"text-align: center;\"><strong>V\u0103n ph\u00f2ng v\u00e0 x\u01b0\u1edfng S\u1ea3n Xu\u1ea5t t\u1ea1i Qu\u1eadn 9 -tp H\u1ed3 Ch\u00ed Minh<\/strong><\/p>\n<h2><u><em><strong>Sau \u0111\u00e2y l\u00e0 c\u00e1c h\u00ecnh \u1ea3nh c\u1ee7a S\u1eaft m\u1ef9 thu\u1eadt Th\u00e0nh An Qu\u1eadn 9\u00a0<\/strong><\/em><\/u><\/h2>\n<p style=\"text-align: center;\"><img decoding=\"async\" src=\"http:\/\/localhost\/o\/wp-content\/uploads\/2025\/08\/thiet-ke-chan-tru-mai-kinh.jpg\" style=\"width: 885px; height: 621px;\" title=\"thiet-ke-chan-tru-mai-kinh\"><\/p>\n<p style=\"text-align: center;\"><strong>Thi\u1ebft k\u00ea ch\u00e2n tr\u1ee5 m\u00e1i k\u00ednh s\u1eaft m\u1ef9 thu\u1eadt<\/strong><\/p>\n<p style=\"text-align: center;\">\u00a0<\/p>\n<p style=\"text-align: center;\"><img decoding=\"async\" src=\"http:\/\/localhost\/o\/wp-content\/uploads\/2025\/08\/thiet-ke-mai-trang-tri-1.jpg\" style=\"width: 881px; height: 578px;\" title=\"thiet-ke-mai-trang-tri-1\"><\/p>\n<p style=\"text-align: center;\"><b><i>B\u1ea3n v\u1ebd m\u00e1i k\u00ednh khang \u0111i\u1ec1n qu\u1eadn 9 tphcm<\/i><\/b><\/p>\n<p style=\"text-align: center;\"><img decoding=\"async\" src=\"http:\/\/localhost\/o\/wp-content\/uploads\/2025\/08\/tru-sat-trang-tri.jpg\" style=\"width: 960px; height: 1280px;\" title=\"tru-sat-trang-tri\"><\/p>\n<p style=\"text-align: center;\"><strong>Tr\u1ee5 m\u00e1i k\u00ednh sau khi l\u1eafp \u0111\u1eb7t t\u1ea1i c\u00f4ng tr\u00ecnh<\/strong><\/p>\n<p style=\"text-align: center;\">\u00a0<\/p>\n<p style=\"text-align: center;\"><img decoding=\"async\" src=\"http:\/\/localhost\/o\/wp-content\/uploads\/2025\/08\/mai-trang-tri-sat-kinh.jpg\" style=\"width: 800px; height: 480px;\" title=\"mai-trang-tri-sat-kinh\"><\/p>\n<p style=\"text-align: center;\"><strong>Th\u00e0nh An thi\u1ebft k\u1ebf 3D m\u00e1i k\u00ednh m\u1ef9 thu\u1eadt<\/strong><\/p>\n<p style=\"text-align: center;\"><b><i><u>C\u00f4ng ty TNHH TM-DV-XD-TTNT Th\u00e0nh An<\/u><\/i><\/b><\/p>\n<p style=\"text-align: center;\"><iframe loading=\"lazy\" allowfullscreen=\"\" frameborder=\"0\" height=\"360\" src=\"https:\/\/www.youtube.com\/embed\/hd-Uv9JH3o4\" width=\"640\"><\/iframe><\/p>\n<p>C\u00f3 th\u1ec3 xem th\u00eam :<\/p>\n<p><a href=\"https:\/\/satmythuatthanhan.com\/mai-che-sat-my-thuat-mc04\">Ma\u0301i ki\u0301nh s\u0103\u0301t my\u0303 thu\u00e2\u0323t | S\u1eaft M\u1ef9 Thu\u1eadt (satmythuatthanhan.com)<\/a><\/p>\n<p><a href=\"https:\/\/satmythuatthanhan.com\/mai-trang-tri-khang-dien\">M\u00c1I TRANG TR\u00cd KHANG \u0110I\u1ec0N (satmythuatthanhan.com)<\/a><\/p>\n<h2><strong>Li\u00ean h\u1ec7 ngay \u0111\u1ec3 \u0111\u01b0\u1ee3c t\u01b0 v\u1ea5n k\u1ef9 r\u00f5 v\u1ec1 d\u00f2ng s\u1ea3n ph\u1ea9m m\u00e0 kh\u00e1ch h\u00e0ng y\u00eau c\u1ea7u:<\/strong><\/h2>\n<h3><strong>C\u00d4NG TY TNHH TM-DV-XD-TTNT TH\u00c0NH AN<\/strong><\/h3>\n<p>\u0110C:\u00a0785C Nguy\u1ec5n Duy Trinh, P. Ph\u00fa H\u1eefu, Q.9, Tp. Th\u1ee7 \u0110\u1ee9c. HCM<br \/>\nEmail: xaydungantran@gmail.com<br \/>\nTel:\u00a0<strong>0984 606 488 (Ch\u1ecb H\u00e0 chuy\u00ean vi\u00ean t\u01b0 v\u1ea5n v\u00e0 b\u00e1o gi\u00e1) &#8211;\u00a00986040655\u00a0( Anh An T\u01b0 v\u1ea5n k\u1ef9 thu\u1eadt)<\/strong><br \/>\nMST:\u00a00314318001<br \/>\nWebsite:\u00a0https:\/\/satmythuatthanhan.com<\/p>\n<\/div>\n","protected":false},"excerpt":{"rendered":"<p>S\u1eaft M\u1ef9 Thu\u1eadt Th\u00e0nh An chuy\u00ean cung c\u1ea5p m\u00e1i k\u00ednh s\u1eaft m\u1ef9 thu\u1eadt Hi\u1ec7n nay s\u1ebd kh\u00f4ng kh\u00f3 \u0111\u1ec3 b\u1eaft g\u1eb7p c\u00e1c ki\u1ebfn tr\u00fac x\u00e2y d\u1ef1ng s\u1eed d\u1ee5ng m\u00e1i hi\u00ean b\u1eb1ng k\u00ednh\u00a0khung s\u1eaft ngh\u1ec7 thu\u1eadt. B\u1ea1n c\u00f3 th\u1ec3 d\u1ec5 d\u00e0ng nh\u00ecn th\u1ea5y ch\u00fang \u1edf nh\u1eefng c\u0103n bi\u1ec7t th\u1ef1, kh\u00e1ch s\u1ea1n, nh\u00e0 h\u00e0ng ho\u1eb7c th\u1eadm ch\u00ed&#8230;<\/p>\n","protected":false},"featured_media":874,"comment_status":"closed","ping_status":"closed","template":"","meta":[],"product_cat":[22],"product_tag":[],"_links":{"self":[{"href":"https:\/\/satmythuatgiare.com\/index.php?rest_route=\/wp\/v2\/product\/873"}],"collection":[{"href":"https:\/\/satmythuatgiare.com\/index.php?rest_route=\/wp\/v2\/product"}],"about":[{"href":"https:\/\/satmythuatgiare.com\/index.php?rest_route=\/wp\/v2\/types\/product"}],"replies":[{"embeddable":true,"href":"https:\/\/satmythuatgiare.com\/index.php?rest_route=%2Fwp%2Fv2%2Fcomments&post=873"}],"wp:featuredmedia":[{"embeddable":true,"href":"https:\/\/satmythuatgiare.com\/index.php?rest_route=\/wp\/v2\/media\/874"}],"wp:attachment":[{"href":"https:\/\/satmythuatgiare.com\/index.php?rest_route=%2Fwp%2Fv2%2Fmedia&parent=873"}],"wp:term":[{"taxonomy":"product_cat","embeddable":true,"href":"https:\/\/satmythuatgiare.com\/index.php?rest_route=%2Fwp%2Fv2%2Fproduct_cat&post=873"},{"taxonomy":"product_tag","embeddable":true,"href":"https:\/\/satmythuatgiare.com\/index.php?rest_route=%2Fwp%2Fv2%2Fproduct_tag&post=873"}],"curies":[{"name":"wp","href":"https:\/\/api.w.org\/{rel}","templated":true}]}}