{"id":867,"date":"2025-08-26T14:54:44","date_gmt":"2025-08-26T14:54:44","guid":{"rendered":"http:\/\/localhost\/o\/?product=mai-che-sat-my%cc%83-thua%cc%a3t-mc04"},"modified":"2025-08-26T14:55:02","modified_gmt":"2025-08-26T14:55:02","slug":"mai-che-sat-my%cc%83-thua%cc%a3t-mc04","status":"publish","type":"product","link":"https:\/\/satmythuatgiare.com\/?product=mai-che-sat-my%cc%83-thua%cc%a3t-mc04","title":{"rendered":"Ma\u0301i che s\u0103\u0301t my\u0303 thu\u00e2\u0323t &#8211; MC04"},"content":{"rendered":"<\/p>\n<div class=\"content-tabs-pro-detail info-pro-detail active text\">\n<h2><span style=\"font-size:20px;\"><strong>Th\u00e0nh An chuy\u00ean cung c\u1ea5p m\u00e1i k\u00ednh s\u1eaft m\u1ef9 thu\u1eadt<\/strong><\/span><\/h2>\n<p><span style=\"font-size:16px;\">Hi\u1ec7n nay s\u1ebd kh\u00f4ng kh\u00f3 \u0111\u1ec3 b\u1eaft g\u1eb7p c\u00e1c ki\u1ebfn tr\u00fac x\u00e2y d\u1ef1ng s\u1eed d\u1ee5ng m\u00e1i hi\u00ean b\u1eb1ng k\u00ednh\u00a0khung s\u1eaft ngh\u1ec7 thu\u1eadt. B\u1ea1n c\u00f3 th\u1ec3 d\u1ec5 d\u00e0ng nh\u00ecn th\u1ea5y ch\u00fang \u1edf nh\u1eefng c\u0103n bi\u1ec7t th\u1ef1, kh\u00e1ch s\u1ea1n, nh\u00e0 h\u00e0ng ho\u1eb7c th\u1eadm ch\u00ed ngay \u1edf m\u1ed9t c\u0103n nh\u00e0 n\u00e0o \u0111\u00f3. V\u1edbi nh\u1eefng thi\u1ebft k\u1ebf nh\u00e0 hi\u1ec7n \u0111\u1ea1i, ngo\u00e0i kh\u00f4ng gian n\u1ed9i th\u1ea5t b\u00ean trong th\u00ec nh\u1eefng chi ti\u1ebft ngo\u1ea1i th\u1ea5t c\u0169ng \u0111\u01b0\u1ee3c ch\u00fa tr\u1ecdng r\u1ea5t nhi\u1ec1u. Trong \u0111\u00f3 n\u1ed5i b\u1eadt nh\u1ea5t l\u00e0 xu h\u01b0\u1edbng l\u00e0m m\u00e1i k\u00ednh khung s\u1eaft ngh\u1ec7 thu\u1eadt ch\u00ednh\u00a0l\u00e0 m\u1ed9t \u0111i\u1ec3m nh\u1ea5n kh\u00e1c bi\u1ec7t v\u00e0 \u0111\u1ed9c \u0111\u00e1o<\/span><\/p>\n<p><span style=\"font-size:16px;\"><a href=\"https:\/\/satmythuatthanhan.com\/mai-che-sat-my-thuat\"><strong>M\u00e1i che\u00a0s\u1eaft ngh\u1ec7 thu\u1eadt<\/strong><\/a>\u00a0v\u00e0 ph\u00f9 h\u1ee3p v\u1edbi ng\u00f4i nh\u00e0 bi\u1ec7t th\u01b0 c\u1ee7a m\u00ecnh. t\u00f4i l\u00e0 m\u1ed9t ki\u1ebfn tr\u00fac s\u01b0 v\u1edbi h\u01a1n 10 n\u0103m trong ngh\u1ec1 v\u00e0 b\u1eb1ng kinh nghi\u1ec7m x\u01b0\u01a1ng m\u00e1u c\u1ee7a m\u00ecnh s\u1ebd t\u01b0 v\u1ea5n kh\u00e1ch h\u00e0ng \u0111\u1ec3 ch\u1ecdn l\u1ef1a ch\u1ecdn ra\u00a0<a href=\"https:\/\/satmythuatthanhan.com\/mai-che-sat-my-thuat\"><strong>m\u00e1i che\u00a0s\u1eaft m\u1ef9 thu\u1eadt<\/strong><\/a>\u00a0cho nh\u00e0 m\u00ecnh.<\/span><\/p>\n<p style=\"text-align: center;\"><span style=\"font-size:16px;\"><img decoding=\"async\" alt=\"M\u00e1i che s\u1eaft m\u1ef9 thu\u1eadt\" src=\"http:\/\/localhost\/o\/wp-content\/uploads\/2025\/08\/mai-che-sat-my-thuat.jpeg\" style=\"width: 700px; height: 549px;\" title=\"mai-che-sat-my-thuat\"><\/span><\/p>\n<p style=\"text-align: center;\"><span style=\"font-size:16px;\"><img decoding=\"async\" alt=\"M\u00e1i che s\u1eaft m\u1ef9 thu\u1eadt\" src=\"http:\/\/localhost\/o\/wp-content\/uploads\/2025\/08\/mai-kinh-sat-nghe-thuat-dep-1.jpeg\" style=\"width: 600px; height: 450px;\" title=\"mai-kinh-sat-nghe-thuat-dep-1\"><img decoding=\"async\" alt=\"M\u00e1i che s\u1eaft m\u1ef9 thu\u1eadt\" src=\"http:\/\/localhost\/o\/wp-content\/uploads\/2025\/08\/mai-kinh-sat-nghe-thuat-dep-2.jpeg\" style=\"width: 600px; height: 450px;\" title=\"mai-kinh-sat-nghe-thuat-dep-2\"><img decoding=\"async\" alt=\"M\u00e1i che s\u1eaft m\u1ef9 thu\u1eadt\" src=\"http:\/\/localhost\/o\/wp-content\/uploads\/2025\/08\/mai-kinh-sat-nghe-thuat-dep-4.jpeg\" style=\"width: 600px; height: 444px;\" title=\"mai-kinh-sat-nghe-thuat-dep-4\"><\/span><\/p>\n<\/div>\n","protected":false},"excerpt":{"rendered":"<p>M\u00e1i che\u00a0s\u1eaft ngh\u1ec7 thu\u1eadt\u00a0v\u00e0 ph\u00f9 h\u1ee3p v\u1edbi ng\u00f4i nh\u00e0 bi\u1ec7t th\u01b0 c\u1ee7a m\u00ecnh. t\u00f4i l\u00e0 m\u1ed9t ki\u1ebfn tr\u00fac s\u01b0 v\u1edbi h\u01a1n 10 n\u0103m trong ngh\u1ec1 v\u00e0 b\u1eb1ng kinh nghi\u1ec7m x\u01b0\u01a1ng m\u00e1u c\u1ee7a m\u00ecnh s\u1ebd t\u01b0 v\u1ea5n kh\u00e1ch h\u00e0ng \u0111\u1ec3 ch\u1ecdn l\u1ef1a ch\u1ecdn ra\u00a0m\u00e1i che\u00a0s\u1eaft m\u1ef9 thu\u1eadt\u00a0cho nh\u00e0 m\u00ecnh.<\/p>\n","protected":false},"featured_media":868,"comment_status":"closed","ping_status":"closed","template":"","meta":[],"product_cat":[22],"product_tag":[],"_links":{"self":[{"href":"https:\/\/satmythuatgiare.com\/index.php?rest_route=\/wp\/v2\/product\/867"}],"collection":[{"href":"https:\/\/satmythuatgiare.com\/index.php?rest_route=\/wp\/v2\/product"}],"about":[{"href":"https:\/\/satmythuatgiare.com\/index.php?rest_route=\/wp\/v2\/types\/product"}],"replies":[{"embeddable":true,"href":"https:\/\/satmythuatgiare.com\/index.php?rest_route=%2Fwp%2Fv2%2Fcomments&post=867"}],"wp:featuredmedia":[{"embeddable":true,"href":"https:\/\/satmythuatgiare.com\/index.php?rest_route=\/wp\/v2\/media\/868"}],"wp:attachment":[{"href":"https:\/\/satmythuatgiare.com\/index.php?rest_route=%2Fwp%2Fv2%2Fmedia&parent=867"}],"wp:term":[{"taxonomy":"product_cat","embeddable":true,"href":"https:\/\/satmythuatgiare.com\/index.php?rest_route=%2Fwp%2Fv2%2Fproduct_cat&post=867"},{"taxonomy":"product_tag","embeddable":true,"href":"https:\/\/satmythuatgiare.com\/index.php?rest_route=%2Fwp%2Fv2%2Fproduct_tag&post=867"}],"curies":[{"name":"wp","href":"https:\/\/api.w.org\/{rel}","templated":true}]}}