{"id":832,"date":"2025-08-26T14:49:37","date_gmt":"2025-08-26T14:49:37","guid":{"rendered":"http:\/\/localhost\/o\/?product=lan-can-mat-tien-sat-cong-dep-quan-2"},"modified":"2025-08-26T14:49:46","modified_gmt":"2025-08-26T14:49:46","slug":"lan-can-mat-tien-sat-cong-dep-quan-2","status":"publish","type":"product","link":"https:\/\/satmythuatgiare.com\/?product=lan-can-mat-tien-sat-cong-dep-quan-2","title":{"rendered":"Lan can m\u1eb7t ti\u1ec1n s\u1eaft cong \u0111\u1eb9p qu\u1eadn 2"},"content":{"rendered":"<\/p>\n<div class=\"content-tabs-pro-detail info-pro-detail active text\">\n<p style=\"text-align: justify;\">S\u1eaft m\u1ef9 thu\u1eadt Th\u00e0nh An chuy\u00ean gia c\u00f4ng v\u00e0 l\u1eafp \u0111\u1eb7t <a href=\"https:\/\/satmythuatthanhan.com\/sat-my-thuat-quan-9-tp-ho-chi-minh\"><strong>lan can cong s\u1eaft m\u1ef9 thu\u1eadt<\/strong><\/a> t\u1ea1i TpHCM . S\u1ed1 \u0111i\u1ec7n tho\u1ea1i li\u00ean h\u1ec7 0984.606488 t\u01b0 v\u1ea5n mi\u1ec5n ph\u00ed. \u0110\u1ecba ch\u1ec9 : 785C Nguy\u1ec5n Duy Trinh .Ph\u01b0\u1eddng Ph\u00fa H\u1eefu Qu\u1eadn 9 TpHCM<\/p>\n<p style=\"text-align: center;\"><img decoding=\"async\" alt=\"lan can ban c\u00f4ng m\u1eb7t ti\u1ec1n\" src=\"http:\/\/localhost\/o\/wp-content\/uploads\/2025\/08\/lan-can-mat-tien-cong-3-1.jpg\" style=\"width: 800px; height: 600px;\" title=\"lan-can-mat-tien-cong-3-1\"><\/p>\n<p style=\"text-align: center;\">S\u1ea3n xu\u1ea5t lan can ban c\u00f4ng cong t\u1ea1i x\u01b0\u1edfng\u00a0<img decoding=\"async\" alt=\"lan can m\u1eb7t ti\u1ec1n cong\" src=\"http:\/\/localhost\/o\/wp-content\/uploads\/2025\/08\/lan-can-mat-tien-cong-4-1.jpg\" style=\"width: 800px; height: 600px;\" title=\"lan-can-mat-tien-cong-4-1\"><\/p>\n<p style=\"text-align: center;\">Ban c\u00f4ng s\u1eaft m\u1ef9 thu\u1eadt t\u1ea1i X\u01b0\u1edfng Th\u00e0nh An<\/p>\n<p style=\"text-align: center;\"><img decoding=\"async\" alt=\"lan can m\u1eb7t ti\u1ec1n cong\" src=\"http:\/\/localhost\/o\/wp-content\/uploads\/2025\/08\/lan-can-mat-tien-cong-6-1.jpg\" style=\"width: 800px; height: 600px;\" title=\"lan-can-mat-tien-cong-6-1\"><\/p>\n<p style=\"text-align: center;\"><strong>Lan can ban c\u00f4ng cong<\/strong>\u00a0<\/p>\n<p style=\"text-align: center;\"><img decoding=\"async\" src=\"http:\/\/localhost\/o\/wp-content\/uploads\/2025\/08\/lan-can-mat-tien-sat-cong-1-1.jpg\" style=\"width: 800px; height: 360px;\" title=\"lan-can-mat-tien-sat-cong-1-1\"><\/p>\n<p style=\"text-align: center;\"><strong>Lan can ban c\u00f4ng \u0111\u01b0\u1ee3c l\u1eafp \u0111\u1eb7t t\u1ea1i Qu\u1eadn 9 TpHCM<\/strong><\/p>\n<p style=\"text-align: justify;\"><span style=\"font-family:Times New Roman,serif;\"><span style=\"font-size:14.0pt;\">\u0110\u1ebfn v\u1edbi Th\u00e0nh An qu\u00fd kh\u00e1ch h\u00e0ng kh\u00f4ng ch\u1ec9 h\u00e0i l\u00f2ng v\u1ec1 ch\u1ea5t l\u01b0\u1ee3ng s\u1ea3n ph\u1ea9m, thi c\u00f4ng nhanh ch\u00f3ng, \u0111\u00fang h\u1eb9n m\u00e0 gi\u00e1 c\u1ea3 ph\u1ea3i ch\u0103ng ph\u00f9 h\u1ee3p v\u1edbi t\u1ea5t c\u1ea3 c\u00e1c c\u00f4ng tr\u00ecnh.<\/span><\/span><\/p>\n<p style=\"text-align: center;\"><span style=\"font-family:Times New Roman,serif;\"><span style=\"font-size:14.0pt;\"><iframe loading=\"lazy\" allowfullscreen=\"\" frameborder=\"0\" height=\"360\" src=\"https:\/\/www.youtube.com\/embed\/32rSByOjAJ4\" width=\"640\"><\/iframe><strong>\u00a0Ho\u00e0n thi\u1ec7n lan can t\u1ea1i x\u01b0\u1edfng Th\u00e0nh An<\/strong><\/span><\/span><\/p>\n<p style=\"margin-left:.25in;text-align:justify;\"><strong><span style=\"font-family:Times New Roman,serif;\"><span style=\"font-size:14.0pt;\">Li\u00ean h\u1ec7 ngay \u0111\u1ec3 \u0111\u01b0\u1ee3c t\u01b0 v\u1ea5n,thi\u1ebft k\u1ebf b\u00e1o gi\u00e1 nhanh v\u1ec1 lan can s\u1eaft\u00a0m\u00e0 qu\u00fd kh\u00e1ch h\u00e0ng mong mu\u1ed1n:<\/span><\/span><\/strong><\/p>\n<p style=\"margin-left:.25in;text-align:justify;\"><strong><span style=\"font-family:Times New Roman,serif;\"><span style=\"font-size:14.0pt;\">C\u00d4NG TY TNHH TM-DV-XD-TTNT TH\u00c0NH AN<\/span><\/span><\/strong><\/p>\n<p style=\"margin-left:.25in;text-align:justify;\"><span style=\"font-family:Times New Roman,serif;\"><span style=\"font-size:14.0pt;\">\u0110\u1ecba ch\u1ec9 X\u01b0\u1edfng s\u1ea3n xu\u1ea5t : 785C Nguy\u1ec5n Duy Trinh- P. Ph\u00fa H\u1eefu \u2013 Tp Th\u1ee7 \u0110\u01b0c (Qu\u1eadn 9 c\u0169) \u2013 Tp H\u1ed3 Ch\u00ed Minh<\/span><\/span><\/p>\n<p style=\"margin-left:.25in;text-align:justify;\"><span style=\"font-family:Times New Roman,serif;\"><span style=\"font-size:14.0pt;\">Email; <\/span><\/span><a href=\"mailto:xaydungantran@gmail.com\"><span style=\"font-family:Times New Roman,serif;\"><span style=\"font-size:14.0pt;\">xaydungantran@gmail.com<\/span><\/span><\/a><\/p>\n<p style=\"margin-left:.25in;text-align:justify;\"><span style=\"font-family:Times New Roman,serif;\"><span style=\"font-size:14.0pt;\">Tel: 0984.606488 (Ch\u1ecb H\u00e0 chuy\u00ean vi\u00ean t\u01b0 v\u1ea5n v\u00e0 b\u00e1o gi\u00e1) \u2013 0986040655\u00a0 ( Anh An chuy\u00ean vi\u00ean k\u1ef9 thu\u1eadt)<\/span><\/span><\/p>\n<p style=\"margin-left:.25in;text-align:justify;\"><span style=\"font-family:Times New Roman,serif;\"><span style=\"font-size:14.0pt;\">Website: <\/span><\/span><a href=\"https:\/\/satmythuatthanhan.com\"><span style=\"font-family:Times New Roman,serif;\"><span style=\"font-size:14.0pt;\">https:\/\/satmythuatthanhan.com<\/span><\/span><\/a><\/p>\n<\/div>\n","protected":false},"excerpt":{"rendered":"<p>S\u1eaft m\u1ef9 thu\u1eadt Th\u00e0nh An chuy\u00ean gia c\u00f4ng v\u00e0 l\u1eafp \u0111\u1eb7t lan can cong s\u1eaft m\u1ef9 thu\u1eadt t\u1ea1i TpHCM . S\u1ed1 \u0111i\u1ec7n tho\u1ea1i li\u00ean h\u1ec7 0984.606488 t\u01b0 v\u1ea5n mi\u1ec5n ph\u00ed. \u0110\u1ecba ch\u1ec9 : 785C Nguy\u1ec5n Duy Trinh .Ph\u01b0\u1eddng Ph\u00fa H\u1eefu Qu\u1eadn 9 TpHCM S\u1ea3n xu\u1ea5t lan can ban c\u00f4ng cong t\u1ea1i x\u01b0\u1edfng\u00a0 Ban c\u00f4ng s\u1eaft&#8230;<\/p>\n","protected":false},"featured_media":833,"comment_status":"closed","ping_status":"closed","template":"","meta":[],"product_cat":[19],"product_tag":[],"_links":{"self":[{"href":"https:\/\/satmythuatgiare.com\/index.php?rest_route=\/wp\/v2\/product\/832"}],"collection":[{"href":"https:\/\/satmythuatgiare.com\/index.php?rest_route=\/wp\/v2\/product"}],"about":[{"href":"https:\/\/satmythuatgiare.com\/index.php?rest_route=\/wp\/v2\/types\/product"}],"replies":[{"embeddable":true,"href":"https:\/\/satmythuatgiare.com\/index.php?rest_route=%2Fwp%2Fv2%2Fcomments&post=832"}],"wp:featuredmedia":[{"embeddable":true,"href":"https:\/\/satmythuatgiare.com\/index.php?rest_route=\/wp\/v2\/media\/833"}],"wp:attachment":[{"href":"https:\/\/satmythuatgiare.com\/index.php?rest_route=%2Fwp%2Fv2%2Fmedia&parent=832"}],"wp:term":[{"taxonomy":"product_cat","embeddable":true,"href":"https:\/\/satmythuatgiare.com\/index.php?rest_route=%2Fwp%2Fv2%2Fproduct_cat&post=832"},{"taxonomy":"product_tag","embeddable":true,"href":"https:\/\/satmythuatgiare.com\/index.php?rest_route=%2Fwp%2Fv2%2Fproduct_tag&post=832"}],"curies":[{"name":"wp","href":"https:\/\/api.w.org\/{rel}","templated":true}]}}