{"id":823,"date":"2025-08-26T14:48:44","date_gmt":"2025-08-26T14:48:44","guid":{"rendered":"http:\/\/localhost\/o\/?product=lan-can-ban-cong-bc-12"},"modified":"2025-08-26T14:48:47","modified_gmt":"2025-08-26T14:48:47","slug":"lan-can-ban-cong-bc-12","status":"publish","type":"product","link":"https:\/\/satmythuatgiare.com\/?product=lan-can-ban-cong-bc-12","title":{"rendered":"LAN CAN BAN C\u00d4NG &#8211; BC 12"},"content":{"rendered":"<\/p>\n<div class=\"content-tabs-pro-detail info-pro-detail active text\">\n<p>Lan can ban c\u00f4ng\u00a0<\/p>\n<p style=\"text-align: center;\"><img decoding=\"async\" alt=\"M\u1eaaU LAN CAN S\u1eaeT M\u1ef8 THU\u1eacT\" src=\"http:\/\/localhost\/o\/wp-content\/uploads\/2025\/08\/mau-lan-can-sat-my-thuat.jpg\" style=\"width: 800px; height: 530px;\" title=\"mau-lan-can-sat-my-thuat\"><\/p>\n<p style=\"text-align: center;\">M\u1eabu lan can s\u1eaft m\u1ef9 thu\u1eadt\u00a0<\/p>\n<p><strong>Li\u00ean h\u1ec7 ngay \u0111\u1ec3 \u0111\u01b0\u1ee3c t\u01b0 v\u1ea5n k\u1ef9 r\u00f5 v\u1ec1 d\u00f2ng s\u1ea3n ph\u1ea9m m\u00e0 qu\u00fd v\u1ecb kh\u00e1ch h\u00e0ng y\u00eau c\u1ea7u:<\/strong><\/p>\n<h3><strong>C\u00d4NG TY TNHH TM-DV-XD-TTNT TH\u00c0NH AN<\/strong><\/h3>\n<p>\u0110C:\u00a0785C Nguy\u1ec5n Duy Trinh, P. Ph\u00fa H\u1eefu, Q.9, Tp. Th\u1ee7 \u0110\u1ee9c. HCM<br \/>\nEmail:\u00a0xaydungantran@gmail.com<br \/>\nTel:\u00a0<strong>0984 606 488 (Ch\u1ecb H\u00e0 chuy\u00ean vi\u00ean t\u01b0 v\u1ea5n v\u00e0 b\u00e1o gi\u00e1) &#8211;\u00a00986040655\u00a0( Anh An T\u01b0 v\u1ea5n k\u1ef9 thu\u1eadt)<\/strong><br \/>\nMST:\u00a00314318001<br \/>\nWebsite:\u00a0https:\/\/satmythuatthanhan.com\/<\/p>\n<\/div>\n","protected":false},"excerpt":{"rendered":"<p>Lan can ban c\u00f4ng\u00a0 M\u1eabu lan can s\u1eaft m\u1ef9 thu\u1eadt\u00a0 Li\u00ean h\u1ec7 ngay \u0111\u1ec3 \u0111\u01b0\u1ee3c t\u01b0 v\u1ea5n k\u1ef9 r\u00f5 v\u1ec1 d\u00f2ng s\u1ea3n ph\u1ea9m m\u00e0 qu\u00fd v\u1ecb kh\u00e1ch h\u00e0ng y\u00eau c\u1ea7u: C\u00d4NG TY TNHH TM-DV-XD-TTNT TH\u00c0NH AN \u0110C:\u00a0785C Nguy\u1ec5n Duy Trinh, P. Ph\u00fa H\u1eefu, Q.9, Tp. Th\u1ee7 \u0110\u1ee9c. HCM Email:\u00a0xaydungantran@gmail.com Tel:\u00a00984 606 488 (Ch\u1ecb H\u00e0 chuy\u00ean&#8230;<\/p>\n","protected":false},"featured_media":824,"comment_status":"closed","ping_status":"closed","template":"","meta":[],"product_cat":[19],"product_tag":[],"_links":{"self":[{"href":"https:\/\/satmythuatgiare.com\/index.php?rest_route=\/wp\/v2\/product\/823"}],"collection":[{"href":"https:\/\/satmythuatgiare.com\/index.php?rest_route=\/wp\/v2\/product"}],"about":[{"href":"https:\/\/satmythuatgiare.com\/index.php?rest_route=\/wp\/v2\/types\/product"}],"replies":[{"embeddable":true,"href":"https:\/\/satmythuatgiare.com\/index.php?rest_route=%2Fwp%2Fv2%2Fcomments&post=823"}],"wp:featuredmedia":[{"embeddable":true,"href":"https:\/\/satmythuatgiare.com\/index.php?rest_route=\/wp\/v2\/media\/824"}],"wp:attachment":[{"href":"https:\/\/satmythuatgiare.com\/index.php?rest_route=%2Fwp%2Fv2%2Fmedia&parent=823"}],"wp:term":[{"taxonomy":"product_cat","embeddable":true,"href":"https:\/\/satmythuatgiare.com\/index.php?rest_route=%2Fwp%2Fv2%2Fproduct_cat&post=823"},{"taxonomy":"product_tag","embeddable":true,"href":"https:\/\/satmythuatgiare.com\/index.php?rest_route=%2Fwp%2Fv2%2Fproduct_tag&post=823"}],"curies":[{"name":"wp","href":"https:\/\/api.w.org\/{rel}","templated":true}]}}