{"id":791,"date":"2025-08-26T14:47:19","date_gmt":"2025-08-26T14:47:19","guid":{"rendered":"http:\/\/localhost\/o\/?product=lan-can-ban-cong-sat-my-thuat-tphcm"},"modified":"2025-08-26T14:47:28","modified_gmt":"2025-08-26T14:47:28","slug":"lan-can-ban-cong-sat-my-thuat-tphcm","status":"publish","type":"product","link":"https:\/\/satmythuatgiare.com\/?product=lan-can-ban-cong-sat-my-thuat-tphcm","title":{"rendered":"LAN CAN BAN C\u00d4NG S\u1eaeT M\u1ef8 THU\u1eacT TPHCM"},"content":{"rendered":"<\/p>\n<div class=\"content-tabs-pro-detail info-pro-detail active text\">\n<p><a href=\"https:\/\/satmythuatthanhan.com\/\">S\u1eaft M\u1ef9 Thu\u1eadt Th\u00e0nh An\u00a0<\/a>chuy\u00ean gia c\u00f4ng, l\u1eafp r\u00e1p c\u00e1c lo\u1ea1i <strong><u><em><a href=\"https:\/\/satmythuatthanhan.com\/lan-can-mat-tien-sat-my-thuat-quan-9-tp-ho-chi-minh\">lan can ban c\u00f4ng<\/a>, lan can\u00a0s\u1eaft m\u1ef9 thu\u1eadt<\/em><\/u><\/strong> \u0111\u1eb3ng c\u1ea5p t\u1ea1\u1ecb t\u1ea5t c\u1ea3 c\u00e1c <strong><u>qu\u1eadn 9, Qu\u1eadn 2, Qu\u1eadn 7, Qu\u1eadn 10, Qu\u1eadn 11, Qu\u1eadn 12&#8230;\u00a0Tp H\u1ed3 Ch\u00ed Minh<\/u><\/strong>\u00a0v\u00e0 c\u00e1c t\u1ec9nh tr\u00ean m\u1ecdi mi\u1ec1n qu\u1ed1c gia Vi\u1ec7t Nam.<\/p>\n<p style=\"text-align: center;\"><img decoding=\"async\" alt=\"c\u1ea7u thang s\u1eaft \u0111\u1eb9p\" src=\"http:\/\/localhost\/o\/wp-content\/uploads\/2025\/08\/cau-thang-sat-dep.jpg\" style=\"width: 600px; height: 800px;\" title=\"cau-thang-sat-dep\"><\/p>\n<p style=\"text-align: center;\"><strong>Lan can c\u1ea7u thang s\u1eaft \u0111\u1eb9p t\u1ea1i TpHCM<\/strong><\/p>\n<p><em><u><strong>S\u1eaft m\u1ef9 thu\u1eadt Th\u00e0nh An<\/strong><\/u><\/em>\u00a0t\u1ef1 h\u00e0o l\u00e0 \u0111\u01a1n v\u1ecb cung c\u1ea5p c\u00e1c lo\u1ea1i lan can ban c\u00f4ng an to\u00e0n, tinh t\u1ebf\u00a0v\u00e0 b\u1eaft m\u1eaft v\u1edbi nhi\u1ec1u n\u0103m kinh nhi\u1ec7m trong ngh\u1ec1, \u0111\u1ed9i ng\u0169 nh\u00e2n vi\u00ean t\u1eadn t\u00e2m v\u1edbi ngh\u1ec1\u00a0v\u1edbi k\u1ef9 thu\u1eadt chuy\u00ean m\u00f4n cao.\u00a0<\/p>\n<p style=\"text-align: center;\"><img decoding=\"async\" alt=\"lan can ban c\u00f4ng s\u1eaft\" src=\"http:\/\/localhost\/o\/wp-content\/uploads\/2025\/08\/lan-can-ban-cong-sat-64-1.jpg\" style=\"width: 800px; height: 600px;\" title=\"lan-can-ban-cong-sat-64-1\"><\/p>\n<p style=\"text-align: center;\"><strong>S\u01a1n nh\u0169 \u0111\u1ed3ng lan can t\u1ea1i x\u01b0\u1edfng Th\u00e0nh An<\/strong><\/p>\n<p><em><u><strong>S\u1eaft M\u1ef9 Thu\u1eadt Th\u00e0nh An Qu\u1eadn 9<\/strong><\/u><\/em><\/p>\n<p style=\"text-align: center;\"><img decoding=\"async\" alt=\"lan can ban c\u00f4ng s\u1eaft \u0111\u1eb9p\" src=\"http:\/\/localhost\/o\/wp-content\/uploads\/2025\/08\/lan-can-ban-cong-sat-dep4-1.jpg\" style=\"width: 800px; height: 600px;\" title=\"lan-can-ban-cong-sat-dep4-1\"><\/p>\n<p style=\"text-align: center;\"><strong>L\u1eafp r\u00e1p lan can t\u1ea1i \u0110\u1ed3ng Nai<\/strong><\/p>\n<h2><strong>Li\u00ean h\u1ec7 ngay \u0111\u1ec3 \u0111\u01b0\u1ee3c t\u01b0 v\u1ea5n k\u1ef9 r\u00f5 v\u1ec1 d\u00f2ng s\u1ea3n ph\u1ea9m m\u00e0 kh\u00e1ch h\u00e0ng y\u00eau c\u1ea7u:<\/strong><\/h2>\n<h3><strong>C\u00d4NG TY TNHH TM-DV-XD-TTNT TH\u00c0NH AN<\/strong><\/h3>\n<p>\u0110C:\u00a0785C Nguy\u1ec5n Duy Trinh, P. Ph\u00fa H\u1eefu, Q.9, Tp. Th\u1ee7 \u0110\u1ee9c. HCM<br \/>\nEmail: xaydungantran@gmail.com<br \/>\nTel:\u00a0<strong>0984 606 488 (Ch\u1ecb H\u00e0 chuy\u00ean vi\u00ean t\u01b0 v\u1ea5n v\u00e0 b\u00e1o gi\u00e1) &#8211;\u00a00986040655\u00a0( Anh An T\u01b0 v\u1ea5n k\u1ef9 thu\u1eadt)<\/strong><br \/>\nMST:\u00a00314318001<br \/>\nWebsite:\u00a0https:\/\/satmythuatthanhan.com\/<\/p>\n<\/div>\n","protected":false},"excerpt":{"rendered":"<p>S\u1eaft M\u1ef9 Thu\u1eadt Th\u00e0nh An\u00a0chuy\u00ean gia c\u00f4ng, l\u1eafp r\u00e1p c\u00e1c lo\u1ea1i lan can ban c\u00f4ng, lan can\u00a0s\u1eaft m\u1ef9 thu\u1eadt \u0111\u1eb3ng c\u1ea5p t\u1ea1\u1ecb t\u1ea5t c\u1ea3 c\u00e1c qu\u1eadn 9, Qu\u1eadn 2, Qu\u1eadn 7, Qu\u1eadn 10, Qu\u1eadn 11, Qu\u1eadn 12&#8230;\u00a0Tp H\u1ed3 Ch\u00ed Minh\u00a0v\u00e0 c\u00e1c t\u1ec9nh tr\u00ean m\u1ecdi mi\u1ec1n qu\u1ed1c gia Vi\u1ec7t Nam. Lan can c\u1ea7u thang s\u1eaft \u0111\u1eb9p&#8230;<\/p>\n","protected":false},"featured_media":792,"comment_status":"closed","ping_status":"closed","template":"","meta":[],"product_cat":[19],"product_tag":[],"_links":{"self":[{"href":"https:\/\/satmythuatgiare.com\/index.php?rest_route=\/wp\/v2\/product\/791"}],"collection":[{"href":"https:\/\/satmythuatgiare.com\/index.php?rest_route=\/wp\/v2\/product"}],"about":[{"href":"https:\/\/satmythuatgiare.com\/index.php?rest_route=\/wp\/v2\/types\/product"}],"replies":[{"embeddable":true,"href":"https:\/\/satmythuatgiare.com\/index.php?rest_route=%2Fwp%2Fv2%2Fcomments&post=791"}],"wp:featuredmedia":[{"embeddable":true,"href":"https:\/\/satmythuatgiare.com\/index.php?rest_route=\/wp\/v2\/media\/792"}],"wp:attachment":[{"href":"https:\/\/satmythuatgiare.com\/index.php?rest_route=%2Fwp%2Fv2%2Fmedia&parent=791"}],"wp:term":[{"taxonomy":"product_cat","embeddable":true,"href":"https:\/\/satmythuatgiare.com\/index.php?rest_route=%2Fwp%2Fv2%2Fproduct_cat&post=791"},{"taxonomy":"product_tag","embeddable":true,"href":"https:\/\/satmythuatgiare.com\/index.php?rest_route=%2Fwp%2Fv2%2Fproduct_tag&post=791"}],"curies":[{"name":"wp","href":"https:\/\/api.w.org\/{rel}","templated":true}]}}