{"id":689,"date":"2025-08-26T14:42:16","date_gmt":"2025-08-26T14:42:16","guid":{"rendered":"http:\/\/localhost\/o\/?product=cua-cong-sat-my-thuat-ma-vang-01"},"modified":"2025-08-26T14:42:19","modified_gmt":"2025-08-26T14:42:19","slug":"cua-cong-sat-my-thuat-ma-vang-01","status":"publish","type":"product","link":"https:\/\/satmythuatgiare.com\/?product=cua-cong-sat-my-thuat-ma-vang-01","title":{"rendered":"C\u1eeda C\u1ed5ng S\u1eaft M\u1ef9 Thu\u1eadt M\u1ea1 V\u00e0ng 01"},"content":{"rendered":"<\/p>\n<div class=\"content-tabs-pro-detail info-pro-detail active text\">\n<h2><strong>S\u1eaft m\u1ef9 thu\u1eadt l\u00e0 g\u00ec?<\/strong><\/h2>\n<p>\u0110\u1ecbnh ngh\u0129a m\u1ed9t c\u00e1ch \u0111\u01a1n gi\u1ea3n nh\u1ea5t, <strong><a href=\"https:\/\/satmythuatthanhan.com\/\">s\u1eaft m\u1ef9 thu\u1eadt<\/a><\/strong> n\u00f3 l\u00e0 ch\u1ea5t li\u1ec7u truy\u1ec1n th\u1ed1ng c\u1ee7a ng\u01b0\u1eddi th\u1ee3 r\u00e8n. Theo ngh\u0129a \u0111en, th\u00ec s\u1eaft m\u1ef9 thu\u1eadt l\u00e0 s\u1eaft th\u00e9p \u0111\u00e3 \u0111\u01b0\u1ee3c r\u00e8n, h\u00e0m \u00fd ph\u01b0\u01a1ng ph\u00e1p \u0111\u1ec3 s\u1ea3n xu\u1ea5t kim lo\u1ea1i b\u1eb1ng c\u00e1ch l\u00e0m vi\u1ec7c l\u1eb7p \u0111i l\u1eb7p l\u1ea1i v\u1edbi b\u00faa khi s\u1eaft th\u00e9p \u0111\u00e3 \u0111\u01b0\u1ee3c nung n\u00f3ng. Theo l\u1ecbch s\u1eed th\u00ec &#8221; Th\u00e9p m\u1ef9 thu\u1eadt &#8221; v\u00e0 &#8220;S\u1eaft m\u1ef9 thu\u1eadt &#8221; \u0111\u01b0\u1ee3c ch\u1ebf t\u1ea1o b\u1edfi th\u1ee3 r\u00e8n, s\u1eed d\u1ee5ng c\u00e1c k\u0129 thu\u1eadt truy\u1ec1n th\u1ed1ng, c\u1ea3 r\u00e8n v\u00e0 x\u00e2y d\u1ef1ng, \u0111\u1ec3 t\u1ea1o ra nh\u1eefng t\u00e1c ph\u1ea9m trang tr\u00ed s\u1eaft m\u1ef9 thu\u1eadt. Tuy nhi\u00ean ng\u00e0y nay, thu\u1eadt ng\u1eef \u2018<a href=\"https:\/\/satmythuatthanhan.com\/\"><strong>s\u1eaft m\u1ef9 thu\u1eadt\u2019<\/strong><\/a> \u0111ang tr\u1edf n\u00ean b\u1ecb hi\u1ec3u sai, n\u00f3 \u0111\u01b0\u1ee3c d\u00f9ng cho t\u1ea5t c\u1ea3 c\u00e1c t\u00e1c ph\u1ea9m trang tr\u00ed b\u1eb1ng s\u1eaft, bao g\u1ed3m c\u1ea3 th\u00e9p \u0111\u00fac, th\u00e9p c\u00e1n b\u1eb1ng khu\u00f4n, th\u00e9p u\u1ed1n b\u1eb1ng m\u00e1y. S\u1ef1 kh\u00e1c bi\u1ec7t v\u1ec1 ch\u1ea5t l\u01b0\u1ee3ng v\u00e0 gi\u00e1 tr\u1ecb l\u00e0 r\u1ea5t l\u1edbn.<\/p>\n<p><a href=\"https:\/\/satmythuatthanhan.com\/\">S\u1eaft M\u1ef9 Thu\u1eadt Th\u00e0nh An <\/a>chuy\u00ean gia c\u00f4ng, l\u1eafp r\u00e1p c\u00e1c lo\u1ea1i c\u1eeda c\u1ed5ng s\u1eaft m\u1ef9 thu\u1eadt \u0111\u1eb3ng c\u1ea5p t\u1ea1\u1ecb th\u00e0nh ph\u1ed1 h\u1ed3 ch\u00ed minh v\u00e0 c\u00e1c t\u1ec9nh tr\u00ean m\u1ecdi mi\u1ec1n qu\u1ed1c gia Vi\u1ec7t Nam<\/p>\n<p>Th\u00e0nh An t\u1ef1 h\u00e0o l\u00e0 \u0111\u01a1n v\u1ecb cung c\u1ea5p c\u00e1c lo\u1ea1i c\u1eeda c\u1ed5ng \u0111\u1eb9p v\u00e0 b\u1eaft m\u1eaft v\u1edbi nhi\u1ec1u n\u0103m kinh nhi\u1ec7m trong ngh\u1ec1, \u0111\u1ed9i ng\u0169 v\u1edbi k\u1ef9 thu\u1eadt chuy\u00ean m\u00f4n cao<\/p>\n<p style=\"text-align: center;\"><img decoding=\"async\" alt=\"C\u1eeda c\u1ed5ng s\u1eaft m\u1ea1 v\u00e0ng\" src=\"http:\/\/localhost\/o\/wp-content\/uploads\/2025\/08\/cua-cong-ma-vang-9324-1.jpeg\" style=\"width: 500px; height: 440px;\" title=\"cua-cong-ma-vang-9324-1\"><\/p>\n<p>L\u01b0u \u00fd:\u00a0t\u00ean g\u1ecdi c\u00e1c m\u00f4n ngh\u1ec7 thu\u1eadt th\u1ecb gi\u00e1c n\u00e0y ch\u01b0a th\u1ef1c s\u1ef1 th\u1ed1ng nh\u1ea5t trong ti\u1ebfng Vi\u1ec7t. Sau khi ta \u0111\u00e3 hi\u1ec3u v\u1ec1 m\u1ef9 thu\u1eadt l\u00e0 g\u00ec ta c\u00f3 th\u1ec3, k\u1ebft lu\u1eadn S\u1eaft m\u1ef9 thu\u1eadt (ho\u1eb7c l\u00e0 S\u1eaft ngh\u1ec7 thu\u1eadt) l\u00e0 l\u0129nh v\u1ef1c \u0111i\u00eau kh\u1eafc(\u201d ch\u1ea1m kh\u1eafc \u201c) tr\u00ean s\u1eaft theo nhi\u1ec1u h\u00ecnh th\u00f9 m\u00e0 ng\u01b0\u1eddi t\u1ea1o ra mong mu\u1ed1n. M\u1ed9t s\u1ed1 s\u1ea3n ph\u1ea9m s\u1eaft m\u1ef9 thu\u1eadt :<\/p>\n<p>&#8211; C\u1eeda c\u1ed5ng s\u1eaft m\u1ef9 thu\u1eadt<\/p>\n<p>&#8211; C\u1eeda ra v\u00e0o s\u1eaft m\u1ef9 thu\u1eadt.<\/p>\n<p>&#8211; C\u1eeda s\u1ed5 s\u1eaft m\u1ef9 thu\u1eadt.<\/p>\n<p>&#8211; Ban c\u00f4ng s\u1eaft m\u1ef9 thu\u1eadt.<\/p>\n<p>&#8211; H\u00e0ng r\u00e0o s\u1eaft m\u1ef9 thu\u1eadt.<\/p>\n<p>&#8211; M\u00e1i hi\u00ean.<\/p>\n<p>&#8211; C\u1ea7u thang s\u1eaft<\/p>\n<p>&#8211; X\u00edch \u0111u.<\/p>\n<p>&#8211; B\u00e0n gh\u1ebf s\u1eaft m\u1ef9 thu\u1eadt\u2026<\/p>\n<h2><strong>Li\u00ean h\u1ec7 ngay \u0111\u1ec3 \u0111\u01b0\u1ee3c t\u01b0 v\u1ea5n k\u1ef9 r\u00f5 v\u1ec1 d\u00f2ng s\u1ea3n ph\u1ea9m m\u00e0 kh\u00e1ch h\u00e0ng y\u00eau c\u1ea7u:<\/strong><\/h2>\n<h3><strong>C\u00d4NG TY TNHH TM-DV-XD-TTNT TH\u00c0NH AN<\/strong><\/h3>\n<p>\u0110C:\u00a0785C Nguy\u1ec5n Duy Trinh, P. Ph\u00fa H\u1eefu, Q.9, Tp. Th\u1ee7 \u0110\u1ee9c. HCM<br \/>\nEmail:\u00a0satmythuatthanhan@gmail.com<br \/>\nTel:\u00a0<strong>0984 606 488 (Ch\u1ecb H\u00e0 chuy\u00ean vi\u00ean t\u01b0 v\u1ea5n v\u00e0 b\u00e1o gi\u00e1) &#8211;\u00a00986040655\u00a0( Anh An T\u01b0 v\u1ea5n k\u1ef9 thu\u1eadt)<\/strong><br \/>\nMST:\u00a00314318001<br \/>\nWebsite:\u00a0https:\/\/satmythuatthanhan.com\/<\/p>\n<\/div>\n","protected":false},"excerpt":{"rendered":"<p>S\u1eaft m\u1ef9 thu\u1eadt l\u00e0 g\u00ec? \u0110\u1ecbnh ngh\u0129a m\u1ed9t c\u00e1ch \u0111\u01a1n gi\u1ea3n nh\u1ea5t, s\u1eaft m\u1ef9 thu\u1eadt n\u00f3 l\u00e0 ch\u1ea5t li\u1ec7u truy\u1ec1n th\u1ed1ng c\u1ee7a ng\u01b0\u1eddi th\u1ee3 r\u00e8n. Theo ngh\u0129a \u0111en, th\u00ec s\u1eaft m\u1ef9 thu\u1eadt l\u00e0 s\u1eaft th\u00e9p \u0111\u00e3 \u0111\u01b0\u1ee3c r\u00e8n, h\u00e0m \u00fd ph\u01b0\u01a1ng ph\u00e1p \u0111\u1ec3 s\u1ea3n xu\u1ea5t kim lo\u1ea1i b\u1eb1ng c\u00e1ch l\u00e0m vi\u1ec7c l\u1eb7p \u0111i l\u1eb7p l\u1ea1i&#8230;<\/p>\n","protected":false},"featured_media":690,"comment_status":"closed","ping_status":"closed","template":"","meta":[],"product_cat":[15],"product_tag":[],"_links":{"self":[{"href":"https:\/\/satmythuatgiare.com\/index.php?rest_route=\/wp\/v2\/product\/689"}],"collection":[{"href":"https:\/\/satmythuatgiare.com\/index.php?rest_route=\/wp\/v2\/product"}],"about":[{"href":"https:\/\/satmythuatgiare.com\/index.php?rest_route=\/wp\/v2\/types\/product"}],"replies":[{"embeddable":true,"href":"https:\/\/satmythuatgiare.com\/index.php?rest_route=%2Fwp%2Fv2%2Fcomments&post=689"}],"wp:featuredmedia":[{"embeddable":true,"href":"https:\/\/satmythuatgiare.com\/index.php?rest_route=\/wp\/v2\/media\/690"}],"wp:attachment":[{"href":"https:\/\/satmythuatgiare.com\/index.php?rest_route=%2Fwp%2Fv2%2Fmedia&parent=689"}],"wp:term":[{"taxonomy":"product_cat","embeddable":true,"href":"https:\/\/satmythuatgiare.com\/index.php?rest_route=%2Fwp%2Fv2%2Fproduct_cat&post=689"},{"taxonomy":"product_tag","embeddable":true,"href":"https:\/\/satmythuatgiare.com\/index.php?rest_route=%2Fwp%2Fv2%2Fproduct_tag&post=689"}],"curies":[{"name":"wp","href":"https:\/\/api.w.org\/{rel}","templated":true}]}}