{"id":679,"date":"2025-08-26T14:41:56","date_gmt":"2025-08-26T14:41:56","guid":{"rendered":"http:\/\/localhost\/o\/?product=cua-cong-sat-dac-quan-2"},"modified":"2025-08-26T14:42:06","modified_gmt":"2025-08-26T14:42:06","slug":"cua-cong-sat-dac-quan-2","status":"publish","type":"product","link":"https:\/\/satmythuatgiare.com\/?product=cua-cong-sat-dac-quan-2","title":{"rendered":"C\u1eecA C\u1ed4NG S\u1eaeT \u0110\u1eb6C QU\u1eacN 2"},"content":{"rendered":"<\/p>\n<div class=\"content-tabs-pro-detail info-pro-detail active text\">\n<h2>C\u1eecA C\u1ed4NG 1 C\u00c1NH S\u1eaeT ,\u00a0<\/h2>\n<p>B\u1ea2O H\u00c0NH 12 TH\u00c1NG S\u01a0N N\u01af\u1edaC V\u00c0 M\u1ed0I H\u00c0N<\/p>\n<p>S\u1eaeT M\u1ef8 THU\u1eacT TH\u00c0NH AN S\u1ef0 TINH T\u1ebe V\u00c0 \u0110\u1eb2NG C\u1ea4P CHO NG\u00d4I NH\u00c0 B\u1ea0N<\/p>\n<p><span style=\"font-family:Times New Roman,serif;\"><span style=\"font-size:12.0pt;\">C\u00f4ng\u00a0 Ty TNHH TM-DV-XD-TTNT\u00a0 Th\u00e0nh An l\u00e0 \u0111\u01a1n\u00a0 v\u1ecb s\u1ea3n xu\u1ea5t , gia c\u00f4ng th\u00f4 , thi c\u00f4ng, cung c\u1ea5p l\u1eafp ho\u00e0n thi\u1ec7n t\u1ea5t c\u1ea3 c\u00e1c h\u1ea1ng m\u1ee5c li\u00ean quan \u0111\u1ebfn s\u1eaft m\u1ef9 thu\u1eadt nh\u01b0 : <a href=\"https:\/\/satmythuatthanhan.com\/lan-can-cat-dac-tp-thu-duc\"><strong>lan can ban c\u00f4ng<\/strong><\/a> (<a href=\"https:\/\/satmythuatthanhan.com\/lan-can-cat-dac-tp-thu-duc\"><strong>lan can m\u1eb7t ti\u1ec1n<\/strong><\/a> ), <a href=\"https:\/\/satmythuatthanhan.com\/xuong-san-xuat-thi-cong-sat-my-thuat-cua-cong-lan-can-uy-tingia-re-dep-sang-tai-cac-quan-huyen-tphcm\"><strong>lan can c\u1ea7u thang<\/strong><\/a>, khung b\u1ea3o v\u1ec7 c\u1eeda s\u1ed5, <a href=\"https:\/\/satmythuatthanhan.com\/mai-che-sat-my-thuat-mc04\"><strong>m\u00e1i che trang tr\u00ed<\/strong><\/a>, c\u1eeda \u0111i , <a href=\"https:\/\/satmythuatthanhan.com\/sat-my-thuat-lan-can-cua-cong-rao-hang-raokhung-bao-ve-tp-thu-duc-tp-ho-chi-minh\"><strong>c\u1eeda c\u1ed5ng r\u00e0o<\/strong><\/a>, h\u00e0ng r\u00e0o, b\u00e0n gh\u1ebf s\u1eaft m\u1ef9 thu\u1eadt\u2026.. Ch\u1ea5t l\u01b0\u1ee3ng , uy t\u00edn, <a href=\"https:\/\/satmythuatthanhan.com\/\">gi\u00e1 t\u1ea1i x\u01b0\u1edfng s\u1ea3n xu\u1ea5t<\/a> , gi\u00e1 r\u1ebb h\u00e0ng \u0111\u1ea7u Vi\u1ec7t Nam.<\/span><\/span><\/p>\n<p><span style=\"font-family:Times New Roman,serif;\"><span style=\"font-size:12.0pt;\">N\u1ebfu Qu\u00fd C\u00f4ng ty, Qu\u00fd kh\u00e1ch h\u00e0ng n\u00e0o c\u00f3 nhu c\u1ea7u t\u00ecm ki\u1ebfm m\u1ed9t \u0111\u01a1n v\u1ecb m\u1ed9t \u0111\u1ed1i t\u00e1c uy t\u00edn c\u00f3 th\u1ec3 \u0111\u1ed3ng h\u00e0nh v\u00e0 g\u1eafn b\u00f3 l\u00e2u d\u00e0i h\u00e3y nh\u1ea5c l\u00ean g\u1ecdi v\u00e0 zalo ngay s\u1ed1 holine : 0984606488\u00a0 \u0111\u1ec3 \u0111\u01b0\u1ee3c h\u1ed7 tr\u1ee3 t\u01b0 v\u1ea5n mi\u1ec5n ph\u00ed 24\/7<\/span><\/span><\/p>\n<p style=\"text-align: center;\"><img decoding=\"async\" alt=\"C\u1eecA C\u1ed4NG S\u1eaeT\" src=\"http:\/\/localhost\/o\/wp-content\/uploads\/2025\/08\/cong-sat-nghe-thuat-my-thuat-48.jpg\" style=\"width: 600px; height: 428px;\" title=\"cong-sat-nghe-thuat-my-thuat-48\"><\/p>\n<p style=\"text-align: center;\"><strong><span style=\"font-family:Times New Roman,serif;\"><span style=\"font-size:12.0pt;\">C\u00f4ng tr\u00ecnh bi\u1ec7t Th\u1ef1 Qu\u1eadn 9 TPHCM<\/span><\/span><\/strong><\/p>\n<p style=\"text-align: center;\"><img decoding=\"async\" alt=\"m\u00e1i che trang tr\u00ed s\u1eaft m\u1ef9 thu\u1eadt Th\u00e0nh An\" src=\"http:\/\/localhost\/o\/wp-content\/uploads\/2025\/08\/ban-ve-mai-che-trang-tri-1.jpg\" style=\"width: 800px; height: 360px;\" title=\"ban-ve-mai-che-trang-tri-1\"><\/p>\n<p style=\"text-align: center;\"><strong><span style=\"font-family:Times New Roman,serif;\"><span style=\"font-size:12.0pt;\">M\u00e1i k\u00ednh s\u1eaft m\u1ef9 thu\u1eadt qu\u1eadn 9 TPHCM<\/span><\/span><\/strong><\/p>\n<p style=\"text-align: justify;\"><span style=\"font-family:Times New Roman,serif;\"><span style=\"font-size:14.0pt;\">V\u1edbi s\u1ef1 ph\u00e1t tri\u1ec3n kh\u00f4ng ng\u1eebng c\u1ee7a x\u00e3 h\u1ed9i v\u00e0 nhu c\u1ea7u cu\u1ed9c s\u1ed1ng ng\u00e0y c\u00e0ng cao, \u0111\u1eddi s\u1ed1ng ng\u00e0y c\u00e0ng hi\u1ec7n \u0111\u1ea1i,nhu c\u1ea7u v\u1ec1 nh\u00e0 \u1edf \u0111\u1eb9p sang tr\u1ecdng th\u1ea9m m\u1ef9 tinh t\u1ebf, ri\u00eang bi\u1ec7t ng\u00e0y c\u00e0ng nhi\u1ec1u . M\u1ed9t trong y\u1ebfu t\u1ed1 r\u1ea5t quan tr\u1ecdng kh\u00f4ng th\u1ec3 thi\u1ebfu \u0111\u00f3 l\u00e0 ph\u1ea7n trang tr\u00ed n\u1ed9i th\u1ea5t v\u1eeba \u0111\u1ea3m b\u1ea3o an to\u00e0n v\u1eeba t\u1ea1o \u00a0n\u00ean \u0111\u1eb3ng c\u1ea5p c\u1ee7a m\u1ed7i ng\u00f4i nh\u00e0.Trong ph\u1ea7n trang tr\u00ed ho\u00e0n thi\u1ec7n n\u1ed9i th\u1ea5t th\u00ec kh\u00f4ng th\u1ec3 thi\u1ebfu c\u00e1c h\u1ea1ng m\u1ee5c\u00a0 nh\u01b0\u00a0 <strong>lan can c\u1ea7u thang<\/strong>, lan can ban c\u00f4ng, lan khung\u00a0 b\u1ea3o v\u1ec7 c\u1eeda s\u1ed5 ,<strong>c\u1ed5ng r\u00e0o<\/strong>, m\u00e1i che trang tr\u00ed\u2026Ch\u00fang t\u00f4i C\u00f4ng ty TNHH TM \u2013DV-XD-TTNT Th\u00e0nh\u00a0 An chuy\u00ean s\u1ea3n xu\u1ea5t, gia c\u00f4ng thi c\u00f4ng uy t\u00edn h\u00e0ng \u0111\u1ea7u v\u1ec1 t\u1ea5t c\u1ea3 c\u00e1c h\u1ea1ng m\u1ee5c v\u1ec1 <strong><a href=\"https:\/\/satmythuatthanhan.com\/lan-can-cau-thang-sat-my-thuat-tai-ho-chi-minh\">S\u1eaft M\u1ef9 Thu\u1eadt T\u1ea1i Tp Th\u1ee7 \u0110\u1ee9c<\/a> <\/strong><\/span><\/span><\/p>\n<p style=\"text-align: center;\"><img decoding=\"async\" src=\"http:\/\/localhost\/o\/wp-content\/uploads\/2025\/08\/cong-trinh-thuc-hien.jpg\" style=\"width: 800px; height: 361px;\" title=\"cong-trinh-thuc-hien\"><\/p>\n<p style=\"text-align: center;\">KH\u1ea2O S\u00c1T C\u00d4NG TR\u00ccNH<\/p>\n<p style=\"text-align: center;\"><img decoding=\"async\" alt=\"Bi\u1ec7t th\u01b0 s\u1eaft m\u1ef9 thu\u1eadt Th\u00e0nh An\" src=\"http:\/\/localhost\/o\/wp-content\/uploads\/2025\/08\/biet-thu-q9.jpg\" style=\"width: 600px; height: 800px;\" title=\"biet-thu-q9\"><\/p>\n<p style=\"text-align: center;\">\u00a0<\/p>\n<p align=\"center\" style=\"text-align:center;\"><strong><span style=\"font-family:Times New Roman,serif;\"><span style=\"font-size:16.0pt;\">L\u00fd Do n\u00ean \u0111\u1eb7t h\u00e0ng t\u1ea1i X\u01b0\u1edfng S\u1ea3n xu\u1ea5t S\u1eaft M\u1ef9 Thu\u1eadt Th\u00e0nh An?<\/span><\/span><\/strong><\/p>\n<p style=\"text-align:justify;\"><span style=\"font-family:Times New Roman,serif;\"><span style=\"font-size:14.0pt;\">\u0110\u1ebfn v\u1edbi <a href=\"https:\/\/satmythuatthanhan.com\/cua-cong-lan-can-biet-thu-sat-my-thuat-vua-dep-vua-sang-gia-re-uy-tin-tai-quan-2-quan-9-tp-thu-duc\"><strong>X\u01b0\u1edfng s\u1ea3n xu\u1ea5t S\u1eaft M\u1ef9 Ngh\u1ec7 Th\u00e0nh An t\u1ea1i Tp Th\u1ee7 \u0110\u1ee9c<\/strong><\/a> ch\u00fang t\u00f4i c\u00e1c b\u1ea1n s\u1ebd \u0111\u01b0\u1ee3c ch\u0103m s\u00f3c m\u1ed9t c\u00e1ch t\u1ed1t nh\u1ea5t,s\u1ebd \u0111\u01b0\u1ee3c h\u1ed7 tr\u1ee3 t\u01b0 v\u1ea5n mi\u1ec5n ph\u00ed, nhi\u1ec7t t\u00ecnh k\u1ec3 c\u1ea3 b\u1ea1n \u0111\u1eb7t h\u00e0ng hay kh\u00f4ng \u0111\u1eb7t h\u00e0ng. Ch\u00fang t\u00f4i lu\u00f4n mong mu\u1ed1n mang \u0111\u1ebfn cho c\u00e1c b\u1ea1n nh\u1eefng \u0111i\u1ec1u t\u1ed1t \u0111\u1eb9p nh\u1ea5t v\u00ec v\u1eady n\u1ebfu c\u1ea7n t\u00ecm hi\u1ec3u v\u1ec1 th\u00f4ng tin hay c\u1ea7n t\u01b0 v\u1ea5n b\u1ea5t c\u1ee9 v\u1ea5n \u0111\u1ec1 g\u00ec v\u1ec1 c\u00e1c h\u1ea1ng m\u1ee5c s\u1eaft m\u1ef9 thu\u1eadt cho ng\u00f4i nh\u00e0,c\u00f4ng tr\u00ecnh b\u1ea1n h\u00e3y \u0111\u1eebng ch\u1ea7n ch\u1eeb h\u00e3y nh\u1ea5c m\u00e1y l\u00ean v\u00e0 g\u1ecdi cho ch\u00fang t\u00f4i nh\u00e9 s\u1ed1 Hotline <strong>0984606488 \u1ea1.<\/strong><\/span><\/span><\/p>\n<p style=\"text-align: center;\"><img decoding=\"async\" alt=\"c\u1eeda cnc \u0111\u1eb9p Th\u00e0nh an\" src=\"http:\/\/localhost\/o\/wp-content\/uploads\/2025\/08\/cua-cnc-4-canh-dep-2.jpg\" style=\"width: 600px; height: 800px;\" title=\"cua-cnc-4-canh-dep-2\"><\/p>\n<p style=\"text-align: justify;\">\u00a0<\/p>\n<p style=\"text-align: justify;\"><span style=\"font-family:Times New Roman,serif;\"><span style=\"font-size:14.0pt;\">B\u00ean c\u1ea1nh \u0111\u00f3 t\u1ea5t c\u1ea3 c\u00e1c s\u1ea3n ph\u1ea9m \u0111\u01b0\u1ee3c s\u1ea3n xu\u1ea5t,cung c\u1ea5p, thi c\u00f4ng b\u1edfi <a href=\"https:\/\/satmythuatthanhan.com\/\">C\u00f4ng Ty Th\u00e0nh An<\/a> \u0111\u1ec1u c\u00f3 ch\u1ee9ng ch\u1ec9 xu\u1ea5t x\u01b0\u1edfng \u0111\u1ea7y \u0111\u1ee7 ,k\u00e8m theo phi\u1ebfu b\u1ea3o h\u00e0nh trong v\u00f2ng 12 th\u00e1ng cho t\u1ea5t c\u1ea3 c\u00e1c h\u1ea1ng m\u1ee5c s\u1ea3n ph\u1ea9m. Ch\u00ednh v\u00ec v\u1eady Qu\u00fd kh\u00e1ch h\u00e0ng y\u00ean t\u00e2m \u0111\u1eb7t h\u00e0ng, tin d\u00f9ng s\u1ea3n ph\u1ea9m c\u1ee7a ch\u00fang t\u00f4i nh\u00e9. N\u1ebfu c\u00f3 b\u1ea5t k\u1ef3 h\u01b0 h\u1ecfng v\u1ec1 s\u1ea3n ph\u1ea9m ch\u00fang t\u00f4i s\u1ebd ti\u1ebfn h\u00e0nh x\u1eed l\u00fd ho\u1eb7c \u0111\u1ed5i s\u1ea3n ph\u1ea9m m\u1edbi cho qu\u00fd kh\u00e1ch h\u00e0ng.<\/span><\/span><\/p>\n<p style=\"text-align:justify;\"><span style=\"font-family:Times New Roman,serif;\"><span style=\"font-size:14.0pt;\">Ch\u00fang t\u00f4i lu\u00f4n mu\u1ed1n \u0111\u1ed3ng h\u00e0nh c\u00f9ng qu\u00fd kh\u00e1ch h\u00e0ng tr\u01b0\u1edbc ,trong v\u00e0 sau khi ho\u00e0n th\u00e0nh c\u00f4ng tr\u00ecnh \u0111\u1ec3 ch\u00fang ta h\u1ee3p t\u00e1c c\u00f9ng nhau kh\u00f4ng ch\u1ec9 c\u00f4ng tr\u00ecnh n\u00e0y m\u00e0 c\u00f2n nh\u1eefng c\u00f4ng tr\u00ecnh kh\u00e1c k\u1ec3 t\u1eeb nay v\u1ec1 sau ch\u00fang ta tr\u1edf th\u00e0nh nh\u1eefng \u0111\u1ed1i t\u00e1c tin c\u1eady c\u1ee7a nhau, gi\u00fap \u0111\u1ee1 nhau c\u00f9ng ph\u00e1t tri\u1ec3n.<\/span><\/span><\/p>\n<p style=\"text-align: center;\"><img decoding=\"async\" src=\"http:\/\/localhost\/o\/wp-content\/uploads\/2025\/08\/ban-ve-cua-cnc-dep-1.jpg\" style=\"width: 800px; height: 566px;\" title=\"ban-ve-cua-cnc-dep-1\"><span style=\"font-family:Times New Roman,serif;\"><span style=\"font-size:14.0pt;\">C\u1eecA C\u1ed4NG\u00a0 S\u1eaeT M\u1ef8 THU\u1eacT \u0110\u1eb8P QU\u1eacN 9 TPHCM<\/span><\/span><\/p>\n<p style=\"text-align: justify;\"><span style=\"font-family:Times New Roman,serif;\"><span style=\"font-size:14.0pt;\">Th\u00e0nh An c\u00f3 m\u1ea1ng l\u01b0\u1edbi v\u1eadn chuy\u1ec3n r\u1ed9ng kh\u1eafp n\u00ean s\u1ebd \u0111\u00e1p \u1ee9ng m\u1ecdi nhu c\u1ea7u v\u1eadn chuy\u1ec3n c\u1ee7a kh\u00e1ch h\u00e0ng<\/span><\/span><\/p>\n<p style=\"margin-left:.25in;text-align:justify;\"><strong><span style=\"font-family:Times New Roman,serif;\"><span style=\"font-size:14.0pt;\">Li\u00ean h\u1ec7 ngay \u0111\u1ec3 \u0111\u01b0\u1ee3c t\u01b0 v\u1ea5n v\u00e0 b\u00e1o gi\u00e1 nhanh v\u1ec1 d\u00f2ng s\u1ea3n ph\u1ea9m m\u00e0 qu\u00fd kh\u00e1ch h\u00e0ng y\u00eau c\u1ea7u:<\/span><\/span><\/strong><\/p>\n<p style=\"margin-left:.25in;text-align:justify;\"><strong><span style=\"font-family:Times New Roman,serif;\"><span style=\"font-size:14.0pt;\">C\u00d4NG TY TNHH TM-DV-XD-TTNT TH\u00c0NH AN<\/span><\/span><\/strong><\/p>\n<p style=\"margin-left:.25in;text-align:justify;\"><span style=\"font-family:Times New Roman,serif;\"><span style=\"font-size:14.0pt;\">\u0110\u1ecba ch\u1ec9 X\u01b0\u1edfng s\u1ea3n xu\u1ea5t : 785C Nguy\u1ec5n Duy Trinh- P. Ph\u00fa H\u1eefu \u2013 Tp Th\u1ee7 \u0110\u01b0c (Qu\u1eadn 9 c\u0169) \u2013 Tp H\u1ed3 Ch\u00ed Minh<\/span><\/span><\/p>\n<p style=\"margin-left:.25in;text-align:justify;\"><span style=\"font-family:Times New Roman,serif;\"><span style=\"font-size:14.0pt;\">Email; <\/span><\/span><a href=\"mailto:xaydungantran@gmail.com\"><span style=\"font-family:Times New Roman,serif;\"><span style=\"font-size:14.0pt;\">xaydungantran@gmail.com<\/span><\/span><\/a><\/p>\n<p style=\"margin-left:.25in;text-align:justify;\"><span style=\"font-family:Times New Roman,serif;\"><span style=\"font-size:14.0pt;\">Tel: 0984.606488 (Ch\u1ecb H\u00e0\u00a0 chuy\u00ean vi\u00ean t\u01b0 v\u1ea5n v\u00e0 b\u00e1o gi\u00e1) \u2013 0986040655\u00a0 ( Anh An chuy\u00ean vi\u00ean k\u1ef9 thu\u1eadt)<\/span><\/span><\/p>\n<p style=\"margin-left:.25in;text-align:justify;\"><span style=\"font-family:Times New Roman,serif;\"><span style=\"font-size:14.0pt;\">Website: <\/span><\/span><a href=\"https:\/\/satmythuatthanhan.com\"><span style=\"font-family:Times New Roman,serif;\"><span style=\"font-size:14.0pt;\">https:\/\/satmythuatthanhan.com<\/span><\/span><\/a><\/p>\n<\/div>\n","protected":false},"excerpt":{"rendered":"<p>C\u1eecA C\u1ed4NG 1 C\u00c1NH S\u1eaeT ,\u00a0 B\u1ea2O H\u00c0NH 12 TH\u00c1NG S\u01a0N N\u01af\u1edaC V\u00c0 M\u1ed0I H\u00c0N S\u1eaeT M\u1ef8 THU\u1eacT TH\u00c0NH AN S\u1ef0 TINH T\u1ebe V\u00c0 \u0110\u1eb2NG C\u1ea4P CHO NG\u00d4I NH\u00c0 B\u1ea0N C\u00f4ng\u00a0 Ty TNHH TM-DV-XD-TTNT\u00a0 Th\u00e0nh An l\u00e0 \u0111\u01a1n\u00a0 v\u1ecb s\u1ea3n xu\u1ea5t , gia c\u00f4ng th\u00f4 , thi c\u00f4ng, cung c\u1ea5p l\u1eafp ho\u00e0n thi\u1ec7n t\u1ea5t c\u1ea3&#8230;<\/p>\n","protected":false},"featured_media":680,"comment_status":"closed","ping_status":"closed","template":"","meta":[],"product_cat":[15],"product_tag":[],"_links":{"self":[{"href":"https:\/\/satmythuatgiare.com\/index.php?rest_route=\/wp\/v2\/product\/679"}],"collection":[{"href":"https:\/\/satmythuatgiare.com\/index.php?rest_route=\/wp\/v2\/product"}],"about":[{"href":"https:\/\/satmythuatgiare.com\/index.php?rest_route=\/wp\/v2\/types\/product"}],"replies":[{"embeddable":true,"href":"https:\/\/satmythuatgiare.com\/index.php?rest_route=%2Fwp%2Fv2%2Fcomments&post=679"}],"wp:featuredmedia":[{"embeddable":true,"href":"https:\/\/satmythuatgiare.com\/index.php?rest_route=\/wp\/v2\/media\/680"}],"wp:attachment":[{"href":"https:\/\/satmythuatgiare.com\/index.php?rest_route=%2Fwp%2Fv2%2Fmedia&parent=679"}],"wp:term":[{"taxonomy":"product_cat","embeddable":true,"href":"https:\/\/satmythuatgiare.com\/index.php?rest_route=%2Fwp%2Fv2%2Fproduct_cat&post=679"},{"taxonomy":"product_tag","embeddable":true,"href":"https:\/\/satmythuatgiare.com\/index.php?rest_route=%2Fwp%2Fv2%2Fproduct_tag&post=679"}],"curies":[{"name":"wp","href":"https:\/\/api.w.org\/{rel}","templated":true}]}}