{"id":668,"date":"2025-08-26T14:41:41","date_gmt":"2025-08-26T14:41:41","guid":{"rendered":"http:\/\/localhost\/o\/?product=cong-cnc-vua-dep-vua-sang-02"},"modified":"2025-08-26T14:41:52","modified_gmt":"2025-08-26T14:41:52","slug":"cong-cnc-vua-dep-vua-sang-02","status":"publish","type":"product","link":"https:\/\/satmythuatgiare.com\/?product=cong-cnc-vua-dep-vua-sang-02","title":{"rendered":"C\u1ed4NG CNC V\u1eeaA \u0110\u1eb8P V\u1eeaA SANG 02"},"content":{"rendered":"<\/p>\n<div class=\"content-tabs-pro-detail info-pro-detail active text\">\n<p style=\"text-align:justify;\"><span style=\"font-family:Times New Roman,serif;\"><span style=\"font-size:14.0pt;\">C\u00f4ng\u00a0 Ty TNHH TM-DV-XD-TTNT Th\u00e0nh An l\u00e0 \u0111\u01a1n\u00a0 v\u1ecb s\u1ea3n xu\u1ea5t , gia c\u00f4ng th\u00f4 , thi c\u00f4ng, cung c\u1ea5p l\u1eafp ho\u00e0n thi\u1ec7n t\u1ea5t c\u1ea3 c\u00e1c h\u1ea1ng m\u1ee5c li\u00ean quan \u0111\u1ebfn s\u1eaft m\u1ef9 thu\u1eadt nh\u01b0 : <strong>lan can ban c\u00f4ng<\/strong> (lan can m\u1eb7t ti\u1ec1n ), <strong>lan can c\u1ea7u thang<\/strong>, <strong>khung b\u1ea3o v\u1ec7 c\u1eeda s\u1ed5<\/strong>, <strong>m\u00e1i che trang tr\u00ed<\/strong>, c\u1eeda \u0111i , <strong>c\u1eeda c\u1ed5ng r\u00e0o<\/strong>, h\u00e0ng r\u00e0o, b\u00e0n gh\u1ebf s\u1eaft m\u1ef9 thu\u1eadt, Trong c\u1eeda c\u1ed5ng c\u00f3 C\u1eeda c\u1ed5ng s\u1eaft u\u1ed1n v\u00e0 <a href=\"https:\/\/satmythuatthanhan.com\/cong-cnc-03-hieu-ung-ri-set\"><strong>c\u1eeda c\u1ed5ng s\u1eaft t\u1ea5m CNC<\/strong><\/a>. \u0110\u1ea3m b\u1ea3o ch\u1ea5t l\u01b0\u1ee3ng , uy t\u00edn, gi\u00e1 t\u1ea1i x\u01b0\u1edfng s\u1ea3n xu\u1ea5t , gi\u00e1 r\u1ebb h\u00e0ng \u0111\u1ea7u Vi\u1ec7t Nam.<\/span><\/span><\/p>\n<p style=\"text-align:justify;\"><span style=\"font-family:Times New Roman,serif;\"><span style=\"font-size:14.0pt;\">N\u1ebfu Qu\u00fd C\u00f4ng ty, Qu\u00fd kh\u00e1ch h\u00e0ng n\u00e0o c\u00f3 nhu c\u1ea7u t\u00ecm ki\u1ebfm m\u1ed9t \u0111\u01a1n v\u1ecb m\u1ed9t \u0111\u1ed1i t\u00e1c uy t\u00edn c\u00f3 th\u1ec3 \u0111\u1ed3ng h\u00e0nh l\u00e2u d\u00e0i h\u00e3y g\u1ecdi v\u00e0 zalo ngay s\u1ed1 holine : <strong>0984606488<\/strong>\u00a0 \u0111\u1ec3 \u0111\u01b0\u1ee3c h\u1ed7 tr\u1ee3 t\u01b0 v\u1ea5n mi\u1ec5n ph\u00ed 24\/7.<\/span><\/span><\/p>\n<p style=\"text-align: justify;\"><strong>S\u1eaft m\u1ef9 thu\u1eadt Th\u00e0nh An Qu\u1eadn 9: <\/strong>Chuy\u00ean Gia c\u00f4ng<strong>\u00a0<\/strong>\u00a0<strong>C\u1eeda c\u1ed5ng CNC: \u00a0<\/strong>C\u1eeda c\u1ed5ng 4 c\u00e1nh CNC: CNC5mm+\u00a0khung bao 40*80*1.8mm, s\u01a1n nh\u0169 \u0111\u1ed3ng v\u00e0ng.\u00a0<\/p>\n<p style=\"text-align: center;\"><img decoding=\"async\" alt=\"b\u1ea3n v\u1ebd c\u1eeda cnc \u0111\u1eb9p\" src=\"http:\/\/localhost\/o\/wp-content\/uploads\/2025\/08\/ban-ve-cua-cnc-dep.jpg\" style=\"width: 800px; height: 566px;\" title=\"ban-ve-cua-cnc-dep\"><\/p>\n<p style=\"text-align: center;\"><strong>B\u1ea3n v\u1ebd c\u1eeda c\u1ed5ng CNC 4 c\u00e1nh<\/strong><\/p>\n<p style=\"text-align: center;\"><img decoding=\"async\" src=\"http:\/\/localhost\/o\/wp-content\/uploads\/2025\/08\/cua-cnc-dep5.jpg\" style=\"width: 960px; height: 725px;\" title=\"cua-cnc-dep5\"><\/p>\n<p style=\"text-align: center;\"><strong>C\u1eeda cnc \u0111\u01b0\u1ee3c l\u1eafp r\u00e1p t\u1ea1i c\u00f4ng tr\u00ecnh Qu\u1eadn 9 TpHCM<\/strong><\/p>\n<p>S\u1eaft m\u1ef9 thu\u1eadt chuy\u00ean thi\u1ebft k\u1ebf v\u00e0 thi c\u00f4ng theo y\u00eau c\u1ea7u c\u1ee7a qu\u00fd kh\u00e1ch h\u00e0ng,S\u1ef1 tinh t\u1ebf ,th\u1ea9m m\u1ef9 \u0111\u1eb3ng c\u1ea5p cho Ng\u00f4i nh\u00e0 b\u1ea1n<\/p>\n<p style=\"text-align: center;\"><img decoding=\"async\" src=\"http:\/\/localhost\/o\/wp-content\/uploads\/2025\/08\/cua-cnc-quan-9.jpg\" style=\"width: 955px; height: 638px;\" title=\"cua-cnc-quan-9\"><\/p>\n<p style=\"text-align: center;\"><strong>S\u1eaft m\u1ef9 thu\u1eadt Th\u00e0nh An Qu\u1eadn 9<\/strong><\/p>\n<p style=\"text-align: center;\"><img decoding=\"async\" src=\"http:\/\/localhost\/o\/wp-content\/uploads\/2025\/08\/cua-cnc-son-nhu-dong-1.jpg\" style=\"width: 800px; height: 600px;\" title=\"cua-cnc-son-nhu-dong-1\"><\/p>\n<p style=\"text-align: center;\"><strong>S\u1ea3n Xu\u1ea5t c\u1eeda CNC t\u1ea1i X\u01b0\u1edfng Th\u00e0nh An<\/strong><\/p>\n<p style=\"text-align: center;\"><img decoding=\"async\" src=\"http:\/\/localhost\/o\/wp-content\/uploads\/2025\/08\/son-cua-cong-cnc.jpg\" style=\"width: 800px; height: 600px;\" title=\"son-cua-cong-cnc\"><\/p>\n<p style=\"text-align: center;\"><strong>S\u01a1n c\u1eeda CNC t\u1ea1i X\u01b0\u1edfng Th\u00e0nh An<\/strong><\/p>\n<p style=\"text-align: center;\"><strong><img decoding=\"async\" src=\"http:\/\/localhost\/o\/wp-content\/uploads\/2025\/08\/vach-cnc-dep-3.jpg\" style=\"width: 800px; height: 600px;\" title=\"vach-cnc-dep-3\"><\/strong><\/p>\n<p style=\"text-align: center;\"><strong>V\u00e1ch CNC t\u1ea1i x\u01b0\u1edfng Th\u00e0nh An<\/strong><\/p>\n<p>B\u1ea3o h\u00e0nh s\u01a1n n\u01b0\u1edbc v\u00e0 m\u1ed1i h\u00e0n 12 th\u00e1ng<\/p>\n<p>S\u1eaft m\u1ef9 thu\u1eadt chuy\u00ean thi\u1ebft k\u1ebf v\u00e0 thi c\u00f4ng theo y\u00eau c\u1ea7u c\u1ee7a qu\u00fd kh\u00e1ch h\u00e0ng,S\u1ef1 tinh t\u1ebf ,th\u1ea9m m\u1ef9 \u0111\u1eb3ng c\u1ea5p cho Ng\u00f4i nh\u00e0 b\u1ea1n<\/p>\n<p style=\"text-align: center;\"><img decoding=\"async\" src=\"http:\/\/localhost\/o\/wp-content\/uploads\/2025\/08\/vach-cnc-dep-sang.jpg\" style=\"width: 800px; height: 566px;\" title=\"vach-cnc-dep-sang\"><\/p>\n<p style=\"text-align: center;\"><strong>B\u1ea3n v\u1ebd v\u00e1ch CNC\u00a0<\/strong><\/p>\n<p>C\u00f4ng ty TNHH TM-DV-XD-TTNT Th\u00e0nh An v\u1edbi \u0111\u1ed9i ng\u0169 nh\u00e2n vi\u00ean kinh nghi\u1ec7m l\u00e2u n\u0103m, c\u00f3 t\u00e2m huy\u1ebft v\u1edbi ngh\u1ec1.<\/p>\n<p style=\"text-align: center;\"><img decoding=\"async\" alt=\"C\u1eeda CNC 2 c\u00e1nh \u0111\u1eb9p\" src=\"http:\/\/localhost\/o\/wp-content\/uploads\/2025\/08\/cua-cnc-2-canh-dep.jpg\" style=\"width: 600px; height: 800px;\" title=\"cua-cnc-2-canh-dep\"><\/p>\n<h2 style=\"text-align: center;\"><strong>C\u1eeda CNC 2 c\u00e1nh \u0111\u1eb9p<\/strong><\/h2>\n<p style=\"text-align: center;\"><strong><img decoding=\"async\" src=\"http:\/\/localhost\/o\/wp-content\/uploads\/2025\/08\/cua-cnc-4-canh-dep-1.jpg\" style=\"width: 600px; height: 800px;\" title=\"cua-cnc-4-canh-dep-1\"><\/strong><\/p>\n<p style=\"text-align: center;\"><strong>C\u1eeda CNC \u0111p\u1eb9 t\u1ea1i c\u00f4ng tr\u00ecnh<\/strong><\/p>\n<h2><strong>Li\u00ean h\u1ec7 ngay \u0111\u1ec3 \u0111\u01b0\u1ee3c t\u01b0 v\u1ea5n k\u1ef9 r\u00f5 v\u1ec1 d\u00f2ng s\u1ea3n ph\u1ea9m m\u00e0 kh\u00e1ch h\u00e0ng y\u00eau c\u1ea7u:<\/strong><\/h2>\n<h3><strong>C\u00d4NG TY TNHH TM-DV-XD-TTNT TH\u00c0NH AN<\/strong><\/h3>\n<p>\u0110C:\u00a0785C Nguy\u1ec5n Duy Trinh, P. Ph\u00fa H\u1eefu, Q.9, Tp. Th\u1ee7 \u0110\u1ee9c. HCM<br \/>\nEmail: xaydungantran@gmail.com<br \/>\nTel:\u00a0<strong>0984 606 488 (Ch\u1ecb H\u00e0 chuy\u00ean vi\u00ean t\u01b0 v\u1ea5n v\u00e0 b\u00e1o gi\u00e1) &#8211;\u00a00986040655\u00a0( Anh An T\u01b0 v\u1ea5n k\u1ef9 thu\u1eadt)<\/strong><br \/>\nMST:\u00a00314318001<br \/>\nWebsite: http:\/\/satmythuatthanhan.com<\/p>\n<p>S\u1ef0 TINH T\u1ebe V\u00c0 \u0110\u1eb2NG C\u1ea4P\u00a0 CHO NG\u00d4I NH\u00c0 B\u1ea0N<\/p>\n<\/div>\n","protected":false},"excerpt":{"rendered":"<p>C\u00f4ng\u00a0 Ty TNHH TM-DV-XD-TTNT Th\u00e0nh An l\u00e0 \u0111\u01a1n\u00a0 v\u1ecb s\u1ea3n xu\u1ea5t , gia c\u00f4ng th\u00f4 , thi c\u00f4ng, cung c\u1ea5p l\u1eafp ho\u00e0n thi\u1ec7n t\u1ea5t c\u1ea3 c\u00e1c h\u1ea1ng m\u1ee5c li\u00ean quan \u0111\u1ebfn s\u1eaft m\u1ef9 thu\u1eadt nh\u01b0 : lan can ban c\u00f4ng (lan can m\u1eb7t ti\u1ec1n ), lan can c\u1ea7u thang, khung b\u1ea3o v\u1ec7 c\u1eeda s\u1ed5, m\u00e1i&#8230;<\/p>\n","protected":false},"featured_media":669,"comment_status":"closed","ping_status":"closed","template":"","meta":[],"product_cat":[15],"product_tag":[],"_links":{"self":[{"href":"https:\/\/satmythuatgiare.com\/index.php?rest_route=\/wp\/v2\/product\/668"}],"collection":[{"href":"https:\/\/satmythuatgiare.com\/index.php?rest_route=\/wp\/v2\/product"}],"about":[{"href":"https:\/\/satmythuatgiare.com\/index.php?rest_route=\/wp\/v2\/types\/product"}],"replies":[{"embeddable":true,"href":"https:\/\/satmythuatgiare.com\/index.php?rest_route=%2Fwp%2Fv2%2Fcomments&post=668"}],"wp:featuredmedia":[{"embeddable":true,"href":"https:\/\/satmythuatgiare.com\/index.php?rest_route=\/wp\/v2\/media\/669"}],"wp:attachment":[{"href":"https:\/\/satmythuatgiare.com\/index.php?rest_route=%2Fwp%2Fv2%2Fmedia&parent=668"}],"wp:term":[{"taxonomy":"product_cat","embeddable":true,"href":"https:\/\/satmythuatgiare.com\/index.php?rest_route=%2Fwp%2Fv2%2Fproduct_cat&post=668"},{"taxonomy":"product_tag","embeddable":true,"href":"https:\/\/satmythuatgiare.com\/index.php?rest_route=%2Fwp%2Fv2%2Fproduct_tag&post=668"}],"curies":[{"name":"wp","href":"https:\/\/api.w.org\/{rel}","templated":true}]}}