{"id":660,"date":"2025-08-26T14:41:31","date_gmt":"2025-08-26T14:41:31","guid":{"rendered":"http:\/\/localhost\/o\/?product=cong-cnc-hieu-ung-ri-set"},"modified":"2025-08-26T14:41:38","modified_gmt":"2025-08-26T14:41:38","slug":"cong-cnc-hieu-ung-ri-set","status":"publish","type":"product","link":"https:\/\/satmythuatgiare.com\/?product=cong-cnc-hieu-ung-ri-set","title":{"rendered":"C\u1ed4NG CNC HI\u1ec6U \u1ee8NG R\u1ec8 S\u00c9T"},"content":{"rendered":"<\/p>\n<div class=\"content-tabs-pro-detail info-pro-detail active text\">\n<p style=\"text-align: justify;\"><span style=\"font-size:14px;\"><strong>Nh\u01b0 th\u1ebf n\u00e0o \u0111\u01b0\u1ee3c g\u1ecdi l\u00e0 c\u1eeda c\u1ed5ng CNC hi\u1ec7u \u1ee9ng r\u1ec9 s\u00e9t<\/strong><\/span><\/p>\n<p style=\"text-align: justify;\"><span style=\"font-family:Times New Roman,serif;\"><span style=\"font-size:14.0pt;\">C\u1eeda c\u1ed5ng s\u1eaft CNC laser l\u00e0 s\u1ea3n ph\u1ea9m \u0111\u01b0\u1ee3c s\u1ea3n xu\u1ea5t v\u00e0 ch\u1ebf t\u1ea1o b\u1eb1ng vi\u1ec7c \u1ee9ng d\u1ee5ng c\u00f4ng ngh\u1ec7 c\u1eaft g\u1ecdt kim lo\u1ea1i b\u1eb1ng c\u01a1 kh\u00ed ch\u1ebf t\u1ea1o \u0111i\u1ec1u khi\u1ec3n b\u1eb1ng m\u00e1y t\u00ednh. C\u00f4ng ngh\u1ec7 CNC laser \u0111\u01b0\u1ee3c s\u1eed d\u1ee5ng r\u1ed9ng r\u00e3i trong gia c\u00f4ng s\u1ea3n xu\u1ea5t ra nh\u1eefng s\u1ea3n ph\u1ea9m \u0111\u1eb9p \u0111\u1ed9c \u0111\u00e1o t\u1ea1o ra c\u00e1c hoa v\u0103n h\u1ecda ti\u1ebft cho c\u1eeda c\u1ed5ng r\u00e0o,h\u00e0ng r\u00e0o, v\u00e1ch ng\u0103n,lan can c\u1ea7u thang, lan can ban c\u00f4ng, \u0111\u01b0\u1ee3c s\u01a1n b\u1eb1ng s\u01a1n <strong>m\u00e0u hi\u1ec7u \u1ee9ng r\u1ec9 s\u00e9t<\/strong>.\u00a0Nhi\u1ec1u ng\u01b0\u1eddi s\u1eed d\u1ee5ng trong ki\u1ebfn tr\u00fac x\u00e2y d\u1ef1ng.<\/span><\/span><\/p>\n<p style=\"text-align: center;\"><img decoding=\"async\" src=\"http:\/\/localhost\/o\/wp-content\/uploads\/2025\/08\/ban-ve-cua-cnc-1.jpg\" style=\"width: 800px; height: 426px;\" title=\"ban-ve-cua-cnc-1\"><\/p>\n<p style=\"text-align: center;\"><strong>B\u1ea3n v\u1ebd 3D c\u1eeda CNC<\/strong><\/p>\n<p>C\u1eecA C\u1ed4NG CNC 5MM, KHUNG BAO 40*80*1.8MM, S\u01a0N HI\u1ec6U \u1ee8NG R\u1ec8 S\u00c9T L\u1ea0 \u0110\u1ed8C<\/p>\n<p>T\u1ea0O S\u1ef0 KH\u00c1C BI\u1ec6T V\u00c0 \u0110\u1eb2NG C\u1ea4P CHO NG\u00d4I NH\u00c0 B\u1ea0N\u00a0<\/p>\n<p style=\"text-align: center;\"><img decoding=\"async\" src=\"http:\/\/localhost\/o\/wp-content\/uploads\/2025\/08\/ban-ve-cua-cnc-hieu-ung-ri-set-1.jpg\" style=\"width: 800px; height: 382px;\" title=\"ban-ve-cua-cnc-hieu-ung-ri-set-1\"><\/p>\n<p style=\"text-align: center;\"><strong>B\u1ea3n v\u1ebd c\u1eeda CNC\u00a03D ph\u1ed1i m\u00e0u rie s\u00e9t\u00a0<\/strong><\/p>\n<p style=\"text-align: center;\"><strong><img decoding=\"async\" src=\"http:\/\/localhost\/o\/wp-content\/uploads\/2025\/08\/cua-cnc-dep-1.jpg\" style=\"width: 800px; height: 600px;\" title=\"cua-cnc-dep-1\"><\/strong><\/p>\n<p style=\"text-align: center;\"><strong>C\u00f4ng \u0111o\u1ea1n s\u1ea3n xu\u1ea5t c\u1eeda c\u1ed5ng CNC\u00a0<\/strong><\/p>\n<p style=\"text-align: center;\"><strong><img decoding=\"async\" src=\"http:\/\/localhost\/o\/wp-content\/uploads\/2025\/08\/cua-cnc-son.jpg\" style=\"width: 800px; height: 600px;\" title=\"cua-cnc-son\"><\/strong><\/p>\n<p style=\"text-align: center;\"><strong>S\u01a1n ch\u1ed1ng r\u1ec9 c\u1eeda c\u1ed5ng CNC<\/strong><\/p>\n<p style=\"text-align: center;\"><strong><img decoding=\"async\" src=\"http:\/\/localhost\/o\/wp-content\/uploads\/2025\/08\/son-cua-cnc-hieu-ung-ri-set-1.jpg\" style=\"width: 800px; height: 600px;\" title=\"son-cua-cnc-hieu-ung-ri-set-1\"><\/strong><\/p>\n<p style=\"text-align: center;\"><strong>S\u01a1n l\u1ea7n 1 s\u01a1n hi\u1ec7u \u1ee9ng r\u1ec9 s\u00e9t<\/strong><\/p>\n<p style=\"text-align:justify;\"><strong><span style=\"font-family:Times New Roman,serif;\"><span style=\"font-size:14.0pt;\">\u0110\u01a1n v\u1ecb n\u00e0o s\u1ea3n xu\u1ea5t c\u1eeda c\u1ed5ng CNC s\u1eaft\u00a0uy t\u00edn ch\u1ea5t l\u01b0\u1ee3ng?<\/span><\/span><\/strong><\/p>\n<p style=\"text-align:justify;\"><span style=\"font-family:Times New Roman,serif;\"><span style=\"font-size:14.0pt;\">C\u00f4ng\u00a0 Ty TNHH TM-DV-XD-TTNT Th\u00e0nh An l\u00e0\u00a0s\u1ea3n xu\u1ea5t , gia c\u00f4ng th\u00f4 , thi c\u00f4ng, cung c\u1ea5p l\u1eafp ho\u00e0n thi\u1ec7n t\u1ea5t c\u1ea3 c\u00e1c h\u1ea1ng m\u1ee5c li\u00ean quan \u0111\u1ebfn s\u1eaft m\u1ef9 thu\u1eadt nh\u01b0 : <strong>lan can ban c\u00f4ng s\u1eaft,\u00a0<\/strong>\u00a0<strong>lan can c\u1ea7u thang s\u1eaft<\/strong>, <strong>khung b\u1ea3o v\u1ec7 c\u1eeda s\u1ed5<\/strong>, <strong>m\u00e1i che trang tr\u00ed<\/strong>, c\u1eeda \u0111i , <strong>c\u1eeda c\u1ed5ng r\u00e0o<\/strong>, h\u00e0ng r\u00e0o, b\u00e0n gh\u1ebf s\u1eaft m\u1ef9 thu\u1eadt, Trong c\u1eeda c\u1ed5ng c\u00f3\u00a0<a href=\"https:\/\/satmythuatthanhan.com\/\"><strong>c\u1eeda c\u1ed5ng s\u1eaft\u00a0 CNC s\u01a1n hi\u1ec7u \u1ee9ng r\u1ec9 s\u00e9t<\/strong><\/a>. \u0110\u1ea3m b\u1ea3o ch\u1ea5t l\u01b0\u1ee3ng , uy t\u00edn, gi\u00e1 t\u1ea1i x\u01b0\u1edfng s\u1ea3n xu\u1ea5t , gi\u00e1 r\u1ebb h\u00e0ng \u0111\u1ea7u t\u1ea1i TPHCM.<\/span><\/span><\/p>\n<p style=\"text-align: center;\"><span style=\"font-family:Times New Roman,serif;\"><span style=\"font-size:14.0pt;\"><img decoding=\"async\" src=\"http:\/\/localhost\/o\/wp-content\/uploads\/2025\/08\/cua-cnc-hieu-ung-ri-set.jpg\" style=\"width: 583px; height: 672px;\" title=\"cua-cnc-hieu-ung-ri-set\"><\/span><\/span><\/p>\n<p style=\"text-align: center;\"><span style=\"font-family:Times New Roman,serif;\"><span style=\"font-size:14.0pt;\">L\u1eafp \u0111\u1eb7t c\u1eeda c\u1ed5ng CNC hi\u1ec7u \u1ee9ng r\u1ec9 s\u00e9t<\/span><\/span><\/p>\n<p><strong><span style=\"font-family:Times New Roman,serif;\"><span style=\"font-size:14.0pt;\">Nguy\u00ean t\u1eafc v\u00e0ng c\u1ee7a C\u00f4ng ty Th\u00e0nh An Ch\u00fang t\u00f4i<\/span><\/span><\/strong><\/p>\n<ul>\n<li><!--[if--><!--[endif]--><span style=\"font-family:Times New Roman,serif;\"><span style=\"font-size:14.0pt;\">Nguy\u00ean li\u1ec7u, v\u1eadt t\u01b0 ch\u00ednh h\u00e3ng<\/span><\/span><!--![endif]--><!--![if--><\/li>\n<li><!--[if--><!--[if--><!--[endif]--><!--[endif]--><span style=\"font-family:Times New Roman,serif;\"><span style=\"font-size:14.0pt;\">B\u1ea3o h\u00e0nh d\u00e0i h\u1ea1n<\/span><\/span><!--![endif]--><!--![endif]--><!--![if--><!--![if--><\/li>\n<li><!--[if--><!--[if--><!--[if--><!--[endif]--><!--[endif]--><!--[endif]--><span style=\"font-family:Times New Roman,serif;\"><span style=\"font-size:14.0pt;\">T\u01b0 v\u1ea5n nhi\u1ec7t t\u00ecnh t\u1eadn t\u00e2m, tin c\u1eady<\/span><\/span><!--![endif]--><!--![endif]--><!--![endif]--><!--![if--><!--![if--><!--![if--><\/li>\n<li><!--[if--><!--[if--><!--[if--><!--[if--><!--[endif]--><!--[endif]--><!--[endif]--><!--[endif]--><span style=\"font-family:Times New Roman,serif;\"><span style=\"font-size:14.0pt;\">Thi c\u00f4ng ti\u1ebfn \u0111\u1ed9 nhanh, uy t\u00edn chuy\u00ean nghi\u1ec7p<\/span><\/span><!--![endif]--><!--![endif]--><!--![endif]--><!--![endif]--><!--![if--><!--![if--><!--![if--><!--![if--><\/li>\n<li><!--[if--><!--[if--><!--[if--><!--[if--><!--[if--><!--[endif]--><!--[endif]--><!--[endif]--><!--[endif]--><!--[endif]--><span style=\"font-family:Times New Roman,serif;\"><span style=\"font-size:14.0pt;\">Gi\u00e1 c\u1ea3 c\u1ea1nh tranh nh\u1ea5t<\/span><\/span><!--![endif]--><!--![endif]--><!--![endif]--><!--![endif]--><!--![endif]--><!--![if--><!--![if--><!--![if--><!--![if--><!--![if--><\/li>\n<li><!--[if--><!--[if--><!--[if--><!--[if--><!--[if--><!--[if--><!--[endif]--><!--[endif]--><!--[endif]--><!--[endif]--><!--[endif]--><!--[endif]--><span style=\"font-family:Times New Roman,serif;\"><span style=\"font-size:14.0pt;\">Ph\u1ee5c v\u1ee5 chu \u0111\u00e1o\u00a0<\/span><\/span><!--![endif]--><!--![endif]--><!--![endif]--><!--![endif]--><!--![endif]--><!--![endif]--><!--![if--><!--![if--><!--![if--><!--![if--><!--![if--><!--![if--><\/li>\n<li><!--[if--><!--[if--><!--[if--><!--[if--><!--[if--><!--[if--><!--[if--><!--[endif]--><!--[endif]--><!--[endif]--><!--[endif]--><!--[endif]--><!--[endif]--><!--[endif]--><span style=\"font-family:Times New Roman,serif;\"><span style=\"font-size:14.0pt;\">D\u1ecbch v\u1ee5 ho\u00e0n h\u1ea3o<\/span><\/span><!--![endif]--><!--![endif]--><!--![endif]--><!--![endif]--><!--![endif]--><!--![endif]--><!--![endif]--><!--![if--><!--![if--><!--![if--><!--![if--><!--![if--><!--![if--><!--![if--><\/li>\n<\/ul>\n<p style=\"margin-left:.25in;\"><strong><span style=\"font-family:Times New Roman,serif;\"><span style=\"font-size:14.0pt;\">Li\u00ean h\u1ec7 ngay \u0111\u1ec3 \u0111\u01b0\u1ee3c t\u01b0 v\u1ea5n v\u00e0 b\u00e1o gi\u00e1 nhanh v\u1ec1 c\u1eeda c\u1ed5ng hi\u1ec7u \u1ee9ng r\u1ec9 s\u00e9t:<\/span><\/span><\/strong><\/p>\n<p style=\"margin-left:.25in;\"><strong><span style=\"font-family:Times New Roman,serif;\"><span style=\"font-size:14.0pt;\">C\u00d4NG TY TNHH TM-DV-XD-TTNT TH\u00c0NH AN<\/span><\/span><\/strong><\/p>\n<p style=\"margin-left:.25in;\"><span style=\"font-family:Times New Roman,serif;\"><span style=\"font-size:14.0pt;\">\u0110\u1ecba ch\u1ec9 X\u01b0\u1edfng s\u1ea3n xu\u1ea5t : 785C Nguy\u1ec5n Duy Trinh- P. Ph\u00fa H\u1eefu \u2013 Tp Th\u1ee7 \u0110\u01b0c (Qu\u1eadn 9 c\u0169) \u2013 Tp H\u1ed3 Ch\u00ed Minh<\/span><\/span><\/p>\n<p style=\"margin-left:.25in;\"><span style=\"font-family:Times New Roman,serif;\"><span style=\"font-size:14.0pt;\">Email; <\/span><\/span><a href=\"mailto:xaydungantran@gmail.com\"><span style=\"font-family:Times New Roman,serif;\"><span style=\"font-size:14.0pt;\">xaydungantran@gmail.com<\/span><\/span><\/a><\/p>\n<p style=\"margin-left:.25in;\"><span style=\"font-family:Times New Roman,serif;\"><span style=\"font-size:14.0pt;\">Tel: 0984.606488 (Ch\u1ecb H\u00e0\u00a0 chuy\u00ean vi\u00ean t\u01b0 v\u1ea5n v\u00e0 b\u00e1o gi\u00e1) \u2013 0986040655\u00a0 ( Anh An chuy\u00ean vi\u00ean k\u1ef9 thu\u1eadt)<\/span><\/span><\/p>\n<p style=\"margin-left:.25in;\"><span style=\"font-family:Times New Roman,serif;\"><span style=\"font-size:14.0pt;\">Website: \u00a0<\/span><\/span><a href=\"https:\/\/satmythuatthanhan.com\"><span style=\"font-family:Times New Roman,serif;\"><span style=\"font-size:14.0pt;\">https:\/\/satmythuatthanhan.com<\/span><\/span><\/a><\/p>\n<p style=\"text-align: center;\">\u00a0<\/p>\n<p>\u00a0<\/p>\n<\/div>\n","protected":false},"excerpt":{"rendered":"<p>Nh\u01b0 th\u1ebf n\u00e0o \u0111\u01b0\u1ee3c g\u1ecdi l\u00e0 c\u1eeda c\u1ed5ng CNC hi\u1ec7u \u1ee9ng r\u1ec9 s\u00e9t C\u1eeda c\u1ed5ng s\u1eaft CNC laser l\u00e0 s\u1ea3n ph\u1ea9m \u0111\u01b0\u1ee3c s\u1ea3n xu\u1ea5t v\u00e0 ch\u1ebf t\u1ea1o b\u1eb1ng vi\u1ec7c \u1ee9ng d\u1ee5ng c\u00f4ng ngh\u1ec7 c\u1eaft g\u1ecdt kim lo\u1ea1i b\u1eb1ng c\u01a1 kh\u00ed ch\u1ebf t\u1ea1o \u0111i\u1ec1u khi\u1ec3n b\u1eb1ng m\u00e1y t\u00ednh. C\u00f4ng ngh\u1ec7 CNC laser \u0111\u01b0\u1ee3c s\u1eed d\u1ee5ng r\u1ed9ng&#8230;<\/p>\n","protected":false},"featured_media":661,"comment_status":"closed","ping_status":"closed","template":"","meta":[],"product_cat":[15],"product_tag":[],"_links":{"self":[{"href":"https:\/\/satmythuatgiare.com\/index.php?rest_route=\/wp\/v2\/product\/660"}],"collection":[{"href":"https:\/\/satmythuatgiare.com\/index.php?rest_route=\/wp\/v2\/product"}],"about":[{"href":"https:\/\/satmythuatgiare.com\/index.php?rest_route=\/wp\/v2\/types\/product"}],"replies":[{"embeddable":true,"href":"https:\/\/satmythuatgiare.com\/index.php?rest_route=%2Fwp%2Fv2%2Fcomments&post=660"}],"wp:featuredmedia":[{"embeddable":true,"href":"https:\/\/satmythuatgiare.com\/index.php?rest_route=\/wp\/v2\/media\/661"}],"wp:attachment":[{"href":"https:\/\/satmythuatgiare.com\/index.php?rest_route=%2Fwp%2Fv2%2Fmedia&parent=660"}],"wp:term":[{"taxonomy":"product_cat","embeddable":true,"href":"https:\/\/satmythuatgiare.com\/index.php?rest_route=%2Fwp%2Fv2%2Fproduct_cat&post=660"},{"taxonomy":"product_tag","embeddable":true,"href":"https:\/\/satmythuatgiare.com\/index.php?rest_route=%2Fwp%2Fv2%2Fproduct_tag&post=660"}],"curies":[{"name":"wp","href":"https:\/\/api.w.org\/{rel}","templated":true}]}}