{"id":651,"date":"2025-08-26T14:41:15","date_gmt":"2025-08-26T14:41:15","guid":{"rendered":"http:\/\/localhost\/o\/?product=cua-cong-sat-my-thuat-quan-9"},"modified":"2025-08-26T14:41:26","modified_gmt":"2025-08-26T14:41:26","slug":"cua-cong-sat-my-thuat-quan-9","status":"publish","type":"product","link":"https:\/\/satmythuatgiare.com\/?product=cua-cong-sat-my-thuat-quan-9","title":{"rendered":"C\u1eecA C\u1ed4NG S\u1eaeT M\u1ef8 THU\u1eacT QU\u1eacN 9"},"content":{"rendered":"<\/p>\n<div class=\"content-tabs-pro-detail info-pro-detail active text\">\n<p><a href=\"https:\/\/satmythuatthanhan.com\/\">S\u1eaft M\u1ef9 Thu\u1eadt Th\u00e0nh An\u00a0<\/a>chuy\u00ean gia c\u00f4ng, l\u1eafp r\u00e1p c\u00e1c lo\u1ea1i <strong>c\u1eeda c\u1ed5ng s\u1eaft\u00a0bi\u1ec7t th\u1ef1<\/strong>, nh\u00e0 ph\u1ed1&#8230;.\u00a0 bi\u1ec7t th\u1ef1\u00a0<strong>s\u1eaft m\u1ef9 thu\u1eadt \u0111\u1eb3ng c\u1ea5p t\u1ea1\u1ecb c\u00e1c Qu\u1eadn 2, qu\u1eadn 9, qu\u1eadn 7, qu\u1eadn 8, qu\u1eadn 10,qu\u1eadn 11&#8230;\u00a0Th\u00e0nh ph\u1ed1 H\u1ed3 Ch\u00ed Min<\/strong><u><strong>h<\/strong><\/u>\u00a0v\u00e0 c\u00e1c t\u1ec9nh tr\u00ean m\u1ecdi mi\u1ec1n qu\u1ed1c gia Vi\u1ec7t Nam\u00a0<\/p>\n<p>Th\u00e0nh An t\u1ef1 h\u00e0o l\u00e0 \u0111\u01a1n v\u1ecb cung c\u1ea5p c\u00e1c lo\u1ea1i<a href=\"https:\/\/satmythuatthanhan.com\/cua-cong-sat-my-thuat-quan-9-tp-ho-chi-minh\">\u00a0<em><u><strong>c\u1eeda c\u1ed5ng bi\u1ec7t th\u1ef1\u00a0s\u1eaft m\u1ef9 thu\u1eadt<\/strong><\/u><\/em><\/a>\u00a0\u0111\u1eb9p, ki\u1ec3u d\u00e1ng \u0111a d\u1ea1ng, th\u1ea9m m\u1ef9 \u0111\u1ed9 b\u1ec1n cao,\u00a0v\u1edbi nhi\u1ec1u n\u0103m kinh nhi\u1ec7m trong ngh\u1ec1, \u0111\u1ed9i ng\u0169 nh\u00e2n vi\u00ean t\u1eadn t\u00e2m v\u1edbi ngh\u1ec1\u00a0v\u1edbi k\u1ef9 thu\u1eadt chuy\u00ean m\u00f4n cao<\/p>\n<p style=\"text-align: center;\"><img decoding=\"async\" src=\"http:\/\/localhost\/o\/wp-content\/uploads\/2025\/08\/lap-cua-cong-sat.jpg\" style=\"width: 800px; height: 450px;\" title=\"lap-cua-cong-sat\"><\/p>\n<p style=\"text-align: center;\">\u00a0<\/p>\n<p style=\"text-align: center;\"><strong>L\u1eafp r\u00e1p c\u1eeda c\u1ed5ng 2 c\u00e1nh m\u1ef9 thu\u1eadt\u00a0<\/strong><\/p>\n<p><u><em><strong>S\u1eaft m\u1ef9 Thu\u1eadt Th\u00e0nh An Qu\u1eadn 9 :\u00a0<\/strong><\/em><\/u>Gia c\u00f4ng thi c\u00f4ng s\u1eaft \u0111\u1eb7c vu\u00f4ng tr\u01a1n,s\u1eaft phi tr\u00f2n tr\u01a1n theo thi\u1ebft\u00a0 k\u1ebf b\u1ea3n v\u1ebd m\u1eabu m\u00e3 qu\u00fd kh\u00e1ch y\u00eau c\u1ea7u.<\/p>\n<p style=\"text-align: center;\"><img decoding=\"async\" src=\"http:\/\/localhost\/o\/wp-content\/uploads\/2025\/08\/cua-cong-1-canh-dep-5.jpg\" style=\"width: 600px; height: 800px;\" title=\"cua-cong-1-canh-dep-5\"><\/p>\n<p style=\"text-align: center;\"><strong>C\u1eeda c\u1ed5ng s\u1eaft 1 c\u00e1nh v\u00e0 lan can s\u1eaft \u0111\u1eb7c<\/strong><\/p>\n<p>C\u00f4ng tr\u00ecnh c\u1eeda <strong>c\u1ed5ng s\u1eaft vu\u00f4ng 14 \u0111\u1eb7c u\u1ed1n,<\/strong> s\u01a1n nh\u0169 \u0111\u1ed3ng, C\u00d4NG TR\u00ccNH CH\u1eca H\u1eb0NG \u0110\u01b0\u1eddng s\u1ed1 2 khu bi\u1ec7t Long Ph\u01b0\u1edbc Qu\u1eadn 9 tp HCM<\/p>\n<p style=\"text-align: center;\"><img decoding=\"async\" src=\"http:\/\/localhost\/o\/wp-content\/uploads\/2025\/08\/cuacong-sat-dep-1.jpg\" style=\"width: 600px; height: 800px;\" title=\"cuacong-sat-dep-1\"><\/p>\n<p style=\"text-align: center;\"><strong>C\u1eeda c\u1ed5ng s\u1eaft 2 c\u00e1nh\u00a0<\/strong><\/p>\n<p style=\"text-align: center;\"><strong><img decoding=\"async\" src=\"http:\/\/localhost\/o\/wp-content\/uploads\/2025\/08\/cua-cong-sat-dep-3.jpg\" style=\"width: 600px; height: 800px;\" title=\"cua-cong-sat-dep-3\"><\/strong><\/p>\n<p style=\"text-align: center;\"><strong>C\u1eeda c\u1ed5ng s\u1eaft u\u1ed1n m\u1ef9 thu\u1eadt qu\u1eadn 9<\/strong><\/p>\n<p style=\"text-align: center;\"><strong><img decoding=\"async\" alt=\"c\u1eeda c\u1ed5ng s\u1eaft m\u1ef9 thu\u1eadt\" src=\"http:\/\/localhost\/o\/wp-content\/uploads\/2025\/08\/cua-cong-sat-my-thuat.jpg\" style=\"width: 600px; height: 800px;\" title=\"cua-cong-sat-my-thuat\"><\/strong><\/p>\n<p style=\"text-align: center;\"><strong>C\u1eeda c\u1ed5ng s\u1eaft m\u1ef9 thu\u1eadt c\u00f4ng tr\u00ecnh Nh\u01a1n Tr\u1ea1ch<\/strong><\/p>\n<p style=\"text-align: center;\"><strong><img decoding=\"async\" alt=\"c\u1eeda c\u1ed5ng s\u1eaft m\u1ef9 thu\u1eadt\" src=\"http:\/\/localhost\/o\/wp-content\/uploads\/2025\/08\/cua-cong-sat-my-thuat-18.jpg\" style=\"width: 600px; height: 1067px;\" title=\"cua-cong-sat-my-thuat-18\"><\/strong><\/p>\n<p style=\"text-align: center;\"><b>L\u1eafp \u0111\u1eb7t c\u1eeda c\u1ed5ng s\u1eaft m\u1ef9 thu\u1eadt<\/b><\/p>\n<p style=\"text-align: center;\"><b><img decoding=\"async\" alt=\"c\u1eeda s\u1eaft 1 c\u00e1nh \u0111\u1eb9p\" src=\"http:\/\/localhost\/o\/wp-content\/uploads\/2025\/08\/cua-sat-1-canh-dep.jpg\" style=\"width: 600px; height: 800px;\" title=\"cua-sat-1-canh-dep\"><\/b><\/p>\n<p style=\"text-align: center;\"><b>C\u00f4ng \u0111o\u1ea1n s\u1ea3n xu\u1ea5t c\u1eeda s\u1eaft m\u1ef9 thu\u1eadt<\/b><\/p>\n<p style=\"text-align: center;\">S\u1eaft m\u1ef9 thu\u1eadt Th\u00e0nh An t\u1ea1o n\u00ean s\u1ef1 tinh t\u1ebf v\u00e0 \u0111\u1eb3ng c\u1ea5p ng\u00f4i nh\u00e0 b\u1ea1n<\/p>\n<h2><strong>Li\u00ean h\u1ec7 ngay \u0111\u1ec3 \u0111\u01b0\u1ee3c t\u01b0 v\u1ea5n k\u1ef9 r\u00f5 v\u1ec1 d\u00f2ng s\u1ea3n ph\u1ea9m m\u00e0 kh\u00e1ch h\u00e0ng y\u00eau c\u1ea7u:<\/strong><\/h2>\n<h3><strong>C\u00d4NG TY TNHH TM-DV-XD-TTNT TH\u00c0NH AN<\/strong><\/h3>\n<p>\u0110C:\u00a0785C Nguy\u1ec5n Duy Trinh, P. Ph\u00fa H\u1eefu, Q.9, Tp. Th\u1ee7 \u0110\u1ee9c. HCM<br \/>\nEmail: xaydungantran@gmail.com<br \/>\nTel:\u00a0<strong>0984 606 488 (Ch\u1ecb H\u00e0 chuy\u00ean vi\u00ean t\u01b0 v\u1ea5n v\u00e0 b\u00e1o gi\u00e1) &#8211;\u00a00986040655\u00a0( Anh An T\u01b0 v\u1ea5n k\u1ef9 thu\u1eadt)<\/strong><br \/>\nMST:\u00a00314318001<br \/>\nWebsite:\u00a0https:\/\/satmythuatthanhan.com<\/p>\n<p>\u00a0<\/p>\n<\/div>\n","protected":false},"excerpt":{"rendered":"<p>S\u1eaft M\u1ef9 Thu\u1eadt Th\u00e0nh An\u00a0chuy\u00ean gia c\u00f4ng, l\u1eafp r\u00e1p c\u00e1c lo\u1ea1i c\u1eeda c\u1ed5ng s\u1eaft\u00a0bi\u1ec7t th\u1ef1, nh\u00e0 ph\u1ed1&#8230;.\u00a0 bi\u1ec7t th\u1ef1\u00a0s\u1eaft m\u1ef9 thu\u1eadt \u0111\u1eb3ng c\u1ea5p t\u1ea1\u1ecb c\u00e1c Qu\u1eadn 2, qu\u1eadn 9, qu\u1eadn 7, qu\u1eadn 8, qu\u1eadn 10,qu\u1eadn 11&#8230;\u00a0Th\u00e0nh ph\u1ed1 H\u1ed3 Ch\u00ed Minh\u00a0v\u00e0 c\u00e1c t\u1ec9nh tr\u00ean m\u1ecdi mi\u1ec1n qu\u1ed1c gia Vi\u1ec7t Nam\u00a0 Th\u00e0nh An t\u1ef1 h\u00e0o l\u00e0 \u0111\u01a1n&#8230;<\/p>\n","protected":false},"featured_media":652,"comment_status":"closed","ping_status":"closed","template":"","meta":[],"product_cat":[15],"product_tag":[],"_links":{"self":[{"href":"https:\/\/satmythuatgiare.com\/index.php?rest_route=\/wp\/v2\/product\/651"}],"collection":[{"href":"https:\/\/satmythuatgiare.com\/index.php?rest_route=\/wp\/v2\/product"}],"about":[{"href":"https:\/\/satmythuatgiare.com\/index.php?rest_route=\/wp\/v2\/types\/product"}],"replies":[{"embeddable":true,"href":"https:\/\/satmythuatgiare.com\/index.php?rest_route=%2Fwp%2Fv2%2Fcomments&post=651"}],"wp:featuredmedia":[{"embeddable":true,"href":"https:\/\/satmythuatgiare.com\/index.php?rest_route=\/wp\/v2\/media\/652"}],"wp:attachment":[{"href":"https:\/\/satmythuatgiare.com\/index.php?rest_route=%2Fwp%2Fv2%2Fmedia&parent=651"}],"wp:term":[{"taxonomy":"product_cat","embeddable":true,"href":"https:\/\/satmythuatgiare.com\/index.php?rest_route=%2Fwp%2Fv2%2Fproduct_cat&post=651"},{"taxonomy":"product_tag","embeddable":true,"href":"https:\/\/satmythuatgiare.com\/index.php?rest_route=%2Fwp%2Fv2%2Fproduct_tag&post=651"}],"curies":[{"name":"wp","href":"https:\/\/api.w.org\/{rel}","templated":true}]}}