{"id":641,"date":"2025-08-26T14:40:56","date_gmt":"2025-08-26T14:40:56","guid":{"rendered":"http:\/\/localhost\/o\/?product=cua-cong-cnc-dep-tai-quan-2quan-9-tphcm"},"modified":"2025-08-26T14:41:06","modified_gmt":"2025-08-26T14:41:06","slug":"cua-cong-cnc-dep-tai-quan-2quan-9-tphcm","status":"publish","type":"product","link":"https:\/\/satmythuatgiare.com\/?product=cua-cong-cnc-dep-tai-quan-2quan-9-tphcm","title":{"rendered":"C\u1eecA C\u1ed4NG CNC \u0110\u1eb8P  T\u1ea0I QU\u1eacN 2,QU\u1eacN 9 TPHCM"},"content":{"rendered":"<\/p>\n<div class=\"content-tabs-pro-detail info-pro-detail active text\">\n<p><iframe loading=\"lazy\" allowfullscreen=\"\" frameborder=\"0\" height=\"360\" src=\"https:\/\/www.youtube.com\/embed\/yyDE-e7iQKA\" width=\"640\"><\/iframe><\/p>\n<p style=\"text-align: center;\"><strong>V\u1eadn chuy\u1ec3n h\u00e0ng \u0111i l\u1eafp r\u00e1p t\u1ea1i X\u01b0\u1edfng Th\u00e0nh An<\/strong><\/p>\n<p style=\"text-align: center;\"><strong><iframe loading=\"lazy\" allowfullscreen=\"\" frameborder=\"0\" height=\"360\" src=\"https:\/\/www.youtube.com\/embed\/7lsnqNTYVeM\" width=\"640\"><\/iframe><\/strong><\/p>\n<p style=\"text-align: center;\"><strong>X\u01b0\u1edfng s\u1ea3n Xu\u1ea5t s\u1eaft M\u1ef9 Thu\u1eadt Th\u00e0nh An<\/strong><\/p>\n<p style=\"text-align: justify;\">\u00a0<\/p>\n<p><strong><span style=\"font-family:Times New Roman,serif;\"><span style=\"font-size:14.0pt;\">C\u1eeda c\u1ed5ng s\u1eaft CNC l\u00e0 g\u00ec?<\/span><\/span><\/strong><\/p>\n<p style=\"text-align:justify;\"><span style=\"font-family:Times New Roman,serif;\"><span style=\"font-size:14.0pt;\"><a href=\"https:\/\/satmythuatthanhan.com\/\"><strong>C\u1eeda c\u1ed5ng s\u1eaft CNC laser<\/strong><\/a> l\u00e0 s\u1ea3n ph\u1ea9m \u0111\u01b0\u1ee3c s\u1ea3n xu\u1ea5t v\u00e0 ch\u1ebf t\u1ea1o b\u1eb1ng vi\u1ec7c \u1ee9ng d\u1ee5ng c\u00f4ng ngh\u1ec7 c\u1eaft g\u1ecdt kim lo\u1ea1i b\u1eb1ng c\u01a1 kh\u00ed ch\u1ebf t\u1ea1o \u0111i\u1ec1u khi\u1ec3n b\u1eb1ng m\u00e1y t\u00ednh. C\u00f4ng ngh\u1ec7 CNC laser \u0111\u01b0\u1ee3c s\u1eed d\u1ee5ng r\u1ed9ng r\u00e3i trong gia c\u00f4ng s\u1ea3n xu\u1ea5t ra nh\u1eefng s\u1ea3n ph\u1ea9m \u0111\u1eb9p \u0111\u1ed9c \u0111\u00e1o t\u1ea1o ra c\u00e1c hoa v\u0103n h\u1ecda ti\u1ebft cho <a href=\"https:\/\/satmythuatthanhan.com\/\">c\u1eeda c\u1ed5ng r\u00e0o<\/a>,<a href=\"https:\/\/satmythuatthanhan.com\/\">h\u00e0ng r\u00e0o<\/a>, v\u00e1ch ng\u0103n,<a href=\"https:\/\/satmythuatthanhan.com\/xuong-san-xuat-thi-cong-sat-my-thuat-cua-cong-lan-can-uy-tingia-re-dep-sang-tai-cac-quan-huyen-tphcm\"><strong>lan can c\u1ea7u thang<\/strong><\/a>, lan can ban c\u00f4ng\u2026. \u0110\u01b0\u1ee3c nhi\u1ec1u ng\u01b0\u1eddi s\u1eed d\u1ee5ng trong ki\u1ebfn tr\u00fac x\u00e2y d\u1ef1ng.<\/span><\/span><\/p>\n<p style=\"text-align: center;\"><img decoding=\"async\" alt=\"C\u1eeda c\u1ed5ng cnc gi\u00e1 r\u1ebb Th\u00e0nh An\" src=\"http:\/\/localhost\/o\/wp-content\/uploads\/2025\/08\/cnc-xuan-ha-thu-dong-2.jpg\" style=\"width: 800px; height: 700px;\" title=\"cnc-xuan-ha-thu-dong-2\"><\/p>\n<p style=\"text-align: center;\"><strong>S\u1ea3n xu\u1ea5t c\u1eeda c\u1ed5ng CNC t\u1ea1i x\u01b0\u1edfng Th\u00e0nh An<\/strong><\/p>\n<p style=\"text-align: center;\"><img decoding=\"async\" alt=\"c\u1eeda cnc gi\u00e1 r\u1ebb t\u1ea1i tphcm\" src=\"http:\/\/localhost\/o\/wp-content\/uploads\/2025\/08\/cnc-gia-re.jpg\" style=\"width: 500px; height: 667px;\" title=\"cnc-gia-re\"><\/p>\n<p style=\"text-align: center;\"><b>C\u1eeda s\u1eaft t\u1ea5m CNC d\u00e0y 6mm<\/b><\/p>\n<p style=\"text-align:justify;\"><span style=\"font-family:Times New Roman,serif;\"><span style=\"font-size:14.0pt;\">C\u00f4ng ngh\u1ec7 c\u1eaft laser CNC hi\u1ec7n \u0111\u1ea1i gi\u00fap ho\u00e0n th\u00e0nh s\u1ea3n ph\u1ea9m c\u1eeda c\u1ed5ng \u0111\u01a1n gi\u1ea3n v\u00e0 \u00edt thao t\u00e1c nh\u1ea5t . C\u00f4ng ngh\u1ec7 CNC l\u00e0m gi\u1ea3m s\u1ee9c lao \u0111\u1ed9ng c\u1ee7a th\u1ee3 m\u00e0 v\u1eabn t\u0103ng n\u0103ng su\u1ea5t c\u00f4ng vi\u1ec7c. M\u1ed9t c\u1eeda c\u1ed5ng hoa v\u0103n c\u1ea7u k\u1ef3 ph\u1ee9c t\u1ea1p th\u1ee3 c\u00f3 th\u1ec3 kh\u00f4ng th\u1ef1c hi\u1ec7n \u0111\u01b0\u1ee3c nh\u01b0ng nh\u1edd c\u00f4ng ngh\u1ec7 c\u1eaft CNC laser ch\u1ec9 m\u1ea5t v\u00e0i gi\u1edd \u0111\u00e3 ho\u00e0n th\u00e0nh 1 s\u1ea3n ph\u1ea9m.<\/span><\/span><\/p>\n<p style=\"text-align: center;\"><img decoding=\"async\" alt=\"c\u1eeda c\u1ed5ng cnc \u0111\u1eb9p t\u1ea1i Th\u00e0nh An\" src=\"http:\/\/localhost\/o\/wp-content\/uploads\/2025\/08\/cua-cnc-4-canh-dep.jpg\" style=\"width: 600px; height: 800px;\" title=\"cua-cnc-4-canh-dep\"><\/p>\n<p style=\"text-align: center;\"><strong><span style=\"font-family:Times New Roman,serif;\"><span style=\"font-size:14.0pt;\">C\u1eeda CNC s\u1eaft t\u1ea5m s\u01a1n \u0111\u1ed3ng gi\u1ea3 c\u1ed5<\/span><\/span><\/strong><\/p>\n<p style=\"text-align: justify;\"><strong><span style=\"font-family:Times New Roman,serif;\"><span style=\"font-size:14.0pt;\">\u0110\u01a1n v\u1ecb n\u00e0o s\u1ea3n xu\u1ea5t c\u1eeda c\u1ed5ng CNC s\u1eaft\u00a0 \u0111\u1eb9p, sang,gi\u00e1 r\u1ebb?<\/span><\/span><\/strong><\/p>\n<p style=\"text-align:justify;\"><span style=\"font-family:Times New Roman,serif;\"><span style=\"font-size:14.0pt;\"><a href=\"https:\/\/satmythuatthanhan.com\/xuong-san-xuat-thi-cong-sat-my-thuat-cua-cong-lan-can-uy-tingia-re-dep-sang-tai-cac-quan-huyen-tphcm\"><strong>C\u00f4ng\u00a0 Ty TNHH TM-DV-XD-TTNT Th\u00e0nh An<\/strong><\/a> l\u00e0 \u0111\u01a1n\u00a0 v\u1ecb s\u1ea3n xu\u1ea5t , gia c\u00f4ng th\u00f4 , thi c\u00f4ng, cung c\u1ea5p l\u1eafp ho\u00e0n thi\u1ec7n t\u1ea5t c\u1ea3 c\u00e1c h\u1ea1ng m\u1ee5c li\u00ean quan \u0111\u1ebfn s\u1eaft m\u1ef9 thu\u1eadt nh\u01b0 : <a href=\"https:\/\/satmythuatthanhan.com\/lan-can-cau-thang-sat-my-thuat-quan-2-tphcm-lc-030\"><strong>lan can ban c\u00f4ng<\/strong><\/a> (<a href=\"https:\/\/satmythuatthanhan.com\/lan-can-cau-thang-sat-my-thuat-tp-ho-chi-minh-ct-026\"><strong>lan can m\u1eb7t ti\u1ec1n<\/strong><\/a> ), <a href=\"https:\/\/satmythuatthanhan.com\/lan-can-cau-thang-sat-my-thuat-tp-ho-chi-minh-ct-026\"><strong>lan can c\u1ea7u thang<\/strong><\/a>, <a href=\"https:\/\/satmythuatthanhan.com\/lan-can-cau-thang-sat-my-thuat-tai-ho-chi-minh\"><strong>khung b\u1ea3o v\u1ec7 c\u1eeda s\u1ed5<\/strong><\/a>, <a href=\"https:\/\/satmythuatthanhan.com\/don-vi-cung-cap-mai-kinh-mai-chemai-trang-tri-sat-my-thuat-tai-tp-hcm\"><strong>m\u00e1i che trang tr\u00ed<\/strong><\/a>, c\u1eeda \u0111i , <a href=\"https:\/\/satmythuatthanhan.com\/cua-cong-lan-can-biet-thu-sat-my-thuat-vua-dep-vua-sang-gia-re-uy-tin-tai-quan-2-quan-9-tp-thu-duc\"><strong>c\u1eeda c\u1ed5ng r\u00e0o<\/strong><\/a>, h\u00e0ng r\u00e0o, <a href=\"https:\/\/satmythuatthanhan.com\/ban-ghe-sat-my-thuat-quan-9\"><strong>b\u00e0n gh\u1ebf s\u1eaft m\u1ef9 thu\u1eadt,<\/strong><\/a> Trong c\u1eeda c\u1ed5ng c\u00f3 C\u1eeda c\u1ed5ng s\u1eaft u\u1ed1n v\u00e0 c\u1eeda c\u1ed5ng s\u1eaft t\u1ea5m CNC. \u0110\u1ea3m b\u1ea3o ch\u1ea5t l\u01b0\u1ee3ng , uy t\u00edn, gi\u00e1 t\u1ea1i x\u01b0\u1edfng s\u1ea3n xu\u1ea5t , gi\u00e1 r\u1ebb h\u00e0ng \u0111\u1ea7u Vi\u1ec7t Nam.<\/span><\/span><\/p>\n<p style=\"text-align:justify;\"><span style=\"font-family:Times New Roman,serif;\"><span style=\"font-size:14.0pt;\">N\u1ebfu Qu\u00fd C\u00f4ng ty, Qu\u00fd kh\u00e1ch h\u00e0ng n\u00e0o c\u00f3 nhu c\u1ea7u t\u00ecm ki\u1ebfm m\u1ed9t \u0111\u01a1n v\u1ecb m\u1ed9t \u0111\u1ed1i t\u00e1c uy t\u00edn c\u00f3 th\u1ec3 \u0111\u1ed3ng h\u00e0nh l\u00e2u d\u00e0i h\u00e3y g\u1ecdi v\u00e0 zalo ngay s\u1ed1 holine : <strong>0984606488<\/strong>\u00a0 \u0111\u1ec3 \u0111\u01b0\u1ee3c h\u1ed7 tr\u1ee3 t\u01b0 v\u1ea5n mi\u1ec5n ph\u00ed 24\/7.<\/span><\/span><\/p>\n<p style=\"text-align: center;\"><strong><span style=\"font-family:Times New Roman,serif;\"><span style=\"font-size:14.0pt;\">\u0110\u1ecba ch\u1ec9 tr\u1ee5 s\u1edf : 785C Nguy\u1ec5n Duy Trinh \u2013 Ph\u01b0\u1eddng Ph\u00fa H\u1eefu \u2013 Tp Th\u1ee7 \u0110\u1ee9c ( Qu\u1eadn 9 c\u0169) TPHCM<\/span><\/span><\/strong><\/p>\n<p style=\"text-align: center;\">\u00a0<\/p>\n<p style=\"text-align: center;\"><img decoding=\"async\" alt=\"B\u1ea3n v\u1ebd c\u1eeda CNC c\u1ed5ng\" src=\"http:\/\/localhost\/o\/wp-content\/uploads\/2025\/08\/ban-ve-cua-cnc.jpg\" style=\"width: 800px; height: 426px;\" title=\"ban-ve-cua-cnc\"><\/p>\n<p style=\"text-align: center;\">\u00a0<\/p>\n<p style=\"text-align: center;\"><strong><span style=\"font-family:Times New Roman,serif;\"><span style=\"font-size:14.0pt;\">X\u01b0\u1edfng s\u01a1n nh\u0169 \u0111\u1ed3ng x\u01b0\u1edfng Th\u00e0nh An<\/span><\/span><\/strong><\/p>\n<p style=\"text-align:justify;\"><strong><span style=\"font-family:Times New Roman,serif;\"><span style=\"font-size:14.0pt;\">T\u1ea1i sao l\u1ea1i \u0111\u1eb7t mua s\u1ea3n ph\u1ea9m c\u1eeda c\u1ed5ng CNC t\u1ea1i S\u1eaft M\u1ef9 Thu\u1eadt Th\u00e0nh An?<\/span><\/span><\/strong><\/p>\n<p style=\"text-align: center;\"><iframe loading=\"lazy\" allowfullscreen=\"\" frameborder=\"0\" height=\"360\" src=\"https:\/\/www.youtube.com\/embed\/e9K-rbv6jTA\" width=\"640\"><\/iframe><\/p>\n<p style=\"text-align: center;\"><strong>X\u01b0\u1edfng S\u01a1n s\u1eaft m\u1ef9 thu\u1eadt Th\u00e0nh An<\/strong><\/p>\n<p style=\"text-align:justify;\"><a href=\"https:\/\/satmythuatthanhan.com\/san-pham\"><strong><em><span style=\"font-family:Times New Roman,serif;\"><span style=\"font-size:14.0pt;\">S\u1eaft m\u1ef9 thu\u1eadt Th\u00e0nh An<\/span><\/span><\/em><\/strong><\/a><span style=\"font-family:Times New Roman,serif;\"><span style=\"font-size:14.0pt;\"> lu\u00f4n t\u1ef1 tin v\u00e0 t\u1ef1 h\u00e0o l\u00e0 \u0111\u01a1n v\u1ecb thi\u1ebft k\u1ebf,s\u1ea3n xu\u1ea5t l\u1eafp r\u00e1p c\u1eeda c\u1ed5ng s\u1eaft t\u1ea5m CNC uy t\u00edn ch\u1ea5t l\u01b0\u1ee3ng, gi\u00e1 r\u1ebb , gi\u00e1 ngay t\u1ea1i x\u01b0\u1edfng s\u1ea3n xu\u1ea5t kh\u00f4ng qua trung gian th\u01b0\u01a1ng m\u1ea1i . \u0110\u01b0\u1ee3c r\u1ea5t nhi\u1ec1u qu\u00fd kh\u00e1ch h\u00e0ng t\u1ea5t c\u1ea3 c\u00e1c <strong><a href=\"https:\/\/satmythuatthanhan.com\/khung-bao-ve-cua-so-sat-my-thuat-quan-9\">qu\u1eadn 9<\/a> , <a href=\"https:\/\/satmythuatthanhan.com\/lan-can-ban-cong-sat-dac-my-thuat-quan-2-tp-ho-chi-minh-lc-043\">Qu\u1eadn 2<\/a>, <a href=\"https:\/\/satmythuatthanhan.com\/xuong-san-xuat-thi-cong-sat-my-thuat-cua-cong-lan-can-uy-tingia-re-dep-sang-tai-cac-quan-huyen-tphcm\">Qu\u1eadn 1<\/a>,Qu\u1eadn 10, <a href=\"https:\/\/satmythuatthanhan.com\/cau-thang-xoan-oc-my-thuat-tai-tp-ho-chi-minh\">Qu\u1eadn 4<\/a>, <a href=\"https:\/\/satmythuatthanhan.com\/xuong-san-xuat-thi-cong-sat-my-thuat-cua-cong-lan-can-uy-tingia-re-dep-sang-tai-cac-quan-huyen-tphcm\">Qu\u1eadn 5<\/a>, <a href=\"https:\/\/satmythuatthanhan.com\/mai-che-sat-my-thuat-mc04\">Qu\u1eadn 6<\/a>, <a href=\"https:\/\/satmythuatthanhan.com\/lan-can-mat-tien-sat-my-thuat-quan-9-tp-ho-chi-minh\">Qu\u1eadn 7<\/a>, Qu\u1eadn B\u00ecnh Ch\u00e1nh, <a href=\"https:\/\/satmythuatthanhan.com\/cau-thang-xoan-oc-my-thuat-tai-tp-ho-chi-minh\">Qu\u1eadn B\u00ecnh T\u00e2n<\/a> v\u00e0 c\u00e1c huy\u1ec7n B\u00ecnh Ch\u00e1nh, Huy\u1ec7n Nh\u00e0 B\u00e8<\/strong>&#8230;<strong>TPHCM<\/strong>\u00a0tin t\u01b0\u1edfng v\u00e0 \u1ee7ng h\u1ed9 \u0111\u1eb7t l\u00e0m. \u0110\u1ebfn v\u1edbi ch\u00fang t\u00f4i qu\u00fd kh\u00e1ch h\u00e0ng s\u1ebd \u0111\u01b0\u1ee3c \u00a0\u0111\u00e1p \u1ee9ng m\u1ecdi nhu c\u1ea7u k\u1ef3 v\u1ecdng mong mu\u1ed1n c\u1ee7a qu\u00fd kh\u00e1ch. <\/span><\/span><\/p>\n<ul>\n<li style=\"text-align:justify;\"><!--[if--><!--[endif]--><span style=\"font-family:Times New Roman,serif;\"><span style=\"font-size:14.0pt;\">Nh\u1edd \u0111\u1ed9i ng\u0169 thi\u1ebft k\u1ebf kinh nghi\u1ec7m l\u00e2u c\u00f3 m\u1eaft th\u1ea9m m\u1ef9 c\u00f3 th\u1ec3 x\u1eed l\u00fd linh ho\u1ea1t m\u1ecdi t\u00ecnh hu\u1ed1ng t\u1ea1o n\u00ean c\u00e1c t\u00e1c ph\u1ea9m \u0111\u1eb3ng c\u1ea5p ,v\u1eeba \u0111\u1eb9p v\u1eeba sang . Qu\u00fd kh\u00e1ch c\u00f3 th\u1ec3 \u0111\u01b0a ra m\u1ecdi \u00fd t\u01b0\u1edfng m\u1eabu thi\u1ebft k\u1ebf ri\u00eang ho\u1eb7c c\u0169ng c\u00f3 th\u1ec3 k\u1ebft h\u1ee3p v\u1edbi m\u1eabu c\u00f3 s\u1eb5n nh\u01b0ng v\u1edbi \u00fd t\u01b0\u1edfng ri\u00eang c\u00f3 th\u1ec3 t\u1ea1o ra 1 s\u1ea3n ph\u1ea9m theo c\u00e1 t\u00ednh c\u1ee7a qu\u00fd kh\u00e1ch <\/span><\/span><!--![endif]--><!--![if--><\/li>\n<li style=\"text-align:justify;\"><!--[if--><!--[if--><!--[endif]--><!--[endif]--><span style=\"font-family:Times New Roman,serif;\"><span style=\"font-size:14.0pt;\">S\u1ea3n ph\u1ea9m \u0111\u01b0\u1ee3c c\u1eaft b\u1eb1ng c\u00f4ng ngh\u1ec7 laser n\u00ean b\u1ec1 m\u1eb7t c\u0169ng nh\u01b0 c\u1ea1nh c\u1eeda l\u00e1ng<\/span><\/span><!--![endif]--><!--![endif]--><!--![if--><!--![if--><\/li>\n<li style=\"text-align:justify;\"><!--[if--><!--[if--><!--[if--><!--[endif]--><!--[endif]--><!--[endif]--><span style=\"font-family:Times New Roman,serif;\"><span style=\"font-size:14.0pt;\">M\u00e1y m\u00f3c trong qu\u00e1 tr\u00ecnh ho\u00e0n thi\u1ec7n c\u1eeda hi\u1ec7n \u0111\u1ea1i nh\u1ea5t ti\u00ean ti\u1ebfn.<\/span><\/span><!--![endif]--><!--![endif]--><!--![endif]--><!--![if--><!--![if--><!--![if--><\/li>\n<li style=\"text-align:justify;\"><!--[if--><!--[if--><!--[if--><!--[if--><!--[endif]--><!--[endif]--><!--[endif]--><!--[endif]--><span style=\"font-family:Times New Roman,serif;\"><span style=\"font-size:14.0pt;\">Gi\u00e1 th\u00e0nh c\u1ea1nh tranh ph\u00f9 h\u1ee3p v\u1edbi t\u1ea5t c\u1ea3 v\u1edbi m\u1ecdi \u0111i\u1ec1u ki\u1ec7n kinh t\u1ebf hay ki\u1ebfn tr\u00fac c\u1ee7a m\u1ed7i gia ch\u1ee7.<\/span><\/span><!--![endif]--><!--![endif]--><!--![endif]--><!--![endif]--><!--![if--><!--![if--><!--![if--><!--![if--><\/li>\n<\/ul>\n<p style=\"text-align: center;\">\u00a0<\/p>\n<p style=\"text-align: center;\"><strong><span style=\"font-family:Times New Roman,serif;\"><span style=\"font-size:14.0pt;\">C\u1eeda c\u1ed5ng CNC Nguy\u1ec5n Th\u1ecb \u0110\u1ecbnh Qu\u1eadn 2 &#8211; TPHCM<\/span><\/span><\/strong><\/p>\n<p style=\"text-align:justify;\"><span style=\"font-family:Times New Roman,serif;\"><span style=\"font-size:14.0pt;\">Hi\u1ec7n nay <a href=\"https:\/\/satmythuatthanhan.com\/san-pham\"><em>s\u1eaft m\u1ef9 thu\u1eadt<\/em><\/a> \u0111\u1eb7c bi\u1ec7t c\u1eeda <a href=\"https:\/\/satmythuatthanhan.com\/cong-cnc-02\"><strong>c\u1ed5ng s\u1eaft c\u1eaft t\u1ea5m CNC<\/strong><\/a> \u0111ang r\u1ea5t \u0111\u01b0\u1ee3c ch\u1ee7 nh\u00e0 v\u00e0 c\u00e1c ki\u1ebfn tr\u00fac s\u01b0 \u01b0a chu\u1ed9ngtrong thi\u1ebft k\u1ebf v\u00e0 trang tr\u00ed n\u1ed9i th\u1ea5t. n\u1ebfu qu\u00fd kh\u00e1ch th\u00edch s\u1ef1 c\u1ea7u k\u1ef3 \u0111\u1ed9c \u0111\u00e1o th\u00ec c\u0169ng c\u00f3 r\u1ea5t nhi\u1ec1u s\u1ef1 l\u1ef1a ch\u1ecdn nh\u01b0 c\u00e1c m\u1eabu ph\u1ee9c t\u1ea1p c\u00e1c m\u1eabu hoa v\u0103n h\u00ecnh c\u00e2y bi\u1ec3u t\u01b0\u1ee3ng c\u00e1c m\u00f9a, c\u00e1c con v\u1eadt sinh \u0111\u1ed9ng\u2026.. t\u00f9y thi\u1ebft k\u1ebf m\u1ed7i t\u00e1c ph\u1ea9m. C\u00f2n c\u00e1c m\u00e0u s\u01a1n th\u00ec m\u00e0u s\u01a1n ngo\u00e0i c\u00e1c m\u00e0u \u0111en xanh \u0111\u1ecf,tr\u1eafng\u2026 c\u00f2n c\u00f3 r\u1ea5t m\u00e0u nh\u0169 \u0111\u1ed3ng nh\u01b0 nh\u0169 v\u00e0ng gi\u1ea3 c\u1ed5, \u0111\u1ecf gi\u1ea3 c\u1ed5, xanh gi\u1ea3 c\u1ed5. Ngo\u00e0i ra c\u00f2n c\u00f3 c\u00e1c m\u00e0u s\u01a1n hi\u1ec7u \u1ee9ng nh\u01b0 hi\u1ec7u \u1ee9ng b\u00ea t\u00f4ng hay hi\u1ec7u \u1ee9ng r\u1ec9 s\u00e9t \u2026 V\u1edbi c\u00f9ng m\u1ed9t ki\u1ec3u d\u00e1ng nh\u01b0ng c\u0169ng c\u00f3 nhi\u1ec1u l\u1ef1a ch\u1ecdn v\u1ec1 m\u00e0u s\u1eafc , hay c\u00f9ng m\u1eabu s\u1eaft m\u00e0 l\u1ef1a ch\u1ecdn nhi\u1ec1u ki\u1ec3u b\u1ed1 tr\u00ed hoa v\u0103n kh\u00e1c nhau t\u1ea1o n\u00ean nh\u1eefng ki\u1ec7t t\u00e1c ,t\u00e1c ph\u1ea9m ki\u1ebfn tr\u00fac ri\u00eang bi\u1ec7t \u0111\u1eb7c tr\u01b0ng \u0111\u1ed9c \u0111\u00e1o m\u00e0 gia ch\u1ee7, ki\u1ebfn tr\u00fac s\u01b0 mu\u1ed1n g\u1eedi g\u1eafm v\u00e0o t\u1eebng t\u00e1c ph\u1ea9m.<\/span><\/span><\/p>\n<p style=\"text-align: center;\"><img decoding=\"async\" alt=\"c\u1eeda cnc s\u1eaft m\u1ef9 thu\u1eadt th\u00e0nh an\" src=\"http:\/\/localhost\/o\/wp-content\/uploads\/2025\/08\/cua-cnc-dep.jpg\" style=\"width: 800px; height: 600px;\" title=\"cua-cnc-dep\"><\/p>\n<p style=\"text-align: center;\"><img decoding=\"async\" alt=\"s\u01a1n c\u1eeda c\u1ed5ng cnc hi\u1ec7u \u1ee9ng r\u1ec9 s\u00e9t\" src=\"http:\/\/localhost\/o\/wp-content\/uploads\/2025\/08\/son-cua-cnc-hieu-ung-ri-set.jpg\" style=\"width: 800px; height: 600px;\" title=\"son-cua-cnc-hieu-ung-ri-set\"><\/p>\n<p style=\"text-align: center;\">S\u01a1n hi\u1ec7u r\u1ec9 s\u00e9t<\/p>\n<p style=\"text-align: justify;\"><strong><font face=\"Times New Roman, serif\"><span style=\"font-size: 18.6667px;\">C\u00e1c b\u00e0i vi\u1ebft kh\u00e1c c\u1ee7a C\u00f4ng ty Th\u00e0nh An\u00a0 v\u00e0 s\u1ea3n xu\u1ea5t t\u1ea1i x\u01b0\u1edfng\u00a0<\/span><\/font><\/strong><\/p>\n<p style=\"text-align: justify;\">**\u00a0<a href=\"https:\/\/satmythuatthanhan.com\/cua-cong-sat-my-thuat-quan-9-tp-ho-chi-minh\">C\u1eecA C\u1ed4NG S\u1eaeT M\u1ef8 THU\u1eacT uy t\u00edn, b\u1ea3o h\u00e0nh 12 th\u00e1ng Qu\u1eadn 9 TP H\u1ed2 CH\u00cd MINH (satmythuatthanhan.com)<\/a><\/p>\n<p style=\"text-align: justify;\">**\u00a0<a href=\"https:\/\/satmythuatthanhan.com\/sat-my-thuat-lan-can-cua-cong-rao-hang-raokhung-bao-ve-tp-thu-duc-tp-ho-chi-minh\">LAN CAN, C\u1eecA C\u1ed4NG R\u00c0O, H\u00c0NG R\u00c0O,KHUNG B\u1ea2O V\u1ec6 uy t\u00edn Tp Th\u1ee7 \u0110\u1ee9c (satmythuatthanhan.com)<\/a><\/p>\n<p style=\"text-align: justify;\">**\u00a0<a href=\"https:\/\/satmythuatthanhan.com\/cua-cong-lan-can-biet-thu-sat-my-thuat-vua-dep-vua-sang-gia-re-uy-tin-tai-quan-2-quan-9-tp-thu-duc\">C\u1eeda c\u1ed5ng, lan can bi\u1ec7t th\u1ef1 v\u1eeba \u0111\u1eb9p v\u1eeba sang gi\u00e1 r\u1ebb, uy t\u00edn (satmythuatthanhan.com)<\/a><\/p>\n<p style=\"text-align: justify;\">**\u00a0<a href=\"https:\/\/satmythuatthanhan.com\/sat-my-thuat-uy-tin-quan-2-tphcm\">S\u1eaft m\u1ef9 thu\u1eadt uy t\u00edn v\u1eeba \u0111\u1eb9p,v\u1eeba sang qu\u1eadn 2 tphcm (satmythuatthanhan.com)<\/a><\/p>\n<p style=\"text-align: justify;\">**\u00a0<a href=\"https:\/\/satmythuatthanhan.com\/mai-che-trang-tri\">M\u00c1I CHE TRANG TR\u00cd S\u1eaft M\u1ef9 Thu\u1eadt Th\u00e0nh An gi\u00e1 r\u1ebb, uy t\u00edn, ch\u1ea5t l\u01b0\u1ee3ng (satmythuatthanhan.com)<\/a><\/p>\n<p style=\"text-align: center;\"><iframe loading=\"lazy\" allowfullscreen=\"\" frameborder=\"0\" height=\"360\" src=\"https:\/\/www.youtube.com\/embed\/UP366mUmioA\" width=\"640\"><\/iframe><\/p>\n<p style=\"text-align: center;\">X\u01b0\u1edfng S\u1ea3n Xu\u1ea5t s\u1eaft M\u1ef9 Thu\u1eadt C\u00f4ng ty Th\u00e0nh An<\/p>\n<p><strong><span style=\"font-family:Times New Roman,serif;\"><span style=\"font-size:14.0pt;\">Nguy\u00ean t\u1eafc v\u00e0ng c\u1ee7a C\u00f4ng ty Th\u00e0nh An Ch\u00fang t\u00f4i<\/span><\/span><\/strong><\/p>\n<ul>\n<li><!--[if--><!--[endif]--><span style=\"font-family:Times New Roman,serif;\"><span style=\"font-size:14.0pt;\">Nguy\u00ean li\u1ec7u, v\u1eadt t\u01b0 ch\u00ednh h\u00e3ng<\/span><\/span><!--![endif]--><!--![if--><\/li>\n<li><!--[if--><!--[if--><!--[endif]--><!--[endif]--><span style=\"font-family:Times New Roman,serif;\"><span style=\"font-size:14.0pt;\">B\u1ea3o h\u00e0nh 12 th\u00e1ng<\/span><\/span><!--![endif]--><!--![endif]--><!--![if--><!--![if--><\/li>\n<li><!--[if--><!--[if--><!--[if--><!--[endif]--><!--[endif]--><!--[endif]--><span style=\"font-family:Times New Roman,serif;\"><span style=\"font-size:14.0pt;\">T\u01b0 v\u1ea5n t\u1eadn t\u00e2m nhi\u1ec7t t\u00ecnh,tin c\u1eady<\/span><\/span><!--![endif]--><!--![endif]--><!--![endif]--><!--![if--><!--![if--><!--![if--><\/li>\n<li><!--[if--><!--[if--><!--[if--><!--[if--><!--[endif]--><!--[endif]--><!--[endif]--><!--[endif]--><span style=\"font-family:Times New Roman,serif;\"><span style=\"font-size:14.0pt;\">Thi c\u00f4ng chuy\u00ean nghi\u1ec7p, ti\u1ebfn \u0111\u1ed9 nhanh<\/span><\/span><!--![endif]--><!--![endif]--><!--![endif]--><!--![endif]--><!--![if--><!--![if--><!--![if--><!--![if--><\/li>\n<li><!--[if--><!--[if--><!--[if--><!--[if--><!--[if--><!--[endif]--><!--[endif]--><!--[endif]--><!--[endif]--><!--[endif]--><span style=\"font-family:Times New Roman,serif;\"><span style=\"font-size:14.0pt;\">Gi\u00e1 c\u1ea3 c\u1ea1nh tranh<\/span><\/span><!--![endif]--><!--![endif]--><!--![endif]--><!--![endif]--><!--![endif]--><!--![if--><!--![if--><!--![if--><!--![if--><!--![if--><\/li>\n<li><!--[if--><!--[if--><!--[if--><!--[if--><!--[if--><!--[if--><!--[endif]--><!--[endif]--><!--[endif]--><!--[endif]--><!--[endif]--><!--[endif]--><span style=\"font-family:Times New Roman,serif;\"><span style=\"font-size:14.0pt;\">Ph\u1ee5c v\u1ee5 chu \u0111\u00e1o<\/span><\/span><!--![endif]--><!--![endif]--><!--![endif]--><!--![endif]--><!--![endif]--><!--![endif]--><!--![if--><!--![if--><!--![if--><!--![if--><!--![if--><!--![if--><\/li>\n<\/ul>\n<p style=\"text-align: justify;\"><span style=\"font-family:Times New Roman,serif;\"><span style=\"font-size:14.0pt;\">\u00a0 \u00a0 \u00a0 D\u1ecbch v\u1ee5 ho\u00e0n h\u1ea3o<\/span><\/span><\/p>\n<p style=\"margin-left:.25in;\"><strong><span style=\"font-family:Times New Roman,serif;\"><span style=\"font-size:14.0pt;\">Li\u00ean h\u1ec7 ngay \u0111\u1ec3 \u0111\u01b0\u1ee3c t\u01b0 v\u1ea5n v\u00e0 b\u00e1o gi\u00e1 nhanh v\u1ec1 d\u00f2ng s\u1ea3n ph\u1ea9m m\u00e0 qu\u00fd kh\u00e1ch h\u00e0ng y\u00eau c\u1ea7u:<\/span><\/span><\/strong><\/p>\n<p style=\"margin-left:.25in;\"><strong><span style=\"font-family:Times New Roman,serif;\"><span style=\"font-size:14.0pt;\">C\u00d4NG TY TNHH TM-DV-XD-TTNT TH\u00c0NH AN<\/span><\/span><\/strong><\/p>\n<p style=\"margin-left:.25in;\"><span style=\"font-family:Times New Roman,serif;\"><span style=\"font-size:14.0pt;\">\u0110\u1ecba ch\u1ec9 X\u01b0\u1edfng s\u1ea3n xu\u1ea5t : 785C Nguy\u1ec5n Duy Trinh- P. Ph\u00fa H\u1eefu \u2013 Tp Th\u1ee7 \u0110\u01b0c (Qu\u1eadn 9 c\u0169) \u2013 Tp H\u1ed3 Ch\u00ed Minh<\/span><\/span><\/p>\n<p style=\"margin-left:.25in;\"><span style=\"font-family:Times New Roman,serif;\"><span style=\"font-size:14.0pt;\">Email; <\/span><\/span><a href=\"mailto:xaydungantran@gmail.com\"><span style=\"font-family:Times New Roman,serif;\"><span style=\"font-size:14.0pt;\">xaydungantran@gmail.com<\/span><\/span><\/a><\/p>\n<p style=\"margin-left:.25in;\"><span style=\"font-family:Times New Roman,serif;\"><span style=\"font-size:14.0pt;\">Tel: 0984.606488 (Ch\u1ecb H\u00e0\u00a0 chuy\u00ean vi\u00ean t\u01b0 v\u1ea5n v\u00e0 b\u00e1o gi\u00e1) \u2013 0986040655\u00a0 ( Anh An chuy\u00ean vi\u00ean k\u1ef9 thu\u1eadt)<\/span><\/span><\/p>\n<p style=\"margin-left:.25in;\"><span style=\"font-family:Times New Roman,serif;\"><span style=\"font-size:14.0pt;\">Website: \u00a0<a href=\"https:\/\/satmythuatthanhan.com\">https:\/\/satmythuatthanhan.com<\/a><\/span><\/span><\/p>\n<p style=\"text-align: justify;\">\u00a0<\/p>\n<p style=\"text-align: center;\">\u00a0<\/p>\n<p style=\"text-align: center;\">\u00a0<\/p>\n<p style=\"text-align: center;\">\u00a0<\/p>\n<p style=\"text-align:justify;\">\u00a0<\/p>\n<p style=\"text-align: center;\">\u00a0<\/p>\n<\/div>\n","protected":false},"excerpt":{"rendered":"<p>V\u1eadn chuy\u1ec3n h\u00e0ng \u0111i l\u1eafp r\u00e1p t\u1ea1i X\u01b0\u1edfng Th\u00e0nh An X\u01b0\u1edfng s\u1ea3n Xu\u1ea5t s\u1eaft M\u1ef9 Thu\u1eadt Th\u00e0nh An \u00a0 C\u1eeda c\u1ed5ng s\u1eaft CNC l\u00e0 g\u00ec? C\u1eeda c\u1ed5ng s\u1eaft CNC laser l\u00e0 s\u1ea3n ph\u1ea9m \u0111\u01b0\u1ee3c s\u1ea3n xu\u1ea5t v\u00e0 ch\u1ebf t\u1ea1o b\u1eb1ng vi\u1ec7c \u1ee9ng d\u1ee5ng c\u00f4ng ngh\u1ec7 c\u1eaft g\u1ecdt kim lo\u1ea1i b\u1eb1ng c\u01a1 kh\u00ed ch\u1ebf t\u1ea1o \u0111i\u1ec1u&#8230;<\/p>\n","protected":false},"featured_media":642,"comment_status":"closed","ping_status":"closed","template":"","meta":[],"product_cat":[15],"product_tag":[],"_links":{"self":[{"href":"https:\/\/satmythuatgiare.com\/index.php?rest_route=\/wp\/v2\/product\/641"}],"collection":[{"href":"https:\/\/satmythuatgiare.com\/index.php?rest_route=\/wp\/v2\/product"}],"about":[{"href":"https:\/\/satmythuatgiare.com\/index.php?rest_route=\/wp\/v2\/types\/product"}],"replies":[{"embeddable":true,"href":"https:\/\/satmythuatgiare.com\/index.php?rest_route=%2Fwp%2Fv2%2Fcomments&post=641"}],"wp:featuredmedia":[{"embeddable":true,"href":"https:\/\/satmythuatgiare.com\/index.php?rest_route=\/wp\/v2\/media\/642"}],"wp:attachment":[{"href":"https:\/\/satmythuatgiare.com\/index.php?rest_route=%2Fwp%2Fv2%2Fmedia&parent=641"}],"wp:term":[{"taxonomy":"product_cat","embeddable":true,"href":"https:\/\/satmythuatgiare.com\/index.php?rest_route=%2Fwp%2Fv2%2Fproduct_cat&post=641"},{"taxonomy":"product_tag","embeddable":true,"href":"https:\/\/satmythuatgiare.com\/index.php?rest_route=%2Fwp%2Fv2%2Fproduct_tag&post=641"}],"curies":[{"name":"wp","href":"https:\/\/api.w.org\/{rel}","templated":true}]}}