{"id":625,"date":"2025-08-26T14:40:29","date_gmt":"2025-08-26T14:40:29","guid":{"rendered":"http:\/\/localhost\/o\/?product=cua-di-sat-nghe-thuat-dep-xa-hoa-long-lay"},"modified":"2025-08-26T14:40:53","modified_gmt":"2025-08-26T14:40:53","slug":"cua-di-sat-nghe-thuat-dep-xa-hoa-long-lay","status":"publish","type":"product","link":"https:\/\/satmythuatgiare.com\/?product=cua-di-sat-nghe-thuat-dep-xa-hoa-long-lay","title":{"rendered":"C\u1eeda \u0111i s\u1eaft ngh\u1ec7 thu\u1eadt \u0111\u1eb9p xa hoa l\u1ed9ng l\u1eaby"},"content":{"rendered":"<\/p>\n<div class=\"content-tabs-pro-detail info-pro-detail active text\">\n<p><span style=\"font-size:16px;\">T\u1eeb tr\u01b0\u1edbc \u0111\u1ebfn nay, c\u1eeda c\u00f4\u0309ng \u0111\u01b0\u1ee3c xem l\u00e0 b\u1ed9 m\u1eb7t c\u1ee7a ng\u00f4i nh\u00e0. N\u00f3 kh\u00f4ng ch\u1ec9 \u0111o\u0301ng vai tro\u0300 quan tro\u0323ng l\u00e0 ba\u0309o v\u00ea\u0323 an toa\u0300n cho ng\u00f4i nha\u0300 c\u1ee7a b\u1ea1n m\u00e0 c\u00f2n la\u0300m t\u0103ng th\u00eam ve\u0309 \u0111e\u0323p cu\u0309a c\u00f4ng tri\u0300nh. N\u1ebfu b\u1ea1n \u0111\u00e3 ch\u00e1n ng\u00e1n nh\u1eefng m\u1eabu c\u1eeda c\u1ed5ng s\u1eaft th\u00f4 k\u1ec7ch th\u00ec h\u00e3y \u0111\u1ec3 nh\u1eefng m\u1eabu c\u1ed5ng s\u1eaft ngh\u1ec7 thu\u1eadt c\u1ee7a ch\u00fang t\u00f4i mang \u0111\u1ebfn v\u1ebb \u0111\u1eb9p h\u00fat h\u1ed3n v\u00e0 g\u00e2y \u1ea5n t\u01b0\u1ee3ng cho c\u00f4ng tr\u00ecnh c\u1ee7a b\u1ea1n.<\/span><\/p>\n<p style=\"text-align: center;\"><span style=\"font-size:16px;\"><img decoding=\"async\" alt=\"C\u1eeda \u0111i s\u1eaft m\u1ef9 thu\u1eadt\" src=\"http:\/\/localhost\/o\/wp-content\/uploads\/2025\/08\/cua-cong-mau-cong-sat-nghe-thuat-dep-1.jpeg\" style=\"width: 600px; height: 713px;\" title=\"cua-cong-mau-cong-sat-nghe-thuat-dep-1\"><\/span><\/p>\n<h2><a href=\"https:\/\/satmythuatthanhan.com\/\"><strong><span style=\"font-size:16px;\">S\u0103\u0301t ngh\u1ec7 thu\u00e2\u0323t\u00a0l\u00e0:\u00a0<\/span><\/strong><\/a><\/h2>\n<p><span style=\"font-size:16px;\">S\u1eaft \u0111\u01b0\u01a1\u0323c u\u1ed1n hoa v\u0103n, h\u1ecda ti\u1ebft, l\u00e0 s\u1ef1 k\u1ebft h\u1ee3p tinh t\u1ebf gi\u1eefa y\u1ebfu t\u1ed1 k\u1ef9 thu\u1eadt v\u00e0 ngh\u1ec7 thu\u1eadt \u0111\u1ec3 bi\u1ebfn nh\u1eefng v\u1eadt li\u1ec7u th\u00f4 c\u1ee9ng th\u00e0nh nh\u1eefng s\u1ea3n ph\u1ea9m h\u1eefu \u00edch v\u00e0 c\u00f3 gi\u00e1 tr\u1ecb th\u1ea9m m\u1ef9. S\u1eaft v\u1edbi b\u00e0n tay t\u00e0i hoa, kh\u00e9o l\u00e9o nh\u1eefng ngh\u1ec7 nh\u00e2n, s\u1eaft m\u1ef9 thu\u1eadt \u0111\u00e3 tr\u1edf th\u00e0nh nh\u1eefng hoa v\u0103n m\u1ec1m m\u1ea1i, tinh t\u1ebf mang l\u1ea1i v\u1ebb \u0111\u1eb9p kh\u00f4ng th\u1ec3 thay th\u1ebf cho nh\u1eefng ng\u00f4i nh\u00e0 s\u1edf h\u1eefu ch\u00fang.<\/span><\/p>\n<p style=\"text-align: center;\"><span style=\"font-size:16px;\"><img decoding=\"async\" alt=\"C\u1eeda \u0111i s\u1eaft m\u1ef9 thu\u1eadt\" src=\"http:\/\/localhost\/o\/wp-content\/uploads\/2025\/08\/cua-cong-sat-my-thuat.jpeg\" style=\"width: 450px; height: 450px;\" title=\"cua-cong-sat-my-thuat\"><\/span><\/p>\n<p><span style=\"font-size:16px;\">S\u1ef1 k\u1ebft h\u1ee3p h\u00e0i h\u00f2a gi\u1eefa s\u1ef1 c\u1ee9ng c\u00e1p c\u1ee7a c\u1ed5ng v\u1edbi s\u1ef1 m\u1ec1m m\u1ea1i nh\u1eb9 nh\u00e0ng \u0111\u1ea7y ngh\u1ec7 thu\u1eadt c\u1ee7a nh\u1eefng hoa v\u0103n h\u1ecda ti\u1ebft tr\u00ean c\u1ed5ng \u0111\u00e3 cho ra \u0111\u1eddi nh\u1eefng m\u1eabu c\u1eeda s\u1eaft \u0111\u1eb9p ho\u00e0n m\u1ef9. S\u1eaft m\u1ef9 thu\u1eadt v\u1edbi v\u1ebb \u0111\u1eb9p \u0111\u1eb7c tr\u01b0ng tr\u00ean nh\u1eefng m\u1eabu c\u1eeda c\u1ed5ng \u0111\u00e3 gi\u00fap c\u00f4ng tr\u00ecnh tr\u1edf n\u00ean m\u1ec1m m\u1ea1i nh\u01b0ng kh\u00f4ng l\u00e0m m\u1ea5t \u0111i s\u1ef1 ho\u00e0nh tr\u00e1ng c\u1ee7a c\u00f4ng tr\u00ecnh.<\/span><\/p>\n<p style=\"text-align: center;\"><span style=\"font-size:16px;\"><img decoding=\"async\" alt=\"C\u1eeda \u0111i s\u1eaft m\u1ef9 thu\u1eadt\" src=\"http:\/\/localhost\/o\/wp-content\/uploads\/2025\/08\/cua-di-sat-nghe-thuat-2.jpeg\" style=\"width: 600px; height: 621px;\" title=\"cua-di-sat-nghe-thuat-2\"><\/span><\/p>\n<h3><strong><span style=\"font-size:16px;\"><a href=\"https:\/\/satmythuatthanhan.com\/cua-di-my-thuat\">C\u1eeda \u0111i s\u1eaft ngh\u1ec7 thu\u1eadt<\/a> ch\u00ednh l\u00e0:<\/span><\/strong><\/h3>\n<p><span style=\"font-size:16px;\">N\u01a1i \u0111\u1eb7t \u00e1nh nh\u00ecn \u0111\u1ea7u ti\u00ean c\u1ee7a m\u1ecdi v\u1ecb kh\u00e1ch khi \u0111\u1ebfn nh\u00e0 b\u1ea1n. V\u00ec v\u1eady ai c\u0169ng mu\u1ed1n nh\u00e0 m\u00ecnh c\u00f3 c\u00e1nh c\u1ed5ng \u0111\u1eb9p v\u00e0 n\u1ed5i b\u1eadt. M\u1eabu c\u1eeda s\u1eaft ngh\u1ec7 thu\u1eadt \u0111ang l\u00e0 xu h\u01b0\u1edbng l\u1ef1a ch\u1ecdn c\u1ee7a nhi\u1ec1u ng\u01b0\u1eddi tr\u00ean h\u00e0nh tr\u00ecnh t\u00ecm cho ng\u00f4i nh\u00e0 th\u00e2n y\u00eau m\u1ed9t c\u00e1nh c\u1eeda\u00a0\u0111\u1eb9p.<\/span><\/p>\n<p style=\"text-align: center;\"><span style=\"font-size:16px;\"><img decoding=\"async\" alt=\"C\u1eeda \u0111i s\u1eaft m\u1ef9 thu\u1eadt\" src=\"http:\/\/localhost\/o\/wp-content\/uploads\/2025\/08\/cua-di-sat-nghe-thuat-4.jpeg\" style=\"width: 600px; height: 450px;\" title=\"cua-di-sat-nghe-thuat-4\"><\/span><\/p>\n<p><span style=\"font-size:16px;\"><a href=\"https:\/\/satmythuatthanhan.com\/cua-di-my-thuat\">C\u1eeda \u0111i\u00a0s\u1eaft m\u1ef9 thu\u1eadt<\/a> \u0111ang ng\u00e0y c\u00e0ng \u0111\u01b0\u1ee3c xu\u1ea5t hi\u1ec7n nhi\u1ec1u h\u01a1n v\u00ec s\u1ef1 \u0111a d\u1ea1ng trong m\u1eabu m\u00e3, linh ho\u1ea1t trong thi\u1ebft k\u1ebf v\u00e0 \u0111\u1eb7c bi\u1ec7t l\u00e0 \u0111em l\u1ea1i s\u1ef1 nh\u1eb9 nh\u00e0ng, tinh t\u1ebf qua t\u1eebng \u0111\u01b0\u1eddng n\u00e9t t\u1ec9 m\u1ec9. Gi\u00fap ng\u00f4i nh\u00e0 tr\u1edf n\u00ean h\u00e0i h\u00f2a v\u00e0 sang tr\u1ecdng h\u01a1n. C\u1eeda ffi\u00a0s\u1eaft m\u1ef9 thu\u1eadt thu\u1eadt \u0111\u01b0\u1ee3c l\u00e0m b\u1edfi nh\u1eefng ng\u01b0\u1eddi th\u1ee3 c\u00f3 tay ngh\u1ec1 cao v\u00e0 c\u00f3 nhi\u1ec1u n\u0103m kinh nghi\u1ec7m trong ng\u00e0nh s\u1eaft n\u00ean nh\u1eefng s\u1ea3n ph\u1ea9m c\u1eeda c\u1ed5ng s\u1eaft m\u1ef9 thu\u1eadt c\u1ee7a C\u00f4ng ty lu\u00f4n c\u00f3 nh\u1eefng n\u00e9t s\u1eafc s\u1ea3o ri\u00eang bi\u1ec7t.<\/span><\/p>\n<p style=\"text-align: center;\"><span style=\"font-size:16px;\"><img decoding=\"async\" alt=\"C\u1eeda \u0111i s\u1eaft m\u1ef9 thu\u1eadt\" src=\"http:\/\/localhost\/o\/wp-content\/uploads\/2025\/08\/cua-di-sat-nghe-thuat-5.jpeg\" style=\"width: 600px; height: 682px;\" title=\"cua-di-sat-nghe-thuat-5\"><\/span><\/p>\n<p><span style=\"font-size:16px;\">C\u1eeda \u0111i\u00a0s\u1eaft n\u1eb1m \u1edf v\u1ecb tr\u00ed ch\u00ednh di\u1ec7n c\u1ee7a ng\u00f4i nh\u00e0, v\u1ecb tr\u00ed n\u1ed5i b\u1eadt nh\u1ea5t trong ki\u1ebfn tr\u00fac m\u1ed9t ng\u00f4i nh\u00e0, ch\u00ednh v\u00ec v\u1eady khi l\u1ef1a ch\u1ecdn c\u1ed5ng b\u1ea1n c\u1ea7n l\u1ef1a ch\u1ecdn sao cho ch\u00fang th\u1eadt ph\u00f9 h\u1ee3p v\u1edbi ki\u1ebfn tr\u00fac, ph\u1ea3i \u0111\u1eb9p m\u1eaft l\u00e0m n\u1ed5i b\u1eadt l\u00ean v\u1ebb \u0111\u1eb9p chung c\u1ee7a c\u1ea3 ng\u00f4i nh\u00e0.<\/span><\/p>\n<p style=\"text-align: center;\"><span style=\"font-size:16px;\"><img decoding=\"async\" alt=\"C\u1eeda \u0111i s\u1eaft m\u1ef9 thu\u1eadt\" src=\"http:\/\/localhost\/o\/wp-content\/uploads\/2025\/08\/cua-di-sat-nghe-thuat-6.jpeg\" style=\"width: 600px; height: 631px;\" title=\"cua-di-sat-nghe-thuat-6\"><\/span><\/p>\n<p><span style=\"font-size:16px;\">V\u1edbi xu h\u01b0\u1edbng hi\u1ec7n \u0111\u1ea1i ng\u00e0y nay, \u1edf nh\u1eefng ng\u00f4i bi\u1ec7t th\u1ef1 sang tr\u1ecdng hay khu \u0111\u00f4 th\u1ecb m\u1edbi, nh\u1eefng ng\u00f4i nh\u00e0 c\u00f3 m\u1eb7t ti\u1ec1n r\u1ed9ng r\u00e3i ng\u01b0\u1eddi ta \u0111\u1ec1u \u01b0u ti\u00ean l\u1ef1a ch\u1ecdn c\u1eeda c\u1ed5ng s\u1eaft m\u1ef9 thu\u1eadt \u0111\u1ec3 m\u1eb7t ti\u1ec1n tr\u1edf n\u00ean n\u1ed5i b\u1eadt, ng\u00f4i nh\u00e0 th\u00eam sang tr\u1ecdng, quy\u1ebfn r\u0169.<\/span><\/p>\n<p style=\"text-align: center;\"><span style=\"font-size:16px;\"><img decoding=\"async\" alt=\"C\u1eeda \u0111i s\u1eaft m\u1ef9 thu\u1eadt\" src=\"http:\/\/localhost\/o\/wp-content\/uploads\/2025\/08\/cua-di-sat-nghe-thuat-7.jpeg\" style=\"width: 600px; height: 721px;\" title=\"cua-di-sat-nghe-thuat-7\"><\/span><\/p>\n<p><span style=\"font-size:16px;\"><a href=\"https:\/\/satmythuatthanhan.com\/cua-di-my-thuat\">C\u1eeda \u0111i s\u0103\u0301t ngh\u00ea\u0323 thu\u00e2\u0323t <\/a>\u0111\u01b0\u01a1\u0323c la\u0300m b\u0103\u0300ng nguy\u00ean li\u00ea\u0323u s\u0103\u0301t h\u00f4\u0323p v\u01a1\u0301i \u0111\u00f4\u0323 c\u01b0\u0301ng ca\u0301p t\u00f4\u0301t, \u0111\u00f4\u0323 b\u00ea\u0300n cao, k\u00ea\u0301t h\u01a1\u0323p v\u01a1\u0301i ca\u0301c trang tri\u0301 hoa s\u0103\u0301t nhi\u00ea\u0300u hi\u0300nh da\u0301ng, gia c\u00f4ng tinh t\u00ea\u0301, co\u0301 th\u00ea\u0309 la\u0300m b\u0103\u0300ng s\u0103\u0301t t\u00e2\u0301m, \u0111\u00f4\u0300ng \u0111u\u0301c t\u00e2\u0301m,\u2026 ta\u0323o n\u00ean b\u00f4\u0323 c\u01b0\u0309a c\u00f4\u0309ng v\u01b0\u0303ng ch\u0103\u0301c, ch\u00f4\u0301ng cho\u0323i \u0111\u01b0\u01a1\u0323c v\u01a1\u0301i th\u01a1\u0300i thi\u00ea\u0301t khi\u0301 h\u00e2\u0323u thay \u0111\u00f4\u0309i th\u00e2\u0301t th\u01b0\u01a1\u0300ng.<\/span><\/p>\n<p style=\"text-align: center;\"><span style=\"font-size:16px;\"><img decoding=\"async\" alt=\"C\u1eeda \u0111i s\u1eaft m\u1ef9 thu\u1eadt\" src=\"http:\/\/localhost\/o\/wp-content\/uploads\/2025\/08\/cua-di-sat-nghe-thuat-8.jpeg\" style=\"width: 600px; height: 800px;\" title=\"cua-di-sat-nghe-thuat-8\"><\/span><\/p>\n<p><span style=\"font-size:16px;\">Ch\u00ednh v\u00ec th\u1ebf c\u1eeda c\u1eeda \u0111i\u00a0s\u1eaft ngh\u1ec7 thu\u1eadt s\u1ebd l\u00e0 l\u1ef1a ch\u1ecdn h\u00e0ng \u0111\u1ea7u s\u00e1nh \u0111\u00f4i b\u00ean c\u00f4ng tr\u00ecnh bi\u1ec7t th\u1ef1 c\u1ed5 \u0111i\u1ec3n, t\u00e2n c\u1ed5 \u0111i\u1ec3n ho\u1eb7c nh\u00e0 ph\u1ed1 cao c\u1ea5p thi\u1ebft k\u1ebf theo l\u1ed1i trang tr\u00ed, s\u1ea3n ph\u1ea9m mang l\u1ea1i v\u1ebb ki\u00eau sa v\u00e0 l\u1ed9ng l\u1eaby, kh\u00f4ng k\u00e9m ph\u1ea7n sang tr\u1ecdng khi so s\u00e1nh v\u1edbi c\u00e1c s\u1ea3n ph\u1ea9m b\u1eb1ng ch\u1ea5t li\u1ec7u cao c\u1ea5p kh\u00e1c \u0111ang c\u00f3 tr\u00ean th\u1ecb tr\u01b0\u1eddng hi\u1ec7n nay.<\/span><\/p>\n<p style=\"text-align: center;\"><span style=\"font-size:16px;\"><img decoding=\"async\" alt=\"C\u1eeda \u0111i s\u1eaft m\u1ef9 thu\u1eadt\" src=\"http:\/\/localhost\/o\/wp-content\/uploads\/2025\/08\/cua-di-sat-nghe-thuat-9.jpeg\" style=\"width: 600px; height: 656px;\" title=\"cua-di-sat-nghe-thuat-9\"><\/span><\/p>\n<p><span style=\"font-size:16px;\">Ch\u1ea5t li\u1ec7u s\u1eaft tuy d\u1ec5 bi\u1ebfn t\u1ea5u, d\u1ec5 n\u1ed5i b\u1eadt nh\u01b0ng th\u1eadt s\u1ef1 l\u1ea1i r\u1ea5t kh\u00f3 \u0111\u1ec3 t\u1eadn d\u1ee5ng s\u1ef1 uy\u1ec3n chuy\u1ec3n, tinh x\u1ea3o c\u1ee7a hoa v\u0103n s\u1eaft v\u00e0o c\u1eeda c\u1ed5ng \u0111\u1ec3 \u0111\u1ea3m b\u1ea3o t\u00ednh tinh t\u1ebf, kh\u00f4ng l\u00e0m r\u1ed1i m\u1eaft cho ng\u01b0\u1eddi nh\u00ecn. Y\u1ebfu t\u1ed1 n\u00e0y ph\u1ee5 thu\u1ed9c ch\u1ee7 y\u1ebfu v\u00e0o m\u1eaft th\u1ea9m m\u1ef9 c\u1ee7a ng\u01b0\u1eddi thi\u1ebft k\u1ebf, c\u0169ng nh\u01b0 tay ngh\u1ec1 c\u1ee7a ng\u01b0\u1eddi th\u1ee3 thi c\u00f4ng.<\/span><\/p>\n<p style=\"text-align: center;\"><span style=\"font-size:16px;\"><img decoding=\"async\" alt=\"C\u1eeda \u0111i s\u1eaft m\u1ef9 thu\u1eadt\" src=\"http:\/\/localhost\/o\/wp-content\/uploads\/2025\/08\/cua-di-sat-nghe-thuat-10.jpeg\" style=\"width: 600px; height: 718px;\" title=\"cua-di-sat-nghe-thuat-10\"><\/span><\/p>\n<p><span style=\"font-size:16px;\">Gia\u0301 c\u01b0\u0309a <a href=\"https:\/\/satmythuatthanhan.com\/cua-di-my-thuat\">c\u1eeda \u0111i\u00a0s\u0103\u0301t ngh\u00ea\u0323 thu\u00e2\u0323t <\/a>th\u01b0\u01a1\u0300ng cao h\u01a1n so v\u01a1\u0301i ca\u0301c loa\u0323i c\u00f4\u0309ng s\u0103\u0301t kha\u0301c b\u01a1\u0309i gia c\u00f4ng r\u00e2\u0301t kho\u0301 kh\u0103n, kh\u00f4ng \u0111\u01b0\u01a1\u0323c sai so\u0301t. Tuy v\u00e2\u0323y nh\u01b0ng nhi\u0300n chung gia\u0301 c\u01b0\u0309a c\u00f4\u0309ng s\u0103\u0301t my\u0303 ngh\u00ea\u0323 cho bi\u00ea\u0323t th\u01b0\u0323 cu\u0303ng r\u00e2\u0301t v\u01b0\u0300a pha\u0309i, n\u00ea\u0301u ba\u0323n la\u0300 ng\u01b0\u01a1\u0300i kinh doanh, se\u0303 d\u00ea\u0303 da\u0300ng nh\u00e2\u0323n th\u00e2\u0301y khi so sa\u0301nh v\u01a1\u0301i th\u01a1\u0300i gian s\u01b0\u0309 du\u0323ng thi\u0300 vi\u00ea\u0323c l\u0103\u0301p c\u00f4\u0309ng s\u0103\u0301t my\u0303 thu\u00e2\u0323t co\u0301 gia\u0301 r\u00e2\u0301t re\u0309 vi\u0300 tu\u00f4\u0309i tho\u0323 s\u01b0\u0309 du\u0323ng r\u00e2\u0301t l\u00e2u (co\u0301 th\u00ea\u0309 l\u00ean \u0111\u00ea\u0301n va\u0300i chu\u0323c n\u0103m).<\/span><\/p>\n<p style=\"text-align: center;\"><span style=\"font-size:16px;\"><img decoding=\"async\" alt=\"C\u1eeda \u0111i s\u1eaft m\u1ef9 thu\u1eadt\" src=\"http:\/\/localhost\/o\/wp-content\/uploads\/2025\/08\/cua-di-sat-nghe-thuat-11.jpeg\" style=\"width: 600px; height: 629px;\" title=\"cua-di-sat-nghe-thuat-11\"><\/span><\/p>\n<p><span style=\"font-size:16px;\">C\u1eeda\u00a0s\u1eaft phong c\u00e1ch ngh\u1ec7 thu\u1eadt \u0111\u1ed9c \u0111\u00e1o \u0111\u01b0\u1ee3c thi\u1ebft k\u1ebf b\u1eb1ng s\u1ef1 s\u00e1ng t\u1ea1o ngh\u1ec7 thu\u1eadt, m\u1ed9t s\u1ed1 m\u1eabu kh\u00f4ng kh\u1ecfi l\u00e0m kh\u00e1ch \u0111\u1ebfn ch\u01a1i nh\u00e0 ng\u1ea1c nhi\u00ean v\u00ec s\u1ef1 \u0111\u1ed9c \u0111\u00e1o, \u201ckh\u00f4ng \u0111\u1ee5ng h\u00e0ng\u201d c\u1ee7a n\u00f3. M\u1ed9t s\u1ed1 nh\u00e0 thi\u1ebft k\u1ebf ngo\u1ea1i th\u1ea5t \u0111\u01b0\u1ee3c thu\u00ea v\u1ec1 \u0111\u1ec3 l\u00ean \u00fd t\u01b0\u1edfng cho c\u1eeda c\u1ed5ng. Ho\u1eb7c c\u0169ng c\u00f3 th\u1ec3, m\u1eabu c\u1eeda c\u1ed5ng xu\u1ea5t ph\u00e1t t\u1eeb \u00fd t\u01b0\u1edfng mong mu\u1ed1n c\u1ee7a ch\u1ee7 nh\u00e0. Sau \u0111\u00f3, nh\u1eefng m\u1eabu n\u00e0y s\u1ebd \u0111\u01b0\u1ee3c \u0111\u1eb7t l\u00e0m ri\u00eang b\u1edfi nh\u1eefng ng\u01b0\u1eddi th\u1ee3 l\u00e0m c\u1eeda s\u1eaft l\u00e0nh ngh\u1ec1.<\/span><\/p>\n<p style=\"text-align: center;\"><span style=\"font-size:16px;\"><img decoding=\"async\" alt=\"C\u1eeda \u0111i s\u1eaft m\u1ef9 thu\u1eadt\" src=\"http:\/\/localhost\/o\/wp-content\/uploads\/2025\/08\/cua-di-sat-nghe-thuat-12.jpeg\" style=\"width: 600px; height: 600px;\" title=\"cua-di-sat-nghe-thuat-12\"><\/span><\/p>\n<p><span style=\"font-size:16px;\">C\u00e1c s\u1ea3n ph\u1ea9m s\u1eaft m\u1ef9 thu\u1eadt lu\u00f4n \u0111\u01b0\u1ee3c thi\u1ebft k\u1ebf theo \u00fd t\u01b0\u1edfng, s\u1edf th\u00edch c\u1ee7a kh\u00e1ch h\u00e0ng, k\u1ebft h\u1ee3p v\u1edbi s\u1ef1 t\u01b0 v\u1ea5n c\u1ee7a k\u1ef9 thu\u1eadt vi\u00ean. S\u1ea3n ph\u1ea9m s\u1eaft m\u1ef9 thu\u1eadt hi\u1ec7n nay \u0111a s\u1ed1 ph\u00f9 h\u1ee3p v\u1edbi c\u00e1c c\u00f4ng tr\u00ecnh ki\u1ebfn tr\u00fac t\u1eeb c\u1ed5 \u0111i\u1ec3n \u0111\u1ebfn hi\u1ec7n \u0111\u1ea1i. C\u1eeda\u00a0c\u1ed5ng s\u1eaft m\u1ef9 thu\u1eadt thu\u1eadt \u0111\u01b0\u1ee3c l\u00e0m b\u1edfi nh\u1eefng ng\u01b0\u1eddi th\u1ee3 c\u00f3 tay ngh\u1ec1 cao v\u00e0 c\u00f3 nhi\u1ec1u n\u0103m kinh nghi\u1ec7m trong ng\u00e0nh s\u1eaft n\u00ean nh\u1eefng s\u1ea3n ph\u1ea9m c\u1eeda c\u1ed5ng s\u1eaft m\u1ef9 thu\u1eadt c\u1ee7a ch\u00fang t\u00f4i lu\u00f4n c\u00f3 nh\u1eefng n\u00e9t s\u1eafc x\u1ea3o ri\u00eang bi\u1ec7t.<\/span><\/p>\n<p style=\"text-align: center;\"><span style=\"font-size:16px;\"><img decoding=\"async\" alt=\"C\u1eeda \u0111i s\u1eaft m\u1ef9 thu\u1eadt\" src=\"http:\/\/localhost\/o\/wp-content\/uploads\/2025\/08\/cua-di-sat-nghe-thuat-16.jpeg\" style=\"width: 600px; height: 600px;\" title=\"cua-di-sat-nghe-thuat-16\"><\/span><\/p>\n<p><span style=\"font-size:16px;\">N\u1ebfu qu\u00fd b\u1ea1n \u0111ang c\u00f3 nhu c\u1ea7u thi c\u00f4ng l\u1eafp \u0111\u1eb7t c\u1eeda c\u1ed5ng s\u1eaft ngh\u1ec7 thu\u1eadt, hoa s\u1eaft m\u1ef9 ngh\u1ec7 h\u00e3y li\u00ean h\u1ec7 ngay v\u1edbi ch\u00fang t\u00f4i \u0111\u1ec3 \u0111\u01b0\u1ee3c ph\u1ee5c v\u1ee5 nhanh ch\u00f3ng nh\u00e9! V\u1edbi \u0111\u1ed9i ng\u0169 k\u1ef9 s\u01b0 thi\u1ebft k\u1ebf nh\u00e0 ngh\u1ec1, c\u00e1c ngh\u1ec7 nh\u00e2n ch\u1ebf t\u00e1c s\u1eaft nhi\u1ec1u n\u0103m kinh nghi\u1ec7m, ch\u00fang t\u00f4i t\u1ef1 tin mang t\u1edbi qu\u00fd v\u1ecb nh\u1eefng s\u1ea3n ph\u1ea9m \u0111\u1eb9p nh\u1ea5t hi\u1ec7n nay m\u00e0 kh\u00f4ng n\u01a1i n\u00e0o c\u00f3 th\u1ec3 \u0111\u00e1p \u1ee9ng cho qu\u00fd v\u1ecb.<\/span><\/p>\n<p style=\"text-align: center;\"><span style=\"font-size:16px;\"><img decoding=\"async\" src=\"http:\/\/localhost\/o\/wp-content\/uploads\/2025\/08\/cua-di-sat-nghe-thuat-17.jpeg\" style=\"width: 600px; height: 526px;\" title=\"cua-di-sat-nghe-thuat-17\"><\/span><\/p>\n<p><span style=\"font-size:16px;\">Khi n\u00e0o b\u1ea1n c\u00f3 nhu c\u1ea7u l\u1eafp \u0111\u1eb7t c\u1eeda \u0111i\u00a0s\u1eaft m\u1ef9 thu\u1eadt h\u00e3y li\u00ean h\u1ec7. Ch\u00fang t\u00f4i v\u1edbi \u0111\u1ed9i ng\u0169 thi\u1ebft k\u1ebf chuy\u00ean nghi\u1ec7p v\u00e0 \u0111\u1ed9i ng\u0169 th\u1ee3 l\u00e0nh ngh\u1ec1 s\u1ebd mang \u0111\u1ebfn m\u1ed9t b\u1ed9 c\u1eeda c\u1ed5ng \u0111\u1eb9p nh\u1ea5t, s\u00e1ng t\u1ea1o nh\u1ea5t v\u00e0 ch\u1ea5t l\u01b0\u1ee3ng nh\u1ea5t. S\u1ea3n ph\u1ea9m s\u1eaft m\u1ef9 thu\u1eadt s\u1ebd l\u00e0 ngo\u1ea1i th\u1ea5t l\u1ed9ng l\u1eaby nh\u1ea5t cho ng\u00f4i nh\u00e0 c\u1ee7a qu\u00fd kh\u00e1ch. M\u1ecdi chi ti\u1ebft xin li\u00ean h\u1ec7:<strong><span style=\"color:#e74c3c;\">\u00a0<\/span><\/strong><\/span><strong><span style=\"color:#e74c3c;\">Tel:\u00a00984 606 488 (Ch\u1ecb H\u00e0 &#8211; Chuy\u00ean vi\u00ean t\u01b0 v\u1ea5n v\u00e0 b\u00e1o gi\u00e1\u00a0 &#8211;\u00a0\u00a0Tel:\u00a00986\u00a0040\u00a0655\u00a0(Anh An &#8211; H\u1ed7 tr\u1ee3 t\u01b0 v\u1ea5n k\u1ef9 thu\u1eadt)<\/span><\/strong><\/p>\n<\/div>\n","protected":false},"excerpt":{"rendered":"<p>T\u1eeb tr\u01b0\u1edbc \u0111\u1ebfn nay, c\u1eeda c\u00f4\u0309ng \u0111\u01b0\u1ee3c xem l\u00e0 b\u1ed9 m\u1eb7t c\u1ee7a ng\u00f4i nh\u00e0. N\u00f3 kh\u00f4ng ch\u1ec9 \u0111o\u0301ng vai tro\u0300 quan tro\u0323ng l\u00e0 ba\u0309o v\u00ea\u0323 an toa\u0300n cho ng\u00f4i nha\u0300 c\u1ee7a b\u1ea1n m\u00e0 c\u00f2n la\u0300m t\u0103ng th\u00eam ve\u0309 \u0111e\u0323p cu\u0309a c\u00f4ng tri\u0300nh. N\u1ebfu b\u1ea1n \u0111\u00e3 ch\u00e1n ng\u00e1n nh\u1eefng m\u1eabu c\u1eeda c\u1ed5ng s\u1eaft th\u00f4 k\u1ec7ch th\u00ec&#8230;<\/p>\n","protected":false},"featured_media":626,"comment_status":"closed","ping_status":"closed","template":"","meta":[],"product_cat":[15],"product_tag":[],"_links":{"self":[{"href":"https:\/\/satmythuatgiare.com\/index.php?rest_route=\/wp\/v2\/product\/625"}],"collection":[{"href":"https:\/\/satmythuatgiare.com\/index.php?rest_route=\/wp\/v2\/product"}],"about":[{"href":"https:\/\/satmythuatgiare.com\/index.php?rest_route=\/wp\/v2\/types\/product"}],"replies":[{"embeddable":true,"href":"https:\/\/satmythuatgiare.com\/index.php?rest_route=%2Fwp%2Fv2%2Fcomments&post=625"}],"wp:featuredmedia":[{"embeddable":true,"href":"https:\/\/satmythuatgiare.com\/index.php?rest_route=\/wp\/v2\/media\/626"}],"wp:attachment":[{"href":"https:\/\/satmythuatgiare.com\/index.php?rest_route=%2Fwp%2Fv2%2Fmedia&parent=625"}],"wp:term":[{"taxonomy":"product_cat","embeddable":true,"href":"https:\/\/satmythuatgiare.com\/index.php?rest_route=%2Fwp%2Fv2%2Fproduct_cat&post=625"},{"taxonomy":"product_tag","embeddable":true,"href":"https:\/\/satmythuatgiare.com\/index.php?rest_route=%2Fwp%2Fv2%2Fproduct_tag&post=625"}],"curies":[{"name":"wp","href":"https:\/\/api.w.org\/{rel}","templated":true}]}}