{"id":621,"date":"2025-08-26T14:40:21","date_gmt":"2025-08-26T14:40:21","guid":{"rendered":"http:\/\/localhost\/o\/?product=cu%cc%89a-sat-nghe%cc%a3-thua%cc%a3t-cs02"},"modified":"2025-08-26T14:40:25","modified_gmt":"2025-08-26T14:40:25","slug":"cu%cc%89a-sat-nghe%cc%a3-thua%cc%a3t-cs02","status":"publish","type":"product","link":"https:\/\/satmythuatgiare.com\/?product=cu%cc%89a-sat-nghe%cc%a3-thua%cc%a3t-cs02","title":{"rendered":"C\u01b0\u0309a s\u0103\u0301t ngh\u00ea\u0323 thu\u00e2\u0323t &#8211; CS02"},"content":{"rendered":"<\/p>\n<div class=\"content-tabs-pro-detail info-pro-detail active text\">\n<p>\n<a href=\"https:\/\/satmythuatthanhan.com\/cua-di-my-thuat\">C\u01b0\u0309a \u0111i s\u0103\u0301t ngh\u00ea\u0323 thu\u00e2\u0323t <\/a>&#8211; CS02 \u0111\u01b0\u01a1\u0323c thi\u00ea\u0301t k\u00ea\u0301 \u0111\u01a1n gia\u0309n nh\u01b0ng v\u00f4 cu\u0300ng ma\u0323nh me\u0303 va\u0300 ch\u0103\u0301c ch\u0103\u0301n. Khung bao va\u0300 vi\u00ea\u0300n s\u01b0\u0309 du\u0323ng s\u0103\u0301t h\u00f4\u0323p, phi\u0301a tr\u00ean s\u01b0\u0309 du\u0323ng s\u0103\u0301t vu\u00f4ng \u0111\u0103\u0323c u\u00f4\u0301n ta\u0323o hi\u0300nh \u0111\u00e2\u0300u b\u00f4ng. Ca\u0301c hoa v\u0103n nho\u0309 s\u01b0\u0309 du\u0323ng thanh pla, ca\u0301c thanh s\u0103\u0301t li\u00ean k\u00ea\u0301t v\u01a1\u0301i nhau ch\u0103\u0301c ch\u0103\u0301n va\u0300 ma\u0323nh me\u0303.\u00a0<\/p>\n<p style=\"text-align: center;\"><img decoding=\"async\" alt=\"C\u1eeda \u0111i s\u1eaft m\u1ef9 thu\u1eadt\" src=\"http:\/\/localhost\/o\/wp-content\/uploads\/2025\/08\/cua-sat-my-thuat-2b.jpeg\" style=\"width: 420px; height: 420px;\" title=\"cua-sat-my-thuat-2b\"><\/p>\n<p>Phi\u0301a d\u01b0\u01a1\u0301i cu\u0309a c\u01b0\u0309a s\u0103\u0301t s\u01b0\u0309 du\u0323ng t\u00f4n d\u00e2\u0323p n\u00f4\u0309i \u0111\u00ea\u0309 ba\u0309o v\u00ea\u0323. K\u00ea\u0301t h\u01a1\u0323p v\u01a1\u0301i ki\u0301nh c\u01b0\u01a1\u0300ng l\u01b0\u0323c thi\u0300 \u0111\u00e2y la\u0300 m\u00f4\u0323t m\u00e2\u0303u c\u01b0\u0309a s\u0103\u0301t my\u0303 thu\u00e2\u0323t hoa\u0300n ha\u0309o. Co\u0301 th\u00ea\u0309 du\u0300ng la\u0300m c\u01b0\u0309a m\u00f4\u0323t ca\u0301nh, hai ca\u0301nh ho\u0103\u0323c b\u00f4\u0301n ca\u0301nh.\u00a0<\/p>\n<p>Kh\u00f4ng du\u0300ng \u0111\u00ea\u0301n qua\u0301 nhi\u00ea\u0300u hoa <a href=\"https:\/\/satmythuatthanhan.com\">s\u0103\u0301t ngh\u00ea\u0323 thu\u00e2\u0323t <\/a>nh\u01b0ng m\u00e2\u0303u c\u01b0\u0309a s\u0103\u0301t na\u0300y cu\u0303ng mang nh\u01b0\u0303ng ne\u0301t ngh\u00ea\u0323 thu\u00e2\u0323t \u0111\u00f4\u0323c \u0111a\u0301o. Phu\u0300 h\u01a1\u0323p cho nh\u01b0\u0303ng ng\u01b0\u01a1\u0300i y\u00eau thi\u0301ch s\u01b0\u0323 \u0111\u01a1n gia\u0309n va\u0300 hi\u00ea\u0323n \u0111a\u0323i.<\/p>\n<p>Ca\u0301c m\u00e2\u0303u c\u01b0\u0309a s\u0103\u0301t ngh\u00ea\u0323 thu\u00e2\u0323t cu\u0309a\u00a0 <strong>Th\u00e0nh An<\/strong>\u00a0r\u00e2\u0301t \u0111a da\u0323ng v\u00ea\u0300 m\u00e2\u0303u ma\u0303 va\u0300 chu\u0309ng loa\u0323i. Khi \u0111\u00ea\u0301n v\u01a1\u0301i chu\u0301ng t\u00f4i ch\u0103\u0301c ch\u0103\u0301n ba\u0323n se\u0303 ti\u0300m \u0111\u01b0\u01a1\u0323c m\u00f4\u0323t m\u00e2\u0303u \u01b0ng y\u0301 va\u0300 chu\u0301ng t\u00f4i \u0111a\u0309m ba\u0309o kh\u00f4ng la\u0300m ba\u0323n th\u00e2\u0301t vo\u0323ng.<\/p>\n<p>Chi ti\u1ebft C<a href=\"https:\/\/satmythuatthanhan.com\/cua-di-my-thuat\">\u01b0\u0309a s\u0103\u0301t ngh\u00ea\u0323 thu\u00e2\u0323t<\/a> &#8211; CS02<br \/>\nTh\u01b0\u01a1ng hi\u1ec7u: H\u1ed3n S\u1eaft Vi\u1ec7t<br \/>\nM\u00e0u s\u1eafc: \u0110en, tr\u1eafng, g\u1ed7, \u0111\u1ed3ng&#8230;<br \/>\nCh\u1ea5t li\u1ec7u: S\u1eaft m\u1ef9 thu\u1eadt\u00a0<br \/>\nK\u00edch th\u01b0\u1edbc: Tu\u0300y theo ki\u0301ch th\u01b0\u01a1\u0301c th\u01b0\u0323c t\u00ea\u0301<br \/>\nH\u00ea\u0323 c\u01b0\u0309a: 1 ca\u0301nh, 2 ca\u0301nh, 4 ca\u0301nh<br \/>\nS\u1ea3n ph\u1ea9m \u0111a\u0303 bao g\u00f4\u0300m v\u00e2\u0323n chuy\u00ea\u0309n va\u0300 l\u0103\u0301p \u0111\u0103\u0323t ta\u0323i khu v\u01b0\u0323c TP. HCM<br \/>\nM\u00e2\u0303u c\u01b0\u0309a s\u0103\u0301t my\u0303 thu\u00e2\u0323t<\/p>\n<p>S\u01b0\u0309 du\u0323ng h\u00ea\u0323 c\u01b0\u0309a 1 ca\u0301nh cu\u0303ng r\u00e2\u0301t sang tro\u0323ng va\u0300 duy\u00ean da\u0301ng<\/p>\n<p style=\"text-align: center;\"><img decoding=\"async\" alt=\"C\u1eeda \u0111i s\u1eaft m\u1ef9 thu\u1eadt\" src=\"http:\/\/localhost\/o\/wp-content\/uploads\/2025\/08\/cua-sat-my-thuat-2a.jpeg\" style=\"width: 420px; height: 420px;\" title=\"cua-sat-my-thuat-2a\"><\/p>\n<p>N\u00ea\u0301u ba\u0323n c\u00e2\u0300n s\u01b0\u0323 t\u01b0 v\u00e2\u0301n ho\u0103\u0323c th\u0103\u0301c m\u0103\u0301c v\u00ea\u0300 sa\u0309n ph\u00e2\u0309m. M\u1ecdi chi ti\u1ebft xin li\u00ean h\u1ec7:<strong>\u00a0<\/strong><strong>Tel:\u00a00984 606 488 (Ch\u1ecb H\u00e0 &#8211; Chuy\u00ean vi\u00ean t\u01b0 v\u1ea5n v\u00e0 b\u00e1o gi\u00e1\u00a0 &#8211;\u00a0\u00a0Tel:\u00a00986\u00a0040\u00a0655\u00a0(Anh An &#8211; H\u1ed7 tr\u1ee3 t\u01b0 v\u1ea5n k\u1ef9 thu\u1eadt)<\/strong><\/p>\n<p>C\u1ea3m \u01a1n b\u1ea1n \u0111\u00e3 d\u00e0nh th\u1eddi gian qu\u00fd b\u00e1u \u0111\u1ec3 t\u00ecm hi\u1ec3u s\u1ea3n ph\u1ea9m c\u1ee7a ch\u00fang t\u00f4i. Ch\u00fac b\u1ea1n m\u1ecdi \u0111i\u1ec1u t\u1ed1t l\u00e0nh m\u1ed7i ng\u00e0y.<\/p>\n<\/div>\n","protected":false},"excerpt":{"rendered":"<p>C\u01b0\u0309a \u0111i s\u0103\u0301t ngh\u00ea\u0323 thu\u00e2\u0323t &#8211; CS02 \u0111\u01b0\u01a1\u0323c thi\u00ea\u0301t k\u00ea\u0301 \u0111\u01a1n gia\u0309n nh\u01b0ng v\u00f4 cu\u0300ng ma\u0323nh me\u0303 va\u0300 ch\u0103\u0301c ch\u0103\u0301n. Khung bao va\u0300 vi\u00ea\u0300n s\u01b0\u0309 du\u0323ng s\u0103\u0301t h\u00f4\u0323p, phi\u0301a tr\u00ean s\u01b0\u0309 du\u0323ng s\u0103\u0301t vu\u00f4ng \u0111\u0103\u0323c u\u00f4\u0301n ta\u0323o hi\u0300nh \u0111\u00e2\u0300u b\u00f4ng. Ca\u0301c hoa v\u0103n nho\u0309 s\u01b0\u0309 du\u0323ng thanh pla, ca\u0301c thanh s\u0103\u0301t li\u00ean k\u00ea\u0301t v\u01a1\u0301i nhau&#8230;<\/p>\n","protected":false},"featured_media":622,"comment_status":"closed","ping_status":"closed","template":"","meta":[],"product_cat":[15],"product_tag":[],"_links":{"self":[{"href":"https:\/\/satmythuatgiare.com\/index.php?rest_route=\/wp\/v2\/product\/621"}],"collection":[{"href":"https:\/\/satmythuatgiare.com\/index.php?rest_route=\/wp\/v2\/product"}],"about":[{"href":"https:\/\/satmythuatgiare.com\/index.php?rest_route=\/wp\/v2\/types\/product"}],"replies":[{"embeddable":true,"href":"https:\/\/satmythuatgiare.com\/index.php?rest_route=%2Fwp%2Fv2%2Fcomments&post=621"}],"wp:featuredmedia":[{"embeddable":true,"href":"https:\/\/satmythuatgiare.com\/index.php?rest_route=\/wp\/v2\/media\/622"}],"wp:attachment":[{"href":"https:\/\/satmythuatgiare.com\/index.php?rest_route=%2Fwp%2Fv2%2Fmedia&parent=621"}],"wp:term":[{"taxonomy":"product_cat","embeddable":true,"href":"https:\/\/satmythuatgiare.com\/index.php?rest_route=%2Fwp%2Fv2%2Fproduct_cat&post=621"},{"taxonomy":"product_tag","embeddable":true,"href":"https:\/\/satmythuatgiare.com\/index.php?rest_route=%2Fwp%2Fv2%2Fproduct_tag&post=621"}],"curies":[{"name":"wp","href":"https:\/\/api.w.org\/{rel}","templated":true}]}}