{"id":618,"date":"2025-08-26T14:40:14","date_gmt":"2025-08-26T14:40:14","guid":{"rendered":"http:\/\/localhost\/o\/?product=cua-cong-sat-my-thuat"},"modified":"2025-08-26T14:40:17","modified_gmt":"2025-08-26T14:40:17","slug":"cua-cong-sat-my-thuat","status":"publish","type":"product","link":"https:\/\/satmythuatgiare.com\/?product=cua-cong-sat-my-thuat","title":{"rendered":"C\u1eecA C\u1ed4NG  S\u1eaeT M\u1ef8 THU\u1eacT"},"content":{"rendered":"<\/p>\n<div class=\"content-tabs-pro-detail info-pro-detail active text\">\n<p><span style=\"font-size:16px;\">Chuy\u00ean cung c\u1ea5p c\u00e1c c\u1eeda s\u1eaft m\u1ef9 thu\u1eadt Th\u00e0nh An.\u00a0<\/span><\/p>\n<p>\n<span style=\"font-size:16px;\">Chi ti\u1ebft hoa v\u0103n s\u1eaft u\u1ed1n : d\u00f9ng lo\u1ea1i s\u1eaft \u0111\u1eb7c c\u00e1n n\u00f3ng , lo\u1ea1i s\u1eaft d\u1ebbo m\u1ec1n d\u1ec5 u\u1ed1n , l\u1eabn \u00edt t\u1ea1p ch\u1ea5t . lo\u1ea1i s\u1eaft r\u00e8n chuy\u00ean d\u00f9ng trong ngh\u00e0nh s\u1eaft m\u1ef9 thu\u1eadt .<\/span><\/p>\n<p><span style=\"font-size:16px;\">Ph\u1ee5 ki\u1ec7n k\u00e8m theo : Ph\u1ee5 ki\u1ec7n th\u00e9p \u0111\u00fac , th\u00e9p d\u1eadp , ph\u1ee5 ki\u1ec7n nh\u00f4m \u0111\u00fac cao c\u1ea5p nh\u1eadp kh\u1ea9u .<\/span><\/p>\n<p><span style=\"font-size:16px;\">C\u00f4ng ngh\u1ec7 x\u1eed l\u00fd b\u1ec1 m\u1eb7t s\u1ea3n ph\u1ea9m tr\u01b0\u1edbc khi s\u01a1n : s\u1eed d\u1ee5ng c\u00f4ng ngh\u1ec7 phun c\u00e1t \u00e1p l\u1ef1c cao ( chuy\u00ean d\u00f9ng cho ng\u00e0nh t\u00e0u bi\u1ec3n ) \u0111\u1ec3 x\u1eed l\u00fd b\u1ec1 m\u1eb7t s\u1ea3n ph\u1ea9m tr\u01b0\u1edbc khi s\u01a1n\u00a0<\/span><\/p>\n<p><span style=\"font-size:16px;\">S\u01a1n : C\u00f4ng ngh\u1ec7 s\u01a1n Singapo , lo\u1ea1i chuy\u00ean d\u1ee5ng cho c\u00e1c s\u1ea3n ph\u1ea9m c\u1eeda \u0111i s\u1eaft m\u1ef9 thu\u1eadt .<\/span><\/p>\n<h2><span style=\"font-size:20px;\"><strong>Th\u00f4ng s\u1ed1 k\u1ef9 thu\u1eadt c\u1ee7a c\u1eeda \u0111i s\u1eaft m\u1ef9 thu\u1eadt<\/strong><\/span><\/h2>\n<p><span style=\"font-size:16px;\">K\u00edch th\u01b0\u1edbc c\u1eeda \u0111i <a href=\"https:\/\/satmythuatthanhan.com\/\">s\u1eaft m\u1ef9 thu\u1eadt<\/a> : Theo th\u1ef1c t\u1ebf \u0111o \u0111\u1ea1t t\u1ea1i c\u00f4ng tr\u00ecnh.<\/span><\/p>\n<p><span style=\"font-size:16px;\">B\u1ea3n v\u1ebd thi\u1ebft k\u1ebf : C\u00f3 b\u1ea3n v\u1ebd thi\u1ebft k\u1ebf c\u1eeda \u0111i s\u1eaft m\u1ef9 thu\u1eadt . Th\u1ed1ng k\u00ea chi ti\u1ebft v\u1eadt t\u01b0 cho t\u1eebng h\u1ea1ng m\u1ee5c s\u1ea3n xu\u1ea5t v\u00e0 ph\u1ea3i th\u1ed1ng nh\u1ea5t ph\u01b0\u01a1ng \u00e1n thi\u1ebft k\u1ebf theo k\u00edch th\u01b0\u1edbc th\u1ef1c t\u1ebf v\u1edbi ch\u1ee7 nh\u00e0 tr\u01b0\u1edbc khi s\u1ea3n xu\u1ea5t .<\/span><\/p>\n<p><span style=\"font-size:16px;\">\u00a0C\u00f3 1 l\u1edbp k\u00ednh c\u01b0\u1eddng l\u1ef1c bao ph\u1ee7 b\u00ean ngo\u00e0i , \u0111\u1ec3 ch\u00e1nh b\u1ee5i , b\u1ea9n , m\u01b0a gi\u00f3 v\u00e0 b\u1ea3o v\u1ec7 an to\u00e0n b\u00ean trong<\/span><\/p>\n<p style=\"text-align: center;\"><span style=\"font-size:16px;\"><img decoding=\"async\" alt=\"C\u1eeda \u0111i s\u1eaft m\u1ef9 thu\u1eadt\" src=\"http:\/\/localhost\/o\/wp-content\/uploads\/2025\/08\/congsatnghethuatmythuat1-255.jpeg\" style=\"width: 600px; height: 588px;\" title=\"congsatnghethuatmythuat1-255\"><\/span><\/p>\n<\/div>\n","protected":false},"excerpt":{"rendered":"<p>Ph\u1ee5 ki\u1ec7n k\u00e8m theo : Ph\u1ee5 ki\u1ec7n th\u00e9p \u0111\u00fac , th\u00e9p d\u1eadp , ph\u1ee5 ki\u1ec7n nh\u00f4m \u0111\u00fac cao c\u1ea5p nh\u1eadp kh\u1ea9u .<\/p>\n","protected":false},"featured_media":619,"comment_status":"closed","ping_status":"closed","template":"","meta":[],"product_cat":[15],"product_tag":[],"_links":{"self":[{"href":"https:\/\/satmythuatgiare.com\/index.php?rest_route=\/wp\/v2\/product\/618"}],"collection":[{"href":"https:\/\/satmythuatgiare.com\/index.php?rest_route=\/wp\/v2\/product"}],"about":[{"href":"https:\/\/satmythuatgiare.com\/index.php?rest_route=\/wp\/v2\/types\/product"}],"replies":[{"embeddable":true,"href":"https:\/\/satmythuatgiare.com\/index.php?rest_route=%2Fwp%2Fv2%2Fcomments&post=618"}],"wp:featuredmedia":[{"embeddable":true,"href":"https:\/\/satmythuatgiare.com\/index.php?rest_route=\/wp\/v2\/media\/619"}],"wp:attachment":[{"href":"https:\/\/satmythuatgiare.com\/index.php?rest_route=%2Fwp%2Fv2%2Fmedia&parent=618"}],"wp:term":[{"taxonomy":"product_cat","embeddable":true,"href":"https:\/\/satmythuatgiare.com\/index.php?rest_route=%2Fwp%2Fv2%2Fproduct_cat&post=618"},{"taxonomy":"product_tag","embeddable":true,"href":"https:\/\/satmythuatgiare.com\/index.php?rest_route=%2Fwp%2Fv2%2Fproduct_tag&post=618"}],"curies":[{"name":"wp","href":"https:\/\/api.w.org\/{rel}","templated":true}]}}