{"id":615,"date":"2025-08-26T14:40:04","date_gmt":"2025-08-26T14:40:04","guid":{"rendered":"http:\/\/localhost\/o\/?product=cua-cong-sat-my-thuat-gate-08"},"modified":"2025-08-26T14:40:10","modified_gmt":"2025-08-26T14:40:10","slug":"cua-cong-sat-my-thuat-gate-08","status":"publish","type":"product","link":"https:\/\/satmythuatgiare.com\/?product=cua-cong-sat-my-thuat-gate-08","title":{"rendered":"C\u1eecA C\u1ed4NG  S\u1eaeT M\u1ef8 THU\u1eacT GATE-08"},"content":{"rendered":"<\/p>\n<div class=\"content-tabs-pro-detail info-pro-detail active text\">\n<h2><span style=\"font-size:20px;\"><strong>C\u1eeda \u0111i\u00a0s\u1eaft m\u1ef9 thu\u1eadt l\u00e0 g\u00ec?<\/strong><\/span><\/h2>\n<p><span style=\"font-size:16px;\">C\u1eeda \u0111i\u00a0<a href=\"https:\/\/satmythuatthanhan.com\/\">s\u1eaft m\u1ef9 thu\u1eadt<\/a> l\u00e0 c\u1eeda c\u1ed5ng, c\u00e1nh c\u1ed5ng ngay b\u00ean ngo\u00e0i c\u1ee7a ng\u00f4i nh\u00e0, \u0111\u01b0\u1ee3c thi\u1ebft k\u1ebf r\u1ea5t b\u1eaft m\u1eaft v\u1edbi nh\u1eefng thanh s\u1eaft \u0111\u01b0\u1ee3c u\u1ed1n r\u1ea5t ngh\u1ec7 thu\u1eadt, gh\u00e9p l\u1ea1i v\u1edbi nhau. Sau khi t\u1ea1o h\u00ecnh xong, s\u1ebd \u0111\u01b0\u1ee3c s\u01a1n ph\u1ee7 nhi\u1ec1u l\u1edbp s\u01a1n \u0111\u1ec3 t\u0103ng t\u00ednh th\u1ea9m m\u1ef9 v\u00e0 v\u1ebb \u0111\u1eb9p. C\u1eeda \u0111i m\u1ef9 thu\u1eadt<\/span><\/p>\n<p><span style=\"font-size:16px;\">Ch\u00ednh \u0111\u1eb7c t\u00ednh n\u00e0y c\u1ee7a s\u1eaft n\u00ean n\u00f3 r\u1ea5t c\u1ee9ng, \u0111\u1eb7c bi\u1ec7t l\u00e0 ch\u00fang r\u1ea5t d\u1ec5 u\u1ed1n v\u00e0 d\u00e1t m\u1ecfng trong \u0111i\u1ec1u ki\u1ec7n nhi\u1ec7t \u0111\u1ed9 cao. V\u00ec v\u1eady, ng\u01b0\u1eddi th\u1ee3 c\u00f3 th\u1ec3 tho\u1ea3i m\u00e1i s\u00e1ng t\u1ea1o nh\u1eefng chi ti\u1ebft u\u1ed1n l\u01b0\u1ee3n \u0111\u1eb9p m\u1eaft.\u00a0<\/span><\/p>\n<p><span style=\"font-size:16px;\">S\u1eaft t\u1eeb v\u1eadt li\u1ec7u th\u00f4 c\u1ee9ng qua b\u00e0n tay kh\u00e9o l\u00e9o, t\u00e0i hoa c\u1ee7a ng\u01b0\u1eddi th\u1ee3 c\u01a1 kh\u00ed hay ph\u1ea3i g\u1ecdi ch\u00ednh x\u00e1c l\u00e0 nh\u1eefng ngh\u1ec7 nh\u00e2n s\u1ebd tr\u1edf th\u00e0nh nh\u1eefng hoa v\u0103n m\u1ec1m m\u1ea1i, mang v\u1ebb \u0111\u1eb9p tinh t\u1ebf, v\u1eeba c\u1ed5 \u0111i\u1ec3n l\u1ea1i v\u1eeba hi\u1ec7n \u0111\u1ea1i, v\u1eeba s\u1eafc s\u1ea3o l\u1ea1i r\u1ea5t uy\u1ec3n chuy\u1ec3n. T\u1eeb \u0111\u00f3, t\u1ea1o n\u00ean nh\u1eefng b\u1ed9 c\u1eeda c\u1ed5ng d\u1ec5 d\u00e0ng thu h\u00fat b\u1ea1n ngay t\u1eeb nh\u1eefng \u00e1nh nh\u00ecn \u0111\u1ea7u ti\u00ean, t\u0103ng th\u00eam v\u1ebb sang tr\u1ecdng, b\u1ec1 th\u1ebf, ki\u00eau sa cho ng\u00f4i nh\u00e0 c\u1ee7a b\u1ea1n.<\/span><\/p>\n<p><span style=\"font-size:16px;\">N\u1ebfu \u0111\u1ec3 \u00fd b\u1ea1n s\u1ebd th\u1ea5y nh\u1eefng ng\u00f4i bi\u1ec7t th\u1ef1, c\u00e1c t\u00f2a l\u00e2u \u0111\u00e0i hay ch\u1ec9 l\u00e0 ng\u00f4i nh\u00e0 ph\u1ed1, nh\u00e0 li\u1ec1n k\u1ec1 c\u00f3 nh\u1eefng chi\u1ebfc c\u1ed5ng r\u1ea5t \u0111\u1eb9p, ho\u00e0nh tr\u00e1ng, hoa v\u0103n trang tr\u00ed b\u1eaft m\u1eaft, thu h\u00fat khi\u1ebfn b\u1ea1n ph\u1ea3i tr\u1ea7m tr\u1ed3 v\u00ec v\u1ebb \u0111\u1eb9p c\u1ee7a n\u00f3 <\/span><\/p>\n<p style=\"text-align: center;\"><span style=\"font-size:16px;\"><img decoding=\"async\" alt=\"C\u1eeda \u0111i s\u1eaft m\u1ef9 thu\u1eadt\" src=\"http:\/\/localhost\/o\/wp-content\/uploads\/2025\/08\/congsatnghethuatmythuat2.jpeg\" style=\"width: 600px; height: 691px;\" title=\"congsatnghethuatmythuat2\"><\/span><\/p>\n<\/div>\n","protected":false},"excerpt":{"rendered":"<p>Ch\u00ednh \u0111\u1eb7c t\u00ednh n\u00e0y c\u1ee7a s\u1eaft n\u00ean n\u00f3 r\u1ea5t c\u1ee9ng, \u0111\u1eb7c bi\u1ec7t l\u00e0 ch\u00fang r\u1ea5t d\u1ec5 u\u1ed1n v\u00e0 d\u00e1t m\u1ecfng trong \u0111i\u1ec1u ki\u1ec7n nhi\u1ec7t \u0111\u1ed9 cao. V\u00ec v\u1eady, ng\u01b0\u1eddi th\u1ee3 c\u00f3 th\u1ec3 tho\u1ea3i m\u00e1i s\u00e1ng t\u1ea1o nh\u1eefng chi ti\u1ebft u\u1ed1n l\u01b0\u1ee3n \u0111\u1eb9p m\u1eaft.\u00a0<\/p>\n","protected":false},"featured_media":616,"comment_status":"closed","ping_status":"closed","template":"","meta":[],"product_cat":[15],"product_tag":[],"_links":{"self":[{"href":"https:\/\/satmythuatgiare.com\/index.php?rest_route=\/wp\/v2\/product\/615"}],"collection":[{"href":"https:\/\/satmythuatgiare.com\/index.php?rest_route=\/wp\/v2\/product"}],"about":[{"href":"https:\/\/satmythuatgiare.com\/index.php?rest_route=\/wp\/v2\/types\/product"}],"replies":[{"embeddable":true,"href":"https:\/\/satmythuatgiare.com\/index.php?rest_route=%2Fwp%2Fv2%2Fcomments&post=615"}],"wp:featuredmedia":[{"embeddable":true,"href":"https:\/\/satmythuatgiare.com\/index.php?rest_route=\/wp\/v2\/media\/616"}],"wp:attachment":[{"href":"https:\/\/satmythuatgiare.com\/index.php?rest_route=%2Fwp%2Fv2%2Fmedia&parent=615"}],"wp:term":[{"taxonomy":"product_cat","embeddable":true,"href":"https:\/\/satmythuatgiare.com\/index.php?rest_route=%2Fwp%2Fv2%2Fproduct_cat&post=615"},{"taxonomy":"product_tag","embeddable":true,"href":"https:\/\/satmythuatgiare.com\/index.php?rest_route=%2Fwp%2Fv2%2Fproduct_tag&post=615"}],"curies":[{"name":"wp","href":"https:\/\/api.w.org\/{rel}","templated":true}]}}