{"id":579,"date":"2025-08-26T14:38:34","date_gmt":"2025-08-26T14:38:34","guid":{"rendered":"http:\/\/localhost\/o\/?product=sat-my-thuat-quan-2-tphcm"},"modified":"2025-08-26T14:38:46","modified_gmt":"2025-08-26T14:38:46","slug":"sat-my-thuat-quan-2-tphcm","status":"publish","type":"product","link":"https:\/\/satmythuatgiare.com\/?product=sat-my-thuat-quan-2-tphcm","title":{"rendered":"s\u1eaft m\u1ef9 thu\u1eadt qu\u1eadn 2 tphcm"},"content":{"rendered":"<\/p>\n<div class=\"content-tabs-pro-detail info-pro-detail active text\">\n<h2><span style=\"font-size:16px;\"><strong>\u0110\u1ecba ch\u1ec9 thi c\u00f4ng s\u1eaft m\u1ef9 thu\u1eadt uy t\u00edn \u1edf qu\u1eadn 2 ??<\/strong><\/span><\/h2>\n<p><a href=\"https:\/\/satmythuatthanhan.com\/\"><strong><span style=\"font-family:Times New Roman,serif;\"><span style=\"font-size:14.0pt;\">S\u1eaft M\u1ef9 thu\u1eadt Th\u00e0nh An<\/span><\/span><\/strong><\/a><span style=\"font-family:Times New Roman,serif;\"><span style=\"font-size:14.0pt;\"> chuy\u00ean s\u1ea3n xu\u1ea5t gia c\u00f4ng , thi c\u00f4ng l\u1eafp r\u00e1p ho\u00e0n thi\u1ec7n c\u00e1c c\u00f4ng tr\u00ecnh nh\u01b0<strong>: <a href=\"https:\/\/satmythuatthanhan.com\/xuong-san-xuat-thi-cong-sat-my-thuat-cua-cong-lan-can-uy-tingia-re-dep-sang-tai-cac-quan-huyen-tphcm\">Lan can c\u1ea7u thang<\/a>, <a href=\"https:\/\/satmythuatthanhan.com\/cau-thang-xoan-oc-my-thuat-tai-tp-ho-chi-minh\">c\u1ea7u thang cong xo\u1eafn \u1ed1c<\/a><\/strong>, <a href=\"https:\/\/satmythuatthanhan.com\/lan-can-mat-tien-sat-my-thuat-quan-9-tp-ho-chi-minh\"><strong>lan can ban c\u00f4ng<\/strong><\/a>, <a href=\"https:\/\/satmythuatthanhan.com\/cua-cong-sat-my-thuat-quan-9-tp-ho-c\"><strong>c\u1eeda c\u1ed5ng s\u1eaft<\/strong><\/a>, <a href=\"https:\/\/satmythuatthanhan.com\/san-pham\"><strong>h\u00e0ng r\u00e0o s\u1eaft<\/strong><\/a> , <a href=\"https:\/\/satmythuatthanhan.com\/khung-bao-ve-sat-my-thuat-kbv-04\"><strong>khung b\u1ea3o v\u1ec7<\/strong><\/a>, <a href=\"https:\/\/satmythuatthanhan.com\/mai-che-trang-tri\"><strong>m\u00e1i che trang tr\u00ed<\/strong><\/a>, Ngo\u00e0i ra Th\u00e0nh An c\u00f2n chuy\u00ean gia c\u00f4ng s\u1ea3n xu\u1ea5t <a href=\"https:\/\/satmythuatthanhan.com\/hoa-sat-my-thuat-tai-thanh-pho-ho-chi-minh-0984606488\">Hoa V\u0103n S\u1eaft M\u1ef9 Thu\u1eadt<\/a>, <a href=\"https:\/\/satmythuatthanhan.com\/phu-kien-hang-rao-sat-mui-mac-mui-chong-sat-tai-thanh-pho-ho-chi-minh\">Ph\u1ee5 Ki\u1ec7n H\u00e0ng R\u00e0o S\u1eaft<\/a>,\u00a0cho c\u00e1c anh th\u1ee3, C\u00e1c c\u00f4ng ty x\u00e2y d\u1ef1ng d\u1ef1 \u00e1n\u00a0<\/span><\/span><\/p>\n<p style=\"text-align: center;\"><span style=\"font-family:Times New Roman,serif;\"><span style=\"font-size:14.0pt;\"><img decoding=\"async\" alt=\"U\u1ed1n Hoa V\u0103n S\u1eaft T\u1ea1i qu\u1eadn 2\" src=\"http:\/\/localhost\/o\/wp-content\/uploads\/2025\/08\/17.jpg\" style=\"width: 550px; height: 375px;\" title=\"17\"><\/span><\/span><\/p>\n<p style=\"text-align: center;\"><span style=\"font-family:Times New Roman,serif;\"><span style=\"font-size:14.0pt;\">U\u1ed1n Hoa V\u0103n S\u1eaft T\u1ea1i Qu\u1eadn 2 &#8211; TPHCM<\/span><\/span><\/p>\n<p><span style=\"font-family:Times New Roman,serif;\"><span style=\"font-size:14.0pt;\">\u0110\u1ec3 c\u00f3 m\u1ed9t s\u1ea3n ph\u1ea9m lan can s\u1eaft m\u1ef9 thu\u1eadt \u0111\u1ea1t ch\u1ea5t l\u01b0\u1ee3ng v\u1ec1 th\u1ea9m m\u1ef9 v\u00e0 k\u1ebft c\u1ea5u an to\u00e0n \u0111\u1eb3ng c\u1ea5p th\u00ec y\u00eau c\u1ea7u tay ngh\u1ec1 ng\u01b0\u1eddi th\u1ee3 ph\u1ea3i th\u1eadt kh\u00e9o l\u00e9o v\u00e0 c\u00f3 kinh nghi\u1ec7m. Th\u00e0nh An c\u00f3 \u0111\u1ed9i ng\u0169 ngh\u1ec7 nh\u00e2n g\u1ea7n 10 n\u0103m kinh nghi\u1ec7m trong l\u0129nh v\u1ef1c n\u00e0y. <strong>S\u1eaft m\u1ef9 thu\u1eadt\u00a0<\/strong><a href=\"https:\/\/satmythuatthanhan.com\/xuong-san-xuat-thi-cong-sat-my-thuat-cua-cong-lan-can-uy-tingia-re-dep-sang-tai-cac-quan-huyen-tphcm\"><strong>T\u1ea1i qu\u1eadn 2\u00a0TP HCM<\/strong><\/a>\u00a0c\u00f3 kh\u00e1 nhi\u1ec1u \u0111\u01a1n v\u1ecb s\u1ea3n xu\u1ea5t gia c\u00f4ng, cung c\u1ea5p, l\u1eafp \u0111\u1eb7t h\u1ea1ng m\u1ee5c <a href=\"https:\/\/satmythuatthanhan.com\/\"><strong>s\u1eaft m\u1ef9 thu\u1eadt<\/strong><\/a> nh\u01b0ng \u0111\u1ecba ch\u1ec9 m\u00e0 chuy\u00ean nghi\u1ec7p, th\u1ee3 c\u00f3 k\u1ef9 thu\u1eadt t\u1ed1t, <strong><a href=\"http:\/\/satmythuatthanha\">uy t\u00edn<\/a>,gi\u00e1 r\u1ebb t\u1ea1i x\u01b0\u1edfng s\u1ea3n xu\u1ea5t<\/strong> nh\u01b0 <a href=\"https:\/\/satmythuatthanhan.com\/\"><strong>Th\u00e0nh An<\/strong><\/a> th\u00ec kh\u00f4ng nhi\u1ec1u. Qu\u00fd Kh\u00e1ch h\u00e0ng c\u00f3 nhu c\u1ea7u xin li\u00ean h\u1ec7 ngay hotline : <strong>0984.606488<\/strong> \u0111\u1ec3 \u0111\u01b0\u1ee3c h\u1ed7 tr\u1ee3 t\u01b0 v\u1ea5n mi\u1ec5n ph\u00ed 24\/7.<\/span><\/span><\/p>\n<p style=\"text-align: center;\"><span style=\"font-family:Times New Roman,serif;\"><span style=\"font-size:14.0pt;\"><iframe loading=\"lazy\" allowfullscreen=\"\" frameborder=\"0\" height=\"360\" src=\"https:\/\/www.youtube.com\/embed\/s4mI4aEzIDM\" width=\"640\"><\/iframe><\/span><\/span><\/p>\n<p style=\"text-align: center;\"><strong><span style=\"font-family:Times New Roman,serif;\"><span style=\"font-size:14.0pt;\">S\u1ea3n xu\u1ea5t khung s\u1eaft m\u00e1i k\u00ednh t\u1ea1i x\u01b0\u1edfng Th\u00e0nh An<\/span><\/span><\/strong><\/p>\n<p style=\"text-align: center;\"><strong><span style=\"font-family:Times New Roman,serif;\"><span style=\"font-size:14.0pt;\"><iframe loading=\"lazy\" allowfullscreen=\"\" frameborder=\"0\" height=\"360\" src=\"https:\/\/www.youtube.com\/embed\/H08WWhmo8tw\" width=\"640\"><\/iframe><\/span><\/span><\/strong><\/p>\n<p style=\"text-align: center;\"><strong><span style=\"font-family:Times New Roman,serif;\"><span style=\"font-size:14.0pt;\">Ho\u00e0n thi\u1ec7n lan can m\u1ef9 thu\u1eadt C Ng\u1ecdc Ph\u01b0\u01a1ng Qu\u1eadn 4 tphcm<\/span><\/span><\/strong><\/p>\n<p style=\"text-align: center;\"><strong><span style=\"font-family:Times New Roman,serif;\"><span style=\"font-size:14.0pt;\"><iframe loading=\"lazy\" allowfullscreen=\"\" frameborder=\"0\" height=\"360\" src=\"https:\/\/www.youtube.com\/embed\/2MCW7bs9Pbg\" width=\"640\"><\/iframe><\/span><\/span><\/strong><\/p>\n<p style=\"text-align: center;\"><font face=\"Times New Roman, serif\"><span style=\"font-size: 18.6667px;\"><b>S\u01a1n lan can t\u1ea1i x\u01b0\u1edfng Th\u00e0nh An<\/b><\/span><\/font><\/p>\n<p style=\"text-align: justify;\"><span style=\"font-family:Times New Roman,serif;\"><span style=\"font-size:13.0pt;\"><a href=\"https:\/\/satmythuatthanhan.com\/don-vi-cung-cap-mai-kinh-mai-chemai-trang-tri-sat-my-thuat-tai-tp-hcm\"><strong>Tp H\u1ed3 Ch\u00ed Minh<\/strong><\/a> \u0111\u01b0\u1ee3c chia th\u00e0nh 22 qu\u1eadn huy\u1ec7n v\u00e0 th\u00e0nh ph\u1ed1 tr\u1ef1c thu\u1ed9c.Trong \u0111\u00f3 c\u00f3 01 th\u00e0nh ph\u1ed1 16 qu\u1eadn v\u00e0 05 huy\u1ec7n nh\u01b0 sau:\u00a0<\/span><\/span><\/p>\n<p style=\"text-align:justify;\"><span style=\"font-family:Times New Roman,serif;\"><span style=\"font-size:13.0pt;\">Khu v\u1ef1c c\u00e1c Qu\u1eadn TpHCM g\u1ed3m c\u00f3 : <a href=\"https:\/\/satmythuatthanhan.com\/cua-cong-lan-can-biet-thu-sat-my-thuat-vua-dep-vua-sang-gia-re-uy-tin-tai-quan-2-quan-9-tp-thu-duc\"><strong>Qu\u1eadn 1<\/strong><\/a>, <a href=\"https:\/\/satmythuatthanhan.com\/\"><strong>Qu\u1eadn 3<\/strong><\/a>, <a href=\"https:\/\/satmythuatthanhan.com\/\"><strong>Qu\u1eadn 4<\/strong><\/a>, <a href=\"https:\/\/satmythuatthanhan.com\/\"><strong>Qu\u1eadn 5<\/strong><\/a>, <a href=\"https:\/\/satmythuatthanhan.com\/\"><strong>Qu\u1eadn 6<\/strong><\/a>, <a href=\"https:\/\/satmythuatthanhan.com\/\"><strong>Qu\u1eadn 7<\/strong><\/a>, <a href=\"https:\/\/satmythuatthanhan.com\/\"><strong>Qu\u1eadn 8<\/strong><\/a>, <strong>Qu\u1eadn 10<\/strong>, <strong>Qu\u1eadn 11<\/strong>, <strong>Qu\u1eadn 12<\/strong>, <strong>Qu\u1eadn G\u00f2 V\u1ea5p<\/strong>. <a href=\"https:\/\/satmythuatthanhan.com\/\"><strong>Qu\u1eadn B\u00ecnh Th\u1ea1nh<\/strong><\/a>, <strong>Qu\u1eadn T\u00e2n Ph\u00fa<\/strong>, <strong>Qu\u1eadn Ph\u00fa Nhu\u1eadn<\/strong> , <strong>Qu\u1eadn T\u00e2n B\u00ecnh<\/strong>, <strong>Qu\u1eadn B\u00ecnh T\u00e2n<\/strong> , <\/span><\/span><\/p>\n<p style=\"text-align:justify;\"><span style=\"font-family:Times New Roman,serif;\"><span style=\"font-size:13.0pt;\">Khu v\u1ef1c Huy\u1ec7n TpHCM g\u1ed3m c\u00f3 : <a href=\"https:\/\/satmythuatthanhan.com\/\"><strong>Huy\u1ec7n Nh\u00e0 B\u00e8<\/strong><\/a>, <strong>Huy\u1ec7n C\u1ee7 Chi<\/strong>, \u00a0<strong>Huy\u1ec7n H\u00f3c M\u00f4n<\/strong>, <strong>Huy\u1ec7n B\u00ecnh Ch\u00e1nh <\/strong><\/span><\/span><\/p>\n<p style=\"text-align:justify;\"><span style=\"font-family:Times New Roman,serif;\"><span style=\"font-size:13.0pt;\">Th\u00e0nh Ph\u1ed1 Th\u1ee7 \u0110\u1ee9c g\u1ed3m c\u00f3 c\u00e1c qu\u1eadn<strong> : <a href=\"https:\/\/satmythuatthanhan.com\/don-vi-cung-cap-mai-kinh-mai-chemai-trang-tri-sat-my-thuat-tai-tp-hcm\">Qu\u1eadn 2<\/a>, <a href=\"https:\/\/satmythuatthanhan.com\/mai-che-trang-tri\">Qu\u1eadn 9<\/a> v\u00e0 <a href=\"https:\/\/satmythuatthanhan.com\/mai-che-trang-tri\">Qu\u1eadn Th\u1ee7 \u0110\u1ee9c<\/a><\/strong><\/span><\/span><\/p>\n<p style=\"text-align: justify;\"><span style=\"font-family:Times New Roman,serif;\"><span style=\"font-size:13.0pt;\">Tp H\u1ed3 Ch\u00ed Minh \u0111\u01b0\u1ee3c xem l\u00e0 m\u1ed9t Th\u00e0nh ph\u1ed1 c\u00f3 v\u00f9ng kinh t\u1ebf ph\u00e1t tri\u1ec3n n\u0103ng \u0111\u1ed9ng nh\u1ea5t v\u00e0 d\u00e2n c\u01b0 t\u1eadp trung \u0111\u00f4ng d\u00e2n nh\u1ea5t \u0111\u00f4ng nh\u1ea5t c\u1ea3 n\u01b0\u1edbc<\/span><\/span><\/p>\n<p style=\"text-align: center;\">\u00a0<\/p>\n<p style=\"text-align: center;\"><img decoding=\"async\" alt=\"S\u1eaft M\u1ef9 Thu\u1eadt qu\u1eadn 2\" src=\"http:\/\/localhost\/o\/wp-content\/uploads\/2025\/08\/den-sat-my-thuat-6.jpg\" style=\"width: 563px; height: 939px;\" title=\"den-sat-my-thuat-6\"><\/p>\n<p style=\"text-align: center;\"><strong>\u0110\u00e8n trang Tr\u00ed tr\u00ean \u0111\u1ea7u c\u1ed5ng S\u1eaft M\u1ef9 Thu\u1eadt gi\u00e1 r\u1ebb t\u1ea1i Th\u00e0nh An cung c\u1ea5p d\u1ef1 \u00e1n Qu\u1eadn 2 &#8211; TpHCM<\/strong><\/p>\n<p style=\"text-align: center;\">\u00a0<\/p>\n<h2><span style=\"font-size:18px;\"><strong><span style=\"font-family:Times New Roman,serif;\">Th\u00e0nh An thi c\u00f4ng l\u1eafp \u0111\u1eb7t s\u1eaft m\u1ef9 thu\u1eadt v\u00f9ng mi\u1ec1n n\u00e0o\u00a0\u00a0?<\/span><\/strong><\/span><\/h2>\n<p style=\"text-align: justify;\"><span style=\"font-family:Times New Roman,serif;\"><span style=\"font-size:14.0pt;\">Th\u00e0nh An c\u00f3 m\u1ea1ng l\u01b0\u1edbi s\u1ea3n xu\u1ea5t thi c\u00f4ng l\u1eafp r\u00e1p , v\u1eadn chuy\u1ec3n r\u1ed9ng kh\u1eafp n\u00ean s\u1ebd \u0111\u00e1p \u1ee9ng m\u1ecdi nhu c\u1ea7u v\u1eadn chuy\u1ec3n c\u1ee7a kh\u00e1ch h\u00e0ng. Ngo\u00e0i khu v\u1ef1c TpHCM Th\u00e0nh An c\u00f2n cung c\u1ea5p thi c\u00f4ng <strong><a href=\"https:\/\/satmythuatthanhan.com\/\">S\u1eaft M\u1ef9 Thu\u1eadt<\/a>\u00a0t\u1ea5t c\u1ea3 c\u00e1c\u00a0<\/strong>Khu v\u1ef1c c\u00e1c t\u1ec9nh l\u00e2n c\u1eadn mi\u1ec1n nam nh\u01b0 :\u00a0<strong><a href=\"https:\/\/satmythuatthanhan.com\/don-vi-san-xuat-thi-cong-sat-my-thuatmy-nghe-tai-dong-nai\">\u0110\u1ed3ng nai<\/a>, <a href=\"https:\/\/satmythuatthanhan.com\/\">B\u00ecnh D\u01b0\u01a1ng<\/a><\/strong>, <strong>V\u0169ng T\u00e0u<\/strong>, <strong>Ti\u1ec1n Giang<\/strong>, <strong>B\u1ea1c Li\u00eau<\/strong> , <strong>C\u1ea7n Th\u01a1<\/strong>, <a href=\"https:\/\/satmythuatthanhan.com\/\"><strong>B\u00ecnh Ph\u01b0\u1edbc<\/strong><\/a>, <strong>\u0110\u00e0 Lat<\/strong>,\u00a0<strong>T\u00e2y Ninh&#8230;.<\/strong><\/span><\/span><\/p>\n<p style=\"text-align: center;\"><img decoding=\"async\" alt=\"U\u1ed1n Hoa S\u1eaft M\u1ef9 Thu\u1eadt\" src=\"http:\/\/localhost\/o\/wp-content\/uploads\/2025\/08\/14.jpg\" style=\"width: 550px; height: 276px;\" title=\"14\"><\/p>\n<p style=\"text-align: center;\"><strong><span style=\"font-size:16px;\">U\u1ed1n Hoa S\u1eaft M\u1ef9 Thu\u1eadt <\/span><font face=\"Times New Roman, serif\"><span style=\"font-size: 18.6667px;\">T\u1ea1i X\u01b0\u1edfng Th\u00e0nh An<\/span><\/font><\/strong><\/p>\n<p style=\"text-align: center;\"><img decoding=\"async\" alt=\"c\u1eeda c\u1ed5ng s\u1eaft m\u1ef9 thu\u1eadt\" src=\"http:\/\/localhost\/o\/wp-content\/uploads\/2025\/08\/cua-cong-sang.jpg\" style=\"width: 600px; height: 516px;\" title=\"cua-cong-sang\"><\/p>\n<p style=\"text-align: center;\"><span style=\"font-family:Times New Roman,serif;\"><span style=\"font-size:14.0pt;\"><strong>C\u1ed5ng s\u1eaft m\u1ef9 thu\u1eadt \u0111\u1eb9p<\/strong><\/span><\/span><\/p>\n<p style=\"text-align: center;\"><img decoding=\"async\" alt=\"c\u1eeda c\u1ed5ng s\u1eaft \u0111\u1eb9p th\u00e0nh an\" src=\"http:\/\/localhost\/o\/wp-content\/uploads\/2025\/08\/cua-cong.jpg\" style=\"width: 800px; height: 800px;\" title=\"cua-cong\"><\/p>\n<p style=\"text-align: center;\">\u00a0<\/p>\n<p style=\"text-align: justify;\"><strong>C\u00f3 th\u1ec3 xem th\u00eam c\u00e1c b\u00e0i vi\u1ebft v\u00e0 video x\u01b0\u1edfng s\u1ea3n xu\u1ea5t:<\/strong><\/p>\n<p style=\"text-align: justify;\">*\u00a0<a href=\"https:\/\/satmythuatthanhan.com\/san-pham\">https:\/\/satmythuatthanhan.com\/san-pham<\/a><\/p>\n<p style=\"text-align: justify;\">*\u00a0<a href=\"https:\/\/satmythuatthanhan.com\/sat-my-thuat-uy-tin-quan-2-tphcm\">https:\/\/satmythuatthanhan.com\/sat-my-thuat-uy-tin-quan-2-tphcm<\/a><\/p>\n<p style=\"text-align: justify;\">*\u00a0<a href=\"https:\/\/satmythuatthanhan.com\/don-vi-cung-cap-mai-kinh-mai-chemai-trang-tri-sat-my-thuat-tai-tp-hcm\">https:\/\/satmythuatthanhan.com\/don-vi-cung-cap-mai-kinh-mai-chemai-trang-tri-sat-my-thuat-tai-tp-hcm<\/a><\/p>\n<p style=\"text-align: center;\"><iframe loading=\"lazy\" allowfullscreen=\"\" frameborder=\"0\" height=\"360\" src=\"https:\/\/www.youtube.com\/embed\/avCyHAer4fY\" width=\"640\"><\/iframe><\/p>\n<p style=\"text-align: center;\"><strong>X\u01b0\u1edfng s\u1ea3n xu\u1ea5t s\u1eaft m\u1ef9 thu\u1eadt Th\u00e0nh An<\/strong><\/p>\n<p style=\"text-align: center;\"><strong><iframe loading=\"lazy\" allowfullscreen=\"\" frameborder=\"0\" height=\"360\" src=\"https:\/\/www.youtube.com\/embed\/5MNjKt0Hw_o\" width=\"640\"><\/iframe><\/strong><\/p>\n<p style=\"text-align: center;\"><strong>Giao h\u00e0ng \u0111i l\u1eafp r\u00e1p t\u1ea1i X\u01b0\u1edfng Th\u00e0nh An<\/strong><\/p>\n<p style=\"text-align: center;\">\u00a0<\/p>\n<p style=\"text-align: center;\">\u00a0<\/p>\n<p style=\"text-align: justify;\"><strong><span style=\"font-family:Times New Roman,serif;\"><span style=\"font-size:14.0pt;\">Li\u00ean h\u1ec7 ngay \u0111\u1ec3 \u0111\u01b0\u1ee3c t\u01b0 v\u1ea5n v\u00e0 b\u00e1o gi\u00e1 nhanh v\u1ec1 d\u00f2ng s\u1ea3n ph\u1ea9m m\u00e0 qu\u00fd kh\u00e1ch h\u00e0ng y\u00eau c\u1ea7u:<\/span><\/span><\/strong><\/p>\n<p style=\"margin-left:.25in;text-align:justify;\"><strong><span style=\"font-family:Times New Roman,serif;\"><span style=\"font-size:14.0pt;\">C\u00d4NG TY TNHH TM-DV-XD-TTNT TH\u00c0NH AN<\/span><\/span><\/strong><\/p>\n<p style=\"margin-left:.25in;text-align:justify;\"><span style=\"font-family:Times New Roman,serif;\"><span style=\"font-size:14.0pt;\">\u0110\u1ecba ch\u1ec9 X\u01b0\u1edfng s\u1ea3n xu\u1ea5t : 785C Nguy\u1ec5n Duy Trinh- P. Ph\u00fa H\u1eefu \u2013 Tp Th\u1ee7 \u0110\u1ee9c (Qu\u1eadn 9 c\u0169) \u2013 Tp H\u1ed3 Ch\u00ed Minh<\/span><\/span><\/p>\n<p style=\"margin-left:.25in;text-align:justify;\"><span style=\"font-family:Times New Roman,serif;\"><span style=\"font-size:14.0pt;\">Email; <\/span><\/span><a href=\"mailto:xaydungantran@gmail.com\"><span style=\"font-family:Times New Roman,serif;\"><span style=\"font-size:14.0pt;\">xaydungantran@gmail.com<\/span><\/span><\/a><\/p>\n<p style=\"margin-left:.25in;text-align:justify;\"><span style=\"font-family:Times New Roman,serif;\"><span style=\"font-size:14.0pt;\">Tel: 0984.606488 (Ch\u1ecb H\u00e0\u00a0 chuy\u00ean vi\u00ean t\u01b0 v\u1ea5n v\u00e0 b\u00e1o gi\u00e1)<\/span><\/span><\/p>\n<p style=\"margin-left:.25in;text-align:justify;\"><span style=\"font-family:Times New Roman,serif;\"><span style=\"font-size:14.0pt;\">Website: <\/span><\/span><a href=\"https:\/\/satmythuatthanhan.com\"><span style=\"font-family:Times New Roman,serif;\"><span style=\"font-size:14.0pt;\">https:\/\/satmythuatthanhan.com<\/span><\/span><\/a><\/p>\n<\/div>\n","protected":false},"excerpt":{"rendered":"<p>\u0110\u1ecba ch\u1ec9 thi c\u00f4ng s\u1eaft m\u1ef9 thu\u1eadt uy t\u00edn \u1edf qu\u1eadn 2 ?? S\u1eaft M\u1ef9 thu\u1eadt Th\u00e0nh An chuy\u00ean s\u1ea3n xu\u1ea5t gia c\u00f4ng , thi c\u00f4ng l\u1eafp r\u00e1p ho\u00e0n thi\u1ec7n c\u00e1c c\u00f4ng tr\u00ecnh nh\u01b0: Lan can c\u1ea7u thang, c\u1ea7u thang cong xo\u1eafn \u1ed1c, lan can ban c\u00f4ng, c\u1eeda c\u1ed5ng s\u1eaft, h\u00e0ng r\u00e0o s\u1eaft , khung&#8230;<\/p>\n","protected":false},"featured_media":580,"comment_status":"closed","ping_status":"closed","template":"","meta":[],"product_cat":[15],"product_tag":[],"_links":{"self":[{"href":"https:\/\/satmythuatgiare.com\/index.php?rest_route=\/wp\/v2\/product\/579"}],"collection":[{"href":"https:\/\/satmythuatgiare.com\/index.php?rest_route=\/wp\/v2\/product"}],"about":[{"href":"https:\/\/satmythuatgiare.com\/index.php?rest_route=\/wp\/v2\/types\/product"}],"replies":[{"embeddable":true,"href":"https:\/\/satmythuatgiare.com\/index.php?rest_route=%2Fwp%2Fv2%2Fcomments&post=579"}],"wp:featuredmedia":[{"embeddable":true,"href":"https:\/\/satmythuatgiare.com\/index.php?rest_route=\/wp\/v2\/media\/580"}],"wp:attachment":[{"href":"https:\/\/satmythuatgiare.com\/index.php?rest_route=%2Fwp%2Fv2%2Fmedia&parent=579"}],"wp:term":[{"taxonomy":"product_cat","embeddable":true,"href":"https:\/\/satmythuatgiare.com\/index.php?rest_route=%2Fwp%2Fv2%2Fproduct_cat&post=579"},{"taxonomy":"product_tag","embeddable":true,"href":"https:\/\/satmythuatgiare.com\/index.php?rest_route=%2Fwp%2Fv2%2Fproduct_tag&post=579"}],"curies":[{"name":"wp","href":"https:\/\/api.w.org\/{rel}","templated":true}]}}