{"id":575,"date":"2025-08-26T14:36:31","date_gmt":"2025-08-26T14:36:31","guid":{"rendered":"http:\/\/localhost\/o\/?product=ban-ghe-sat-my-thuat-quan-9"},"modified":"2025-08-26T14:36:37","modified_gmt":"2025-08-26T14:36:37","slug":"ban-ghe-sat-my-thuat-quan-9","status":"publish","type":"product","link":"https:\/\/satmythuatgiare.com\/?product=ban-ghe-sat-my-thuat-quan-9","title":{"rendered":"B\u00c0N GH\u1ebe S\u1eaeT M\u1ef8 THU\u1eacT QU\u1eacN 9"},"content":{"rendered":"<\/p>\n<div class=\"content-tabs-pro-detail info-pro-detail active text\">\n<p><a href=\"https:\/\/satmythuatthanhan.com\/\">S\u1eaft M\u1ef9 Thu\u1eadt Th\u00e0nh An\u00a0<\/a>chuy\u00ean gia c\u00f4ng, l\u1eafp r\u00e1p c\u00e1c lo\u1ea1i b\u00e0n gh\u1ebf, b\u00e0n tr\u00e0, b\u00e0n gh\u1ebf s\u00e2n v\u01b0\u1eddn bi\u1ec7t th\u1ef1\u00a0<u><strong>s\u1eaft m\u1ef9 thu\u1eadt \u0111\u1eb3ng c\u1ea5p t\u1ea1\u1ecb c\u00e1c Qu\u1eadn\u00a0Th\u00e0nh ph\u1ed1 H\u1ed3 Ch\u00ed Minh<\/strong><\/u> v\u00e0 c\u00e1c t\u1ec9nh tr\u00ean m\u1ecdi mi\u1ec1n qu\u1ed1c gia Vi\u1ec7t Nam\u00a0 &#8211; <em><strong><u>B\u1ed9 b\u00e0n gh\u1ebf s\u1eaft m\u1ef9 thu\u1eadt Khang \u0110i\u1ec1n Qu\u1eadn 9<\/u><\/strong><\/em><\/p>\n<p style=\"text-align: center;\"><img decoding=\"async\" src=\"http:\/\/localhost\/o\/wp-content\/uploads\/2025\/08\/z3175796796194_7c039f91a0c30f629a58e517a45cb5d5.jpg\" style=\"width: 500px; height: 375px;\" title=\"z3175796796194_7c039f91a0c30f629a58e517a45cb5d5\"><\/p>\n<p>Th\u00e0nh An t\u1ef1 h\u00e0o l\u00e0 \u0111\u01a1n v\u1ecb cung c\u1ea5p c\u00e1c lo\u1ea1i <em><u><strong>b\u00e0n gh\u1ebf s\u1eaft m\u1ef9 thu\u1eadt<\/strong><\/u><\/em>\u00a0\u0111\u1eb9p, ki\u1ec3u d\u00e1ng \u0111a d\u1ea1ng, th\u1ea9m m\u1ef9 \u0111\u1ed9 b\u1ec1n cao,\u00a0v\u1edbi nhi\u1ec1u n\u0103m kinh nhi\u1ec7m trong ngh\u1ec1, \u0111\u1ed9i ng\u0169 nh\u00e2n vi\u00ean t\u1eadn t\u00e2m v\u1edbi ngh\u1ec1\u00a0v\u1edbi k\u1ef9 thu\u1eadt chuy\u00ean m\u00f4n cao.<\/p>\n<p style=\"text-align: center;\"><img decoding=\"async\" alt=\"GIA C\u00d4NG S\u1eaeT M\u1ef8 THU\u1eacT\" src=\"http:\/\/localhost\/o\/wp-content\/uploads\/2025\/08\/gia-cong-sat-my-thuat-thanh-an.jpg\" style=\"width: 576px; height: 772px;\" title=\"gia-cong-sat-my-thuat-thanh-an\"><\/p>\n<p><u><em><strong>S\u1eaft m\u1ef9 Thu\u1eadt Th\u00e0nh An Qu\u1eadn 9 : <\/strong><\/em><\/u>Gia c\u00f4ng thi c\u00f4ng s\u1eaft \u0111\u1eb7c vu\u00f4ng tr\u01a1n,s\u1eaft phi tr\u00f2n tr\u01a1n theo thi\u1ebft\u00a0 k\u1ebf b\u1ea3n v\u1ebd m\u1eabu m\u00e3 qu\u00fd kh\u00e1ch y\u00eau c\u1ea7u.<\/p>\n<p><strong>C\u00d4NG TY TNHH TM-DV-XD-TTNT TH\u00c0NH AN<\/strong><\/p>\n<p>\u0110C:\u00a0785C Nguy\u1ec5n Duy Trinh, P. Ph\u00fa H\u1eefu, Q.9, Tp. Th\u1ee7 \u0110\u1ee9c. HCM<br \/>\nEmail: xaydungantran@gmail.com<br \/>\nTel:\u00a0<strong>0984 606 488 (Ch\u1ecb H\u00e0 chuy\u00ean vi\u00ean t\u01b0 v\u1ea5n v\u00e0 b\u00e1o gi\u00e1) &#8211;<\/strong><br \/>\nMST:\u00a00314318001<br \/>\nWebsite:\u00a0https:\/\/satmythuatthanhan.com<\/p>\n<\/div>\n","protected":false},"excerpt":{"rendered":"<p>S\u1eaft M\u1ef9 Thu\u1eadt Th\u00e0nh An\u00a0chuy\u00ean gia c\u00f4ng, l\u1eafp r\u00e1p c\u00e1c lo\u1ea1i b\u00e0n gh\u1ebf, b\u00e0n tr\u00e0, b\u00e0n gh\u1ebf s\u00e2n v\u01b0\u1eddn bi\u1ec7t th\u1ef1\u00a0s\u1eaft m\u1ef9 thu\u1eadt \u0111\u1eb3ng c\u1ea5p t\u1ea1\u1ecb c\u00e1c Qu\u1eadn\u00a0Th\u00e0nh ph\u1ed1 H\u1ed3 Ch\u00ed Minh v\u00e0 c\u00e1c t\u1ec9nh tr\u00ean m\u1ecdi mi\u1ec1n qu\u1ed1c gia Vi\u1ec7t Nam\u00a0 &#8211; B\u1ed9 b\u00e0n gh\u1ebf s\u1eaft m\u1ef9 thu\u1eadt Khang \u0110i\u1ec1n Qu\u1eadn 9 Th\u00e0nh An&#8230;<\/p>\n","protected":false},"featured_media":576,"comment_status":"closed","ping_status":"closed","template":"","meta":[],"product_cat":[23],"product_tag":[],"_links":{"self":[{"href":"https:\/\/satmythuatgiare.com\/index.php?rest_route=\/wp\/v2\/product\/575"}],"collection":[{"href":"https:\/\/satmythuatgiare.com\/index.php?rest_route=\/wp\/v2\/product"}],"about":[{"href":"https:\/\/satmythuatgiare.com\/index.php?rest_route=\/wp\/v2\/types\/product"}],"replies":[{"embeddable":true,"href":"https:\/\/satmythuatgiare.com\/index.php?rest_route=%2Fwp%2Fv2%2Fcomments&post=575"}],"wp:featuredmedia":[{"embeddable":true,"href":"https:\/\/satmythuatgiare.com\/index.php?rest_route=\/wp\/v2\/media\/576"}],"wp:attachment":[{"href":"https:\/\/satmythuatgiare.com\/index.php?rest_route=%2Fwp%2Fv2%2Fmedia&parent=575"}],"wp:term":[{"taxonomy":"product_cat","embeddable":true,"href":"https:\/\/satmythuatgiare.com\/index.php?rest_route=%2Fwp%2Fv2%2Fproduct_cat&post=575"},{"taxonomy":"product_tag","embeddable":true,"href":"https:\/\/satmythuatgiare.com\/index.php?rest_route=%2Fwp%2Fv2%2Fproduct_tag&post=575"}],"curies":[{"name":"wp","href":"https:\/\/api.w.org\/{rel}","templated":true}]}}