{"id":453,"date":"2025-08-26T14:28:30","date_gmt":"2025-08-26T14:28:30","guid":{"rendered":"http:\/\/localhost\/o\/?product=lan-can-sat-my-thuat-don-gian-04"},"modified":"2025-08-26T14:28:35","modified_gmt":"2025-08-26T14:28:35","slug":"lan-can-sat-my-thuat-don-gian-04","status":"publish","type":"product","link":"https:\/\/satmythuatgiare.com\/?product=lan-can-sat-my-thuat-don-gian-04","title":{"rendered":"LAN CAN S\u1eaeT M\u1ef8 THU\u1eacT \u0110\u01a0N GI\u1ea2N 04"},"content":{"rendered":"<\/p>\n<div class=\"content-tabs-pro-detail info-pro-detail active text\">\n<p>Lan can s\u1eaft m\u1ef9 thu\u1eadt: s\u1eaft vu\u00f4ng 14*14 \u0111\u1eb7c c\u00e1n c\u1ea1nh + tay n\u0103m g\u1ed7 omega C\u00d4NG TR\u00ccNH LAN CAN NH\u00c0 PH\u1ed0 CH\u1eca NG\u1eccC PH\u01af\u01a0NG QU\u1eacN 4<\/p>\n<p>C\u00d4NG TY TNHH TM-DV-XD-TTNT TH\u00c0NH AN<\/p>\n<p>Th\u1eddi gian b\u1ea3o h\u00e0nh; 12 th\u00e1ng s\u01a1n n\u01b0\u1edbc + m\u1ed1i h\u00e0n<\/p>\n<p>\u00a0<\/p>\n<\/div>\n","protected":false},"excerpt":{"rendered":"<p>Lan can s\u1eaft m\u1ef9 thu\u1eadt: s\u1eaft vu\u00f4ng 14*14 \u0111\u1eb7c c\u00e1n c\u1ea1nh + tay n\u0103m g\u1ed7 omega C\u00d4NG TR\u00ccNH LAN CAN NH\u00c0 PH\u1ed0 CH\u1eca NG\u1eccC PH\u01af\u01a0NG QU\u1eacN 4 C\u00d4NG TY TNHH TM-DV-XD-TTNT TH\u00c0NH AN Th\u1eddi gian b\u1ea3o h\u00e0nh; 12 th\u00e1ng s\u01a1n n\u01b0\u1edbc + m\u1ed1i h\u00e0n \u00a0<\/p>\n","protected":false},"featured_media":454,"comment_status":"closed","ping_status":"closed","template":"","meta":[],"product_cat":[20],"product_tag":[],"_links":{"self":[{"href":"https:\/\/satmythuatgiare.com\/index.php?rest_route=\/wp\/v2\/product\/453"}],"collection":[{"href":"https:\/\/satmythuatgiare.com\/index.php?rest_route=\/wp\/v2\/product"}],"about":[{"href":"https:\/\/satmythuatgiare.com\/index.php?rest_route=\/wp\/v2\/types\/product"}],"replies":[{"embeddable":true,"href":"https:\/\/satmythuatgiare.com\/index.php?rest_route=%2Fwp%2Fv2%2Fcomments&post=453"}],"wp:featuredmedia":[{"embeddable":true,"href":"https:\/\/satmythuatgiare.com\/index.php?rest_route=\/wp\/v2\/media\/454"}],"wp:attachment":[{"href":"https:\/\/satmythuatgiare.com\/index.php?rest_route=%2Fwp%2Fv2%2Fmedia&parent=453"}],"wp:term":[{"taxonomy":"product_cat","embeddable":true,"href":"https:\/\/satmythuatgiare.com\/index.php?rest_route=%2Fwp%2Fv2%2Fproduct_cat&post=453"},{"taxonomy":"product_tag","embeddable":true,"href":"https:\/\/satmythuatgiare.com\/index.php?rest_route=%2Fwp%2Fv2%2Fproduct_tag&post=453"}],"curies":[{"name":"wp","href":"https:\/\/api.w.org\/{rel}","templated":true}]}}