{"id":442,"date":"2025-08-26T14:28:17","date_gmt":"2025-08-26T14:28:17","guid":{"rendered":"http:\/\/localhost\/o\/?product=lan-can-sat-don-gian-06"},"modified":"2025-08-26T14:28:24","modified_gmt":"2025-08-26T14:28:24","slug":"lan-can-sat-don-gian-06","status":"publish","type":"product","link":"https:\/\/satmythuatgiare.com\/?product=lan-can-sat-don-gian-06","title":{"rendered":"LAN CAN S\u1eaeT \u0110\u01a0N GI\u1ea2N 06"},"content":{"rendered":"<\/p>\n<div class=\"content-tabs-pro-detail info-pro-detail active text\">\n<p style=\"text-align: justify;\"><span style=\"font-family:Times New Roman,serif;\"><span style=\"font-size:14.0pt;\">V\u1edbi s\u1ef1 ph\u00e1t tri\u1ec3n kh\u00f4ng ng\u1eebng c\u1ee7a x\u00e3 h\u1ed9i v\u00e0 nhu c\u1ea7u cu\u1ed9c s\u1ed1ng ng\u00e0y c\u00e0ng cao, \u0111\u1eddi s\u1ed1ng ng\u00e0y c\u00e0ng hi\u1ec7n \u0111\u1ea1i,nhu c\u1ea7u v\u1ec1 nh\u00e0 \u1edf \u0111\u1eb9p sang tr\u1ecdng th\u1ea9m m\u1ef9 tinh t\u1ebf, ri\u00eang bi\u1ec7t ng\u00e0y c\u00e0ng nhi\u1ec1u . M\u1ed9t trong y\u1ebfu t\u1ed1 r\u1ea5t quan tr\u1ecdng kh\u00f4ng th\u1ec3 thi\u1ebfu \u0111\u00f3 l\u00e0 ph\u1ea7n trang tr\u00ed n\u1ed9i th\u1ea5t v\u1eeba \u0111\u1ea3m b\u1ea3o an to\u00e0n v\u1eeba t\u1ea1o \u00a0n\u00ean \u0111\u1eb3ng c\u1ea5p c\u1ee7a m\u1ed7i ng\u00f4i nh\u00e0.Trong ph\u1ea7n trang tr\u00ed ho\u00e0n thi\u1ec7n n\u1ed9i th\u1ea5t th\u00ec kh\u00f4ng th\u1ec3 thi\u1ebfu c\u00e1c h\u1ea1ng m\u1ee5c\u00a0 nh\u01b0\u00a0 <a href=\"https:\/\/satmythuatthanhan.com\/lan-can-cau-thang-sat-my-thuat-tai-ho-chi-minh\"><strong>lan can c\u1ea7u thang<\/strong><\/a>, lan can ban c\u00f4ng, lan khung\u00a0 b\u1ea3o v\u1ec7 c\u1eeda s\u1ed5 ,<strong>c\u1ed5ng r\u00e0o<\/strong>, m\u00e1i che trang tr\u00ed\u2026Ch\u00fang t\u00f4i C\u00f4ng ty TNHH TM \u2013DV-XD-TTNT Th\u00e0nh\u00a0 An chuy\u00ean s\u1ea3n xu\u1ea5t, gia c\u00f4ng thi c\u00f4ng uy t\u00edn h\u00e0ng \u0111\u1ea7u v\u1ec1 t\u1ea5t c\u1ea3 c\u00e1c h\u1ea1ng m\u1ee5c v\u1ec1 <a href=\"https:\/\/satmythuatthanhan.com\/san-pham\"><strong>S\u1eaft M\u1ef9 Thu\u1eadt T\u1ea1i Tp H\u1ed3 Ch\u00ed Minh<\/strong><\/a><\/span><\/span><\/p>\n<p style=\"text-align: center;\"><img decoding=\"async\" alt=\"c\u1ea7u thang s\u1eaft \u0111\u01a1n gi\u1ea3n\" src=\"http:\/\/localhost\/o\/wp-content\/uploads\/2025\/08\/cau-thang-sat-don-gian-8.jpg\" style=\"width: 800px; height: 637px;\" title=\"cau-thang-sat-don-gian-8\"><\/p>\n<p style=\"text-align: center;\"><span style=\"font-family:Times New Roman,serif;\"><span style=\"font-size:14.0pt;\"><strong>Lan can c\u1ea7u thang c\u00f4ng tr\u00ecnh Ch\u1ecb H\u1eb1ng Nh\u01a1n Tr\u1ea1ch<\/strong><\/span><\/span><\/p>\n<p style=\"text-align: justify;\"><span style=\"font-family:Times New Roman,serif;\"><span style=\"font-size:14.0pt;\">Ngh\u00e0nh trang tr\u00ed n\u1ed9i, ngo\u1ea1i th\u1ea5t ng\u00e0y \u00a0nay , Trong l\u0129nh v\u1ef1c trang tr\u00ed n\u1ed9i ngo\u1ea1i th\u1ea5t m\u1ed9t trong nh\u1eefng trang ngo\u1ea1i th\u1ea5t ph\u1ed5 bi\u1ebfn v\u00e0 th\u00f4ng d\u1ee5ng nh\u1ea5t hi\u1ec7n nay \u0111\u00f3 l\u00e0 <a href=\"https:\/\/satmythuatthanhan.com\/san-pham\"><strong>lan can c\u1ea7u thang\u00a0s\u1eaft m\u1ef9 thu\u1eadt<\/strong><\/a>. Ch\u00fang ta c\u00f3 th\u1ec3 b\u1eaft g\u1eb7p trong t\u1ea5t c\u1ea3 c\u00e1c ng\u00f4i nh\u00e0 ph\u1ed1, bi\u1ec7t th\u1ef1 villa, c\u00e1c d\u1ef1 \u00e1n l\u1edbn nh\u1ecf<\/span><\/span><\/p>\n<p style=\"text-align: center;\"><img decoding=\"async\" alt=\"c\u1ea7u thang s\u1eaft \u0111\u01a1n gi\u1ea3n \u0111\u1eb9p\" src=\"http:\/\/localhost\/o\/wp-content\/uploads\/2025\/08\/cau-thang-sat-don-gian-dep.jpg\" style=\"width: 595px; height: 457px;\" title=\"cau-thang-sat-don-gian-dep\"><\/p>\n<p style=\"text-align: center;\"><strong><span style=\"font-family:Times New Roman,serif;\"><span style=\"font-size:14.0pt;\">C\u1ea7u thang s\u1eaft m\u1ef9 thu\u1eadt \u0111\u01a1n gi\u1ea3n<\/span><\/span><\/strong><\/p>\n<p><span style=\"font-family:Times New Roman,serif;\"><span style=\"font-size:14.0pt;\">C\u00f4ng\u00a0 Ty TNHH TM-DV-XD-TTNT\u00a0 Th\u00e0nh An l\u00e0 \u0111\u01a1n\u00a0 v\u1ecb s\u1ea3n xu\u1ea5t , gia c\u00f4ng th\u00f4 , thi c\u00f4ng, cung c\u1ea5p l\u1eafp ho\u00e0n thi\u1ec7n t\u1ea5t c\u1ea3 c\u00e1c h\u1ea1ng m\u1ee5c li\u00ean quan \u00a0lan can <strong>lan can ban c\u00f4ng<\/strong> , lan can m\u1eb7t ti\u1ec1n. Ch\u1ea5t l\u01b0\u1ee3ng ,<strong> <a href=\"https:\/\/satmythuatthanhan.com\/san-pham\">uy t\u00edn<\/a><\/strong><a href=\"https:\/\/satmythuatthanhan.com\/san-pham\">, <strong>gi\u00e1 t\u1ea1i x\u01b0\u1edfng s\u1ea3n xu\u1ea5t<\/strong> <\/a>, <a href=\"https:\/\/satmythuatthanhan.com\/san-pham\">gi\u00e1 r\u1ebb<\/a> h\u00e0ng \u0111\u1ea7u Vi\u1ec7t Nam<\/span><\/span><\/p>\n<p style=\"text-align: center;\"><img decoding=\"async\" alt=\"lan can s\u1eaft \u0111\u01a1n gi\u1ea3n\" src=\"http:\/\/localhost\/o\/wp-content\/uploads\/2025\/08\/lan-can-sat-don-gian-10.jpg\" style=\"width: 800px; height: 600px;\" title=\"lan-can-sat-don-gian-10\"><\/p>\n<p style=\"text-align: center;\"><strong><span style=\"font-family:Times New Roman,serif;\"><span style=\"font-size:14.0pt;\">C\u1ea7u thang c\u00f4ng tr\u00ecnh qu\u1eadn 4<\/span><\/span><\/strong><\/p>\n<p style=\"text-align: justify;\"><span style=\"font-family:Times New Roman,serif;\"><span style=\"font-size:14.0pt;\">N\u1ebfu Qu\u00fd C\u00f4ng ty, Qu\u00fd kh\u00e1ch h\u00e0ng n\u00e0o c\u00f3 nhu c\u1ea7u t\u00ecm ki\u1ebfm m\u1ed9t \u0111\u01a1n v\u1ecb m\u1ed9t \u0111\u1ed1i t\u00e1c uy t\u00edn c\u00f3 th\u1ec3 \u0111\u1ed3ng h\u00e0nh v\u00e0 g\u1eafn b\u00f3 l\u00e2u d\u00e0i h\u00e3y nh\u1ea5c l\u00ean g\u1ecdi v\u00e0 zalo ngay s\u1ed1 holine : 0984606488\u00a0 \u0111\u1ec3 \u0111\u01b0\u1ee3c h\u1ed7 tr\u1ee3 t\u01b0 v\u1ea5n mi\u1ec5n ph\u00ed 24\/7.<\/span><\/span><\/p>\n<p style=\"text-align: center;\"><img decoding=\"async\" alt=\"lan can s\u1eaft \u0111\u01a1n gi\u1ea3n\" src=\"http:\/\/localhost\/o\/wp-content\/uploads\/2025\/08\/lan-can-sat-don-gian-12.jpg\" style=\"width: 800px; height: 600px;\" title=\"lan-can-sat-don-gian-12\"><\/p>\n<p style=\"text-align: center;\"><strong><span style=\"font-family:Times New Roman,serif;\"><span style=\"font-size:14.0pt;\">C\u1ea7u thang s\u1eaft \u0111\u01a1n gi\u1ea3n\u00a0<\/span><\/span><\/strong><\/p>\n<p style=\"text-align: center;\"><img decoding=\"async\" alt=\"lan can s\u1eaft \u0111\u01a1n gi\u1ea3n 13\" src=\"http:\/\/localhost\/o\/wp-content\/uploads\/2025\/08\/lan-can-sat-don-gian-13.jpg\" style=\"width: 800px; height: 560px;\" title=\"lan-can-sat-don-gian-13\"><\/p>\n<p style=\"text-align: center;\"><strong><span style=\"font-family:Times New Roman,serif;\"><span style=\"font-size:14.0pt;\">C\u00f4ng tr\u00ecnh ph\u00fa m\u1ef9 h\u01b0ng qu\u1eadn 7<\/span><\/span><\/strong><\/p>\n<p style=\"text-align: center;\"><img decoding=\"async\" alt=\"lan can s\u1eaft \u0111\u01a1n gi\u1ea3n\" src=\"http:\/\/localhost\/o\/wp-content\/uploads\/2025\/08\/lan-can-sat-don-gian-21.jpg\" style=\"width: 800px; height: 600px;\" title=\"lan-can-sat-don-gian-21\"><\/p>\n<p style=\"text-align: center;\"><strong>C\u00f4ng tr\u00ecnh Qu\u1eadn 2 Tp Th\u1ee7 \u0110\u1ee9c<\/strong><\/p>\n<p style=\"text-align: center;\"><img decoding=\"async\" alt=\"lan can s\u1eaft \u0111\u01a1n gi\u1ea3n t\u1ea1i x\u01b0\u1edfng th\u00e0nh an\" src=\"http:\/\/localhost\/o\/wp-content\/uploads\/2025\/08\/lan-can-sat-tai-xuong-thanh-an.jpg\" style=\"width: 800px; height: 600px;\" title=\"lan-can-sat-tai-xuong-thanh-an\"><\/p>\n<p style=\"text-align: center;\"><strong>C\u1ea7u thang s\u1eaft m\u1ef9 thu\u1eadt \u0111\u01a1n gi\u1ea3n Th\u00e0nh An<\/strong><\/p>\n<p style=\"text-align: center;\"><span style=\"font-family:Times New Roman,serif;\"><span style=\"font-size:14.0pt;\">\u0110ia ch\u1ec9 X\u01b0\u1edfng S\u1ea3n xu\u1ea5t : <strong>785C \u0110\u01b0\u1eddng Nguy\u1ec5n Duy Trinh , P Ph\u00fa H\u1eefu ,Tp Th\u1ee7 \u0110\u1ee9c<\/strong><\/span><\/span><\/p>\n<p style=\"text-align: center;\"><img decoding=\"async\" alt=\"lan can s\u1eaft \u0111\u01a1n gi\u1ea3n\" src=\"http:\/\/localhost\/o\/wp-content\/uploads\/2025\/08\/lan-can-sat-don-gian-deo-3.jpg\" style=\"width: 600px; height: 800px;\" title=\"lan-can-sat-don-gian-deo-3\"><\/p>\n<p style=\"text-align: center;\"><strong>S\u1ea3n xu\u1ea5t lan can Th\u00e0nh An<\/strong><\/p>\n<p style=\"text-align: center;\"><img decoding=\"async\" src=\"http:\/\/localhost\/o\/wp-content\/uploads\/2025\/08\/cau-thang-sat-don-gian-dep-6.jpg\" style=\"width: 480px; height: 518px;\" title=\"cau-thang-sat-don-gian-dep-6\"><\/p>\n<p style=\"text-align: center;\"><strong>S\u1ea3n xu\u1ea5t lan can t\u1ea1i Th\u00e0nh An<\/strong><\/p>\n<p style=\"text-align: center;\"><strong><iframe loading=\"lazy\" allowfullscreen=\"\" frameborder=\"0\" height=\"360\" src=\"https:\/\/www.youtube.com\/embed\/S25q9zpd8bg\" width=\"640\"><\/iframe>\u00a0X\u01b0\u1edfng s\u1ea3n xu\u1ea5t Th\u00e0nh An<\/strong><\/p>\n<p style=\"text-align: justify;\"><span style=\"font-family:Times New Roman,serif;\"><span style=\"font-size:14.0pt;\">**** <strong>Nguy\u00ean t\u1eafc v\u00e0ng c\u1ee7a C\u00f4ng ty Th\u00e0nh An Ch\u00fang t\u00f4i<\/strong><\/span><\/span><!--[if--><!--[endif]--><\/p>\n<p style=\"text-align: justify;\"><span style=\"font-family:Times New Roman,serif;\"><span style=\"font-size:14.0pt;\">&#8211; Nguy\u00ean li\u1ec7u, v\u1eadt t\u01b0 ch\u00ednh hang<\/span><\/span><!--![endif]--><!--![if--><!--[if--><!--[if--><!--[endif]--><!--[endif]--><\/p>\n<p style=\"text-align: justify;\"><span style=\"font-family:Times New Roman,serif;\"><span style=\"font-size:14.0pt;\">&#8211;\u00a0 B\u1ea3o h\u00e0nh 12 th\u00e1ng<\/span><\/span><\/p>\n<p style=\"text-align: justify;\"><span style=\"font-family:Times New Roman,serif;\"><span style=\"font-size:14.0pt;\">&#8211;\u00a0<\/span><\/span><span style=\"font-family:Times New Roman,serif;\"><span style=\"font-size:14.0pt;\">\u00a0 T\u01b0 v\u1ea5n t\u1eadn t\u00e2m nhi\u1ec7t t\u00ecnh,tin c\u1eady<\/span><\/span><!--![endif]--><!--![endif]--><!--![endif]--><!--![if--><!--![if--><!--![if--><!--[if--><!--[if--><!--[if--><!--[if--><!--[endif]--><!--[endif]--><!--[endif]--><!--[endif]--><\/p>\n<p style=\"text-align: justify;\"><span style=\"font-family:Times New Roman,serif;\"><span style=\"font-size:14.0pt;\">&#8211; Thi c\u00f4ng chuy\u00ean nghi\u1ec7p, ti\u1ebfn \u0111\u1ed9 nhanh<\/span><\/span><!--![endif]--><!--![endif]--><!--![endif]--><!--![endif]--><!--![if--><!--![if--><!--![if--><!--![if--><!--[if--><!--[if--><!--[if--><!--[if--><!--[if--><!--[endif]--><!--[endif]--><!--[endif]--><!--[endif]--><!--[endif]--><\/p>\n<p style=\"text-align: justify;\"><span style=\"font-family:Times New Roman,serif;\"><span style=\"font-size:14.0pt;\">&#8211; Gi\u00e1 c\u1ea3 c\u1ea1nh tranh<\/span><\/span><!--![endif]--><!--![endif]--><!--![endif]--><!--![endif]--><!--![endif]--><!--![if--><!--![if--><!--![if--><!--![if--><!--![if--><!--[if--><!--[if--><!--[if--><!--[if--><!--[if--><!--[if--><!--[endif]--><!--[endif]--><!--[endif]--><!--[endif]--><!--[endif]--><!--[endif]--><\/p>\n<p style=\"text-align: justify;\"><span style=\"font-family:Times New Roman,serif;\"><span style=\"font-size:14.0pt;\">&#8211; Ph\u1ee5c v\u1ee5 chu \u0111\u00e1o<\/span><\/span><!--![endif]--><!--![endif]--><!--![endif]--><!--![endif]--><!--![endif]--><!--![endif]--><!--![if--><!--![if--><!--![if--><!--![if--><!--![if--><!--![if--><!--[if--><!--[if--><!--[if--><!--[if--><!--[if--><!--[if--><!--[if--><!--[endif]--><!--[endif]--><!--[endif]--><!--[endif]--><!--[endif]--><!--[endif]--><!--[endif]--><\/p>\n<p style=\"text-align: justify;\"><span style=\"font-family:Times New Roman,serif;\"><span style=\"font-size:14.0pt;\">&#8211; D\u1ecbch v\u1ee5 ho\u00e0n h\u1ea3o<\/span><\/span><!--![endif]--><!--![endif]--><!--![endif]--><!--![endif]--><!--![endif]--><!--![endif]--><!--![endif]--><!--![if--><!--![if--><!--![if--><!--![if--><!--![if--><!--![if--><!--![if--><\/p>\n<p style=\"margin-left: 0.25in; text-align: justify;\"><strong><span style=\"font-family:Times New Roman,serif;\"><span style=\"font-size:14.0pt;\">Li\u00ean h\u1ec7 ngay \u0111\u1ec3 \u0111\u01b0\u1ee3c t\u01b0 v\u1ea5n v\u00e0 b\u00e1o gi\u00e1 nhanh v\u1ec1 d\u00f2ng s\u1ea3n ph\u1ea9m m\u00e0 qu\u00fd kh\u00e1ch h\u00e0ng y\u00eau c\u1ea7u:<\/span><\/span><\/strong><\/p>\n<p style=\"margin-left: 0.25in; text-align: justify;\"><strong><span style=\"font-family:Times New Roman,serif;\"><span style=\"font-size:14.0pt;\">C\u00d4NG TY TNHH TM-DV-XD-TTNT TH\u00c0NH AN<\/span><\/span><\/strong><\/p>\n<p style=\"margin-left: 0.25in; text-align: justify;\"><span style=\"font-family:Times New Roman,serif;\"><span style=\"font-size:14.0pt;\">\u0110\u1ecba ch\u1ec9 X\u01b0\u1edfng s\u1ea3n xu\u1ea5t : 785C Nguy\u1ec5n Duy Trinh- P. Ph\u00fa H\u1eefu \u2013 Tp Th\u1ee7 \u0110\u01b0c (Qu\u1eadn 9 c\u0169) \u2013 Tp H\u1ed3 Ch\u00ed Minh<\/span><\/span><\/p>\n<p style=\"margin-left: 0.25in; text-align: justify;\"><span style=\"font-family:Times New Roman,serif;\"><span style=\"font-size:14.0pt;\">Email; <\/span><\/span><a href=\"mailto:xaydungantran@gmail.com\"><span style=\"font-family:Times New Roman,serif;\"><span style=\"font-size:14.0pt;\">xaydungantran@gmail.com<\/span><\/span><\/a><\/p>\n<p style=\"margin-left: 0.25in; text-align: justify;\"><span style=\"font-family:Times New Roman,serif;\"><span style=\"font-size:14.0pt;\">Tel: 0984.606488 (Ch\u1ecb H\u00e0\u00a0 chuy\u00ean vi\u00ean t\u01b0 v\u1ea5n v\u00e0 b\u00e1o gi\u00e1) \u2013 0986040655\u00a0 ( Anh An chuy\u00ean vi\u00ean k\u1ef9 thu\u1eadt)<\/span><\/span><\/p>\n<p style=\"margin-left: 0.25in; text-align: justify;\"><span style=\"font-family:Times New Roman,serif;\"><span style=\"font-size:14.0pt;\">Website: https:\/\/satmythuatthanhan.com\/<\/span><\/span><\/p>\n<\/div>\n","protected":false},"excerpt":{"rendered":"<p>Lan can c\u1ea7u thang c\u00f4ng tr\u00ecnh Ch\u1ecb H\u1eb1ng Nh\u01a1n Tr\u1ea1ch<\/p>\n","protected":false},"featured_media":443,"comment_status":"closed","ping_status":"closed","template":"","meta":[],"product_cat":[20],"product_tag":[],"_links":{"self":[{"href":"https:\/\/satmythuatgiare.com\/index.php?rest_route=\/wp\/v2\/product\/442"}],"collection":[{"href":"https:\/\/satmythuatgiare.com\/index.php?rest_route=\/wp\/v2\/product"}],"about":[{"href":"https:\/\/satmythuatgiare.com\/index.php?rest_route=\/wp\/v2\/types\/product"}],"replies":[{"embeddable":true,"href":"https:\/\/satmythuatgiare.com\/index.php?rest_route=%2Fwp%2Fv2%2Fcomments&post=442"}],"wp:featuredmedia":[{"embeddable":true,"href":"https:\/\/satmythuatgiare.com\/index.php?rest_route=\/wp\/v2\/media\/443"}],"wp:attachment":[{"href":"https:\/\/satmythuatgiare.com\/index.php?rest_route=%2Fwp%2Fv2%2Fmedia&parent=442"}],"wp:term":[{"taxonomy":"product_cat","embeddable":true,"href":"https:\/\/satmythuatgiare.com\/index.php?rest_route=%2Fwp%2Fv2%2Fproduct_cat&post=442"},{"taxonomy":"product_tag","embeddable":true,"href":"https:\/\/satmythuatgiare.com\/index.php?rest_route=%2Fwp%2Fv2%2Fproduct_tag&post=442"}],"curies":[{"name":"wp","href":"https:\/\/api.w.org\/{rel}","templated":true}]}}