{"id":436,"date":"2025-08-26T14:28:02","date_gmt":"2025-08-26T14:28:02","guid":{"rendered":"http:\/\/localhost\/o\/?product=lan-can-cau-thang-my-thuat"},"modified":"2025-08-26T14:28:06","modified_gmt":"2025-08-26T14:28:06","slug":"lan-can-cau-thang-my-thuat","status":"publish","type":"product","link":"https:\/\/satmythuatgiare.com\/?product=lan-can-cau-thang-my-thuat","title":{"rendered":"LAN CAN C\u1ea6U THANG M\u1ef8 THU\u1eacT"},"content":{"rendered":"<\/p>\n<div class=\"content-tabs-pro-detail info-pro-detail active text\">\n<p><a href=\"https:\/\/satmythuatthanhan.com\/\">S\u1eaft M\u1ef9 Thu\u1eadt Th\u00e0nh An\u00a0<\/a>chuy\u00ean gia c\u00f4ng th\u00f4, gia c\u00f4ng\u00a0l\u1eafp r\u00e1p ho\u00e0n thi\u1ec7n\u00a0c\u00e1c lo\u1ea1i lan can c\u1ea7u thang s\u1eaft\u00a0m\u1ef9 thu\u1eadt \u0111\u1eb3ng c\u1ea5p t\u1ea1\u1ecb th\u00e0nh ph\u1ed1 H\u1ed3 Ch\u00ed Minh v\u00e0 c\u00e1c t\u1ec9nh tr\u00ean m\u1ecdi mi\u1ec1n qu\u1ed1c gia Vi\u1ec7t Nam<\/p>\n<p style=\"text-align: center;\"><img decoding=\"async\" alt=\"lan can c\u1ea7u thang\" src=\"http:\/\/localhost\/o\/wp-content\/uploads\/2025\/08\/lan-can-sat-dac-uon-15.jpg\" style=\"width: 800px; height: 600px;\" title=\"lan-can-sat-dac-uon-15\"><\/p>\n<p style=\"text-align: center;\">Gia c\u00f4ng lan can s\u1eaft\u00a0<\/p>\n<p style=\"text-align: center;\">Th\u00e0nh An t\u1ef1 h\u00e0o l\u00e0 \u0111\u01a1n v\u1ecb cung c\u1ea5p c\u00e1c lo\u1ea1i lan can c\u1ea7u thang s\u1eaft\u00a0\u0111\u1eb9p, an to\u00e0n, tinh t\u1ebf\u00a0v\u00e0 b\u1eaft m\u1eaft v\u1edbi nhi\u1ec1u n\u0103m kinh nhi\u1ec7m trong ngh\u1ec1, \u0111\u1ed9i ng\u0169 nh\u00e2n vi\u00ean t\u1eadn t\u00e2m v\u1edbi ngh\u1ec1\u00a0v\u1edbi k\u1ef9 thu\u1eadt chuy\u00ean m\u00f4n cao<\/p>\n<p style=\"text-align: center;\"><img decoding=\"async\" alt=\"lan can s\u1eaft\" src=\"http:\/\/localhost\/o\/wp-content\/uploads\/2025\/08\/lan-can-cau-thang-don-gian.jpg\" style=\"width: 907px; height: 699px;\" title=\"lan-can-cau-thang-don-gian\"><\/p>\n<p style=\"text-align: center;\">V\u1eadn chuy\u1ec3n\u00a0 \u0111i l\u1eafp r\u00e1p c\u00f4ng tr\u00ecnh<\/p>\n<p>Th\u00e0nh An t\u1ef1 h\u00e0o l\u00e0 \u0111\u01a1n v\u1ecb cung c\u1ea5p c\u00e1c lo\u1ea1i khung b\u1ea3o v\u1ec7 c\u1eeda s\u1ed5\u00a0\u0111\u1eb9p, an to\u00e0n, tinh t\u1ebf\u00a0v\u00e0 b\u1eaft m\u1eaft v\u1edbi nhi\u1ec1u n\u0103m kinh nhi\u1ec7m trong ngh\u1ec1, \u0111\u1ed9i ng\u0169 nh\u00e2n vi\u00ean t\u1eadn t\u00e2m v\u1edbi ngh\u1ec1\u00a0v\u1edbi k\u1ef9 thu\u1eadt chuy\u00ean m\u00f4n cao<\/p>\n<h2><strong>C\u00d4NG TY TNHH TM-DV-XD-TTNT TH\u00c0NH AN<\/strong><\/h2>\n<p>\u0110C:\u00a0785C Nguy\u1ec5n Duy Trinh, P. Ph\u00fa H\u1eefu, Q.9, Tp. Th\u1ee7 \u0110\u1ee9c. HCM<br \/>\nEmail: xaydungantran@gmail.com<br \/>\nTel:\u00a0<strong>0984 606 488 (Ch\u1ecb H\u00e0 chuy\u00ean b\u00e1o gi\u00e1)<\/strong><br \/>\nMST:\u00a00314318001<br \/>\nWebsite:\u00a0https:\/\/satmythuatthanhan.com\/<\/p>\n<\/div>\n","protected":false},"excerpt":{"rendered":"<p>S\u1eaft M\u1ef9 Thu\u1eadt Th\u00e0nh An\u00a0chuy\u00ean gia c\u00f4ng th\u00f4, gia c\u00f4ng\u00a0l\u1eafp r\u00e1p ho\u00e0n thi\u1ec7n\u00a0c\u00e1c lo\u1ea1i lan can c\u1ea7u thang s\u1eaft\u00a0m\u1ef9 thu\u1eadt \u0111\u1eb3ng c\u1ea5p t\u1ea1\u1ecb th\u00e0nh ph\u1ed1 H\u1ed3 Ch\u00ed Minh v\u00e0 c\u00e1c t\u1ec9nh tr\u00ean m\u1ecdi mi\u1ec1n qu\u1ed1c gia Vi\u1ec7t Nam Gia c\u00f4ng lan can s\u1eaft\u00a0 Th\u00e0nh An t\u1ef1 h\u00e0o l\u00e0 \u0111\u01a1n v\u1ecb cung c\u1ea5p c\u00e1c lo\u1ea1i lan&#8230;<\/p>\n","protected":false},"featured_media":437,"comment_status":"closed","ping_status":"closed","template":"","meta":[],"product_cat":[20],"product_tag":[],"_links":{"self":[{"href":"https:\/\/satmythuatgiare.com\/index.php?rest_route=\/wp\/v2\/product\/436"}],"collection":[{"href":"https:\/\/satmythuatgiare.com\/index.php?rest_route=\/wp\/v2\/product"}],"about":[{"href":"https:\/\/satmythuatgiare.com\/index.php?rest_route=\/wp\/v2\/types\/product"}],"replies":[{"embeddable":true,"href":"https:\/\/satmythuatgiare.com\/index.php?rest_route=%2Fwp%2Fv2%2Fcomments&post=436"}],"wp:featuredmedia":[{"embeddable":true,"href":"https:\/\/satmythuatgiare.com\/index.php?rest_route=\/wp\/v2\/media\/437"}],"wp:attachment":[{"href":"https:\/\/satmythuatgiare.com\/index.php?rest_route=%2Fwp%2Fv2%2Fmedia&parent=436"}],"wp:term":[{"taxonomy":"product_cat","embeddable":true,"href":"https:\/\/satmythuatgiare.com\/index.php?rest_route=%2Fwp%2Fv2%2Fproduct_cat&post=436"},{"taxonomy":"product_tag","embeddable":true,"href":"https:\/\/satmythuatgiare.com\/index.php?rest_route=%2Fwp%2Fv2%2Fproduct_tag&post=436"}],"curies":[{"name":"wp","href":"https:\/\/api.w.org\/{rel}","templated":true}]}}