{"id":431,"date":"2025-08-26T14:27:53","date_gmt":"2025-08-26T14:27:53","guid":{"rendered":"http:\/\/localhost\/o\/?product=lan-can-cau-thang-sat-dep"},"modified":"2025-08-26T14:28:00","modified_gmt":"2025-08-26T14:28:00","slug":"lan-can-cau-thang-sat-dep","status":"publish","type":"product","link":"https:\/\/satmythuatgiare.com\/?product=lan-can-cau-thang-sat-dep","title":{"rendered":"LAN CAN C\u1ea6U THANG S\u1eaeT \u0110\u1eb8P"},"content":{"rendered":"<\/p>\n<div class=\"content-tabs-pro-detail info-pro-detail active text\">\n<p><a href=\"https:\/\/satmythuatthanhan.com\/\">S\u1eaft M\u1ef9 Thu\u1eadt Th\u00e0nh An\u00a0<\/a>chuy\u00ean gia c\u00f4ng th\u00f4, gia c\u00f4ng\u00a0l\u1eafp r\u00e1p ho\u00e0n thi\u1ec7n\u00a0c\u00e1c lo\u1ea1i lan can c\u1ea7u thang s\u1eaft\u00a0m\u1ef9 thu\u1eadt \u0111\u1eb3ng c\u1ea5p t\u1ea1\u1ecb th\u00e0nh ph\u1ed1 H\u1ed3 Ch\u00ed Minh v\u00e0 c\u00e1c t\u1ec9nh tr\u00ean m\u1ecdi mi\u1ec1n qu\u1ed1c gia Vi\u1ec7t Nam<\/p>\n<p style=\"text-align: center;\"><img decoding=\"async\" alt=\"lan can s\u1eaft \u0111\u1eb7c\" src=\"http:\/\/localhost\/o\/wp-content\/uploads\/2025\/08\/lan-can-sat-dac.jpg\" style=\"width: 939px; height: 636px;\" title=\"lan-can-sat-dac\"><\/p>\n<p style=\"text-align: center;\">C\u1ea7u thang s\u1eaft \u0111\u1eb9p t\u1ea1i Qu\u1eadn 9 TpHCM<\/p>\n<p>Th\u00e0nh An t\u1ef1 h\u00e0o l\u00e0 \u0111\u01a1n v\u1ecb cung c\u1ea5p c\u00e1c lo\u1ea1i<a href=\"https:\/\/satmythuatthanhan.com\/cau-thang-sat-my-nghe-quan-9-tphcm\"><strong> lan can c\u1ea7u thang s\u1eaft\u00a0\u0111\u1eb9p<\/strong><\/a>, an to\u00e0n, tinh t\u1ebf\u00a0v\u00e0 b\u1eaft m\u1eaft v\u1edbi nhi\u1ec1u n\u0103m kinh nhi\u1ec7m trong ngh\u1ec1, \u0111\u1ed9i ng\u0169 nh\u00e2n vi\u00ean t\u1eadn t\u00e2m v\u1edbi ngh\u1ec1\u00a0v\u1edbi k\u1ef9 thu\u1eadt chuy\u00ean m\u00f4n cao<\/p>\n<p style=\"text-align: center;\"><img decoding=\"async\" src=\"http:\/\/localhost\/o\/wp-content\/uploads\/2025\/08\/lan-can-sat-don-gian-2.jpg\" style=\"width: 644px; height: 819px;\" title=\"lan-can-sat-don-gian-2\"><\/p>\n<p style=\"text-align: center;\"><strong>Lan lan s\u1eaft \u0111\u1eb7c \u0111\u01a1n gi\u1ea3n t\u1ea1i c\u00f4ng tr\u00ecnh Qu\u1eadn 7 TpHCM<\/strong><\/p>\n<p style=\"text-align: center;\"><strong><img decoding=\"async\" src=\"http:\/\/localhost\/o\/wp-content\/uploads\/2025\/08\/lan-can-sat-don-gian.jpg\" style=\"width: 600px; height: 800px;\" title=\"lan-can-sat-don-gian\"><\/strong><\/p>\n<p style=\"text-align: center;\"><strong>Lan can s\u1eaft \u0111\u1eb7c \u0111\u01a1n gi\u1ea3n t\u1ea1i c\u00f4ng tr\u00ecnh qu\u1eadn 8 TpHCM<\/strong><\/p>\n<h2><strong>Li\u00ean h\u1ec7 ngay \u0111\u1ec3 \u0111\u01b0\u1ee3c t\u01b0 v\u1ea5n k\u1ef9 r\u00f5 lan can s\u1eaft \u0111\u1eb7c nh\u00e9<\/strong><\/h2>\n<h3><strong>C\u00d4NG TY TNHH TM-DV-XD-TTNT TH\u00c0NH AN<\/strong><\/h3>\n<p>\u0110C:\u00a0785C Nguy\u1ec5n Duy Trinh, P. Ph\u00fa H\u1eefu, Q.9, Tp. Th\u1ee7 \u0110\u1ee9c. HCM<br \/>\nEmail: xaydungantran@gmail.com<br \/>\nTel:\u00a0<strong>0984 606 488 (Ch\u1ecb H\u00e0 chuy\u00ean vi\u00ean t\u01b0 v\u1ea5n v\u00e0 b\u00e1o gi\u00e1) &#8211;\u00a00986040655\u00a0( Anh An T\u01b0 v\u1ea5n k\u1ef9 thu\u1eadt)<\/strong><br \/>\nMST:\u00a00314318001<br \/>\nWebsite:\u00a0https:\/\/satmythuatthanhan.c<\/p>\n<\/div>\n","protected":false},"excerpt":{"rendered":"<p>S\u1eaft M\u1ef9 Thu\u1eadt Th\u00e0nh An\u00a0chuy\u00ean gia c\u00f4ng th\u00f4, gia c\u00f4ng\u00a0l\u1eafp r\u00e1p ho\u00e0n thi\u1ec7n\u00a0c\u00e1c lo\u1ea1i lan can c\u1ea7u thang s\u1eaft\u00a0m\u1ef9 thu\u1eadt \u0111\u1eb3ng c\u1ea5p t\u1ea1\u1ecb th\u00e0nh ph\u1ed1 H\u1ed3 Ch\u00ed Minh v\u00e0 c\u00e1c t\u1ec9nh tr\u00ean m\u1ecdi mi\u1ec1n qu\u1ed1c gia Vi\u1ec7t Nam C\u1ea7u thang s\u1eaft \u0111\u1eb9p t\u1ea1i Qu\u1eadn 9 TpHCM Th\u00e0nh An t\u1ef1 h\u00e0o l\u00e0 \u0111\u01a1n v\u1ecb cung c\u1ea5p&#8230;<\/p>\n","protected":false},"featured_media":432,"comment_status":"closed","ping_status":"closed","template":"","meta":[],"product_cat":[20],"product_tag":[],"_links":{"self":[{"href":"https:\/\/satmythuatgiare.com\/index.php?rest_route=\/wp\/v2\/product\/431"}],"collection":[{"href":"https:\/\/satmythuatgiare.com\/index.php?rest_route=\/wp\/v2\/product"}],"about":[{"href":"https:\/\/satmythuatgiare.com\/index.php?rest_route=\/wp\/v2\/types\/product"}],"replies":[{"embeddable":true,"href":"https:\/\/satmythuatgiare.com\/index.php?rest_route=%2Fwp%2Fv2%2Fcomments&post=431"}],"wp:featuredmedia":[{"embeddable":true,"href":"https:\/\/satmythuatgiare.com\/index.php?rest_route=\/wp\/v2\/media\/432"}],"wp:attachment":[{"href":"https:\/\/satmythuatgiare.com\/index.php?rest_route=%2Fwp%2Fv2%2Fmedia&parent=431"}],"wp:term":[{"taxonomy":"product_cat","embeddable":true,"href":"https:\/\/satmythuatgiare.com\/index.php?rest_route=%2Fwp%2Fv2%2Fproduct_cat&post=431"},{"taxonomy":"product_tag","embeddable":true,"href":"https:\/\/satmythuatgiare.com\/index.php?rest_route=%2Fwp%2Fv2%2Fproduct_tag&post=431"}],"curies":[{"name":"wp","href":"https:\/\/api.w.org\/{rel}","templated":true}]}}