{"id":405,"date":"2025-08-26T14:27:00","date_gmt":"2025-08-26T14:27:00","guid":{"rendered":"http:\/\/localhost\/o\/?product=lan-can-sat-my-thuat-ban-cong-quan-9-tphcm"},"modified":"2025-08-26T14:27:05","modified_gmt":"2025-08-26T14:27:05","slug":"lan-can-sat-my-thuat-ban-cong-quan-9-tphcm","status":"publish","type":"product","link":"https:\/\/satmythuatgiare.com\/?product=lan-can-sat-my-thuat-ban-cong-quan-9-tphcm","title":{"rendered":"LAN CAN S\u1eaeT M\u1ef8 THU\u1eacT BAN C\u00d4NG QU\u1eacN 9 tphcm"},"content":{"rendered":"<\/p>\n<div class=\"content-tabs-pro-detail info-pro-detail active text\">\n<p><a href=\"https:\/\/satmythuatthanhan.com\/\">S\u1eaft M\u1ef9 Thu\u1eadt Th\u00e0nh An\u00a0<\/a>chuy\u00ean gia c\u00f4ng, s\u1ea3n xu\u1ea5t , thi\u1ebft k\u1ebf\u00a0thi c\u00f4ng\u00a0l\u1eafp r\u00e1p ho\u00e0n thi\u1ec7n t\u1ea5t c\u1ea3 c\u00e1c lo\u1ea1i\u00a0<strong><a href=\"https:\/\/satmythuatthanhan.com\/xuong-san-xuat-thi-cong-sat-my-thuat-cua-cong-lan-can-uy-tingia-re-dep-sang-tai-cac-quan-huyen-tphcm\">lan can ban c\u00f4ng s\u1eaft<\/a>, lan can m\u1eb7t ti\u1ec1n\u00a0s\u1eaft m\u1ef9 thu\u1eadt\u00a0<\/strong>\u00a0t\u1ea1\u1ecb t\u1ea5t c\u1ea3 c\u00e1c\u00a0<strong><u>qu\u1eadn 9, Qu\u1eadn 2, Qu\u1eadn 7, Qu\u1eadn 10, Qu\u1eadn 11, Qu\u1eadn 12, Qu\u1eadn 8&#8230;\u00a0Tp H\u1ed3 Ch\u00ed Minh<\/u><\/strong>\u00a0v\u00e0 c\u00e1c t\u1ec9nh tr\u00ean m\u1ecdi mi\u1ec1n qu\u1ed1c gia Vi\u1ec7t Nam.<\/p>\n<p style=\"text-align: center;\"><img decoding=\"async\" alt=\"C\u1ea7u thang s\u1eaft \u0111\u1eb9p 13\" src=\"http:\/\/localhost\/o\/wp-content\/uploads\/2025\/08\/cau-thang-sat-dep-13.jpg\" style=\"width: 735px; height: 551px;\" title=\"cau-thang-sat-dep-13\"><\/p>\n<p style=\"text-align: center;\"><strong>C\u1ea7u thang s\u1eaft \u0111\u1eb9p 13<\/strong><\/p>\n<p><strong>C\u00f4ng ty TNHH TM_DV-XD-TTNT Th\u00e0nh An<\/strong> b\u00e1o gi\u00e1 nhanh ch\u00f3ng, thi c\u00f4ng nhanh , T\u01b0 v\u1ea5n 24\/24 &#8211; B\u1ea3o h\u00e0nh l\u00e2u d\u00e0i , B\u00e0n giao \u0111\u00fang ti\u1ebfn \u0111\u1ed9.\u00a0<\/p>\n<p>\u00a0<\/p>\n<p style=\"text-align: center;\"><img decoding=\"async\" alt=\"b\u1ea3n v\u1ebd lan can s\u1eaft \u0111\u1eb7c\" src=\"http:\/\/localhost\/o\/wp-content\/uploads\/2025\/08\/ban-ve-lan-can-sat-dac.jpg\" style=\"width: 735px; height: 1000px;\" title=\"ban-ve-lan-can-sat-dac\"><\/p>\n<p style=\"text-align: center;\"><strong>B\u1ea3n v\u1ebd lan can s\u1eaft \u0111\u1eb7c<\/strong><\/p>\n<p style=\"text-align: justify;\">S\u1eaft M\u1ef9 thu\u1eadt Th\u00e0nh An ch\u00fang t\u00f4i v\u1edbi kinh nghi\u1ec7m 10 n\u0103m trong ngh\u1ec1 \u0111\u1ed9i ng\u0169 nh\u00e2n vi\u00ean tay ngh\u1ec1 cao, kinh nghi\u1ec7m l\u00e2u n\u0103m , t\u00e2m huy\u1ebft v\u1edbi ngh\u1ec1, lu\u00f4n c\u1eadp nh\u1eadp xu th\u1ebf m\u1edbi, m\u1eabu m\u00e3 hi\u1ec7n \u0111\u1ea1i.<\/p>\n<p style=\"text-align: center;\"><img decoding=\"async\" alt=\"gia c\u00f4ng lan can s\u1eaft \u0111\u1eb7c\" src=\"http:\/\/localhost\/o\/wp-content\/uploads\/2025\/08\/gia-cong-lan-can-sat-dac-23.jpg\" style=\"width: 800px; height: 600px;\" title=\"gia-cong-lan-can-sat-dac-23\"><\/p>\n<h2 style=\"text-align: center;\"><strong>Gia c\u00f4ng lan can s\u1eaft \u0111\u1eb7c\u00a0<\/strong><\/h2>\n<p style=\"text-align: center;\"><strong><img decoding=\"async\" src=\"http:\/\/localhost\/o\/wp-content\/uploads\/2025\/08\/lan-can-ban-cong-sat.jpg\" style=\"width: 950px; height: 798px;\" title=\"lan-can-ban-cong-sat\"><\/strong><\/p>\n<h2><strong>Li\u00ean h\u1ec7 ngay \u0111\u1ec3 \u0111\u01b0\u1ee3c t\u01b0 v\u1ea5n k\u1ef9 r\u00f5 v\u1ec1 d\u00f2ng s\u1ea3n ph\u1ea9m m\u00e0 kh\u00e1ch h\u00e0ng y\u00eau c\u1ea7u:<\/strong><\/h2>\n<h3><strong>C\u00d4NG TY TNHH TM-DV-XD-TTNT TH\u00c0NH AN<\/strong><\/h3>\n<p>\u0110C:\u00a0785C Nguy\u1ec5n Duy Trinh, P. Ph\u00fa H\u1eefu, Q.9, Tp. Th\u1ee7 \u0110\u1ee9c. HCM<br \/>\nEmail: xaydungantran@gmail.com<br \/>\nTel:\u00a0<strong>0984 606 488 (Ch\u1ecb H\u00e0 chuy\u00ean vi\u00ean t\u01b0 v\u1ea5n v\u00e0 b\u00e1o gi\u00e1) &#8211;\u00a00986040655\u00a0( Anh An T\u01b0 v\u1ea5n k\u1ef9 thu\u1eadt)<\/strong><br \/>\nMST:\u00a00314318001<br \/>\nWebsite:\u00a0https:\/\/satmythuatthanhan.com<\/p>\n<p>\u00a0<\/p>\n<p>\u00a0<\/p>\n<\/div>\n","protected":false},"excerpt":{"rendered":"<p>S\u1eaft M\u1ef9 Thu\u1eadt Th\u00e0nh An\u00a0chuy\u00ean gia c\u00f4ng, s\u1ea3n xu\u1ea5t , thi\u1ebft k\u1ebf\u00a0thi c\u00f4ng\u00a0l\u1eafp r\u00e1p ho\u00e0n thi\u1ec7n t\u1ea5t c\u1ea3 c\u00e1c lo\u1ea1i\u00a0lan can ban c\u00f4ng s\u1eaft, lan can m\u1eb7t ti\u1ec1n\u00a0s\u1eaft m\u1ef9 thu\u1eadt\u00a0\u00a0t\u1ea1\u1ecb t\u1ea5t c\u1ea3 c\u00e1c\u00a0qu\u1eadn 9, Qu\u1eadn 2, Qu\u1eadn 7, Qu\u1eadn 10, Qu\u1eadn 11, Qu\u1eadn 12, Qu\u1eadn 8&#8230;\u00a0Tp H\u1ed3 Ch\u00ed Minh\u00a0v\u00e0 c\u00e1c t\u1ec9nh tr\u00ean m\u1ecdi mi\u1ec1n qu\u1ed1c&#8230;<\/p>\n","protected":false},"featured_media":406,"comment_status":"closed","ping_status":"closed","template":"","meta":[],"product_cat":[20],"product_tag":[],"_links":{"self":[{"href":"https:\/\/satmythuatgiare.com\/index.php?rest_route=\/wp\/v2\/product\/405"}],"collection":[{"href":"https:\/\/satmythuatgiare.com\/index.php?rest_route=\/wp\/v2\/product"}],"about":[{"href":"https:\/\/satmythuatgiare.com\/index.php?rest_route=\/wp\/v2\/types\/product"}],"replies":[{"embeddable":true,"href":"https:\/\/satmythuatgiare.com\/index.php?rest_route=%2Fwp%2Fv2%2Fcomments&post=405"}],"wp:featuredmedia":[{"embeddable":true,"href":"https:\/\/satmythuatgiare.com\/index.php?rest_route=\/wp\/v2\/media\/406"}],"wp:attachment":[{"href":"https:\/\/satmythuatgiare.com\/index.php?rest_route=%2Fwp%2Fv2%2Fmedia&parent=405"}],"wp:term":[{"taxonomy":"product_cat","embeddable":true,"href":"https:\/\/satmythuatgiare.com\/index.php?rest_route=%2Fwp%2Fv2%2Fproduct_cat&post=405"},{"taxonomy":"product_tag","embeddable":true,"href":"https:\/\/satmythuatgiare.com\/index.php?rest_route=%2Fwp%2Fv2%2Fproduct_tag&post=405"}],"curies":[{"name":"wp","href":"https:\/\/api.w.org\/{rel}","templated":true}]}}