{"id":398,"date":"2025-08-26T14:26:51","date_gmt":"2025-08-26T14:26:51","guid":{"rendered":"http:\/\/localhost\/o\/?product=cau-thang-sat-my-thuat-quan-2-tphcm-lc-042"},"modified":"2025-08-26T14:26:55","modified_gmt":"2025-08-26T14:26:55","slug":"cau-thang-sat-my-thuat-quan-2-tphcm-lc-042","status":"publish","type":"product","link":"https:\/\/satmythuatgiare.com\/?product=cau-thang-sat-my-thuat-quan-2-tphcm-lc-042","title":{"rendered":"C\u1ea6U THANG S\u1eaeT M\u1ef8 THU\u1eacT QU\u1eacN 2 TPHCM LC 042"},"content":{"rendered":"<\/p>\n<div class=\"content-tabs-pro-detail info-pro-detail active text\">\n<p>T\u1eeb tr\u01b0\u1edbc \u0111\u1ebfn nay, lan can c\u1ea7u thang\u00a0l\u00e0 \u0111i\u1ec3m nh\u1ea5n n\u1ed5i b\u1eadt nh\u1ea5t gi\u1eefa\u00a0ng\u00f4i nh\u00e0. N\u00f3 kh\u00f4ng ch\u1ec9 \u0111o\u0301ng vai tro\u0300 quan tro\u0323ng l\u00e0 ba\u0309o v\u00ea\u0323 an toa\u0300n\u00a0m\u00e0 c\u00f2n la\u0300m t\u0103ng th\u00eam ve\u0309 \u0111e\u0323p cu\u0309a c\u00f4ng tri\u0300nh. N\u1ebfu b\u1ea1n \u0111\u00e3 ch\u00e1n ng\u00e1n nh\u1eefng m\u1eabu lan can th\u01b0\u1eddng\u00a0th\u00ec h\u00e3y \u0111\u1ec3 nh\u1eefng m\u1eabu lan can s\u1eaft \u0111\u1eb7c ngh\u1ec7 thu\u1eadt c\u1ee7a <strong>S\u1eaft M\u1ef9 Thu\u1eadt Th\u00e0nh An<\/strong> ch\u00fang t\u00f4i mang \u0111\u1ebfn v\u1ebb \u0111\u1eb9p h\u00fat h\u1ed3n v\u00e0 g\u00e2y \u1ea5n t\u01b0\u1ee3ng cho c\u00f4ng tr\u00ecnh c\u1ee7a b\u1ea1n.<\/p>\n<p style=\"text-align: center;\"><img decoding=\"async\" alt=\"lan can ban c\u00f4ng s\u1eaft \u0111\u1eb9p\" src=\"http:\/\/localhost\/o\/wp-content\/uploads\/2025\/08\/lan-can-ban-cong-sat-dep4.jpg\" style=\"width: 800px; height: 600px;\" title=\"lan-can-ban-cong-sat-dep4\"><\/p>\n<p style=\"text-align: center;\"><strong>Lan can s\u1eaft m\u1ef9 thu\u1eadt<\/strong><\/p>\n<p>C\u00f4ng ty TNHH TM-DV-XD-TTNT Th\u00e0nh An ch\u00fang t\u00f4i chuy\u00ean thi\u1ebft k\u1ebf, thi c\u00f4ng, l\u1eafp \u0111\u1eb7t ho\u00e0n hi\u1ec7n v\u1edbi nhi\u1ec1u m\u1eabu S\u1eaft \u0111\u01b0\u01a1\u0323c u\u1ed1n hoa v\u0103n, h\u1ecda ti\u1ebft, l\u00e0 s\u1ef1 k\u1ebft h\u1ee3p tinh t\u1ebf gi\u1eefa y\u1ebfu t\u1ed1 k\u1ef9 thu\u1eadt v\u00e0 ngh\u1ec7 thu\u1eadt \u0111\u1ec3 bi\u1ebfn nh\u1eefng v\u1eadt li\u1ec7u th\u00f4 c\u1ee9ng th\u00e0nh nh\u1eefng s\u1ea3n ph\u1ea9m h\u1eefu \u00edch v\u00e0 c\u00f3 gi\u00e1 tr\u1ecb th\u1ea9m m\u1ef9. S\u1eaft v\u1edbi b\u00e0n tay t\u00e0i hoa, kh\u00e9o l\u00e9o nh\u1eefng ngh\u1ec7 nh\u00e2n, s\u1eaft m\u1ef9 thu\u1eadt \u0111\u00e3 tr\u1edf th\u00e0nh nh\u1eefng hoa v\u0103n m\u1ec1m m\u1ea1i, tinh t\u1ebf mang l\u1ea1i v\u1ebb \u0111\u1eb9p kh\u00f4ng th\u1ec3 thay th\u1ebf cho nh\u1eefng ng\u00f4i nh\u00e0 s\u1edf h\u1eefu ch\u00fang.<\/p>\n<p style=\"text-align: center;\"><img decoding=\"async\" alt=\"lan can c\u1ea7u thang \u0111\u01a1n gi\u1ea3n \u0111\u1eb9p\" src=\"http:\/\/localhost\/o\/wp-content\/uploads\/2025\/08\/lan-can-don-gian-dep.jpg\" style=\"width: 474px; height: 641px;\" title=\"lan-can-don-gian-dep\"><\/p>\n<p style=\"text-align: center;\"><strong>Lan can c\u1ea7u thang \u0111\u01a1n gi\u1ea3n<\/strong><\/p>\n<p><a href=\"https:\/\/satmythuatthanhan.com\/bao-gia-lan-can-sat-nghe-thuat-quan-9-tphcm\">L<strong>an can c\u1ea7u thang s\u1eaft<\/strong><\/a> N\u01a1i \u0111\u1eb7t \u00e1nh nh\u00ecn \u0111\u1ea7u ti\u00ean c\u1ee7a m\u1ecdi v\u1ecb kh\u00e1ch khi v\u00e0o tr\u00f4ng\u00a0nh\u00e0 b\u1ea1n. V\u00ec v\u1eady ai\u00a0c\u0169ng mu\u1ed1n nh\u00e0 m\u00ecnh c\u00f3 lan can \u0111\u1eb9p v\u00e0 n\u1ed5i b\u1eadt. M\u1eabu lan can\u00a0s\u1eaft \u0111\u1eb7c ngh\u1ec7 thu\u1eadt \u0111ang l\u00e0 xu h\u01b0\u1edbng l\u1ef1a ch\u1ecdn c\u1ee7a nhi\u1ec1u ng\u01b0\u1eddi tr\u00ean h\u00e0nh tr\u00ecnh t\u00ecm cho ng\u00f4i nh\u00e0 th\u00e2n y\u00eau m\u1ed9t c\u1ea7u thang\u00a0\u0111\u1eb9p ch\u1eafc ch\u1eafn tho\u00e1ng, an to\u00e0n, \u0111\u1eb3ng c\u1ea5p, ri\u00eang bi\u1ec7t.<\/p>\n<p style=\"text-align: center;\"><img decoding=\"async\" alt=\"lan can m\u1ef9 thu\u1eadt \u0111\u1eb9p 14\" src=\"http:\/\/localhost\/o\/wp-content\/uploads\/2025\/08\/lan-can-my-thuat-dep-14.jpg\" style=\"width: 956px; height: 882px;\" title=\"lan-can-my-thuat-dep-14\"><\/p>\n<p style=\"text-align: center;\"><strong>Lan can m\u1ef9 thu\u1eadt \u0111\u1eb9p\u00a0<\/strong><\/p>\n<p>Lan can c\u1ea7u thang \u00a0n\u1eb1m \u1edf v\u1ecb tr\u00ed ch\u00ednh gi\u1eefa\u00a0c\u1ee7a ng\u00f4i nh\u00e0, v\u1ecb tr\u00ed n\u1ed5i b\u1eadt nh\u1ea5t trong ki\u1ebfn tr\u00fac m\u1ed9t ng\u00f4i nh\u00e0, ch\u00ednh v\u00ec v\u1eady khi l\u1ef1a ch\u1ecdn lan can b\u1ea1n c\u1ea7n l\u1ef1a ch\u1ecdn sao cho ch\u00fang th\u1eadt ph\u00f9 h\u1ee3p v\u1edbi ki\u1ebfn tr\u00fac, ph\u1ea3i \u0111\u1eb9p m\u1eaft l\u00e0m n\u1ed5i b\u1eadt l\u00ean v\u1ebb \u0111\u1eb9p chung c\u1ee7a c\u1ea3 ng\u00f4i nh\u00e0. H\u00e3y \u0111\u1ebfn v\u1edbi ch\u00fang t\u00f4i <strong>S\u1eaft M\u1ef9 Thu\u1eadt Th\u00e0nh An Qu\u1eadn 9<\/strong> v\u1edbi nhi\u1ec1u m\u1eabu m\u00e3 \u0111\u01b0\u1ee3c thi\u1ebft k\u1ebf \u0111a d\u1ea1ng, phong ph\u00fa t\u1eeb \u0111\u01a1n gi\u1ea3n \u0111\u1ebfn ph\u1ee9c t\u1ea1p ph\u00f9 h\u1ee3p t\u1ea5t c\u1ea3 cho m\u1ecdi thi\u1ebft k\u1ebf ki\u1ebfn tr\u00fac ng\u00f4i nh\u00e0 b\u1ea1n nh\u01b0 <strong>nh\u00e0 ph\u1ed1, Bi\u1ec7t th\u1ef1&#8230;<\/strong>..<\/p>\n<p style=\"text-align: center;\"><img decoding=\"async\" alt=\"Lan can m\u1ef9  thu\u1eadt \u0111\u1eb9p 15\" src=\"http:\/\/localhost\/o\/wp-content\/uploads\/2025\/08\/lan-can-my-thuat-dep-15.jpg\" style=\"width: 600px; height: 655px;\" title=\"lan-can-my-thuat-dep-15\"><\/p>\n<p style=\"text-align: center;\"><strong>Lan can m\u1ef9 thu\u1eadt \u0111\u1eb9p 15<\/strong><\/p>\n<p>S\u1eaft M\u1ef9 thu\u1eadt Th\u00e0nh An v\u1edbi s\u1ef1 k\u1ebft h\u1ee3p m\u00e1y m\u00f3c v\u00e0 r\u00e8n th\u1ee7 c\u00f4ng c\u00f9ng v\u1edbi \u0111\u1ed9i ng\u0169 c\u00e1n b\u1ed9 nh\u00e2n vi\u00ean kinh nghi\u1ec7m l\u00e2u n\u0103m, t\u00e2m huy\u1ebft lu\u00f4n c\u1eadp nh\u1eadt xu h\u01b0\u1edbng m\u1edbi c\u1ee7a th\u1eddi \u0111\u1ea1i t\u1ea1o n\u00ean nh\u1eefng s\u1ea3n ph\u1ea9m \u0111\u1ed9c \u0111\u00e1o \u0111\u1eb3ng c\u1ea5p.<\/p>\n<p style=\"text-align: center;\"><img decoding=\"async\" alt=\"Lan can s\u1eaft\" src=\"http:\/\/localhost\/o\/wp-content\/uploads\/2025\/08\/lan-can-sat.jpg\" style=\"width: 585px; height: 689px;\" title=\"lan-can-sat\"><\/p>\n<p style=\"text-align: center;\"><strong>Lan can s\u1eaft c\u00f4ng tr\u00ecnh tphcm<\/strong><\/p>\n<h2><strong>Li\u00ean h\u1ec7\u00a0\u0111\u1ec3 \u0111\u01b0\u1ee3c t\u01b0 v\u1ea5n k\u1ef9 r\u00f5 v\u1ec1 lan can s\u1eaft m\u1ef9 thu\u1eadt<\/strong><\/h2>\n<h3><strong>C\u00d4NG TY TNHH TM-DV-XD-TTNT TH\u00c0NH AN<\/strong><\/h3>\n<p>\u0110C:\u00a0785C Nguy\u1ec5n Duy Trinh, P. Ph\u00fa H\u1eefu, Q.9, Tp. Th\u1ee7 \u0110\u1ee9c. HCM<br \/>\nEmail: xaydungantran@gmail.com<br \/>\nTel:\u00a0<strong>0984 606 488 (Ch\u1ecb H\u00e0 chuy\u00ean vi\u00ean t\u01b0 v\u1ea5n v\u00e0 b\u00e1o gi\u00e1) &#8211;\u00a00986040655\u00a0( Anh An T\u01b0 v\u1ea5n k\u1ef9 thu\u1eadt)<\/strong><br \/>\nMST:\u00a00314318001<br \/>\nWebsite:https:\/\/satmythuatthanhan.com<\/p>\n<p>S\u1ef0 TINH T\u1ebe V\u00c0 \u0110\u1eb2NG C\u1ea4P\u00a0 CHO NG\u00d4I NH\u00c0 B\u1ea0N<\/p>\n<\/div>\n","protected":false},"excerpt":{"rendered":"<p>T\u1eeb tr\u01b0\u1edbc \u0111\u1ebfn nay, lan can c\u1ea7u thang\u00a0l\u00e0 \u0111i\u1ec3m nh\u1ea5n n\u1ed5i b\u1eadt nh\u1ea5t gi\u1eefa\u00a0ng\u00f4i nh\u00e0. N\u00f3 kh\u00f4ng ch\u1ec9 \u0111o\u0301ng vai tro\u0300 quan tro\u0323ng l\u00e0 ba\u0309o v\u00ea\u0323 an toa\u0300n\u00a0m\u00e0 c\u00f2n la\u0300m t\u0103ng th\u00eam ve\u0309 \u0111e\u0323p cu\u0309a c\u00f4ng tri\u0300nh. N\u1ebfu b\u1ea1n \u0111\u00e3 ch\u00e1n ng\u00e1n nh\u1eefng m\u1eabu lan can th\u01b0\u1eddng\u00a0th\u00ec h\u00e3y \u0111\u1ec3 nh\u1eefng m\u1eabu lan can s\u1eaft \u0111\u1eb7c&#8230;<\/p>\n","protected":false},"featured_media":399,"comment_status":"closed","ping_status":"closed","template":"","meta":[],"product_cat":[20],"product_tag":[],"_links":{"self":[{"href":"https:\/\/satmythuatgiare.com\/index.php?rest_route=\/wp\/v2\/product\/398"}],"collection":[{"href":"https:\/\/satmythuatgiare.com\/index.php?rest_route=\/wp\/v2\/product"}],"about":[{"href":"https:\/\/satmythuatgiare.com\/index.php?rest_route=\/wp\/v2\/types\/product"}],"replies":[{"embeddable":true,"href":"https:\/\/satmythuatgiare.com\/index.php?rest_route=%2Fwp%2Fv2%2Fcomments&post=398"}],"wp:featuredmedia":[{"embeddable":true,"href":"https:\/\/satmythuatgiare.com\/index.php?rest_route=\/wp\/v2\/media\/399"}],"wp:attachment":[{"href":"https:\/\/satmythuatgiare.com\/index.php?rest_route=%2Fwp%2Fv2%2Fmedia&parent=398"}],"wp:term":[{"taxonomy":"product_cat","embeddable":true,"href":"https:\/\/satmythuatgiare.com\/index.php?rest_route=%2Fwp%2Fv2%2Fproduct_cat&post=398"},{"taxonomy":"product_tag","embeddable":true,"href":"https:\/\/satmythuatgiare.com\/index.php?rest_route=%2Fwp%2Fv2%2Fproduct_tag&post=398"}],"curies":[{"name":"wp","href":"https:\/\/api.w.org\/{rel}","templated":true}]}}