{"id":372,"date":"2025-08-26T14:26:20","date_gmt":"2025-08-26T14:26:20","guid":{"rendered":"http:\/\/localhost\/o\/?product=sat-my-thuat-uy-tin-quan-2-tphcm"},"modified":"2025-08-26T14:26:46","modified_gmt":"2025-08-26T14:26:46","slug":"sat-my-thuat-uy-tin-quan-2-tphcm","status":"publish","type":"product","link":"https:\/\/satmythuatgiare.com\/?product=sat-my-thuat-uy-tin-quan-2-tphcm","title":{"rendered":"S\u1eaft m\u1ef9 thu\u1eadt uy t\u00edn qu\u1eadn 2 tphcm"},"content":{"rendered":"<\/p>\n<div class=\"content-tabs-pro-detail info-pro-detail active text\">\n<p>H\u00e0ngC\u00e1c b\u00e0i vi\u1ebft kh\u00e1c :<\/p>\n<p>*\u00a0<a href=\"https:\/\/satmythuatthanhan.com\/\">C\u00f4ng ty TNHH TM DV X\u00e2y D\u1ef1ng Trang Tr\u00ed N\u1ed9i Th\u1ea5t TH\u00c0NH AN | S\u1eaft m\u1ef9 thu\u1eadt (satmythuatthanhan.com)<\/a><\/p>\n<p>*\u00a0<a href=\"https:\/\/satmythuatthanhan.com\/xuong-san-xuat-thi-cong-sat-my-thuat-cua-cong-lan-can-uy-tingia-re-dep-sang-tai-cac-quan-huyen-tphcm\">X\u01b0\u1edfng s\u1ea3n xu\u1ea5t thi c\u00f4ng s\u1eaft m\u1ef9 thu\u1eadt c\u1eeda c\u1ed5ng, lan can uy t\u00edn,gi\u00e1 r\u1ebb (satmythuatthanhan.com)<\/a><\/p>\n<p><a href=\"https:\/\/satmythuatthanhan.com\/mai-che-trang-tri\">M\u00c1I CHE TRANG TR\u00cd S\u1eaft M\u1ef9 Thu\u1eadt Th\u00e0nh An gi\u00e1 r\u1ebb, uy t\u00edn, ch\u1ea5t l\u01b0\u1ee3ng (satmythuatthanhan.com)<\/a><\/p>\n<p><a href=\"https:\/\/satmythuatthanhan.com\/cua-cong-02-uon-vuong-14-dac\">s\u1eaft m\u1ef9 thu\u1eadt Th\u00e0nh An c\u1ed5ng s\u1eaft m\u1ef9 thu\u1eadt \u0111\u1eb3ng c\u1ea5p t\u1ea1i Tp H\u1ed3 Ch\u00ed Minh (satmythuatthanhan.com)<\/a><\/p>\n<p style=\"text-align:justify;\"><a href=\"https:\/\/satmythuatthanhan.com\/don-vi-cung-cap-mai-kinh-mai-chemai-trang-tri-sat-my-thuat-tai-tp-hcm\"><strong><span style=\"font-family:Times New Roman,serif;\"><span style=\"font-size:13.0pt;\">Tp H\u1ed3 Ch\u00ed Minh<\/span><\/span><\/strong><\/a><span style=\"font-family:Times New Roman,serif;\"><span style=\"font-size:13.0pt;\"> gi\u1eef vai tr\u00f2 \u0111\u1ea7u t\u00e0u c\u1ee7a v\u00f9ng kinh t\u1ebf tr\u1ecdng \u0111i\u1ec3m c\u1ee7a c\u00e1c t\u1ec9nh Ph\u00eda Nam Vi\u1ec7t. Ph\u00eda b\u1eafc gi\u00e1p t\u1ec9nh \u00a0<strong>B\u00ecnh D\u01b0\u01a1ng<\/strong>, T\u00e2y b\u1eafc gi\u00e1p <strong>T\u1ec9nh T\u00e2y Ninh<\/strong>\u00a0 \u0110\u00f4ng v\u00e0 \u0110\u00f4ng b\u1eafc Gi\u00e1p <a href=\"https:\/\/satmythuatthanhan.com\/don-vi-san-xuat-thi-cong-sat-my-thuatmy-nghe-tai-dong-nai\"><strong>T\u1ec9nh \u0110\u1ed3ng Nai<\/strong><\/a> ,\u0110\u00f4ng Nam gi\u00e1p t\u1ec9nh <strong>B\u00e0 R\u1ecba<\/strong> <strong>V\u0169ng T\u00e0u<\/strong>, <strong>T\u00e2y v\u00e0 T\u00e2y Nam gi\u00e1p T\u1ec9nh Long An.<\/strong><\/span><\/span><\/p>\n<p style=\"text-align: center;\"><img decoding=\"async\" src=\"http:\/\/localhost\/o\/wp-content\/uploads\/2025\/08\/lan-can-cong-dep.jpg\" style=\"width: 600px; height: 800px;\" title=\"lan-can-cong-dep\"><\/p>\n<p style=\"text-align: center;\"><span style=\"font-family:Times New Roman,serif;\"><span style=\"font-size:13.0pt;\"><strong>lan can + C\u1eeda s\u1eaft u\u1ed1n m\u1ef9 thu\u1eadt \u0111\u1eb9p sang<\/strong><\/span><\/span><\/p>\n<p style=\"text-align: center;\"><img decoding=\"async\" src=\"http:\/\/localhost\/o\/wp-content\/uploads\/2025\/08\/cua-sat-dep.jpg\" style=\"width: 600px; height: 800px;\" title=\"cua-sat-dep\"><\/p>\n<p style=\"text-align: center;\"><span style=\"font-family:Times New Roman,serif;\"><span style=\"font-size:13.0pt;\"><strong>C\u1eeda s\u1eaft m\u1ef9 thu\u1eadt \u0111ep TpHCM<\/strong><\/span><\/span><\/p>\n<p style=\"text-align: justify;\"><span style=\"font-family:Times New Roman,serif;\"><span style=\"font-size:13.0pt;\">Tp H\u1ed3 Ch\u00ed Minh \u0111\u01b0\u1ee3c chia th\u00e0nh 22 qu\u1eadn huy\u1ec7n v\u00e0 th\u00e0nh ph\u1ed1 tr\u1ef1c thu\u1ed9c.Trong \u0111\u00f3 c\u00f3 01 th\u00e0nh ph\u1ed1 16 qu\u1eadn v\u00e0 05 huy\u1ec7n. <\/span><\/span><\/p>\n<p><span style=\"font-family:Times New Roman,serif;\"><span style=\"font-size:13.0pt;\">Tp H\u1ed3 Ch\u00ed Minh \u0111\u01b0\u1ee3c xem l\u00e0 m\u1ed9t Th\u00e0nh ph\u1ed1 c\u00f3 v\u00f9ng kinh t\u1ebf ph\u00e1t tri\u1ec3n n\u0103ng \u0111\u1ed9ng nh\u1ea5t v\u00e0 d\u00e2n c\u01b0 t\u1eadp trung \u0111\u00f4ng d\u00e2n nh\u1ea5t \u0111\u00f4ng nh\u1ea5t c\u1ea3 n\u01b0\u1edbc. <\/span><\/span><\/p>\n<p style=\"text-align: center;\"><img decoding=\"async\" src=\"http:\/\/localhost\/o\/wp-content\/uploads\/2025\/08\/ban-ghe-sat-dep.jpg\" style=\"width: 800px; height: 600px;\" title=\"ban-ghe-sat-dep\"><\/p>\n<p style=\"text-align: center;\"><strong>B\u00e0n gh\u1ebf m\u1ef9 thu\u1eadt \u0111\u1eb9p t\u1ea1i TPHCM<\/strong><\/p>\n<p style=\"text-align: center;\"><img decoding=\"async\" src=\"http:\/\/localhost\/o\/wp-content\/uploads\/2025\/08\/khung-bao-ve-dep.jpg\" style=\"width: 600px; height: 1067px;\" title=\"khung-bao-ve-dep\"><\/p>\n<p align=\"center\" style=\"text-align:center;\"><strong><span style=\"font-family:Times New Roman,serif;\"><span style=\"font-size:13.0pt;\">Khung b\u1ea3o v\u1ec7 m\u1ef9 thu\u1eadt \u0111\u1eb9p t\u1ea1i Qu\u1eadn 2 TpHCM<\/span><\/span><\/strong><\/p>\n<p align=\"center\" style=\"text-align:center;\"><strong><span style=\"font-family:Times New Roman,serif;\"><span style=\"font-size:15.0pt;\">Th\u00e0nh An thi c\u00f4ng s\u1eaft m\u1ef9 thu\u1eadt, s\u1eaft m\u1ef9 ngh\u1ec7 gi\u00e1 r\u1ebb t\u1ea1i x\u01b0\u1edfng, uy t\u00edn t\u1ea1i qu\u1eadn 2 TPHCM.<\/span><\/span><\/strong><\/p>\n<p><strong>Xem th\u00eam video h\u00ecnh \u1ea3nh x\u01b0\u1edfng s\u1ea3n xu\u1ea5t Th\u00e0nh An<\/strong><\/p>\n<p><strong><iframe loading=\"lazy\" allowfullscreen=\"\" frameborder=\"0\" height=\"360\" src=\"https:\/\/www.youtube.com\/embed\/CMfEwrbNmkM\" width=\"640\"><\/iframe><\/strong><\/p>\n<p>\u00a0<\/p>\n<p><strong>X\u01b0\u1edfng S\u1ea3n Xu\u1ea5t u\u1ed1n s\u1eaft m\u1ef9 thu\u1eadt<\/strong><\/p>\n<p><strong><iframe loading=\"lazy\" allowfullscreen=\"\" frameborder=\"0\" height=\"360\" src=\"https:\/\/www.youtube.com\/embed\/w_OcXY6La_w\" width=\"640\"><\/iframe><\/strong><\/p>\n<p><strong>X\u01b0\u1edfng Th\u00e0nh An<\/strong><\/p>\n<p style=\"text-align: justify;\"><strong><span style=\"font-family:Times New Roman,serif;\"><span style=\"font-size:13.0pt;\">C\u00f4ng ty TNHH TM_DV-XD-TTNT Th\u00e0nh An<\/span><\/span><\/strong><span style=\"font-family:Times New Roman,serif;\"><span style=\"font-size:13.0pt;\"> chuy\u00ean s\u1ea3n xu\u1ea5t gia c\u00f4ng , thi c\u00f4ng l\u1eafp r\u00e1p ho\u00e0n thi\u1ec7n c\u00e1c c\u00f4ng tr\u00ecnh s\u1eaft m\u1ef9 thu\u1eadt,s\u1eaft m\u1ef9 ngh\u1ec7 nh\u01b0<strong>: <a href=\"https:\/\/satmythuatthanhan.com\/sat-my-thuat-quan-2-tphcm\">L<\/a><a href=\"https:\/\/satmythuatthanhan.com\/\">an can c\u1ea7u thang s\u1eaft m\u1ef9 thu\u1eadt,<\/a><\/strong><a href=\"https:\/\/satmythuatthanhan.com\/\"> <strong>lan can ban c\u00f4ng s\u1eaft m\u1ef9|\u00a0\u00a0thu\u1eadt<\/strong>, <strong>c\u1eeda c\u1ed5ng r\u00e0o<\/strong>, <strong>h\u00e0ng r\u00e0o<\/strong>, <strong>khung b\u1ea3o v\u1ec7<\/strong>, <\/a><strong><a href=\"https:\/\/satmythuatthanhan.com\/\">m\u00e1i che trang tr\u00ed, b\u00e0n gh\u1ebf s\u1eaft<\/a>\u2026<\/strong>ch\u1ea5t l\u01b0\u1ee3ng, thi c\u00f4ng \u0111\u00fang ti\u1ebfn \u0111\u1ed9, uy t\u00edn, gi\u00e1 r\u1ebb h\u00e0ng \u0111\u1ea7u Vi\u1ec7t Nam. <\/span><\/span><\/p>\n<p style=\"text-align: center;\"><img decoding=\"async\" src=\"http:\/\/localhost\/o\/wp-content\/uploads\/2025\/08\/thiet-ke-lan-can-sat.jpg\" style=\"width: 800px; height: 620px;\" title=\"thiet-ke-lan-can-sat\"><\/p>\n<p align=\"center\" style=\"text-align:center;\"><strong><span style=\"font-family:Times New Roman,serif;\"><span style=\"font-size:13.0pt;\">Thi\u1ebft k\u1ebf Lan can ban c\u00f4ng \u0111\u1eb9p t\u1ea1i Qu\u1eadn 2 tpHCM<\/span><\/span><\/strong><\/p>\n<p align=\"center\" style=\"text-align:center;\"><img decoding=\"async\" src=\"http:\/\/localhost\/o\/wp-content\/uploads\/2025\/08\/cnc-xuan-ha-thu-dong-1.jpg\" style=\"width: 800px; height: 700px;\" title=\"cnc-xuan-ha-thu-dong-1\"><\/p>\n<p align=\"center\" style=\"text-align:center;\"><strong><span style=\"font-family:Times New Roman,serif;\"><span style=\"font-size:14.0pt;\">Thi\u1ebft k\u1ebf C\u1eeda CNC \u0111\u1eb9p c\u1ee7a Th\u00e0nh An<\/span><\/span><\/strong><\/p>\n<p align=\"center\" style=\"text-align:center;\"><img decoding=\"async\" src=\"http:\/\/localhost\/o\/wp-content\/uploads\/2025\/08\/cau-thang-sat-nghe-thuat.jpg\" style=\"width: 600px; height: 753px;\" title=\"cau-thang-sat-nghe-thuat\"><\/p>\n<p align=\"center\" style=\"text-align:center;\"><strong><span style=\"font-family:Times New Roman,serif;\"><span style=\"font-size:14.0pt;\">C\u1ea7u thang m\u1ef9 thu\u1eadt \u0111\u1eb9p t\u1ea1i Qu\u1eadn 2 TpHCM<\/span><\/span><\/strong><\/p>\n<p align=\"center\" style=\"text-align:center;\"><img decoding=\"async\" src=\"http:\/\/localhost\/o\/wp-content\/uploads\/2025\/08\/lan-can-sat-don-gian-dep.jpg\" style=\"width: 788px; height: 588px;\" title=\"lan-can-sat-don-gian-dep\"><\/p>\n<p align=\"center\" style=\"text-align:center;\"><strong><span style=\"font-family:Times New Roman,serif;\"><span style=\"font-size:14.0pt;\">C\u1ea7u thang s\u1eaft \u0111\u1eb9p \u0111\u01a1n gi\u1ea3n qu\u1eadn 2 -TPHCM<\/span><\/span><\/strong><\/p>\n<p style=\"text-align: justify;\"><span style=\"font-family:Times New Roman,serif;\"><span style=\"font-size:14.0pt;\">B\u00ean c\u1ea1nh \u0111\u00f3 t\u1ea5t c\u1ea3 c\u00e1c s\u1ea3n ph\u1ea9m \u0111\u01b0\u1ee3c s\u1ea3n xu\u1ea5t,cung c\u1ea5p, thi c\u00f4ng b\u1edfi C\u00f4ng Ty Th\u00e0nh An \u0111\u1ec1u c\u00f3 ch\u1ee9ng ch\u1ec9 xu\u1ea5t x\u01b0\u1edfng \u0111\u1ea7y \u0111\u1ee7 ,k\u00e8m theo phi\u1ebfu b\u1ea3o h\u00e0nh trong v\u00f2ng 12 th\u00e1ng cho t\u1ea5t c\u1ea3 c\u00e1c h\u1ea1ng m\u1ee5c s\u1ea3n ph\u1ea9m. Ch\u00ednh v\u00ec v\u1eady Qu\u00fd kh\u00e1ch h\u00e0ng y\u00ean t\u00e2m \u0111\u1eb7t h\u00e0ng, tin d\u00f9ng s\u1ea3n ph\u1ea9m c\u1ee7a ch\u00fang t\u00f4i nh\u00e9. N\u1ebfu c\u00f3 b\u1ea5t k\u1ef3 h\u01b0 h\u1ecfng v\u1ec1 s\u1ea3n ph\u1ea9m ch\u00fang t\u00f4i s\u1ebd ti\u1ebfn h\u00e0nh x\u1eed l\u00fd ho\u1eb7c \u0111\u1ed5i s\u1ea3n ph\u1ea9m m\u1edbi cho qu\u00fd kh\u00e1ch h\u00e0ng<\/span><\/span><\/p>\n<p style=\"text-align: center;\"><img decoding=\"async\" src=\"http:\/\/localhost\/o\/wp-content\/uploads\/2025\/08\/lan-can-ban-cong-sat-dep.jpg\" style=\"width: 569px; height: 788px;\" title=\"lan-can-ban-cong-sat-dep\"><\/p>\n<p align=\"center\" style=\"text-align:center;\"><strong><span style=\"font-family:Times New Roman,serif;\"><span style=\"font-size:14.0pt;\">C\u00f4ng tr\u00ecnh Nguy\u1ec5n Duy Trinh Qu\u1eadn 2 \u2013 TPHCM<\/span><\/span><\/strong><\/p>\n<p align=\"center\" style=\"text-align:center;\"><img decoding=\"async\" src=\"http:\/\/localhost\/o\/wp-content\/uploads\/2025\/08\/cua-cnc-son-nhu-dong.jpg\" style=\"width: 800px; height: 600px;\" title=\"cua-cnc-son-nhu-dong\"><\/p>\n<p align=\"center\" style=\"text-align:center;\"><strong><span style=\"font-family:Times New Roman,serif;\"><span style=\"font-size:14.0pt;\">C\u1eeda CNC s\u01a1n nh\u0169 \u0111\u1ed3ng \u0111\u1eb9p t\u1ea1i X\u01b0\u1edfng Th\u00e0nh An<\/span><\/span><\/strong><\/p>\n<p align=\"center\" style=\"text-align:center;\"><img decoding=\"async\" src=\"http:\/\/localhost\/o\/wp-content\/uploads\/2025\/08\/bao-ve-cua-so-28229.jpg\" style=\"width: 600px; height: 800px;\" title=\"bao-ve-cua-so-28229\"><\/p>\n<p align=\"center\" style=\"text-align:center;\"><strong><span style=\"font-family:Times New Roman,serif;\"><span style=\"font-size:14.0pt;\">Khung b\u1ea3o v\u1ec7 s\u1eaft m\u1ef9 thu\u1eadt t\u1ea1i Qu\u1eadn 9 tphcm<\/span><\/span><\/strong><\/p>\n<p align=\"center\" style=\"text-align:center;\"><img decoding=\"async\" src=\"http:\/\/localhost\/o\/wp-content\/uploads\/2025\/08\/vach-ngan-sat-cnc-dep.jpg\" style=\"width: 800px; height: 600px;\" title=\"vach-ngan-sat-cnc-dep\"><\/p>\n<p align=\"center\" style=\"text-align:center;\"><strong><span style=\"font-family:Times New Roman,serif;\"><span style=\"font-size:14.0pt;\">C\u1eeda CNC \u0111\u1eb9p t\u1ea1i TPHCM<\/span><\/span><\/strong><\/p>\n<p align=\"center\" style=\"text-align:center;\"><img decoding=\"async\" src=\"http:\/\/localhost\/o\/wp-content\/uploads\/2025\/08\/gia-cong-mai-che.jpg\" style=\"width: 600px; height: 450px;\" title=\"gia-cong-mai-che\"><\/p>\n<p align=\"center\" style=\"text-align:center;\"><strong><span style=\"font-family:Times New Roman,serif;\"><span style=\"font-size:14.0pt;\">S\u1ea3n xu\u1ea5t\u00a0 t\u1ea1i x\u01b0\u1edfng Th\u00e0nh An<\/span><\/span><\/strong><\/p>\n<p align=\"center\" style=\"text-align:center;\"><img decoding=\"async\" src=\"http:\/\/localhost\/o\/wp-content\/uploads\/2025\/08\/bao-ve-cua-so.jpg\" style=\"width: 800px; height: 600px;\" title=\"bao-ve-cua-so\"><\/p>\n<p align=\"center\" style=\"text-align:center;\"><strong><span style=\"font-family:Times New Roman,serif;\"><span style=\"font-size:14.0pt;\">S\u1ea3n xu\u1ea5t s\u1eaft\u00a0m\u1ef9 thu\u1eadt t\u1ea1i x\u01b0\u1edfng Th\u00e0nh An<\/span><\/span><\/strong><\/p>\n<p align=\"center\" style=\"text-align:center;\"><img decoding=\"async\" src=\"http:\/\/localhost\/o\/wp-content\/uploads\/2025\/08\/gia-cong-uon-sat-1.jpg\" style=\"width: 600px; height: 800px;\" title=\"gia-cong-uon-sat-1\"><\/p>\n<p align=\"center\" style=\"text-align:center;\"><strong><span style=\"font-family:Times New Roman,serif;\"><span style=\"font-size:14.0pt;\">Gia c\u00f4ng u\u1ed1n s\u1eaft t\u1ea1i x\u01b0\u1edfng Th\u00e0nh An<\/span><\/span><\/strong><\/p>\n<p align=\"center\" style=\"text-align:center;\"><img decoding=\"async\" src=\"http:\/\/localhost\/o\/wp-content\/uploads\/2025\/08\/khung-bao-ve-cua-so.jpg\" style=\"width: 800px; height: 600px;\" title=\"khung-bao-ve-cua-so\"><\/p>\n<p align=\"center\" style=\"text-align:center;\"><strong><span style=\"font-family:Times New Roman,serif;\"><span style=\"font-size:14.0pt;\">S\u01a1n khung b\u1ea3o v\u1ec7 m\u1ef9 thu\u1eadt t\u1ea1i X\u01b0\u1edfng Th\u00e0nh An<\/span><\/span><\/strong><\/p>\n<p align=\"center\" style=\"text-align:center;\"><img decoding=\"async\" src=\"http:\/\/localhost\/o\/wp-content\/uploads\/2025\/08\/khung-bao-ve-cua-so-sat.jpg\" style=\"width: 800px; height: 600px;\" title=\"khung-bao-ve-cua-so-sat\"><\/p>\n<p align=\"center\" style=\"text-align:center;\"><strong><span style=\"font-family:Times New Roman,serif;\"><span style=\"font-size:14.0pt;\">V\u1ec7 sinh khung b\u1ea3o v\u1ec7 m\u1ef9 thu\u1eadt t\u1ea1i X\u01b0\u1edfng Th\u00e0nh An<\/span><\/span><\/strong><\/p>\n<p style=\"text-align: justify;\"><span style=\"font-family:Times New Roman,serif;\"><span style=\"font-size:14.0pt;\">Ch\u00fang t\u00f4i lu\u00f4n mu\u1ed1n \u0111\u1ed3ng h\u00e0nh c\u00f9ng qu\u00fd kh\u00e1ch h\u00e0ng tr\u01b0\u1edbc ,trong v\u00e0 sau khi ho\u00e0n th\u00e0nh c\u00f4ng tr\u00ecnh \u0111\u1ec3 ch\u00fang ta h\u1ee3p t\u00e1c c\u00f9ng nhau kh\u00f4ng ch\u1ec9 c\u00f4ng tr\u00ecnh n\u00e0y m\u00e0 c\u00f2n nh\u1eefng c\u00f4ng tr\u00ecnh kh\u00e1c k\u1ec3 t\u1eeb nay v\u1ec1 sau ch\u00fang ta tr\u1edf th\u00e0nh nh\u1eefng \u0111\u1ed1i t\u00e1c tin c\u1eady c\u1ee7a nhau, gi\u00fap \u0111\u1ee1 nhau c\u00f9ng ph\u00e1t tri\u1ec3n<\/span><\/span><\/p>\n<p style=\"text-align: center;\"><img decoding=\"async\" src=\"http:\/\/localhost\/o\/wp-content\/uploads\/2025\/08\/lan-can-ban-cong-sat-dep-28229.jpg\" style=\"width: 800px; height: 600px;\" title=\"lan-can-ban-cong-sat-dep-28229\"><\/p>\n<p align=\"center\" style=\"text-align:center;\"><strong><span style=\"font-family:Times New Roman,serif;\"><span style=\"font-size:14.0pt;\">S\u1ea3n xu\u1ea5t xong lan can ban c\u00f4ng t\u1ea1i x\u01b0\u1edfng Th\u00e0nh An<\/span><\/span><\/strong><\/p>\n<p align=\"center\" style=\"text-align:center;\"><img decoding=\"async\" src=\"http:\/\/localhost\/o\/wp-content\/uploads\/2025\/08\/lan-can-my-nghe.jpg\" style=\"width: 800px; height: 600px;\" title=\"lan-can-my-nghe\"><\/p>\n<p align=\"center\" style=\"text-align:center;\"><strong><span style=\"font-family:Times New Roman,serif;\"><span style=\"font-size:14.0pt;\">S\u1ea3n xu\u1ea5t\u00a0lan can l\u1eafp r\u00e1p t\u1ea1i c\u00f4ng tr\u00ecnh TPHCM<\/span><\/span><\/strong><\/p>\n<p align=\"center\" style=\"text-align:center;\"><img decoding=\"async\" src=\"http:\/\/localhost\/o\/wp-content\/uploads\/2025\/08\/lan-can-my-thuat.jpg\" style=\"width: 800px; height: 600px;\" title=\"lan-can-my-thuat\"><\/p>\n<p align=\"center\" style=\"text-align:center;\"><strong><span style=\"font-family:Times New Roman,serif;\"><span style=\"font-size:14.0pt;\">L\u1eafp \u0111\u1eb7t lan can ban c\u00f4ng t\u1ea1i c\u00f4ng tr\u00ecnh\u00a0Th\u00e0nh An<\/span><\/span><\/strong><\/p>\n<p align=\"center\" style=\"text-align:center;\"><img decoding=\"async\" src=\"http:\/\/localhost\/o\/wp-content\/uploads\/2025\/08\/mau-lan-can-dep.jpg\" style=\"width: 600px; height: 450px;\" title=\"mau-lan-can-dep\"><\/p>\n<p align=\"center\" style=\"text-align:center;\"><strong><span style=\"font-family:Times New Roman,serif;\"><span style=\"font-size:14.0pt;\">Lan can ban c\u00f4ng t\u1ea1i c\u00f4ng tr\u00ecnh<\/span><\/span><\/strong><\/p>\n<p style=\"text-align: justify;\">\u00a0<\/p>\n<p style=\"text-align:justify;\"><strong><span style=\"font-family:Times New Roman,serif;\"><span style=\"font-size:14.0pt;\">Th\u00e0nh An thi c\u00f4ng l\u1eafp \u0111\u1eb7t s\u1eaft m\u1ef9 thu\u1eadt nh\u1eefng n\u01a1i n\u00e0o ?<\/span><\/span><\/strong><\/p>\n<p style=\"text-align:justify;\"><span style=\"font-family:Times New Roman,serif;\"><span style=\"font-size:14.0pt;\">Khu v\u1ef1c c\u00e1c t\u1ec9nh l\u00e2n c\u1eadn mi\u1ec1n nam nh\u01b0 :<strong><a href=\"https:\/\/satmythuatthanhan.com\/don-vi-san-xuat-thi-cong-sat-my-thuatmy-nghe-tai-dong-nai\">\u0110\u1ed3ng nai<\/a>, B\u00ecnh D\u01b0\u01a1ng<\/strong>, <strong>V\u0169ng T\u00e0u<\/strong>, <strong>Ti\u1ec1n Giang<\/strong>, <strong>B\u1ea1c Li\u00eau<\/strong> , <strong>C\u1ea7n Th\u01a1<\/strong>, <strong>B\u00ecnh Ph\u01b0\u1edbc<\/strong>, <strong>\u0110\u00e0 Lat<\/strong>,<strong>T\u00e2y Ninh<\/strong>,\u2026v\u00e0 c\u00e1c qu\u1eadn huy\u1ec7n <a href=\"https:\/\/satmythuatthanhan.com\/gia-cong-lan-can-sat-my-thuat-tp-ho-chi-minh\"><strong>Tp.HCM<\/strong><\/a>\u00a0 nh\u01b0 \u00a0<a href=\"https:\/\/satmythuatthanhan.com\/cua-cong-lan-can-biet-thu-sat-my-thuat-vua-dep-vua-sang-gia-re-uy-tin-tai-quan-2-quan-9-tp-thu-duc\"><strong>Qu\u1eadn 1<\/strong>, \u00a0<strong>Qu\u1eadn 3, Qu\u1eadn 4, Qu\u1eadn 5, Qu\u1eadn 6, Qu\u1eadn 7, Qu\u1eadn 8, Qu\u1eadn 10, Qu\u1eadn 11, Qu\u1eadn 12, Qu\u1eadn g\u00f2 v\u1ea5p, Huy\u1ec7n H\u00f3c M\u00f4n, Huy\u1ec7n Nh\u00e0 B\u00e8<\/strong>, huy\u1ec7n b\u00ecnh ch\u00e1nh, Qu\u1eadn B\u00ecnh Ch\u00e1nh,Qu\u1eadn T\u00e2n Ph\u00fa,Qu\u1eadn T\u00e2n B\u00ecnh,Qu\u1eadn B\u00ecnh T\u00e2n, Tp th\u1ee7 \u0110\u1ee9c g\u1ed3m <strong>Qu\u1eadn 2<\/strong>, <strong>Qu\u1eadn 9<\/strong> v\u00e0 Qu\u1eadn <strong>Th\u1ee7 \u0110\u1ee9c<\/strong><\/a><\/span><\/span><\/p>\n<p style=\"text-align: center;\"><img decoding=\"async\" src=\"http:\/\/localhost\/o\/wp-content\/uploads\/2025\/08\/lan-can-sat-sang.jpg\" style=\"width: 800px; height: 600px;\" title=\"lan-can-sat-sang\"><\/p>\n<p align=\"center\" style=\"text-align:center;\"><strong><span style=\"font-family:Times New Roman,serif;\"><span style=\"font-size:14.0pt;\">Lan can c\u1ea7u thang gia c\u00f4ng t\u1ea1i x\u01b0\u1edfng<\/span><\/span><\/strong><\/p>\n<p align=\"center\" style=\"text-align:center;\"><strong><span style=\"font-family:Times New Roman,serif;\"><span style=\"font-size:14.0pt;\">Sau \u0111\u00e2y l\u00e0 nh\u1eefng h\u00ecnh \u1ea3nh v\u00e0 video c\u1ee7a Th\u00e0nh An<\/span><\/span><\/strong><\/p>\n<p style=\"text-align: center;\"><img decoding=\"async\" src=\"http:\/\/localhost\/o\/wp-content\/uploads\/2025\/08\/cong-ty-thanh-an.jpg\" style=\"width: 800px; height: 357px;\" title=\"cong-ty-thanh-an\"><\/p>\n<p style=\"text-align: center;\"><strong>Tr\u1ee5 s\u1edf : 785C nguy\u1ec5n Duy Trinh P Ph\u00fa H\u1eefu Qu\u1eadn 9 TpHCM<\/strong><\/p>\n<p style=\"text-align: center;\"><img decoding=\"async\" src=\"http:\/\/localhost\/o\/wp-content\/uploads\/2025\/08\/cau-thang-dep.jpg\" style=\"width: 736px; height: 981px;\" title=\"cau-thang-dep\"><\/p>\n<p style=\"text-align: center;\"><strong>Lan can c\u1ea7u thang\u00a0u\u1ed1n\u00a0m\u1ef9 thu\u1eadt<\/strong><\/p>\n<p>\u00a0<\/p>\n<p><iframe loading=\"lazy\" allowfullscreen=\"\" frameborder=\"0\" height=\"360\" src=\"https:\/\/www.youtube.com\/embed\/yyDE-e7iQKA\" width=\"640\"><\/iframe><\/p>\n<p style=\"text-align: center;\"><strong><iframe loading=\"lazy\" allowfullscreen=\"\" frameborder=\"0\" height=\"360\" src=\"https:\/\/www.youtube.com\/embed\/7lsnqNTYVeM\" width=\"640\"><\/iframe><\/strong><\/p>\n<p style=\"text-align: center;\"><strong>X\u01b0\u1edfng s\u1ea3n xu\u1ea5t Th\u00e0nh An<\/strong><\/p>\n<p style=\"text-align: justify;\">\u00a0<\/p>\n<p style=\"margin-left:.25in;text-align:justify;\"><strong><span style=\"font-family:Times New Roman,serif;\"><span style=\"font-size:14.0pt;\">Li\u00ean h\u1ec7 ngay \u0111\u1ec3 \u0111\u01b0\u1ee3c t\u01b0 v\u1ea5n v\u00e0 b\u00e1o gi\u00e1 nhanh v\u1ec1 d\u00f2ng s\u1ea3n ph\u1ea9m m\u00e0 qu\u00fd kh\u00e1ch h\u00e0ng y\u00eau c\u1ea7u:<\/span><\/span><\/strong><\/p>\n<p style=\"margin-left:.25in;text-align:justify;\"><strong><span style=\"font-family:Times New Roman,serif;\"><span style=\"font-size:14.0pt;\">C\u00d4NG TY TNHH TM-DV-XD-TTNT TH\u00c0NH AN<\/span><\/span><\/strong><\/p>\n<p style=\"margin-left:.25in;text-align:justify;\"><span style=\"font-family:Times New Roman,serif;\"><span style=\"font-size:14.0pt;\">\u0110\u1ecba ch\u1ec9 X\u01b0\u1edfng s\u1ea3n xu\u1ea5t : 785C Nguy\u1ec5n Duy Trinh- P. Ph\u00fa H\u1eefu \u2013 Tp Th\u1ee7 \u0110\u01b0c (Qu\u1eadn 9 c\u0169) \u2013 Tp H\u1ed3 Ch\u00ed Minh<\/span><\/span><\/p>\n<p style=\"margin-left:.25in;text-align:justify;\"><span style=\"font-family:Times New Roman,serif;\"><span style=\"font-size:14.0pt;\">Email; <\/span><\/span><a href=\"mailto:xaydungantran@gmail.com\"><span style=\"font-family:Times New Roman,serif;\"><span style=\"font-size:14.0pt;\">xaydungantran@gmail.com<\/span><\/span><\/a><\/p>\n<p style=\"margin-left:.25in;text-align:justify;\"><span style=\"font-family:Times New Roman,serif;\"><span style=\"font-size:14.0pt;\">Tel: 0984.606488 (Ch\u1ecb H\u00e0\u00a0 chuy\u00ean vi\u00ean t\u01b0 v\u1ea5n v\u00e0 b\u00e1o gi\u00e1) \u2013 0986040655\u00a0 ( Anh An chuy\u00ean vi\u00ean k\u1ef9 thu\u1eadt)<\/span><\/span><\/p>\n<p style=\"margin-left:.25in;text-align:justify;\"><span style=\"font-family:Times New Roman,serif;\"><span style=\"font-size:14.0pt;\">Website: <\/span><\/span><a href=\"https:\/\/satmythuatthanhan.com\"><span style=\"font-family:Times New Roman,serif;\"><span style=\"font-size:14.0pt;\">https:\/\/satmythuatthanhan.com<\/span><\/span><\/a><\/p>\n<p style=\"margin-left:.25in;text-align:justify;\">\u00a0<\/p>\n<p align=\"center\" style=\"text-align:center;\">\u00a0<\/p>\n<p>\u00a0<\/p>\n<\/div>\n","protected":false},"excerpt":{"rendered":"<p>H\u00e0ngC\u00e1c b\u00e0i vi\u1ebft kh\u00e1c : *\u00a0C\u00f4ng ty TNHH TM DV X\u00e2y D\u1ef1ng Trang Tr\u00ed N\u1ed9i Th\u1ea5t TH\u00c0NH AN | S\u1eaft m\u1ef9 thu\u1eadt (satmythuatthanhan.com) *\u00a0X\u01b0\u1edfng s\u1ea3n xu\u1ea5t thi c\u00f4ng s\u1eaft m\u1ef9 thu\u1eadt c\u1eeda c\u1ed5ng, lan can uy t\u00edn,gi\u00e1 r\u1ebb (satmythuatthanhan.com) M\u00c1I CHE TRANG TR\u00cd S\u1eaft M\u1ef9 Thu\u1eadt Th\u00e0nh An gi\u00e1 r\u1ebb, uy t\u00edn, ch\u1ea5t l\u01b0\u1ee3ng (satmythuatthanhan.com)&#8230;<\/p>\n","protected":false},"featured_media":373,"comment_status":"closed","ping_status":"closed","template":"","meta":[],"product_cat":[20],"product_tag":[],"_links":{"self":[{"href":"https:\/\/satmythuatgiare.com\/index.php?rest_route=\/wp\/v2\/product\/372"}],"collection":[{"href":"https:\/\/satmythuatgiare.com\/index.php?rest_route=\/wp\/v2\/product"}],"about":[{"href":"https:\/\/satmythuatgiare.com\/index.php?rest_route=\/wp\/v2\/types\/product"}],"replies":[{"embeddable":true,"href":"https:\/\/satmythuatgiare.com\/index.php?rest_route=%2Fwp%2Fv2%2Fcomments&post=372"}],"wp:featuredmedia":[{"embeddable":true,"href":"https:\/\/satmythuatgiare.com\/index.php?rest_route=\/wp\/v2\/media\/373"}],"wp:attachment":[{"href":"https:\/\/satmythuatgiare.com\/index.php?rest_route=%2Fwp%2Fv2%2Fmedia&parent=372"}],"wp:term":[{"taxonomy":"product_cat","embeddable":true,"href":"https:\/\/satmythuatgiare.com\/index.php?rest_route=%2Fwp%2Fv2%2Fproduct_cat&post=372"},{"taxonomy":"product_tag","embeddable":true,"href":"https:\/\/satmythuatgiare.com\/index.php?rest_route=%2Fwp%2Fv2%2Fproduct_tag&post=372"}],"curies":[{"name":"wp","href":"https:\/\/api.w.org\/{rel}","templated":true}]}}