{"id":360,"date":"2025-08-26T14:26:03","date_gmt":"2025-08-26T14:26:03","guid":{"rendered":"http:\/\/localhost\/o\/?product=cau-thang-sat-my-nghe-quan-9-tphcm"},"modified":"2025-08-26T14:26:16","modified_gmt":"2025-08-26T14:26:16","slug":"cau-thang-sat-my-nghe-quan-9-tphcm","status":"publish","type":"product","link":"https:\/\/satmythuatgiare.com\/?product=cau-thang-sat-my-nghe-quan-9-tphcm","title":{"rendered":"C\u1ea7u thang s\u1eaft m\u1ef9 ngh\u1ec7 qu\u1eadn 9 tphcm"},"content":{"rendered":"<\/p>\n<div class=\"content-tabs-pro-detail info-pro-detail active text\">\n<h2 style=\"text-align: justify;\"><strong><span style=\"font-family:Times New Roman,serif;\"><span style=\"font-size:14.0pt;\">1. \u0110\u1ecbnh ngh\u0129a c\u1ea7u thang s\u1eaft m\u1ef9 ngh\u1ec7 l\u00e0 g\u00ec?<\/span><\/span><\/strong><\/h2>\n<p style=\"text-align:justify;\"><span style=\"font-family:Times New Roman,serif;\"><span style=\"font-size:14.0pt;\">C\u1ea7u thang s\u1eaft ngh\u1ec7 thu\u1eadt hay <a href=\"https:\/\/satmythuatthanhan.com\/sat-my-thuat-quan-9-tp-ho-chi-minh\"><strong>c\u1ea7u thang s\u1eaft m\u1ef9 ngh\u1ec7<\/strong><\/a>\u00a0l\u00e0 nh\u1eefng tuy\u1ec7t t\u00e1c t\u1eeb c\u00e1c \u0111\u01b0\u1eddng cong. H\u1ea7u h\u1ebft nh\u1eefng s\u1ea3n ph\u1ea9m t\u1ea1o h\u00ecnh cong m\u1ec1m m\u1ea1i \u0111\u1ec1u y\u00eau c\u1ea7u s\u1ef1 t\u1ec9 m\u1ec9, c\u1ea7u k\u1ef3 v\u00e0 ph\u1ee9c t\u1ea1p h\u01a1n so v\u1edbi c\u00e1c s\u1ea3n ph\u00e2m vu\u00f4ng v\u1eafn . Nh\u1eefng \u0111\u01b0\u1eddng cong \u0111\u01b0\u1ee3c nung qua l\u1eeda c\u00f9ng v\u1edbi b\u00e0n tay c\u00e1c ngh\u1ec7 nh\u00e2n th\u1ee7 c\u00f4ng v\u00e0 m\u00e1y m\u00f3c hi\u1ec7n \u0111\u1ea1i t\u1ea1o n\u00ean \u0111\u01b0\u1eddng cong m\u1ec1m m\u1ea1i, tinh t\u1ebf k\u1ebft h\u1ee3p v\u1edbi nh\u01b0 hoa l\u00e1 v\u01b0\u01a1n mi\u1ec7n, c\u00e1c con v\u1eadt r\u1ed3ng, s\u01b0 t\u1eed\u2026\u0111\u01b0\u1ee3c m\u1ea1 v\u00e0ng n\u1ed5i b\u1eadt to\u00e1t l\u00ean v\u1ebb \u0111\u1eb9p qu\u00fd t\u1ed9c sang ch\u1ea3nh, \u0111\u1eb3ng c\u1ea5p, \u0111i\u1ec3m nh\u1ea5n c\u1ee7a ki\u1ebfn tr\u00fac ng\u00f4i nh\u00e0. C\u00f4ng \u0111o\u1ea1n x\u1eed l\u00fd b\u1ec1 m\u1eb7t v\u00e0 ch\u1ebf t\u00e1c r\u00e8n gi\u0169a c\u1ee7a s\u1ea3n ph\u1ea9m thi\u1ebft k\u1ebf cong m\u1ec1m m\u1ea1i c\u0169ng m\u1ea5t nhi\u1ec1u th\u1eddi gian h\u01a1n. Nh\u01b0ng \u0111\u1ed5i l\u1ea1i nh\u1eefng s\u1ea3n ph\u1ea9m n\u00e0y lu\u00f4n l\u00e0 \u0111i\u1ec3m nh\u1ea5n, l\u1eddi m\u1eddi g\u1ecdi kh\u00e1ch th\u0103m quan ph\u1ea3i chi\u00eam ng\u01b0\u1ee1ng v\u00e0 kh\u00f4ng kh\u1ecfi tr\u1ea7m tr\u1ed3. <\/span><\/span><\/p>\n<p style=\"text-align: center;\"><img decoding=\"async\" alt=\"C\u1ea7u thang xo\u1eafn \u1ed1c th\u00e0nh an\" src=\"http:\/\/localhost\/o\/wp-content\/uploads\/2025\/08\/cau-thang-soan-oc-kinh-2-2.jpg\" style=\"width: 800px; height: 480px;\" title=\"cau-thang-soan-oc-kinh-2-2\"><\/p>\n<p style=\"text-align: center;\"><strong>C\u1ea7u thang xo\u1eafn \u1ed1c m\u1ef9 ngh\u1ec7<\/strong><\/p>\n<p style=\"text-align: center;\"><img decoding=\"async\" alt=\"lan can thang l\u01b0\u1ee3n\" src=\"http:\/\/localhost\/o\/wp-content\/uploads\/2025\/08\/cau-thang-dep-tai-tphcm.jpg\" style=\"width: 735px; height: 551px;\" title=\"cau-thang-dep-tai-tphcm\"><\/p>\n<p style=\"text-align: center;\"><strong>C\u1ea7u thang l\u01b0\u1ee3n m\u1ef9 ngh\u1ec7<\/strong><\/p>\n<h3 style=\"text-align: justify;\"><strong><span style=\"font-family:Times New Roman,serif;\"><span style=\"font-size:14.0pt;\">2 . Quy tr\u00ecnh s\u1ea3n xu\u1ea5t lan can ngh\u1ec7 thu\u1eadt ch\u1ea5t l\u01b0\u1ee3ng<\/span><\/span><\/strong><!--[if--><!--[endif]--><\/h3>\n<p style=\"text-align:justify;\"><span style=\"font-family:Times New Roman,serif;\"><span style=\"font-size:14.0pt;\">&#8211; S\u1eaft l\u00e0 lo\u1ea1i v\u1eadt li\u1ec7u \u0111\u01b0\u1ee3c nhi\u1ec1u trong c\u00e1c c\u00f4ng tr\u00ecnh x\u00e2y d\u1ef1ng. N\u1ebfu tr\u01b0\u1edbc \u0111\u00e2y s\u1eaft ch\u1ec9 d\u00f9ng trong c\u00e1c ph\u1ea7n ki\u00ean c\u1ed1 th\u00f4 s\u01a1, th\u00ec ng\u00e0y ngay s\u1eaft m\u1ef9 thu\u1eadt \u0111\u01b0\u1ee3c l\u00e0 xu h\u01b0\u1edbng \u0111\u01b0\u1ee3c s\u1eed d\u1ee5ng r\u1ed9ng r\u00e3i trong t\u1ea5t c\u1ea3 c\u00e1c c\u00f4ng tr\u00ecnh nh\u00e0 \u1edf bi\u1ec7t th\u1ef1, villa, trung t\u00e2m th\u01b0\u01a1ng m\u1ea1i , nh\u00e0 h\u00e0ng \u2026th\u1ec3 hi\u1ec7n s\u1ef1 \u0111\u1eb3ng c\u1ea5p c\u1ee7a gia ch\u1ee7. D\u01b0\u1edbi b\u00e0n tay kh\u00e9o l\u00e9o c\u1ee7a c\u00e1c ngh\u1ec7 nh\u00e2n, th\u1ee3 l\u00e0nh ngh\u1ec1 s\u1eaft \u0111\u01b0\u1ee3c u\u1ed1n cong m\u1ec1m m\u1ea1i uy\u1ec3n chuy\u1ec3n d\u01b0\u1edbi nhi\u1ec1u h\u00ecnh d\u1ea1ng m\u1eabu m\u00e3 kh\u00e1c nhau t\u1ea1o n\u00ean c\u00e1 t\u00ednh ri\u00eang , \u0111\u1eb7c tr\u01b0ng ri\u00eang c\u1ee7a m\u1ed7i c\u00f4ng tr\u00ecnh.<\/span><\/span><\/p>\n<p style=\"text-align: center;\"><img decoding=\"async\" alt=\"gia c\u00f4ng s\u1eaft h\u1ed9p u\u1ed1n\" src=\"http:\/\/localhost\/o\/wp-content\/uploads\/2025\/08\/gia-cong-uon-sat.jpg\" style=\"width: 600px; height: 800px;\" title=\"gia-cong-uon-sat\"><\/p>\n<p style=\"text-align: center;\"><strong><span style=\"font-family:Times New Roman,serif;\"><span style=\"font-size:14.0pt;\">Gia c\u00f4ng u\u1ed1n s\u1eaft t\u1ea1i x\u01b0\u1edfng th\u00e0nh an<\/span><\/span><\/strong><\/p>\n<p style=\"text-align:justify;\"><span style=\"font-family:Times New Roman,serif;\"><span style=\"font-size:14.0pt;\">&#8211;\u00a0<\/span><\/span><!--![endif]--><!--![if--><!--[if--><!--[if--><!--[endif]--><!--[endif]--><span style=\"font-family:Times New Roman,serif;\"><span style=\"font-size:14.0pt;\">Trong th\u1eddi \u0111\u1ea1i ng\u00e0y c\u00e0ng ph\u00e1t tri\u1ec3n nhu c\u1ea7u v\u1ec1 c\u00e1i t\u00ednh th\u1ea9m m\u1ef9, \u0111\u1eb3ng c\u1ea5p song h\u00e0nh v\u1edbi ch\u1ea5t l\u01b0\u1ee3ng ch\u1eafc ch\u1eafn. V\u00ec th\u1ebf \u0111\u1ec3 mang t\u1edbi kh\u00e1ch h\u00e0ng 1 s\u1ea3n ph\u1ea9m lan can s\u1eaft m\u1ef9 thu\u1eadt \u0111\u1ea1t chu\u1ea9n v\u1ec1 th\u1ea9m m\u1ef9, \u0111\u1eb3ng c\u1ea5p d\u0129 nhi\u00ean ph\u1ea3i ph\u00f9 h\u1ee3p v\u1ec1 chi ph\u00ed. C\u00f4ng ty Th\u00e0nh An v\u1edbi s\u1ef1 k\u1ebft h\u1ee3p th\u1ee7 c\u00f4ng v\u00e0 nhi\u1ec1u m\u00e1y m\u00f3c hi\u1ec7n \u0111\u1ea1i t\u00e2n ti\u1ebfn nh\u1ea5t \u0111\u1ec3 cho ra \u0111\u1eddi nh\u1eefng s\u1ea3n ph\u1ea9m m\u1ef9 thu\u1eadt \u0111\u1eb3ng c\u1ea5p gi\u00e1 c\u1ea3 c\u1ea1nh tranh nh\u1ea5t.<\/span><\/span><!--![endif]--><!--![endif]--><!--![if--><!--![if--><\/p>\n<p style=\"text-align: center;\"><img decoding=\"async\" alt=\"khung b\u1ea3o v\u1ec7 m\u1ea1 k\u1ebdm nh\u00fang n\u00f3ng\" src=\"http:\/\/localhost\/o\/wp-content\/uploads\/2025\/08\/bao-ve-cua-so-dep.jpg\" style=\"width: 800px; height: 600px;\" title=\"bao-ve-cua-so-dep\"><\/p>\n<p style=\"text-align: center;\"><strong><span style=\"font-family:Times New Roman,serif;\"><span style=\"font-size:14.0pt;\">S\u1ea3n xu\u1ea5t m\u1ea1 k\u1ebdm t\u1ea1i x\u01b0\u1edfng Th\u00e0nh An<\/span><\/span><\/strong><\/p>\n<p style=\"text-align:justify;\"><strong><span style=\"font-family:Times New Roman,serif;\"><span style=\"font-size:14.0pt;\">B\u01b0\u1edbc 1<\/span><\/span><\/strong><span style=\"font-family:Times New Roman,serif;\"><span style=\"font-size:14.0pt;\">: S\u1eaft \u0111\u01b0\u1ee3c nung th\u00f4 qua l\u1eeda 1000 \u0111\u1ed9 C. Sau khi s\u1eaft \u0111\u00e3 \u0111\u01b0\u1ee3c nung \u0111\u1ecf tr\u00ean l\u1eeda chuy\u1ec3n sang tr\u1ea1ng th\u00e1i m\u1ec1m d\u1ebbo s\u1ebd \u0111\u01b0\u1ee3c c\u00e1c ngh\u1ec7 nh\u00e2n u\u1ed1n t\u1ea1o h\u00ecnh theo d\u1ea1ng c\u00e1c \u0111\u01b0\u1eddng cong b\u1ea3n v\u1ebd thi\u1ebft k\u1ebf y\u00eau c\u1ea7u. S\u1eaft \u0111\u01b0\u1ee3c nung khi mang ra kh\u1ecfi l\u00f2 th\u00ec gi\u1eef \u0111\u01b0\u1ee3c nhi\u1ec7t 1 t\u1edbi 2 ph\u00fat\u00a0 s\u1eaft s\u1ebd ngu\u1ed9i tr\u1edf v\u1ec1 tr\u1ea1ng th\u00e1i th\u00f4 c\u1ee9ng ban \u0111\u1ea7u. V\u00ec v\u1eady c\u00e1c ngh\u1ec7 nh\u00e2n ph\u1ea3i n\u1eafm b\u1eaft \u0111\u01b0\u1ee3c \u0111\u1ec3 u\u1ed1n \u0111\u01b0\u1ee3c nh\u01b0 mong mu\u1ed1n c\u1ee7a m\u1ed7i s\u1ea3n ph\u1ea9m.<\/span><\/span><\/p>\n<p style=\"text-align:justify;\"><span style=\"font-family:Times New Roman,serif;\"><span style=\"font-size:14.0pt;\">M\u1ed7i chi ti\u1ebft khi ho\u00e0n ch\u1ec9nh c\u1ea7n ph\u1ea3i th\u1ef1c hi\u1ec7n u\u1ed1n 3 t\u1edbi 4 c\u00f4ng \u0111o\u1ea1n tr\u01b0\u1edbc khi l\u00ean khung t\u00f9y thu\u1ed9c v\u00e0o \u0111\u1ed9 kh\u00f3 c\u1ee7a m\u1ed7i chi ti\u1ebft kh\u00e1c nhau . C\u00e1c ngh\u1ec7 nh\u00e2n b\u1eaft bu\u1ed9c ph\u1ea3i c\u00f3 tay ngh\u1ec1 cao, kinh nghi\u1ec7m l\u00e2u n\u0103m, kh\u00e9o l\u00e9o ch\u00ednh x\u00e1c t\u1eebng h\u1ecda ti\u1ebft.<\/span><\/span><\/p>\n<p style=\"text-align: center;\"><img decoding=\"async\" alt=\"b\u1ea3n v\u1ebd c\u1eeda cnc\" src=\"http:\/\/localhost\/o\/wp-content\/uploads\/2025\/08\/ban-ve-cua-cnc-hieu-ung-ri-set.jpg\" style=\"width: 800px; height: 382px;\" title=\"ban-ve-cua-cnc-hieu-ung-ri-set\"><\/p>\n<p style=\"text-align: center;\"><strong>S\u1ea3n xu\u1ea5t t\u1ea1i x\u01b0\u1edfng C\u00f4ng ty Th\u00e0nh An<\/strong><\/p>\n<p style=\"text-align: center;\"><span style=\"font-family:Times New Roman,serif;\"><span style=\"font-size:14.0pt;\">+ <strong>B\u01b0\u1edbc 2<\/strong>: Sau khi u\u1ed1n xong t\u1ea5t c\u1ea3 c\u00e1c chi ti\u1ebft th\u00e9p u\u1ed1n. \u0110\u1ec3 c\u00f3 \u0111\u01b0\u1ee3c lan can \u0111\u1eb9p l\u00e0m \u0111i\u1ec3m nh\u1ea5n ,\u0111i\u1ec3m n\u1ed5i b\u1eadt cho ng\u00f4i nh\u00e0. C\u00e1c ngh\u1ec7 nh\u00e2n ti\u1ebfn h\u00e0nh l\u1eafp gh\u00e9p c\u00e1c hoa v\u0103n \u0111\u00e3 u\u1ed1n s\u1eb5n k\u1ebft h\u1ee3p c\u00e1c hoa v\u0103n ph\u1ee5 ki\u1ec7n b\u00f4ng hoa l\u00e1 , r\u1ed3ng ph\u01b0\u1ee3ng, s\u01b0 t\u1eed linh ho\u1ea1t ho\u00e0n thi\u1ec7n ph\u1ea7n ph\u00f4 theo thi\u1ebft k\u1ebf, m\u1eabu m\u00e3 b\u1ea3n v\u1ebd.<\/span><\/span><\/p>\n<p style=\"text-align: center;\"><img decoding=\"async\" alt=\"khung trang tr\u00ed m\u00e1i k\u00ednh\" src=\"http:\/\/localhost\/o\/wp-content\/uploads\/2025\/08\/khung-sat-mai-kinh-2.jpg\" style=\"width: 500px; height: 667px;\" title=\"khung-sat-mai-kinh-2\"><\/p>\n<p style=\"text-align: center;\"><strong><span style=\"font-family:Times New Roman,serif;\"><span style=\"font-size:14.0pt;\">L\u1eafp \u0111\u1eb7t m\u00e1i k\u00ednh\u00a0<\/span><\/span><\/strong><\/p>\n<h3 style=\"text-align: justify;\"><span style=\"font-family:Times New Roman,serif;\"><span style=\"font-size:14.0pt;\">+ <strong>B\u01b0\u1edbc 3: X\u1eed l\u00fd b\u1ec1 m\u1eb7t tr\u01b0\u1edbc khi s\u01a1n<\/strong> :<\/span><\/span><\/h3>\n<p style=\"text-align:justify;\"><span style=\"font-family:Times New Roman,serif;\"><span style=\"font-size:14.0pt;\">Sau khi ho\u00e0n thi\u1ec7n ph\u1ea7n th\u00f4 ch\u00fang t\u00f4i ti\u1ebfn h\u00e0nh x\u1eed l\u00fd, v\u1ec7 sinh b\u1ec1 m\u1eb7t c\u1ee7a s\u1ea3n ph\u1ea9m v\u1edbi c\u00e1c c\u00f4ng \u0111o\u1ea1n nh\u01b0 : m\u00e0i th\u00f4 m\u00e0i tinh, \u0111\u1ec3 l\u00e0m s\u1ea1ch m\u1ecbn c\u00e1c m\u1ed1i h\u00e0n ph\u1ea7n n\u00e0y ch\u00fang t\u00f4i s\u1ebd s\u1eed d\u1ee5ng m\u00e1y m\u00e0i, \u0111\u00e1 m\u00e0i c\u00f3 \u0111\u1ed9 nh\u00e1m l\u1edbn, ma s\u00e1t \u0111\u1ec3 m\u00e0i ph\u1eb3ng c\u00e1c m\u1ed1i h\u00e0n n\u1ed5i l\u1edbn.<\/span><\/span><\/p>\n<p style=\"text-align:justify;\"><span style=\"font-family:Times New Roman,serif;\"><span style=\"font-size:14.0pt;\">Ti\u1ebfp \u0111\u1ebfn d\u00f9ng m\u00e1y m\u00e0i v\u00e0 m\u00e1y roa \u0111\u1ec3 v\u1ec7 sinh b\u1ec1 m\u1eb7t m\u1ecbn nh\u1eb5n .<\/span><\/span><\/p>\n<p style=\"text-align:justify;\"><span style=\"font-family:Times New Roman,serif;\"><span style=\"font-size:14.0pt;\">Sau c\u00f9ng lau ch\u00f9i v\u1ec7 sinh s\u1ea1ch t\u1ea5t c\u1ea3 b\u1ec1 m\u1eb7t s\u1ea3n ph\u1ea9m <\/span><\/span><\/p>\n<h3 style=\"text-align: justify;\"><span style=\"font-family:Times New Roman,serif;\"><span style=\"font-size:14.0pt;\">+ <strong>B\u01b0\u1edbc 4: S\u01a1n lan can s\u1eaft<\/strong><\/span><\/span><\/h3>\n<p style=\"text-align:justify;\"><span style=\"font-family:Times New Roman,serif;\"><span style=\"font-size:14.0pt;\">B\u01b0\u1edbc n\u00e0y r\u1ea5t quan tr\u1ecdng quy\u1ebft \u0111\u1ecbnh \u0111\u1ed9 b\u1ec1n m\u00e0u, kh\u1ea3 n\u0103ng ch\u1ecbu \u0103n m\u00f2n, ch\u1ed1ng ch\u1ecbu oxy h\u00f3a do \u0111\u1eb7c th\u00f9 th\u1eddi ti\u1ebft kh\u1eafc nghi\u1ec7t c\u1ee7a Vi\u1ec7t Nam. S\u1ef1 tinh t\u1ebf trong c\u00e1ch ph\u1ed1i m\u00e0u\u00a0 s\u01a1n l\u00ean t\u1eebng chi ti\u1ebft hoa v\u0103n t\u0103ng th\u00eam s\u1ef1 h\u00e0i h\u00f2a , \u0111\u1eb3ng c\u1ea5p, phong c\u00e1ch c\u00e1 t\u00ednh ri\u00eang, v\u1ebb \u0111\u1eb9p c\u00f3 h\u1ed3n t\u1eebng t\u00e1c ph\u1ea9m. C\u00f4ng ty Th\u00e0nh An s\u1eed d\u1ee5ng c\u00e1c lo\u1ea1i s\u01a1n t\u1ed1t nh\u1ea5t tr\u00ean th\u1ecb tr\u01b0\u1eddng nh\u01b0 ch\u1ed1ng r\u1ec9 2 th\u00e0nh ph\u1ea7n + s\u01a1n m\u00e0u + s\u01a1n nh\u0169 \u0111\u1ed3ng + ph\u1ee7 b\u00f3ng \u2026, ho\u1eb7c nh\u00fang k\u1ebdm, s\u01a1n t\u0129nh \u0111i\u1ec7n\u2026<\/span><\/span><\/p>\n<p style=\"text-align:justify;\"><span style=\"font-family:Times New Roman,serif;\"><span style=\"font-size:14.0pt;\">Ho\u00e0n thi\u1ec7n 1 t\u00e1c ph\u1ea9m lan can s\u1eaft ngh\u1ec7 thu\u1eadt c\u1ea7n ng\u01b0\u1eddi ngh\u1ec7 nh\u00e2n t\u1ec9 m\u1ec9, kh\u00e9o tay s\u00e1ng t\u1ea1o, linh ho\u1ea1t,k\u1ef9 thu\u1eadt t\u1ed1t, th\u1ea9m m\u1ef9 t\u1ed1t n\u1eafm b\u1eaft xu h\u01b0\u1edbng th\u1eddi \u0111\u1ea1i k\u1ebft h\u1ee3p gi\u1eefa th\u1ee7 c\u00f4ng v\u00e0 m\u00e1y m\u00f3c hi\u1ec7n \u0111\u1ea1i .<\/span><\/span><\/p>\n<p style=\"text-align: center;\"><img decoding=\"async\" alt=\"lan can c\u1ea7u thang s\u1eaft\" src=\"http:\/\/localhost\/o\/wp-content\/uploads\/2025\/08\/cau-thang-sat-dep-5.jpg\" style=\"width: 600px; height: 900px;\" title=\"cau-thang-sat-dep-5\"><\/p>\n<p style=\"text-align: center;\"><font face=\"Times New Roman, serif\"><span style=\"font-size: 18.6667px;\"><b>Lan can c\u1ea7u thang s\u1eaft \u0111\u1eb9p<\/b><\/span><\/font><\/p>\n<h2 style=\"text-align: justify;\"><strong><span style=\"font-family:Times New Roman,serif;\"><span style=\"font-size:14.0pt;\">3. \u0110\u01a1n v\u1ecb n\u00e0o uy t\u00edn thi c\u00f4ng c\u1ea7u thang m\u1ef9 thu\u1eadt t\u1ea1i qu\u1eadn 9 tphcm?<\/span><\/span><\/strong><\/h2>\n<p style=\"text-align:justify;\"><span style=\"font-family:Times New Roman,serif;\"><span style=\"font-size:14.0pt;\">H\u01a1n 10 n\u0103m kinh nghi\u1ec7m trong ngh\u1ec1 s\u1eaft m\u1ef9 thu\u1eadt C\u00f4ng ty Th\u00e0nh An ch\u00fang t\u00f4i \u0111\u00e3 t\u01b0 v\u1ea5n thi\u1ebft k\u1ebf s\u1ea3n xu\u1ea5t v\u00e0 thi c\u00f4ng ho\u00e0n thi\u1ec7n c\u00e1c c\u00f4ng tr\u00ecnh s\u1eaft m\u1ef9 thu\u1eadt kh\u1eafp c\u00e1c khu v\u1ef1c qu\u1eadn huy\u1ec7n trong TpHCM v\u00e0 c\u00e1c t\u1ec9nh l\u00e2n c\u1eadn.<\/span><\/span><\/p>\n<p style=\"text-align:justify;\"><span style=\"font-family:Times New Roman,serif;\"><span style=\"font-size:14.0pt;\">Gi\u00e1 th\u00e0nh c\u1ea1nh tranh nh\u1ea5t to\u00e0n khu v\u1ef1c TPHCM. Chi ph\u00ed s\u1ea3n xu\u1ea5t gia c\u00f4ng l\u1eafp \u0111\u1eb7t lu\u00f4n \u0111\u01b0\u1ee3c cam k\u1ebft minh b\u1ea1ch,b\u00e1o gi\u00e1 r\u00f5 rang tr\u01b0\u1edbc khi s\u1ea3n xu\u1ea5t gia c\u00f4ng, c\u00f3 s\u1ef1 th\u1ed1ng nh\u1ea5t v\u1edbi gia ch\u1ee7, y\u00ean t\u00e2m v\u1ec1 quy tr\u00ecnh s\u1ea3n xu\u1ea5t thi c\u00f4ng.<\/span><\/span><\/p>\n<p style=\"text-align: center;\"><img decoding=\"async\" alt=\"c\u1eaft cnc c\u1eeda\" src=\"http:\/\/localhost\/o\/wp-content\/uploads\/2025\/08\/cat-cnc-laser-5.jpg\" style=\"width: 600px; height: 450px;\" title=\"cat-cnc-laser-5\"><\/p>\n<p style=\"text-align: center;\"><strong><span style=\"font-family:Times New Roman,serif;\"><span style=\"font-size:14.0pt;\">X\u01b0\u1edfng th\u00e0nh An t\u1ea1i Qu\u1eadn 9 tphcm<\/span><\/span><\/strong><\/p>\n<p style=\"text-align: justify;\"><span style=\"font-family:Times New Roman,serif;\"><span style=\"font-size:14.0pt;\">Ch\u1ea5t l\u01b0\u1ee3ng s\u1ea3n ph\u1ea9m l\u00e0 th\u1ee9 m\u00e0 Th\u00e0nh An lu\u00f4n \u0111\u1ea3m b\u1ea3o v\u1edbi kh\u00e1ch h\u00e0ng. X\u00e2y d\u1ef1ng 1 uy t\u00edn th\u01b0\u01a1ng hi\u1ec7u b\u1eb1ng c\u00e1i t\u00e2m c\u1ee7a nh\u00e0 s\u1ea3n xu\u1ea5t. Ch\u00fang t\u00f4i lu\u00f4n cam k\u1ebft ch\u1ea5t l\u01b0\u1ee3ng s\u1ea3n ph\u1ea9m ho\u00e0n to\u00e0n x\u1ee9ng \u0111\u00e1ng v\u00e0 ph\u00f9 h\u1ee3p v\u1edbi chi ph\u00ed qu\u00fd kh\u00e1ch h\u00e0ng b\u1ecf. B\u00ean c\u1ea1nh \u0111\u00f3 C\u00f4ng ty ch\u00fang t\u00f4i c\u00f2n h\u1ed7 tr\u1ee3 b\u1ea3o h\u00e0nh l\u00e2u d\u00e0i \u0111\u1ec3 qu\u00fd kh\u00e1ch lu\u00f4n y\u00ean t\u00e2m v\u1ec1 uy t\u00edn ch\u1ea5t l\u01b0\u1ee3ng s\u1ea3n ph\u1ea9m ch\u00fang t\u00f4i mang l\u1ea1i.<\/span><\/span><\/p>\n<p style=\"text-align:justify;\"><span style=\"font-family:Times New Roman,serif;\"><span style=\"font-size:14.0pt;\">Ti\u1ebfn \u0111\u1ed9 thi c\u00f4ng nhanh b\u1edfi \u0111\u1ed9i ng\u0169 th\u1ee3 \u0111\u00f4ng , kinh nghi\u1ec7m l\u00e2u n\u0103m, l\u00e0nh ngh\u1ec1 v\u00e0 linh ho\u1ea1t sang t\u1ea1o. Qu\u00fd kh\u00e1ch s\u1ebd kh\u00f4ng ph\u1ea3i lo l\u1eafng v\u1ec1 ti\u1ebfn \u0111\u1ed9 c\u00f4ng tr\u00ecnh khi l\u00e0m vi\u1ec7c v\u1edbi Th\u00e0nh An.<\/span><\/span><\/p>\n<p style=\"text-align: center;\"><img decoding=\"async\" alt=\"c\u1ea7u thang xo\u1eafn \u1ed1c\" src=\"http:\/\/localhost\/o\/wp-content\/uploads\/2025\/08\/cau-thang-xoan-hieu-ung-ri-set-2-2.jpg\" style=\"width: 600px; height: 750px;\" title=\"cau-thang-xoan-hieu-ung-ri-set-2-2\"><\/p>\n<p style=\"text-align: center;\"><strong><span style=\"font-family:Times New Roman,serif;\"><span style=\"font-size:14.0pt;\">C\u1ea7u thang xo\u1eafn \u1ed1c\u00a0<\/span><\/span><\/strong><\/p>\n<p style=\"text-align: center;\"><span style=\"font-family:Times New Roman,serif;\"><span style=\"font-size:14.0pt;\">S\u1ed1 \u0111i\u1ec7n tho\u1ea1i Hotline : 0984.606488 lu\u00f4n s\u1eb5n sang t\u01b0 v\u1ea5n mi\u1ec5n ph\u00ed 24\/24 b\u1ea5t k\u1ec3 l\u00fac n\u00e0o qu\u00fd kh\u00e1ch c\u1ea7n t\u01b0 v\u1ea5n m\u1eabu m\u00e3, b\u00e1o gi\u00e1, kh\u1ea3o s\u00e1t c\u00f4ng tr\u00ecnh\u2026.<\/span><\/span><\/p>\n<p style=\"text-align: center;\"><img decoding=\"async\" src=\"http:\/\/localhost\/o\/wp-content\/uploads\/2025\/08\/sat20my20thuat20thanh20an2028129.jpg\" style=\"width: 700px; height: 441px;\" title=\"sat20my20thuat20thanh20an2028129\"><\/p>\n<p style=\"text-align: center;\"><strong><span style=\"font-family:Times New Roman,serif;\"><span style=\"font-size:14.0pt;\">H\u00ecnh \u1ea3nh 3D c\u00f4ng tr\u00ecnh Qu\u1eadn 9 tphcm<\/span><\/span><\/strong><\/p>\n<p style=\"text-align: center;\"><strong><span style=\"font-family:Times New Roman,serif;\"><span style=\"font-size:14.0pt;\">H\u00ecnh \u1ea3nh b\u00e0i vi\u1ebft kh\u00e1c v\u00e0 video t\u1ea1i x\u01b0\u1edfng Th\u00e0nh An<\/span><\/span><\/strong><\/p>\n<p style=\"text-align: justify;\"><a href=\"https:\/\/satmythuatthanhan.com\/sat-my-thuat-quan-9-tp-ho-chi-minh\"><strong><span style=\"font-family:Times New Roman,serif;\"><span style=\"font-size:14.0pt;\">https:\/\/satmythuatthanhan.com\/sat-my-thuat-quan-9-tp-ho-chi-minh<\/span><\/span><\/strong><\/a><\/p>\n<p style=\"text-align: justify;\"><a href=\"https:\/\/satmythuatthanhan.com\/bao-gia-lan-can-sat-nghe-thuat-quan-9-tphcm\"><strong><span style=\"font-family:Times New Roman,serif;\"><span style=\"font-size:14.0pt;\">https:\/\/satmythuatthanhan.com\/bao-gia-lan-can-sat-nghe-thuat-quan-9-tphcm<\/span><\/span><\/strong><\/a><\/p>\n<p style=\"text-align: justify;\"><strong><span style=\"font-family:Times New Roman,serif;\"><span style=\"font-size:14.0pt;\"><iframe loading=\"lazy\" allowfullscreen=\"\" frameborder=\"0\" height=\"360\" src=\"https:\/\/www.youtube.com\/embed\/32rSByOjAJ4\" width=\"640\"><\/iframe><\/span><\/span><\/strong><\/p>\n<p style=\"text-align: center;\"><strong><span style=\"font-family:Times New Roman,serif;\"><span style=\"font-size:14.0pt;\">S\u1ea3n xu\u1ea5t s\u01a1n lan can t\u1ea1i x\u01b0\u1edfng Th\u00e0nh An<\/span><\/span><\/strong><\/p>\n<p style=\"text-align: center;\"><strong><span style=\"font-family:Times New Roman,serif;\"><span style=\"font-size:14.0pt;\"><iframe loading=\"lazy\" allowfullscreen=\"\" frameborder=\"0\" height=\"360\" src=\"https:\/\/www.youtube.com\/embed\/9Q-haBInTvk\" width=\"640\"><\/iframe>C\u00f4ng \u0111o\u1ea1n s\u1ea3n xu\u1ea5t t\u1ea1i x\u01b0\u1edfng Th\u00e0nh An<\/span><\/span><\/strong><\/p>\n<p style=\"margin-left:.25in;text-align:justify;\"><strong><span style=\"font-family:Times New Roman,serif;\"><span style=\"font-size:14.0pt;\">Li\u00ean h\u1ec7 ngay \u0111\u1ec3 \u0111\u01b0\u1ee3c t\u01b0 v\u1ea5n,thi\u1ebft k\u1ebf b\u00e1o gi\u00e1 nhanh v\u1ec1 h\u1ea1ng m\u1ee5c s\u1ea3n ph\u1ea9m m\u00e0 qu\u00fd kh\u00e1ch h\u00e0ng mong mu\u1ed1n:<\/span><\/span><\/strong><\/p>\n<p style=\"margin-left:.25in;text-align:justify;\"><strong><span style=\"font-family:Times New Roman,serif;\"><span style=\"font-size:14.0pt;\">C\u00d4NG TY TNHH TM-DV-XD-TTNT TH\u00c0NH AN<\/span><\/span><\/strong><\/p>\n<p style=\"margin-left:.25in;text-align:justify;\"><span style=\"font-family:Times New Roman,serif;\"><span style=\"font-size:14.0pt;\">\u0110\u1ecba ch\u1ec9 X\u01b0\u1edfng s\u1ea3n xu\u1ea5t : 785C Nguy\u1ec5n Duy Trinh- P. Ph\u00fa H\u1eefu \u2013 Tp Th\u1ee7 \u0110\u01b0c (Qu\u1eadn 9 c\u0169) \u2013 Tp H\u1ed3 Ch\u00ed Minh<\/span><\/span><\/p>\n<p style=\"margin-left:.25in;text-align:justify;\"><span style=\"font-family:Times New Roman,serif;\"><span style=\"font-size:14.0pt;\">Email; <\/span><\/span><a href=\"mailto:xaydungantran@gmail.com\"><span style=\"font-family:Times New Roman,serif;\"><span style=\"font-size:14.0pt;\">xaydungantran@gmail.com<\/span><\/span><\/a><\/p>\n<p style=\"margin-left:.25in;text-align:justify;\"><span style=\"font-family:Times New Roman,serif;\"><span style=\"font-size:14.0pt;\">Tel: 0984.606488 (Ch\u1ecb H\u00e0 chuy\u00ean vi\u00ean t\u01b0 v\u1ea5n v\u00e0 b\u00e1o gi\u00e1) \u2013 0986040655\u00a0 ( Anh An chuy\u00ean vi\u00ean k\u1ef9 thu\u1eadt)<\/span><\/span><\/p>\n<p style=\"margin-left:.25in;text-align:justify;\"><span style=\"font-family:Times New Roman,serif;\"><span style=\"font-size:14.0pt;\">Website: <\/span><\/span><a href=\"https:\/\/satmythuatthanhan.com\"><span style=\"font-family:Times New Roman,serif;\"><span style=\"font-size:14.0pt;\">https:\/\/satmythuatthanhan.com<\/span><\/span><\/a><\/p>\n<p style=\"text-align: justify;\">\u00a0<\/p>\n<\/div>\n","protected":false},"excerpt":{"rendered":"<p>1. \u0110\u1ecbnh ngh\u0129a c\u1ea7u thang s\u1eaft m\u1ef9 ngh\u1ec7 l\u00e0 g\u00ec? C\u1ea7u thang s\u1eaft ngh\u1ec7 thu\u1eadt hay c\u1ea7u thang s\u1eaft m\u1ef9 ngh\u1ec7\u00a0l\u00e0 nh\u1eefng tuy\u1ec7t t\u00e1c t\u1eeb c\u00e1c \u0111\u01b0\u1eddng cong. H\u1ea7u h\u1ebft nh\u1eefng s\u1ea3n ph\u1ea9m t\u1ea1o h\u00ecnh cong m\u1ec1m m\u1ea1i \u0111\u1ec1u y\u00eau c\u1ea7u s\u1ef1 t\u1ec9 m\u1ec9, c\u1ea7u k\u1ef3 v\u00e0 ph\u1ee9c t\u1ea1p h\u01a1n so v\u1edbi c\u00e1c s\u1ea3n ph\u00e2m&#8230;<\/p>\n","protected":false},"featured_media":361,"comment_status":"closed","ping_status":"closed","template":"","meta":[],"product_cat":[20],"product_tag":[],"_links":{"self":[{"href":"https:\/\/satmythuatgiare.com\/index.php?rest_route=\/wp\/v2\/product\/360"}],"collection":[{"href":"https:\/\/satmythuatgiare.com\/index.php?rest_route=\/wp\/v2\/product"}],"about":[{"href":"https:\/\/satmythuatgiare.com\/index.php?rest_route=\/wp\/v2\/types\/product"}],"replies":[{"embeddable":true,"href":"https:\/\/satmythuatgiare.com\/index.php?rest_route=%2Fwp%2Fv2%2Fcomments&post=360"}],"wp:featuredmedia":[{"embeddable":true,"href":"https:\/\/satmythuatgiare.com\/index.php?rest_route=\/wp\/v2\/media\/361"}],"wp:attachment":[{"href":"https:\/\/satmythuatgiare.com\/index.php?rest_route=%2Fwp%2Fv2%2Fmedia&parent=360"}],"wp:term":[{"taxonomy":"product_cat","embeddable":true,"href":"https:\/\/satmythuatgiare.com\/index.php?rest_route=%2Fwp%2Fv2%2Fproduct_cat&post=360"},{"taxonomy":"product_tag","embeddable":true,"href":"https:\/\/satmythuatgiare.com\/index.php?rest_route=%2Fwp%2Fv2%2Fproduct_tag&post=360"}],"curies":[{"name":"wp","href":"https:\/\/api.w.org\/{rel}","templated":true}]}}