{"id":1139,"date":"2025-08-26T15:05:24","date_gmt":"2025-08-26T15:05:24","guid":{"rendered":"http:\/\/localhost\/o\/?product=hoa-sat-nghe-thuat-tai-thanh-pho-ho-chi-minh"},"modified":"2025-08-26T15:05:24","modified_gmt":"2025-08-26T15:05:24","slug":"hoa-sat-nghe-thuat-tai-thanh-pho-ho-chi-minh","status":"publish","type":"product","link":"https:\/\/satmythuatgiare.com\/?product=hoa-sat-nghe-thuat-tai-thanh-pho-ho-chi-minh","title":{"rendered":"Hoa S\u1eaft Ngh\u1ec7 Thu\u1eadt T\u1ea1i Th\u00e0nh Ph\u1ed1 H\u1ed3 Ch\u00ed Minh"},"content":{"rendered":"<\/p>\n<div class=\"content-tabs-pro-detail info-pro-detail active text\">\n<p style=\"text-align:justify;\"><span style=\"font-family:Arial,sans-serif;\"><span style=\"font-size:12.0pt;\">B\u1ea1n \u0111ang t\u00ecm ki\u1ebfm gi\u1ea3i ph\u00e1p trang tr\u00ed b\u1eb1ng <a href=\"https:\/\/satmythuatthanhan.com\/hoa-sat-nghe-thuat-tai-thanh-pho-ho-chi-minh\"><strong>hoa s\u1eaft ngh\u1ec7 thu\u1eadt<\/strong><\/a> \u0111\u1ed9c \u0111\u00e1o? H\u00e3y \u0111\u1ec3 ch\u00fang t\u00f4i gi\u1edbi thi\u1ec7u Th\u00e0nh An, m\u1ed9t \u0111\u01a1n v\u1ecb uy t\u00edn v\u00e0 chuy\u00ean nghi\u1ec7p t\u1ea1i Th\u00e0nh Ph\u1ed1 H\u1ed3 Ch\u00ed Minh, v\u1edbi kinh nghi\u1ec7m trong l\u0129nh v\u1ef1c cung c\u1ea5p hoa s\u1eaft ngh\u1ec7 thu\u1eadt.\u00a0<\/span><\/span><strong><span style=\"font-family:Arial,sans-serif;\"><span style=\"font-size:12.0pt;\">C\u00f4ng ty XD TTNT Th\u00e0nh An\u00a0<\/span><\/span><\/strong><span style=\"font-family:Arial,sans-serif;\"><span style=\"font-size:12.0pt;\">cung c\u1ea5p s\u1ea3n xu\u1ea5t thi c\u00f4ng<strong> Hoa S\u1eaft Ngh\u1ec7 Thu\u1eadt , <a href=\"https:\/\/satmythuatthanhan.com\/mau-lan-can-san-thuong-dep-tai-thanh-pho-ho-chi-minh\">Lan Can S\u00e2n Th\u01b0\u1ee3ng t\u1ea1i TPHCM<\/a>, <a href=\"https:\/\/satmythuatthanhan.com\/cau-thang-xoan-oc-my-thuat-tai-tp-ho-chi-minh\">C\u1ea7u Thang Xo\u1eafn \u1ed1c<\/a>, <a href=\"https:\/\/satmythuatthanhan.com\/hoa-van-sat-uon-phu-kien-sat-my-thuat-tai-thanh-pho-thu-duc-thanh-pho-ho-chi-minh\">u\u1ed1n hoa v\u0103n s\u1eaft<\/a>, \u2026.<\/strong><\/span><\/span><\/p>\n<p style=\"text-align:justify;\"><span style=\"font-family:Arial,sans-serif;\"><span style=\"font-size:12.0pt;\"><strong>XEM TH\u00caM :\u00a0<\/strong><\/span><\/span><a href=\"https:\/\/satmythuatthanhan.com\/phu-kien-hoa-van-sat-tai-thanh-pho-ho-chi-minh\">PH\u1ee4 KI\u1ec6N HOA V\u0102N S\u1eaeT T\u1ea0I TH\u00c0NH PH\u1ed0 H\u1ed2 CH\u00cd MINH<\/a><\/p>\n<p style=\"text-align:justify;\">\u00a0 \u00a0 \u00a0 \u00a0 \u00a0 \u00a0 \u00a0 \u00a0 \u00a0 \u00a0 \u00a0 \u00a0 \u00a0<a href=\"https:\/\/satmythuatthanhan.com\/mau-lan-can-san-thuong-dep-tai-thanh-pho-ho-chi-minh\">M\u1eaaU LAN CAN S\u00c2N TH\u01af\u1ee2NG \u0110\u1eb8P T\u1ea0I TH\u00c0NH PH\u1ed0 H\u1ed2 CH\u00cd MINH<\/a><\/p>\n<p style=\"text-align: center;\"><img decoding=\"async\" alt=\"Hoa S\u1eaft Ngh\u1ec7 Thu\u1eadt t\u1ea1i TPHCM\" src=\"http:\/\/localhost\/o\/wp-content\/uploads\/2025\/08\/27.jpg\" style=\"width: 600px; height: 311px;\" title=\"27\"><\/p>\n<p style=\"text-align: center;\"><strong>Hoa S\u1eaft Ngh\u1ec7 Thu\u1eadt \u0111\u01b0\u1ee3c k\u1ebft h\u1ee3p v\u1edbi S\u1eaft U\u1ed1n Ngh\u1ec7 Thu\u1eadt T\u1ea1o n\u00ean Lan Can \u0110\u1eb9p t\u1ea1i TPHCM<\/strong><\/p>\n<p style=\"text-align:justify;\"><a href=\"https:\/\/satmythuatthanhan.com\/hoa-sat-nghe-thuat-tai-thanh-pho-ho-chi-minh\"><strong><span style=\"font-family:Arial,sans-serif;\"><span style=\"font-size:12.0pt;\">Hoa s\u1eaft ngh\u1ec7 thu\u1eadt<\/span><\/span><\/strong><\/a><span style=\"font-family:Arial,sans-serif;\"><span style=\"font-size:12.0pt;\"> l\u00e0 m\u1ed9t lo\u1ea1i ngh\u1ec7 thu\u1eadt trong ng\u00e0nh c\u00f4ng nghi\u1ec7p kim lo\u1ea1i s\u1eed d\u1ee5ng s\u1eaft \u0111\u1ec3 t\u1ea1o ra c\u00e1c t\u00e1c ph\u1ea9m ngh\u1ec7 thu\u1eadt c\u00f3 h\u00ecnh d\u00e1ng ho\u1eb7c chi ti\u1ebft li\u00ean quan \u0111\u1ebfn hoa, l\u00e1, c\u00e0nh c\u00e2y, v\u00e0 c\u00e1c y\u1ebfu t\u1ed1 thi\u1ebft k\u1ebf th\u1ea9m m\u1ef9 kh\u00e1c. C\u00e1c s\u1ea3n ph\u1ea9m hoa s\u1eaft ngh\u1ec7 thu\u1eadt th\u01b0\u1eddng bao g\u1ed3m c\u00e1c th\u00e0nh ph\u1ea7n ho\u1eb7c ph\u1ee5 ki\u1ec7n s\u1eaft \u0111\u01b0\u1ee3c t\u1ea1o ra b\u1eb1ng quy tr\u00ecnh u\u1ed1n, c\u1eaft, h\u00e0n, v\u00e0 ho\u00e0n thi\u1ec7n b\u1eb1ng s\u01a1n ho\u1eb7c m\u1ea1. \u0110\u00e2y l\u00e0 m\u1ed9t lo\u1ea1i ngh\u1ec7 thu\u1eadt th\u1ee7 c\u00f4ng \u0111\u00f2i h\u1ecfi s\u1ef1 kh\u00e9o l\u00e9o v\u00e0 k\u1ef9 thu\u1eadt, v\u00e0 n\u00f3 c\u00f3 th\u1ec3 \u0111\u01b0\u1ee3c \u1ee9ng d\u1ee5ng r\u1ed9ng r\u00e3i trong thi\u1ebft k\u1ebf lan can, c\u1ed5ng trang tr\u00ed, n\u1ed9i th\u1ea5t, v\u00e0 c\u00e1c s\u1ea3n ph\u1ea9m trang tr\u00ed kh\u00e1c. Hoa s\u1eaft ngh\u1ec7 thu\u1eadt th\u01b0\u1eddng mang \u0111\u1ebfn s\u1ef1 \u0111\u1ed9c \u0111\u00e1o v\u00e0 s\u1ef1 tinh t\u1ebf cho kh\u00f4ng gian v\u00e0 s\u1ea3n ph\u1ea9m m\u00e0 n\u00f3 xu\u1ea5t hi\u1ec7n.<\/span><\/span><\/p>\n<p style=\"text-align: center;\"><span style=\"font-family:Arial,sans-serif;\"><span style=\"font-size:12.0pt;\"><img decoding=\"async\" alt=\"Hoa s\u1eaft ngh\u1ec7 Thu\u1eadt\" src=\"http:\/\/localhost\/o\/wp-content\/uploads\/2025\/08\/325.jpg\" style=\"width: 700px; height: 800px;\" title=\"325\"><\/span><\/span><\/p>\n<p style=\"text-align: center;\"><span style=\"font-family:Arial,sans-serif;\"><span style=\"font-size:12.0pt;\"><strong>Hoa S\u1eaft Ngh\u1ec7 Thu\u1eadt khung bao c\u1eeda s\u1ed5<\/strong>\u00a0\u0111\u1eb9p<\/span><\/span><\/p>\n<p style=\"text-align: justify;\">&#8211; U\u1ed1n S\u1eaft th\u00e9p vu\u00f4ng 14 x14 tr\u01a1n \u0111\u1eb7c<\/p>\n<p style=\"text-align: justify;\">&#8211; B\u00f4ng hoa l\u00e1 ph\u1ee5 ki\u1ec7n k\u1ebft h\u1ee3p s\u01a1n nh\u0169 \u0111\u1ed3ng v\u00e0ng<\/p>\n<p style=\"text-align: justify;\">&#8211; Kh\u1edbp n\u1ed1i &#8211; qu\u1ea3 tr\u00e1m k\u1ebft h\u1ee3p \u0111ai t\u1ea1o \u0111i\u1ec3m nh\u1ea5n tinh t\u1ebf<\/p>\n<h2 style=\"text-align: justify;\"><strong><span style=\"font-family:Arial,sans-serif;\"><span style=\"font-size:12.0pt;\">M\u1eabu Hoa S\u1eaft Ngh\u1ec7 Thu\u1eadt T\u1ea1i Th\u00e0nh Ph\u1ed1 H\u1ed3 Ch\u00ed Minh<\/span><\/span><\/strong><\/h2>\n<p style=\"text-align:justify;\"><span style=\"font-family:Arial,sans-serif;\"><span style=\"font-size:12.0pt;\">C\u00f3 nhi\u1ec1u m\u1eabu hoa s\u1eaft ngh\u1ec7 thu\u1eadt kh\u00e1c nhau v\u1edbi s\u1ef1 \u0111a d\u1ea1ng trong thi\u1ebft k\u1ebf v\u00e0 chi ti\u1ebft. D\u01b0\u1edbi \u0111\u00e2y l\u00e0 m\u1ed9t s\u1ed1 m\u1eabu hoa s\u1eaft ngh\u1ec7 thu\u1eadt ph\u1ed5 bi\u1ebfn:<\/span><\/span><\/p>\n<ul>\n<li style=\"text-align:justify;\"><!--[if--><!--[endif]--><strong><span style=\"font-family:Arial,sans-serif;\"><span style=\"font-size:12.0pt;\">Hoa c\u00fac s\u1eaft ngh\u1ec7 thu\u1eadt<\/span><\/span><\/strong><span style=\"font-family:Arial,sans-serif;\"><span style=\"font-size:12.0pt;\">: Hoa c\u00fac th\u01b0\u1eddng \u0111\u01b0\u1ee3c t\u1ea1o ra b\u1eb1ng c\u00e1c c\u00e1nh hoa s\u1eaft u\u1ed1n cong \u0111\u1ec3 t\u1ea1o n\u00ean h\u00ecnh d\u00e1ng c\u00fac \u0111\u1ed9c \u0111\u00e1o v\u00e0 tinh t\u1ebf.<\/span><\/span><!--![endif]--><!--![if--><\/li>\n<\/ul>\n<p style=\"text-align: center;\"><img decoding=\"async\" alt=\"Hoa s\u1eaft ngh\u1ec7 thu\u1eadt\" src=\"http:\/\/localhost\/o\/wp-content\/uploads\/2025\/08\/87.jpg\" style=\"width: 600px; height: 429px;\" title=\"87\"><\/p>\n<p style=\"text-align: center;\">Hoa s\u1eaft 5 c\u00e1nh ngh\u1ec7 thu\u1eadt<\/p>\n<ul>\n<li style=\"text-align:justify;\"><!--[if--><!--[if--><!--[endif]--><!--[endif]--><strong><span style=\"font-family:Arial,sans-serif;\"><span style=\"font-size:12.0pt;\">Hoa h\u1ed3ng s\u1eaft ngh\u1ec7 thu\u1eadt<\/span><\/span><\/strong><span style=\"font-family:Arial,sans-serif;\"><span style=\"font-size:12.0pt;\">: Hoa h\u1ed3ng l\u00e0 bi\u1ec3u t\u01b0\u1ee3ng c\u1ee7a t\u00ecnh y\u00eau v\u00e0 s\u1eafc \u0111\u1eb9p. Hoa h\u1ed3ng s\u1eaft ngh\u1ec7 thu\u1eadt th\u01b0\u1eddng c\u00f3 nh\u1eefng c\u00e1nh hoa s\u1eaft m\u1ea3nh mai v\u00e0 \u0111\u01b0\u1eddng n\u00e9t tinh t\u1ebf.<\/span><\/span><!--![endif]--><!--![endif]--><!--![if--><!--![if--><\/li>\n<\/ul>\n<p style=\"text-align: center;\"><span style=\"font-family:Arial,sans-serif;\"><span style=\"font-size:12.0pt;\"><img decoding=\"async\" alt=\"B\u00f4ng hoa h\u1ed3ng s\u1eaft\" src=\"http:\/\/localhost\/o\/wp-content\/uploads\/2025\/08\/24-28529.jpg\" style=\"width: 600px; height: 396px;\" title=\"24-28529\"><\/span><\/span><\/p>\n<p style=\"text-align: center;\"><strong><span style=\"font-family:Arial,sans-serif;\"><span style=\"font-size:12.0pt;\">B\u00f4ng Hoa H\u1ed3ng S\u1eaft ngh\u1ec7 thu\u1eadt th\u01b0\u1eddng \u0111\u01b0\u1ee3c g\u1eafn v\u00e0o th\u00eam lan can, khung b\u1ea3o v\u1ec7 th\u00eam l\u00e1 t\u1ea1i th\u00e0nh c\u00e0nh l\u00e1 \u0111\u1eb9p m\u1eaft<\/span><\/span><\/strong><\/p>\n<ul>\n<li style=\"text-align:justify;\"><!--[if--><!--[if--><!--[if--><!--[endif]--><!--[endif]--><!--[endif]--><strong><span style=\"font-family:Arial,sans-serif;\"><span style=\"font-size:12.0pt;\">Hoa l\u00e1 s\u1eaft ngh\u1ec7 thu\u1eadt:<\/span><\/span><\/strong><span style=\"font-family:Arial,sans-serif;\"><span style=\"font-size:12.0pt;\"> C\u00e1c m\u1eabu hoa l\u00e1 th\u01b0\u1eddng c\u00f3 c\u00e1c l\u00e1 s\u1eaft u\u1ed1n cong v\u00e0 t\u1ea1o ra c\u00e1c h\u00ecnh d\u00e1ng l\u00e1 \u0111\u1ed9c \u0111\u00e1o.<\/span><\/span><!--![endif]--><!--![endif]--><!--![endif]--><!--![if--><!--![if--><!--![if--><\/li>\n<\/ul>\n<p style=\"text-align: justify;\"><strong><span style=\"font-family:Arial,sans-serif;\"><span style=\"font-size:12.0pt;\">Hoa h\u01b0\u1edbng d\u01b0\u01a1ng s\u1eaft ngh\u1ec7 thu\u1eadt:<\/span><\/span><\/strong><span style=\"font-family:Arial,sans-serif;\"><span style=\"font-size:12.0pt;\"> Hoa h\u01b0\u1edbng d\u01b0\u01a1ng th\u01b0\u1eddng c\u00f3 b\u00f4ng hoa to v\u00e0 c\u00e1c b\u00e1nh xe h\u01b0\u1edbng d\u01b0\u01a1ng b\u1eb1ng s\u1eaft, t\u1ea1o ra m\u1ed9t v\u1ebb ngo\u1ea1n m\u1ee5c v\u00e0 m\u1ea1nh m\u1ebd.<\/span><\/span><\/p>\n<p style=\"text-align: center;\"><span style=\"font-family:Arial,sans-serif;\"><span style=\"font-size:12.0pt;\"><img decoding=\"async\" alt=\"hoa s\u1eaft ngh\u1ec7 thu\u1eadt\" src=\"http:\/\/localhost\/o\/wp-content\/uploads\/2025\/08\/87-28229.jpg\" style=\"width: 600px; height: 567px;\" title=\"87-28229\"><\/span><\/span><\/p>\n<p style=\"text-align: center;\"><span style=\"font-family:Arial,sans-serif;\"><span style=\"font-size:12.0pt;\">B\u00f4ng hoa H\u01b0\u1edbng d\u01b0\u01a1ng th\u01b0\u1eddng \u0111\u01b0\u1ee3c d\u00f9ng\u00a0<\/span><\/span><\/p>\n<ul>\n<li style=\"text-align:justify;\">\n<h3><!--[if--><!--[endif]--><strong><span style=\"font-family:Arial,sans-serif;\"><span style=\"font-size:12.0pt;\">S\u1eaft U\u1ed1n Ngh\u1ec7 Thu\u1eadt T\u1ea1i Th\u00e0nh Ph\u1ed1 H\u1ed3 Ch\u00ed Minh<\/span><\/span><\/strong><!--![endif]--><!--![if--><\/h3>\n<\/li>\n<\/ul>\n<p style=\"text-align:justify;\"><strong><span style=\"font-family:Arial,sans-serif;\"><span style=\"font-size:12.0pt;\">S\u1eaft U\u1ed1n Ngh\u1ec7 Thu\u1eadt<\/span><\/span><\/strong><span style=\"font-family:Arial,sans-serif;\"><span style=\"font-size:12.0pt;\"> \u0111\u00f2i h\u1ecfi s\u1ef1 kh\u00e9o l\u00e9o v\u00e0 k\u1ef9 thu\u1eadt cao \u0111\u1ec3 t\u1ea1o ra c\u00e1c h\u00ecnh d\u00e1ng v\u00e0 chi ti\u1ebft ph\u1ee9c t\u1ea1p t\u1eeb s\u1eaft th\u00f4. N\u00f3 th\u01b0\u1eddng \u0111\u01b0\u1ee3c \u1ee9ng d\u1ee5ng trong ngh\u1ec7 thu\u1eadt trang tr\u00ed v\u00e0 thi\u1ebft k\u1ebf n\u1ed9i th\u1ea5t \u0111\u1ec3 t\u1ea1o ra s\u1ef1 \u0111\u1eb9p v\u00e0 s\u00e1ng t\u1ea1o trong kh\u00f4ng gian s\u1ed1ng v\u00e0 l\u00e0m vi\u1ec7c<\/span><\/span>.<\/p>\n<p style=\"text-align: center;\"><img decoding=\"async\" alt=\"Hoa S\u1eaft Ngh\u1ec7 Thu\u1eadt\" src=\"http:\/\/localhost\/o\/wp-content\/uploads\/2025\/08\/35.jpg\" style=\"width: 800px; height: 545px;\" title=\"35\"><\/p>\n<p style=\"text-align: center;\"><strong>M\u1eabu Hoa s\u1eaft Ngh\u1ec7 Thu\u1eadt d\u00f9ng cho c\u1eeda \u0111i, v\u00e1ch k\u00ednh t\u1ea1i TPHCM<\/strong><\/p>\n<p style=\"text-align: justify;\"><strong><span style=\"font-family:Arial,sans-serif;\"><span style=\"font-size:12.0pt;\">Nh\u1eefng m\u1eabu hoa s\u1eaft ngh\u1ec7 thu\u1eadt<\/span><\/span><\/strong><span style=\"font-family:Arial,sans-serif;\"><span style=\"font-size:12.0pt;\"> n\u00e0y c\u00f3 th\u1ec3 \u0111\u01b0\u1ee3c t\u1ea1o ra v\u1edbi nhi\u1ec1u k\u00edch th\u01b0\u1edbc, m\u00e0u s\u1eafc v\u00e0 chi ti\u1ebft, t\u1ea1o ra s\u1ef1 \u0111\u1ed9c \u0111\u00e1o v\u00e0 th\u1ea9m m\u1ef9 trong kh\u00f4ng gian v\u00e0 trang tr\u00ed n\u1ed9i th\u1ea5t.<\/span><\/span><\/p>\n<h2 style=\"text-align: justify;\"><strong><span style=\"font-family:Arial,sans-serif;\"><span style=\"font-size:12.0pt;\">Th\u00e0nh An \u2013 \u0110\u01a1n v\u1ecb cung c\u1ea5p <a href=\"https:\/\/satmythuatthanhan.com\/sat-hoa-van-gia-re-tai-quan-2-tp-ho-chi-minh\">U\u1ed1n Hoa S\u1eaft<\/a> Ngh\u1ec7 Thu\u1eadt uy t\u00edn, ch\u1ea5t l\u01b0\u1ee3ng T\u1ea1i Th\u00e0nh Ph\u1ed1 H\u1ed3 Ch\u00ed Minh<\/span><\/span><\/strong><!--[if--><!--[if--><!--[endif]--><!--[endif]--><\/h2>\n<p style=\"text-align:justify;\"><span style=\"font-family:Arial,sans-serif;\"><span style=\"font-size:12.0pt;\">Ch\u00fang t\u00f4i t\u1ef1 h\u00e0o v\u1ec1 nh\u1eefng d\u1ecbch v\u1ee5 m\u00e0 ch\u00fang t\u00f4i mang l\u1ea1i:<\/span><\/span><\/p>\n<ul>\n<li style=\"text-align:justify;\"><!--[if--><!--[endif]--><span style=\"font-family:Arial,sans-serif;\"><span style=\"font-size:12.0pt;\">Gi\u00e1 c\u1ea3 h\u1ee3p l\u00fd: Ch\u00fang t\u00f4i cam k\u1ebft cung c\u1ea5p c\u00e1c s\u1ea3n ph\u1ea9m hoa s\u1eaft ngh\u1ec7 thu\u1eadt v\u1edbi gi\u00e1 c\u1ea3 h\u1ee3p l\u00fd, gi\u00fap b\u1ea1n trang tr\u00ed kh\u00f4ng gian m\u1ed9t c\u00e1ch ti\u1ebft ki\u1ec7m m\u00e0 v\u1eabn \u0111\u1ea3m b\u1ea3o t\u00ednh th\u1ea9m m\u1ef9.<\/span><\/span><!--![endif]--><!--![if--><\/li>\n<li style=\"text-align:justify;\"><!--[if--><!--[if--><!--[endif]--><!--[endif]--><span style=\"font-family:Arial,sans-serif;\"><span style=\"font-size:12.0pt;\">T\u01b0 v\u1ea5n nhi\u1ec7t t\u00ecnh: \u0110\u1ed9i ng\u0169 t\u01b0 v\u1ea5n c\u1ee7a ch\u00fang t\u00f4i s\u1eb5n s\u00e0ng l\u1eafng nghe v\u00e0 \u0111\u00e1p \u1ee9ng m\u1ecdi y\u00eau c\u1ea7u c\u1ee7a b\u1ea1n.<\/span><\/span><!--![endif]--><!--![endif]--><!--![if--><!--![if--><\/li>\n<\/ul>\n<p style=\"text-align: center;\"><span style=\"font-family:Arial,sans-serif;\"><span style=\"font-size:12.0pt;\"><img decoding=\"async\" alt=\"Con x\u1ecf - kh\u1edbp n\u1ed1i s\u1eaft hoa v\u0103n\" src=\"http:\/\/localhost\/o\/wp-content\/uploads\/2025\/08\/4.jpg\" style=\"width: 600px; height: 450px;\" title=\"4\"><\/span><\/span><\/p>\n<p style=\"text-align: center;\"><strong><span style=\"font-family:Arial,sans-serif;\"><span style=\"font-size:12.0pt;\">C\u00e1c con x\u1ecf &#8211; kh\u1edbp n\u1ed1i hoa v\u0103n k\u1ebft h\u1ee3p d\u00f9ng trong lan can s\u1eaft, c\u1eeda c\u1ed5ng..<\/span><\/span><\/strong><\/p>\n<ul>\n<li style=\"text-align:justify;\"><!--[if--><!--[if--><!--[if--><!--[endif]--><!--[endif]--><!--[endif]--><span style=\"font-family:Arial,sans-serif;\"><span style=\"font-size:12.0pt;\">\u0110\u1ea3m b\u1ea3o ch\u1ea5t l\u01b0\u1ee3ng: Ch\u1ea5t l\u01b0\u1ee3ng l\u00e0 \u01b0u ti\u00ean h\u00e0ng \u0111\u1ea7u c\u1ee7a ch\u00fang t\u00f4i. Ch\u00fang t\u00f4i cam k\u1ebft cung c\u1ea5p s\u1ea3n ph\u1ea9m hoa s\u1eaft ngh\u1ec7 thu\u1eadt \u0111\u1ea1t ch\u1ea5t l\u01b0\u1ee3ng cao, mang \u0111\u1ebfn s\u1ef1 \u0111\u1ed9c \u0111\u00e1o v\u00e0 th\u1ea9m m\u1ef9 cho kh\u00f4ng gian c\u1ee7a b\u1ea1n.<\/span><\/span><!--![endif]--><!--![endif]--><!--![endif]--><!--![if--><!--![if--><!--![if--><\/li>\n<li style=\"text-align:justify;\"><!--[if--><!--[if--><!--[if--><!--[if--><!--[endif]--><!--[endif]--><!--[endif]--><!--[endif]--><span style=\"font-family:Arial,sans-serif;\"><span style=\"font-size:12.0pt;\">H\u1ed7 tr\u1ee3 v\u1eadn chuy\u1ec3n: Ch\u00fang t\u00f4i s\u1ebd h\u1ed7 tr\u1ee3 b\u1ea1n trong vi\u1ec7c v\u1eadn chuy\u1ec3n s\u1ea3n ph\u1ea9m \u0111\u1ebfn \u0111\u1ecba \u0111i\u1ec3m mong mu\u1ed1n m\u1ed9t c\u00e1ch an to\u00e0n v\u00e0 \u0111\u1ea3m b\u1ea3o. \u0110i\u1ec1u n\u00e0y gi\u00fap b\u1ea1n ti\u1ebft ki\u1ec7m th\u1eddi gian v\u00e0 c\u00f4ng s\u1ee9c.<\/span><\/span><!--![endif]--><!--![endif]--><!--![endif]--><!--![endif]--><!--![if--><!--![if--><!--![if--><!--![if--><\/li>\n<\/ul>\n<p style=\"text-align:justify;\"><strong><span style=\"font-family:Arial,sans-serif;\"><span style=\"font-size:12.0pt;\">B\u1ea3ng b\u00e1o gi\u00e1 Hoa S\u1eaft Ngh\u1ec7 Thu\u1eadt T\u1ea1i Th\u00e0nh Ph\u1ed1 H\u1ed3 Ch\u00ed Minh<\/span><\/span><\/strong><\/p>\n<p style=\"text-align:justify;\"><strong><span style=\"font-family:Arial,sans-serif;\"><span style=\"font-size:12.0pt;\">B\u1ea3ng kh\u1ed1i l\u01b0\u1ee3ng \u0111\u01a1n h\u00e0ng Th\u00e0nh An s\u1ea3n xu\u1ea5t gia c\u00f4ng hoa s\u1eaft giao ch\u00e0nh \u0111i t\u1ec9nh\u00a0<\/span><\/span><\/strong><\/p>\n<p style=\"text-align: center;\"><strong><span style=\"font-family:Arial,sans-serif;\"><span style=\"font-size:12.0pt;\"><img decoding=\"async\" alt=\"b\u1ea3ng gi\u00e1 Hoa S\u1eaft Ngh\u1ec7 Thu\u1eadt\" src=\"http:\/\/localhost\/o\/wp-content\/uploads\/2025\/08\/542.jpg\" style=\"width: 600px; height: 466px;\" title=\"542\"><\/span><\/span><\/strong><\/p>\n<p style=\"text-align: center;\"><strong><span style=\"font-family:Arial,sans-serif;\"><span style=\"font-size:12.0pt;\">B\u1ea3ng gi\u00e1 gia c\u00f4ng Hoa S\u1eaft B\u1ee5ng B\u1ea7u Lan can ban c\u00f4ng con x\u1ecf &#8211; kh\u1edbp n\u1ed1i giao ch\u00e0nh t\u1ea1i TPHCM<\/span><\/span><\/strong><\/p>\n<p style=\"text-align:justify;\"><span style=\"font-family:Arial,sans-serif;\"><span style=\"font-size:12.0pt;\">Tr\u00ean \u0111\u00e2y l\u00e0 b\u1ea3ng gi\u00e1 \u0111\u01a1n h\u00e0ng gia c\u00f4ng cho c\u1eeda h\u00e0ng s\u1eaft giao ch\u00e0nh TPHCM \u0111i t\u1ec9nh, C\u00e1c b\u1ea1n mu\u1ed1n bi\u1ebft \u0111\u01a1n gi\u00e1 b\u1ea1n bao nhi\u00eau 1 c\u1ea5u ki\u1ec7n hay m\u00e9t d\u00e0i , m2 h\u1ea1ng m\u1ee5c s\u1eaft b\u1ea1n h\u1ebft chi ph\u00ed d\u1ef1 tr\u00f9 kho\u1ea3ng bao nhi\u00eau c\u1ee9 li\u00ean h\u1ec7 Th\u00e0nh An T\u00ednh to\u00e1n thay cho b\u1ea1n nh\u00e9<strong>.\u00a0 Ch\u00fang t\u00f4i giao h\u00e0ng cho t\u1ea5t c\u1ea3 c\u00e1c qu\u1eadn huy\u1ec7n t\u1ea1i Tp H\u1ed3 Ch\u00ed Minh v\u00e0 c\u00e1c t\u1ec9nh to\u00e0n qu\u1ed1c nh\u01b0 : <a href=\"https:\/\/satmythuatthanhan.com\/sat-my-thuat-phu-kien-hoa-van-sat-uon-tai-tien-giang\">Ti\u1ec1n Giang<\/a>, B\u1ebfn Tre, B\u00e0 R\u1ecba V\u0169ng T\u00e0u, An Giang, <a href=\"https:\/\/satmythuatthanhan.com\/phu-kien-sat-my-thuat-hoa-van-sat-uon-dep-gia-re-tai-can-tho\">C\u1ea7n Th\u01a1<\/a>, C\u00e0 Mau, Nha Trang, B\u00ecnh \u0110\u1ecbnh &#8211; Ph\u00fa Y\u00ean., <a href=\"https:\/\/satmythuatthanhan.com\/phu-kien-hoa-van-sat-my-thuat-tai-phu-quoc\">Ph\u00fa Qu\u1ed1c<\/a>, <a href=\"https:\/\/satmythuatthanhan.com\/sat-my-thuat-phu-kien-hoa-van-sat-uon-tai-lam-dong-da-lat\">\u0110\u00e0 L\u1ea1t- L\u00e2m \u0110\u1ed3ng<\/a>, <a href=\"https:\/\/satmythuatthanhan.com\/phu-kien-hoa-van-sat-uon-tai-vinh-long-thanh-an-0984606488\">V\u0129nh Long<\/a><\/strong><\/span><\/span><\/p>\n<p style=\"text-align:justify;\"><span style=\"font-family:Arial,sans-serif;\"><span style=\"font-size:12.0pt;\">N\u1ebfu b\u1ea1n \u0111ang t\u00ecm ki\u1ebfm <a href=\"https:\/\/satmythuatthanhan.com\/sat-hoa-van-gia-re-tai-quan-2-tp-ho-chi-minh\"><strong>U\u1ed1n Hoa S\u1eaft <\/strong><\/a>ngh\u1ec7 thu\u1eadt \u0111\u1ec3 trang tr\u00ed kh\u00f4ng gian s\u1ed1ng, l\u00e0m vi\u1ec7c, ho\u1eb7c s\u1ef1 ki\u1ec7n \u0111\u1eb7c bi\u1ec7t, h\u00e3y li\u00ean h\u1ec7 v\u1edbi ch\u00fang t\u00f4i t\u1ea1i Th\u00e0nh An qua <strong>Hotline 0984606488 \u2013 Ms H\u00e0<\/strong>. Ch\u00fang t\u00f4i cam k\u1ebft \u0111em \u0111\u1ebfn cho b\u1ea1n nh\u1eefng gi\u1ea3i ph\u00e1p trang tr\u00ed s\u1eaft \u0111\u1ed9c \u0111\u00e1o v\u00e0 th\u1ea9m m\u1ef9, \u0111\u1ed3ng th\u1eddi \u0111\u1ea3m b\u1ea3o s\u1ef1 h\u00e0i l\u00f2ng v\u00e0 s\u1ef1 \u0111\u1ed9c \u0111\u00e1o cho kh\u00f4ng gian c\u1ee7a b\u1ea1n. Hi v\u1ecdng qua b\u00e0i bi\u1ebft b\u1ea1n hi\u1ec3u th\u00eam v\u1ec1 <a href=\"https:\/\/satmythuatthanhan.com\/hoa-sat-nghe-thuat-tai-thanh-pho-ho-chi-minh\"><strong>Hoa S\u1eaft Ngh\u1ec7 Thu\u1eadt<\/strong><\/a> l\u00e0 g\u00ec v\u00e0 t\u00ecm ki\u1ebfm \u0111\u01b0\u1ee3c \u0111\u01a1n v\u1ecb cung c\u1ea5p b\u1ea1n c\u1ea7n.<\/span><\/span><\/p>\n<\/div>\n","protected":false},"excerpt":{"rendered":"<p>B\u1ea1n \u0111ang t\u00ecm ki\u1ebfm gi\u1ea3i ph\u00e1p trang tr\u00ed b\u1eb1ng hoa s\u1eaft ngh\u1ec7 thu\u1eadt \u0111\u1ed9c \u0111\u00e1o? H\u00e3y \u0111\u1ec3 ch\u00fang t\u00f4i gi\u1edbi thi\u1ec7u Th\u00e0nh An, m\u1ed9t \u0111\u01a1n v\u1ecb uy t\u00edn v\u00e0 chuy\u00ean nghi\u1ec7p t\u1ea1i Th\u00e0nh Ph\u1ed1 H\u1ed3 Ch\u00ed Minh, v\u1edbi kinh nghi\u1ec7m trong l\u0129nh v\u1ef1c cung c\u1ea5p hoa s\u1eaft ngh\u1ec7 thu\u1eadt.\u00a0C\u00f4ng ty XD TTNT Th\u00e0nh An\u00a0cung c\u1ea5p&#8230;<\/p>\n","protected":false},"featured_media":1140,"comment_status":"open","ping_status":"closed","template":"","meta":[],"product_cat":[17],"product_tag":[],"_links":{"self":[{"href":"https:\/\/satmythuatgiare.com\/index.php?rest_route=\/wp\/v2\/product\/1139"}],"collection":[{"href":"https:\/\/satmythuatgiare.com\/index.php?rest_route=\/wp\/v2\/product"}],"about":[{"href":"https:\/\/satmythuatgiare.com\/index.php?rest_route=\/wp\/v2\/types\/product"}],"replies":[{"embeddable":true,"href":"https:\/\/satmythuatgiare.com\/index.php?rest_route=%2Fwp%2Fv2%2Fcomments&post=1139"}],"wp:featuredmedia":[{"embeddable":true,"href":"https:\/\/satmythuatgiare.com\/index.php?rest_route=\/wp\/v2\/media\/1140"}],"wp:attachment":[{"href":"https:\/\/satmythuatgiare.com\/index.php?rest_route=%2Fwp%2Fv2%2Fmedia&parent=1139"}],"wp:term":[{"taxonomy":"product_cat","embeddable":true,"href":"https:\/\/satmythuatgiare.com\/index.php?rest_route=%2Fwp%2Fv2%2Fproduct_cat&post=1139"},{"taxonomy":"product_tag","embeddable":true,"href":"https:\/\/satmythuatgiare.com\/index.php?rest_route=%2Fwp%2Fv2%2Fproduct_tag&post=1139"}],"curies":[{"name":"wp","href":"https:\/\/api.w.org\/{rel}","templated":true}]}}