{"id":38,"date":"2023-02-13T03:31:01","date_gmt":"2023-02-13T03:31:01","guid":{"rendered":"http:\/\/localhost:8080\/cameradinhvi\/?page_id=38"},"modified":"2023-02-13T03:31:01","modified_gmt":"2023-02-13T03:31:01","slug":"chinh-sach-bao-hanh","status":"publish","type":"page","link":"https:\/\/satmythuatgiare.com\/?page_id=38","title":{"rendered":"CH\u00cdNH S\u00c1CH B\u1ea2O H\u00c0NH"},"content":{"rendered":"<p><strong>Th\u1eddi gian nh\u1eadn v\u00e0 tr\u1ea3 b\u1ea3o h\u00e0nh:<\/strong><\/p>\n<p>T\u1ea1i trung t\u00e2m b\u1ea3o h\u00e0nh: T\u1eeb 8h30 \u0111\u1ebfn 17h00 c\u00e1c ng\u00e0y trong tu\u1ea7n (tr\u1eeb ch\u1ee7 nh\u1eadt v\u00e0 c\u00e1c ng\u00e0y l\u1ec5, T\u1ebft).<\/p>\n","protected":false},"excerpt":{"rendered":"<p>Th\u1eddi gian nh\u1eadn v\u00e0 tr\u1ea3 b\u1ea3o h\u00e0nh: T\u1ea1i trung t\u00e2m b\u1ea3o h\u00e0nh: T\u1eeb 8h30 \u0111\u1ebfn 17h00 c\u00e1c ng\u00e0y trong tu\u1ea7n (tr\u1eeb ch\u1ee7 nh\u1eadt v\u00e0 c\u00e1c ng\u00e0y l\u1ec5, T\u1ebft).<\/p>\n","protected":false},"author":1,"featured_media":0,"parent":0,"menu_order":0,"comment_status":"closed","ping_status":"closed","template":"","meta":[],"_links":{"self":[{"href":"https:\/\/satmythuatgiare.com\/index.php?rest_route=\/wp\/v2\/pages\/38"}],"collection":[{"href":"https:\/\/satmythuatgiare.com\/index.php?rest_route=\/wp\/v2\/pages"}],"about":[{"href":"https:\/\/satmythuatgiare.com\/index.php?rest_route=\/wp\/v2\/types\/page"}],"author":[{"embeddable":true,"href":"https:\/\/satmythuatgiare.com\/index.php?rest_route=\/wp\/v2\/users\/1"}],"replies":[{"embeddable":true,"href":"https:\/\/satmythuatgiare.com\/index.php?rest_route=%2Fwp%2Fv2%2Fcomments&post=38"}],"version-history":[{"count":1,"href":"https:\/\/satmythuatgiare.com\/index.php?rest_route=\/wp\/v2\/pages\/38\/revisions"}],"predecessor-version":[{"id":39,"href":"https:\/\/satmythuatgiare.com\/index.php?rest_route=\/wp\/v2\/pages\/38\/revisions\/39"}],"wp:attachment":[{"href":"https:\/\/satmythuatgiare.com\/index.php?rest_route=%2Fwp%2Fv2%2Fmedia&parent=38"}],"curies":[{"name":"wp","href":"https:\/\/api.w.org\/{rel}","templated":true}]}}