{"id":32,"date":"2023-02-13T03:29:06","date_gmt":"2023-02-13T03:29:06","guid":{"rendered":"http:\/\/localhost:8080\/cameradinhvi\/?page_id=32"},"modified":"2023-02-13T03:29:06","modified_gmt":"2023-02-13T03:29:06","slug":"chinh-sach-van-chuyen","status":"publish","type":"page","link":"https:\/\/satmythuatgiare.com\/?page_id=32","title":{"rendered":"CH\u00cdNH S\u00c1CH V\u1eacN CHUY\u1ec2N"},"content":{"rendered":"<p>Giao h\u00e0ng trong ng\u00e0y ho\u1eb7c t\u1eeb 1 \u2013 2 ng\u00e0y cho kh\u00e1ch h\u00e0ng c\u00f3 \u0111\u1ecba ch\u1ec9 \u1edf c\u00e1c qu\u1eadn n\u1ed9i th\u00e0nh Th\u00e0nh ph\u1ed1 H\u00e0 N\u1ed9i, H\u1ed3 Ch\u00ed Minh v\u00e0 c\u00e1c t\u1ec9nh l\u00e2n c\u1eadn.<\/p>\n<p>+ Giao h\u00e0ng t\u1eeb 2 \u2013 5 ng\u00e0y cho kh\u00e1ch h\u00e0ng c\u00f3 \u0111\u1ecba ch\u1ec9 \u1edf c\u00e1c t\u1ec9nh xa, mi\u1ec1n Trung v\u00e0 mi\u1ec1n Nam.<\/p>\n","protected":false},"excerpt":{"rendered":"<p>Giao h\u00e0ng trong ng\u00e0y ho\u1eb7c t\u1eeb 1 \u2013 2 ng\u00e0y cho kh\u00e1ch h\u00e0ng c\u00f3 \u0111\u1ecba ch\u1ec9 \u1edf c\u00e1c qu\u1eadn n\u1ed9i th\u00e0nh Th\u00e0nh ph\u1ed1 H\u00e0 N\u1ed9i, H\u1ed3 Ch\u00ed Minh v\u00e0 c\u00e1c t\u1ec9nh l\u00e2n c\u1eadn. + Giao h\u00e0ng t\u1eeb 2 \u2013 5 ng\u00e0y cho kh\u00e1ch h\u00e0ng c\u00f3 \u0111\u1ecba ch\u1ec9 \u1edf c\u00e1c t\u1ec9nh xa, mi\u1ec1n Trung v\u00e0 mi\u1ec1n&#8230;<\/p>\n","protected":false},"author":1,"featured_media":0,"parent":0,"menu_order":0,"comment_status":"closed","ping_status":"closed","template":"","meta":[],"_links":{"self":[{"href":"https:\/\/satmythuatgiare.com\/index.php?rest_route=\/wp\/v2\/pages\/32"}],"collection":[{"href":"https:\/\/satmythuatgiare.com\/index.php?rest_route=\/wp\/v2\/pages"}],"about":[{"href":"https:\/\/satmythuatgiare.com\/index.php?rest_route=\/wp\/v2\/types\/page"}],"author":[{"embeddable":true,"href":"https:\/\/satmythuatgiare.com\/index.php?rest_route=\/wp\/v2\/users\/1"}],"replies":[{"embeddable":true,"href":"https:\/\/satmythuatgiare.com\/index.php?rest_route=%2Fwp%2Fv2%2Fcomments&post=32"}],"version-history":[{"count":1,"href":"https:\/\/satmythuatgiare.com\/index.php?rest_route=\/wp\/v2\/pages\/32\/revisions"}],"predecessor-version":[{"id":33,"href":"https:\/\/satmythuatgiare.com\/index.php?rest_route=\/wp\/v2\/pages\/32\/revisions\/33"}],"wp:attachment":[{"href":"https:\/\/satmythuatgiare.com\/index.php?rest_route=%2Fwp%2Fv2%2Fmedia&parent=32"}],"curies":[{"name":"wp","href":"https:\/\/api.w.org\/{rel}","templated":true}]}}